{"id":235,"date":"2025-06-18T13:55:59","date_gmt":"2025-06-18T13:55:59","guid":{"rendered":"https:\/\/dvadukata.com\/?page_id=235"},"modified":"2026-04-21T08:47:53","modified_gmt":"2026-04-21T08:47:53","slug":"mbeshtetje-per-deget","status":"publish","type":"page","link":"https:\/\/dvadukata.com\/sq\/mbeshtetje-per-deget\/","title":{"rendered":"Mb\u00ebshtetje p\u00ebr deg\u00ebn"},"content":{"rendered":"<div data-elementor-type=\"wp-page\" data-elementor-id=\"235\" class=\"elementor elementor-235\" data-elementor-post-type=\"page\">\n\t\t\t\t<div class=\"elementor-element elementor-element-6d76099 e-flex e-con-boxed e-con e-parent\" data-id=\"6d76099\" data-element_type=\"container\">\n\t\t\t\t\t<div class=\"e-con-inner\">\n\t\t<div class=\"elementor-element elementor-element-362a6c3 e-con-full e-flex e-con e-child\" data-id=\"362a6c3\" data-element_type=\"container\" data-settings=\"{&quot;background_background&quot;:&quot;classic&quot;}\">\n\t\t\t\t<div class=\"elementor-element elementor-element-09c6659 elementor-nav-menu--dropdown-mobile elementor-nav-menu--stretch elementor-nav-menu__text-align-aside elementor-nav-menu--toggle elementor-nav-menu--burger elementor-widget elementor-widget-nav-menu\" data-id=\"09c6659\" data-element_type=\"widget\" data-settings=\"{&quot;layout&quot;:&quot;vertical&quot;,&quot;full_width&quot;:&quot;stretch&quot;,&quot;submenu_icon&quot;:{&quot;value&quot;:&quot;&lt;svg class=\\&quot;e-font-icon-svg e-fas-caret-down\\&quot; viewBox=\\&quot;0 0 320 512\\&quot; xmlns=\\&quot;http:\\\/\\\/www.w3.org\\\/2000\\\/svg\\&quot;&gt;&lt;path d=\\&quot;M31.3 192h257.3c17.8 0 26.7 21.5 14.1 34.1L174.1 354.8c-7.8 7.8-20.5 7.8-28.3 0L17.2 226.1C4.6 213.5 13.5 192 31.3 192z\\&quot;&gt;&lt;\\\/path&gt;&lt;\\\/svg&gt;&quot;,&quot;library&quot;:&quot;fa-solid&quot;},&quot;toggle&quot;:&quot;burger&quot;}\" data-widget_type=\"nav-menu.default\">\n\t\t\t\t<div class=\"elementor-widget-container\">\n\t\t\t\t\t\t\t\t<nav aria-label=\"Menu\" class=\"elementor-nav-menu--main elementor-nav-menu__container elementor-nav-menu--layout-vertical e--pointer-background e--animation-fade\">\n\t\t\t\t<ul id=\"menu-1-09c6659\" class=\"elementor-nav-menu sm-vertical\"><li class=\"menu-item menu-item-type-post_type menu-item-object-page menu-item-142\"><a href=\"https:\/\/dvadukata.com\/sq\/kontabilitet\/\" class=\"elementor-item\">Kontabilitet<\/a><\/li>\n<li class=\"menu-item menu-item-type-post_type menu-item-object-page menu-item-517\"><a href=\"https:\/\/dvadukata.com\/sq\/konsulence-tatimore\/\" class=\"elementor-item\">Konsulenc\u00eb tatimore<\/a><\/li>\n<li class=\"menu-item menu-item-type-post_type menu-item-object-page menu-item-513\"><a href=\"https:\/\/dvadukata.com\/sq\/burimet-njerezore\/\" class=\"elementor-item\">Burimet njer\u00ebzore<\/a><\/li>\n<li class=\"menu-item menu-item-type-post_type menu-item-object-page menu-item-512\"><a href=\"https:\/\/dvadukata.com\/sq\/raportet-e-fuqise\/\" class=\"elementor-item\">Raportet e PowerBI-t<\/a><\/li>\n<li class=\"menu-item menu-item-type-post_type menu-item-object-page menu-item-519\"><a href=\"https:\/\/dvadukata.com\/sq\/zhvillim-biznesi\/\" class=\"elementor-item\">Zhvillimi i biznesit<\/a><\/li>\n<li class=\"menu-item menu-item-type-post_type menu-item-object-page menu-item-515\"><a href=\"https:\/\/dvadukata.com\/sq\/mbeshtetje-per-deget\/\" class=\"elementor-item\">Mb\u00ebshtetje p\u00ebr deg\u00ebn<\/a><\/li>\n<li class=\"menu-item menu-item-type-post_type menu-item-object-page menu-item-518\"><a href=\"https:\/\/dvadukata.com\/sq\/sherbime-kontabiliteti-banja-luka\/\" class=\"elementor-item\">Sh\u00ebrbime kontabiliteti Banja Luka<\/a><\/li>\n<li class=\"menu-item menu-item-type-post_type menu-item-object-page menu-item-514\"><a href=\"https:\/\/dvadukata.com\/sq\/llogaritja-e-takses-se-pagave-dhe-perfitimeve\/\" class=\"elementor-item\">Paga - llogaritja e taksave, pagave dhe p\u00ebrfitimeve<\/a><\/li>\n<li class=\"menu-item menu-item-type-post_type menu-item-object-page menu-item-516\"><a href=\"https:\/\/dvadukata.com\/sq\/avokat-tatimor-ne-territorin-e-republikes-se-serbise\/\" class=\"elementor-item\">Prokur\u00eb tatimore n\u00eb territorin e Republik\u00ebs s\u00eb Serbis\u00eb<\/a><\/li>\n<\/ul>\t\t\t<\/nav>\n\t\t\t\t\t<div class=\"elementor-menu-toggle\" role=\"button\" tabindex=\"0\" aria-label=\"Menyja e nd\u00ebrrimit\" aria-expanded=\"false\">\n\t\t\t<span class=\"elementor-menu-toggle__icon--open\"><svg xmlns=\"http:\/\/www.w3.org\/2000\/svg\" width=\"11\" height=\"7\" viewbox=\"0 0 11 7\" fill=\"none\"><path d=\"M10.854 1.35369L5.85403 6.35369C5.80759 6.40018 5.75245 6.43706 5.69175 6.46222C5.63105 6.48738 5.56599 6.50034 5.50028 6.50034C5.43457 6.50034 5.36951 6.48738 5.30881 6.46222C5.24811 6.43706 5.19296 6.40018 5.14653 6.35369L0.146528 1.35369C0.0527077 1.25987 0 1.13262 0 0.999942C0 0.86726 0.0527077 0.740012 0.146528 0.646192C0.240348 0.552372 0.367596 0.499664 0.500278 0.499664C0.63296 0.499664 0.760208 0.552372 0.854028 0.646192L5.50028 5.29307L10.1465 0.646192C10.193 0.599737 10.2481 0.562887 10.3088 0.537745C10.3695 0.512604 10.4346 0.499664 10.5003 0.499664C10.566 0.499664 10.631 0.512604 10.6917 0.537745C10.7524 0.562887 10.8076 0.599737 10.854 0.646192C10.9005 0.692647 10.9373 0.747798 10.9625 0.808494C10.9876 0.869191 11.0006 0.934245 11.0006 0.999942C11.0006 1.06564 10.9876 1.13069 10.9625 1.19139C10.9373 1.25209 10.9005 1.30724 10.854 1.35369Z\" fill=\"#004680\"><\/path><\/svg><\/span><span class=\"elementor-menu-toggle__icon--close\"><svg xmlns=\"http:\/\/www.w3.org\/2000\/svg\" width=\"11\" height=\"7\" viewbox=\"0 0 11 7\" fill=\"none\"><path d=\"M10.854 1.35369L5.85403 6.35369C5.80759 6.40018 5.75245 6.43706 5.69175 6.46222C5.63105 6.48738 5.56599 6.50034 5.50028 6.50034C5.43457 6.50034 5.36951 6.48738 5.30881 6.46222C5.24811 6.43706 5.19296 6.40018 5.14653 6.35369L0.146528 1.35369C0.0527077 1.25987 0 1.13262 0 0.999942C0 0.86726 0.0527077 0.740012 0.146528 0.646192C0.240348 0.552372 0.367596 0.499664 0.500278 0.499664C0.63296 0.499664 0.760208 0.552372 0.854028 0.646192L5.50028 5.29307L10.1465 0.646192C10.193 0.599737 10.2481 0.562887 10.3088 0.537745C10.3695 0.512604 10.4346 0.499664 10.5003 0.499664C10.566 0.499664 10.631 0.512604 10.6917 0.537745C10.7524 0.562887 10.8076 0.599737 10.854 0.646192C10.9005 0.692647 10.9373 0.747798 10.9625 0.808494C10.9876 0.869191 11.0006 0.934245 11.0006 0.999942C11.0006 1.06564 10.9876 1.13069 10.9625 1.19139C10.9373 1.25209 10.9005 1.30724 10.854 1.35369Z\" fill=\"#004680\"><\/path><\/svg><\/span>\t\t<\/div>\n\t\t\t\t\t<nav class=\"elementor-nav-menu--dropdown elementor-nav-menu__container\" aria-hidden=\"true\">\n\t\t\t\t<ul id=\"menu-2-09c6659\" class=\"elementor-nav-menu sm-vertical\"><li class=\"menu-item menu-item-type-post_type menu-item-object-page menu-item-142\"><a href=\"https:\/\/dvadukata.com\/sq\/kontabilitet\/\" class=\"elementor-item\" tabindex=\"-1\">Kontabilitet<\/a><\/li>\n<li class=\"menu-item menu-item-type-post_type menu-item-object-page menu-item-517\"><a href=\"https:\/\/dvadukata.com\/sq\/konsulence-tatimore\/\" class=\"elementor-item\" tabindex=\"-1\">Konsulenc\u00eb tatimore<\/a><\/li>\n<li class=\"menu-item menu-item-type-post_type menu-item-object-page menu-item-513\"><a href=\"https:\/\/dvadukata.com\/sq\/burimet-njerezore\/\" class=\"elementor-item\" tabindex=\"-1\">Burimet njer\u00ebzore<\/a><\/li>\n<li class=\"menu-item menu-item-type-post_type menu-item-object-page menu-item-512\"><a href=\"https:\/\/dvadukata.com\/sq\/raportet-e-fuqise\/\" class=\"elementor-item\" tabindex=\"-1\">Raportet e PowerBI-t<\/a><\/li>\n<li class=\"menu-item menu-item-type-post_type menu-item-object-page menu-item-519\"><a href=\"https:\/\/dvadukata.com\/sq\/zhvillim-biznesi\/\" class=\"elementor-item\" tabindex=\"-1\">Zhvillimi i biznesit<\/a><\/li>\n<li class=\"menu-item menu-item-type-post_type menu-item-object-page menu-item-515\"><a href=\"https:\/\/dvadukata.com\/sq\/mbeshtetje-per-deget\/\" class=\"elementor-item\" tabindex=\"-1\">Mb\u00ebshtetje p\u00ebr deg\u00ebn<\/a><\/li>\n<li class=\"menu-item menu-item-type-post_type menu-item-object-page menu-item-518\"><a href=\"https:\/\/dvadukata.com\/sq\/sherbime-kontabiliteti-banja-luka\/\" class=\"elementor-item\" tabindex=\"-1\">Sh\u00ebrbime kontabiliteti Banja Luka<\/a><\/li>\n<li class=\"menu-item menu-item-type-post_type menu-item-object-page menu-item-514\"><a href=\"https:\/\/dvadukata.com\/sq\/llogaritja-e-takses-se-pagave-dhe-perfitimeve\/\" class=\"elementor-item\" tabindex=\"-1\">Paga - llogaritja e taksave, pagave dhe p\u00ebrfitimeve<\/a><\/li>\n<li class=\"menu-item menu-item-type-post_type menu-item-object-page menu-item-516\"><a href=\"https:\/\/dvadukata.com\/sq\/avokat-tatimor-ne-territorin-e-republikes-se-serbise\/\" class=\"elementor-item\" tabindex=\"-1\">Prokur\u00eb tatimore n\u00eb territorin e Republik\u00ebs s\u00eb Serbis\u00eb<\/a><\/li>\n<\/ul>\t\t\t<\/nav>\n\t\t\t\t\t\t<\/div>\n\t\t\t\t<\/div>\n\t\t\t\t<div class=\"elementor-element elementor-element-75739c9 elementor-widget-mobile__width-inherit elementor-hidden-desktop elementor-hidden-tablet elementor-widget elementor-widget-heading\" data-id=\"75739c9\" data-element_type=\"widget\" data-widget_type=\"heading.default\">\n\t\t\t\t<div class=\"elementor-widget-container\">\n\t\t\t\t\t<h2 class=\"elementor-heading-title elementor-size-default\">Mb\u00ebshtetje p\u00ebr deg\u00ebn<\/h2>\t\t\t\t<\/div>\n\t\t\t\t<\/div>\n\t\t\t\t<\/div>\n\t\t<div class=\"elementor-element elementor-element-ce80965 e-con-full e-flex e-con e-child\" data-id=\"ce80965\" data-element_type=\"container\">\n\t\t\t\t<div class=\"elementor-element elementor-element-65de317 elementor-widget elementor-widget-heading\" data-id=\"65de317\" data-element_type=\"widget\" data-widget_type=\"heading.default\">\n\t\t\t\t<div class=\"elementor-widget-container\">\n\t\t\t\t\t<h2 class=\"elementor-heading-title elementor-size-default\">Mb\u00ebshtetje p\u00ebr deg\u00ebn<\/h2>\t\t\t\t<\/div>\n\t\t\t\t<\/div>\n\t\t\t\t<div class=\"elementor-element elementor-element-b759ca0 elementor-widget elementor-widget-text-editor\" data-id=\"b759ca0\" data-element_type=\"widget\" data-widget_type=\"text-editor.default\">\n\t\t\t\t<div class=\"elementor-widget-container\">\n\t\t\t\t\t\t\t\t\t<p>Mb\u00ebshtetje p\u00ebr pun\u00ebn e deg\u00ebve t\u00eb personave juridik\u00eb t\u00eb huaj n\u00eb Serbi<\/p>\n<p>MGI Dva Dukata ka ofruar mb\u00ebshtetje gjith\u00ebp\u00ebrfshir\u00ebse p\u00ebr subjektet e huaja juridike q\u00eb operojn\u00eb n\u00eb Serbi n\u00ebp\u00ebrmjet deg\u00ebve t\u00eb regjistruara p\u00ebr vite me radh\u00eb. Ekipi yn\u00eb kombinon ekspertiz\u00ebn lokale me mir\u00ebkuptimin nd\u00ebrkomb\u00ebtar t\u00eb biznesit, duke siguruar q\u00eb deg\u00ebt t\u00eb funksionojn\u00eb pa probleme, n\u00eb m\u00ebnyr\u00eb efikase dhe profesionale \u2014 q\u00eb nga dita e par\u00eb deri n\u00eb operacionet e p\u00ebrditshme.<\/p>\n<p><b><br><img decoding=\"async\" draggable=\"false\" role=\"img\" class=\"emoji\" alt=\"\ud83e\udded\" src=\"https:\/\/s.w.org\/images\/core\/emoji\/16.0.1\/svg\/1f9ed.svg\"> Nj\u00eb p\u00ebrvoj\u00eb q\u00eb sjell siguri<\/b><\/p>\n<p>P\u00ebr m\u00eb shum\u00eb se nj\u00eb dekad\u00eb, ne kemi bashk\u00ebpunuar me klient\u00eb nga juridiksione t\u00eb ndryshme \u2014 BE, Mbret\u00ebria e Bashkuar, Zvicra, Turqia, Rusia, SHBA \u2014 dhe kemi zhvilluar procedura t\u00eb sakta q\u00eb mbulojn\u00eb t\u00eb gjitha aspektet e operacioneve t\u00eb deg\u00ebve n\u00eb Serbi. Ne i kuptojm\u00eb specifikat e statusit ligjor t\u00eb deg\u00ebve, lidhjen e tyre me kompanit\u00eb m\u00ebm\u00eb, si dhe sfidat e sjella nga rregulloret lokale.<\/p>\n<p><b><br><img decoding=\"async\" draggable=\"false\" role=\"img\" class=\"emoji\" alt=\"\ud83d\udccb\" src=\"https:\/\/s.w.org\/images\/core\/emoji\/16.0.1\/svg\/1f4cb.svg\"> Sh\u00ebrbimet q\u00eb mbulojm\u00eb<\/b><\/p>\n<p>\u00b7 Menaxhimi kontab\u00ebl i operacioneve t\u00eb deg\u00ebs n\u00eb p\u00ebrputhje me legjislacionin serb dhe k\u00ebrkesat e brendshme t\u00eb kompanis\u00eb m\u00ebm\u00eb<\/p>\n<p>\u00b7 Konsulenc\u00eb tatimore, duke p\u00ebrfshir\u00eb trajtimin e transaksioneve midis deg\u00ebs dhe kompanis\u00eb m\u00ebm\u00eb, zbatimin e marr\u00ebveshjeve t\u00eb taksimit t\u00eb dyfisht\u00eb, si dhe llogaritjen e taks\u00ebs s\u00eb mbajtur n\u00eb burim<\/p>\n<p>\u00b7 P\u00ebrgatitja dhe dor\u00ebzimi i deklaratave tatimore, t\u00eb dh\u00ebnave t\u00eb TVSH-s\u00eb, raporteve t\u00eb \u00e7mimeve t\u00eb transferimit dhe raporteve financiare vjetore<\/p>\n<p>\u00b7 Mb\u00ebshtetje administrative dhe operacionale, duke p\u00ebrfshir\u00eb komunikimin me bankat, institucionet shtet\u00ebrore dhe auditor\u00ebt<\/p>\n<p>\u00b7 Zhvillimi i procedurave dhe raporteve t\u00eb brendshme q\u00eb mund\u00ebsojn\u00eb transparenc\u00ebn ndaj selis\u00eb qendrore dhe rregullator\u00ebve lokal\u00eb<\/p>\n<p><b><br><img decoding=\"async\" draggable=\"false\" role=\"img\" class=\"emoji\" alt=\"\ud83c\udf0d\" src=\"https:\/\/s.w.org\/images\/core\/emoji\/16.0.1\/svg\/1f30d.svg\"> Pajtueshm\u00ebria nd\u00ebrkomb\u00ebtare<\/b><\/p>\n<p>Ne i kushtojm\u00eb v\u00ebmendje t\u00eb ve\u00e7ant\u00eb pajtueshm\u00ebris\u00eb me standardet nd\u00ebrkomb\u00ebtare dhe k\u00ebrkesat e kompanive m\u00ebm\u00eb. Ekipi yn\u00eb \u00ebsht\u00eb m\u00ebsuar t\u00eb punoj\u00eb n\u00eb shum\u00eb gjuh\u00eb (anglisht, rusisht, turqisht, gjermanisht), si dhe t\u00eb p\u00ebrshtat\u00eb raportimin me sistemet e brendshme t\u00eb klient\u00ebve - qoft\u00eb SAP, NetSuite apo modele specifike t\u00eb Excel.<\/p>\n<p><b><br><img decoding=\"async\" draggable=\"false\" role=\"img\" class=\"emoji\" alt=\"\ud83d\udd10\" src=\"https:\/\/s.w.org\/images\/core\/emoji\/16.0.1\/svg\/1f510.svg\"> Besim dhe diskrecion<\/b><\/p>\n<p>Subjektet e huaja juridike na i besojn\u00eb deg\u00ebt e tyre sepse e din\u00eb q\u00eb ne ofrojm\u00eb m\u00eb shum\u00eb sesa nj\u00eb sh\u00ebrbim teknik \u2014 ne ofrojm\u00eb nj\u00eb partneritet. Diskrecioni, sakt\u00ebsia dhe komunikimi proaktiv jan\u00eb themeli.<\/p>\n<p>qasja jon\u00eb. Q\u00ebllimi yn\u00eb \u00ebsht\u00eb q\u00eb dega n\u00eb Serbi t\u00eb mos jet\u00eb nj\u00eb nj\u00ebsi e izoluar, por nj\u00eb pjes\u00eb e integruar e struktur\u00ebs globale.<\/p>\n<p><\/p>\n<p>MGI Dva Dukata \u2014 partneri juaj lokal p\u00ebr biznes global. N\u00ebse d\u00ebshironi q\u00eb dega juaj n\u00eb Serbi t\u00eb operoj\u00eb n\u00eb m\u00ebnyr\u00eb t\u00eb q\u00ebndrueshme, harmonike dhe pa surpriza, ekipi yn\u00eb \u00ebsht\u00eb k\u00ebtu p\u00ebr t&#039;ju udh\u00ebhequr, k\u00ebshilluar dhe mb\u00ebshtetur \u2014 \u00e7do dit\u00eb.<\/p>\t\t\t\t\t\t\t\t<\/div>\n\t\t\t\t<\/div>\n\t\t\t\t<div class=\"elementor-element elementor-element-e086783 elementor-widget elementor-widget-button\" data-id=\"e086783\" data-element_type=\"widget\" data-widget_type=\"button.default\">\n\t\t\t\t<div class=\"elementor-widget-container\">\n\t\t\t\t\t\t\t\t\t<div class=\"elementor-button-wrapper\">\n\t\t\t\t\t<a class=\"elementor-button elementor-button-link elementor-size-sm\" href=\"#elementor-action%3Aaction%3Dpopup%3Aopen%26settings%3DeyJpZCI6IjE1MiIsInRvZ2dsZSI6ZmFsc2V9\">\n\t\t\t\t\t\t<span class=\"elementor-button-content-wrapper\">\n\t\t\t\t\t\t\t\t\t<span class=\"elementor-button-text\">Caktoni nj\u00eb takim.<\/span>\n\t\t\t\t\t<\/span>\n\t\t\t\t\t<\/a>\n\t\t\t\t<\/div>\n\t\t\t\t\t\t\t\t<\/div>\n\t\t\t\t<\/div>\n\t\t\t\t<\/div>\n\t\t\t\t\t<\/div>\n\t\t\t\t<\/div>\n\t\t\t\t<\/div>","protected":false},"excerpt":{"rendered":"<p>Mb\u00ebshtetje p\u00ebr pun\u00ebn e deg\u00ebve t\u00eb personave juridik\u00eb t\u00eb huaj n\u00eb Serbi MGI Dva Dukata ka ofruar mb\u00ebshtetje gjith\u00ebp\u00ebrfshir\u00ebse p\u00ebr personat juridik\u00eb t\u00eb huaj q\u00eb operojn\u00eb n\u00eb Serbi p\u00ebrmes deg\u00ebve t\u00eb regjistruara p\u00ebr vite me radh\u00eb. Ekipi yn\u00eb kombinon ekspertiz\u00ebn lokale me mir\u00ebkuptimin nd\u00ebrkomb\u00ebtar t\u00eb biznesit, duke siguruar q\u00eb deg\u00ebt t\u00eb funksionojn\u00eb pa probleme, n\u00eb m\u00ebnyr\u00eb efikase dhe profesionale \u2014 q\u00eb nga dita e par\u00eb deri n\u00eb operacionet e p\u00ebrditshme. Nj\u00eb p\u00ebrvoj\u00eb q\u00eb sjell siguri [...]<\/p>","protected":false},"author":1,"featured_media":765,"parent":0,"menu_order":0,"comment_status":"closed","ping_status":"closed","template":"elementor_header_footer","meta":{"footnotes":""},"class_list":["post-235","page","type-page","status-publish","has-post-thumbnail","hentry"],"yoast_head":"<!-- This site is optimized with the Yoast SEO plugin v23.4 - https:\/\/yoast.com\/wordpress\/plugins\/seo\/ -->\n<title>Podr\u0161ka ograncima - DvaDukata.com<\/title>\n<meta name=\"robots\" content=\"index, follow, max-snippet:-1, max-image-preview:large, max-video-preview:-1\" \/>\n<link rel=\"canonical\" href=\"https:\/\/dvadukata.com\/sq\/mbeshtetje-per-deget\/\" \/>\n<meta property=\"og:locale\" content=\"sq_AL\" \/>\n<meta property=\"og:type\" content=\"article\" \/>\n<meta property=\"og:title\" content=\"Podr\u0161ka ograncima - DvaDukata.com\" \/>\n<meta property=\"og:description\" content=\"Podr\u0161ka radu ogranaka stranih pravnih lica u Srbiji MGI Dva Dukata ve\u0107 godinama pru\u017ea sveobuhvatnu podr\u0161ku stranim pravnim licima koja posluju u Srbiji putem registrovanih ogranaka. Na\u0161 tim kombinuje lokalnu ekspertizu sa me\u0111unarodnim razumevanjem poslovanja, obezbe\u0111uju\u0107i da ogranci funkcioni\u0161u uskla\u0111eno, efikasno i profesionalno \u2014 od prvog dana do svakodnevnog operativnog rada. Iskustvo koje donosi sigurnost [&hellip;]\" \/>\n<meta property=\"og:url\" content=\"https:\/\/dvadukata.com\/sq\/mbeshtetje-per-deget\/\" \/>\n<meta property=\"og:site_name\" content=\"DvaDukata.com\" \/>\n<meta property=\"article:modified_time\" content=\"2026-04-21T08:47:53+00:00\" \/>\n<meta property=\"og:image\" content=\"https:\/\/dvadukata.com\/wp-content\/uploads\/2025\/08\/Group-3-e1756216271478.jpg\" \/>\n\t<meta property=\"og:image:width\" content=\"2400\" \/>\n\t<meta property=\"og:image:height\" content=\"1260\" \/>\n\t<meta property=\"og:image:type\" content=\"image\/jpeg\" \/>\n<meta name=\"twitter:card\" content=\"summary_large_image\" \/>\n<meta name=\"twitter:label1\" content=\"Est. reading time\" \/>\n\t<meta name=\"twitter:data1\" content=\"3 minuta\" \/>\n<script type=\"application\/ld+json\" class=\"yoast-schema-graph\">{\"@context\":\"https:\/\/schema.org\",\"@graph\":[{\"@type\":\"WebPage\",\"@id\":\"https:\/\/dvadukata.com\/podrska-ograncima\/\",\"url\":\"https:\/\/dvadukata.com\/podrska-ograncima\/\",\"name\":\"Podr\u0161ka ograncima - DvaDukata.com\",\"isPartOf\":{\"@id\":\"https:\/\/dvadukata.com\/#website\"},\"primaryImageOfPage\":{\"@id\":\"https:\/\/dvadukata.com\/podrska-ograncima\/#primaryimage\"},\"image\":{\"@id\":\"https:\/\/dvadukata.com\/podrska-ograncima\/#primaryimage\"},\"thumbnailUrl\":\"https:\/\/dvadukata.com\/wp-content\/uploads\/2025\/08\/Group-3-e1756216271478.jpg\",\"datePublished\":\"2025-06-18T13:55:59+00:00\",\"dateModified\":\"2026-04-21T08:47:53+00:00\",\"breadcrumb\":{\"@id\":\"https:\/\/dvadukata.com\/podrska-ograncima\/#breadcrumb\"},\"inLanguage\":\"sq\",\"potentialAction\":[{\"@type\":\"ReadAction\",\"target\":[\"https:\/\/dvadukata.com\/podrska-ograncima\/\"]}]},{\"@type\":\"ImageObject\",\"inLanguage\":\"sq\",\"@id\":\"https:\/\/dvadukata.com\/podrska-ograncima\/#primaryimage\",\"url\":\"https:\/\/dvadukata.com\/wp-content\/uploads\/2025\/08\/Group-3-e1756216271478.jpg\",\"contentUrl\":\"https:\/\/dvadukata.com\/wp-content\/uploads\/2025\/08\/Group-3-e1756216271478.jpg\",\"width\":2400,\"height\":1260},{\"@type\":\"BreadcrumbList\",\"@id\":\"https:\/\/dvadukata.com\/podrska-ograncima\/#breadcrumb\",\"itemListElement\":[{\"@type\":\"ListItem\",\"position\":1,\"name\":\"Home\",\"item\":\"https:\/\/dvadukata.com\/\"},{\"@type\":\"ListItem\",\"position\":2,\"name\":\"Podr\u0161ka ograncima\"}]},{\"@type\":\"WebSite\",\"@id\":\"https:\/\/dvadukata.com\/#website\",\"url\":\"https:\/\/dvadukata.com\/\",\"name\":\"DvaDukata.com\",\"description\":\"Va\u0161i porezi su manji sa nama\",\"potentialAction\":[{\"@type\":\"SearchAction\",\"target\":{\"@type\":\"EntryPoint\",\"urlTemplate\":\"https:\/\/dvadukata.com\/?s={search_term_string}\"},\"query-input\":{\"@type\":\"PropertyValueSpecification\",\"valueRequired\":true,\"valueName\":\"search_term_string\"}}],\"inLanguage\":\"sq\"}]}<\/script>\n<!-- \/ Yoast SEO plugin. -->","yoast_head_json":{"title":"Podr\u0161ka ograncima - DvaDukata.com","robots":{"index":"index","follow":"follow","max-snippet":"max-snippet:-1","max-image-preview":"max-image-preview:large","max-video-preview":"max-video-preview:-1"},"canonical":"https:\/\/dvadukata.com\/sq\/mbeshtetje-per-deget\/","og_locale":"sq_AL","og_type":"article","og_title":"Podr\u0161ka ograncima - DvaDukata.com","og_description":"Podr\u0161ka radu ogranaka stranih pravnih lica u Srbiji MGI Dva Dukata ve\u0107 godinama pru\u017ea sveobuhvatnu podr\u0161ku stranim pravnim licima koja posluju u Srbiji putem registrovanih ogranaka. Na\u0161 tim kombinuje lokalnu ekspertizu sa me\u0111unarodnim razumevanjem poslovanja, obezbe\u0111uju\u0107i da ogranci funkcioni\u0161u uskla\u0111eno, efikasno i profesionalno \u2014 od prvog dana do svakodnevnog operativnog rada. Iskustvo koje donosi sigurnost [&hellip;]","og_url":"https:\/\/dvadukata.com\/sq\/mbeshtetje-per-deget\/","og_site_name":"DvaDukata.com","article_modified_time":"2026-04-21T08:47:53+00:00","og_image":[{"width":2400,"height":1260,"url":"https:\/\/dvadukata.com\/wp-content\/uploads\/2025\/08\/Group-3-e1756216271478.jpg","type":"image\/jpeg"}],"twitter_card":"summary_large_image","twitter_misc":{"Est. reading time":"3 minuta"},"schema":{"@context":"https:\/\/schema.org","@graph":[{"@type":"WebPage","@id":"https:\/\/dvadukata.com\/podrska-ograncima\/","url":"https:\/\/dvadukata.com\/podrska-ograncima\/","name":"Podr\u0161ka ograncima - DvaDukata.com","isPartOf":{"@id":"https:\/\/dvadukata.com\/#website"},"primaryImageOfPage":{"@id":"https:\/\/dvadukata.com\/podrska-ograncima\/#primaryimage"},"image":{"@id":"https:\/\/dvadukata.com\/podrska-ograncima\/#primaryimage"},"thumbnailUrl":"https:\/\/dvadukata.com\/wp-content\/uploads\/2025\/08\/Group-3-e1756216271478.jpg","datePublished":"2025-06-18T13:55:59+00:00","dateModified":"2026-04-21T08:47:53+00:00","breadcrumb":{"@id":"https:\/\/dvadukata.com\/podrska-ograncima\/#breadcrumb"},"inLanguage":"sq","potentialAction":[{"@type":"ReadAction","target":["https:\/\/dvadukata.com\/podrska-ograncima\/"]}]},{"@type":"ImageObject","inLanguage":"sq","@id":"https:\/\/dvadukata.com\/podrska-ograncima\/#primaryimage","url":"https:\/\/dvadukata.com\/wp-content\/uploads\/2025\/08\/Group-3-e1756216271478.jpg","contentUrl":"https:\/\/dvadukata.com\/wp-content\/uploads\/2025\/08\/Group-3-e1756216271478.jpg","width":2400,"height":1260},{"@type":"BreadcrumbList","@id":"https:\/\/dvadukata.com\/podrska-ograncima\/#breadcrumb","itemListElement":[{"@type":"ListItem","position":1,"name":"Home","item":"https:\/\/dvadukata.com\/"},{"@type":"ListItem","position":2,"name":"Podr\u0161ka ograncima"}]},{"@type":"WebSite","@id":"https:\/\/dvadukata.com\/#website","url":"https:\/\/dvadukata.com\/","name":"DvaDukata.com","description":"Va\u0161i porezi su manji sa nama","potentialAction":[{"@type":"SearchAction","target":{"@type":"EntryPoint","urlTemplate":"https:\/\/dvadukata.com\/?s={search_term_string}"},"query-input":{"@type":"PropertyValueSpecification","valueRequired":true,"valueName":"search_term_string"}}],"inLanguage":"sq"}]}},"_links":{"self":[{"href":"https:\/\/dvadukata.com\/sq\/wp-json\/wp\/v2\/pages\/235","targetHints":{"allow":["GET"]}}],"collection":[{"href":"https:\/\/dvadukata.com\/sq\/wp-json\/wp\/v2\/pages"}],"about":[{"href":"https:\/\/dvadukata.com\/sq\/wp-json\/wp\/v2\/types\/page"}],"author":[{"embeddable":true,"href":"https:\/\/dvadukata.com\/sq\/wp-json\/wp\/v2\/users\/1"}],"replies":[{"embeddable":true,"href":"https:\/\/dvadukata.com\/sq\/wp-json\/wp\/v2\/comments?post=235"}],"version-history":[{"count":19,"href":"https:\/\/dvadukata.com\/sq\/wp-json\/wp\/v2\/pages\/235\/revisions"}],"predecessor-version":[{"id":1126,"href":"https:\/\/dvadukata.com\/sq\/wp-json\/wp\/v2\/pages\/235\/revisions\/1126"}],"wp:featuredmedia":[{"embeddable":true,"href":"https:\/\/dvadukata.com\/sq\/wp-json\/wp\/v2\/media\/765"}],"wp:attachment":[{"href":"https:\/\/dvadukata.com\/sq\/wp-json\/wp\/v2\/media?parent=235"}],"curies":[{"name":"wp","href":"https:\/\/api.w.org\/{rel}","templated":true}]}}