{"id":1036,"date":"2025-11-28T17:41:53","date_gmt":"2025-11-28T17:41:53","guid":{"rendered":"https:\/\/dvadukata.com\/?page_id=1036"},"modified":"2025-11-28T17:58:31","modified_gmt":"2025-11-28T17:58:31","slug":"pozicione-te-hapura","status":"publish","type":"page","link":"https:\/\/dvadukata.com\/sq\/pozicione-te-hapura\/","title":{"rendered":"Hap\u00ebsira pune"},"content":{"rendered":"<div data-elementor-type=\"wp-page\" data-elementor-id=\"1036\" class=\"elementor elementor-1036\" data-elementor-post-type=\"page\">\n\t\t\t\t<div class=\"elementor-element elementor-element-c8d8c7a e-flex e-con-boxed e-con e-parent\" data-id=\"c8d8c7a\" data-element_type=\"container\">\n\t\t\t\t\t<div class=\"e-con-inner\">\n\t\t<div class=\"elementor-element elementor-element-4245391 e-con-full e-flex e-con e-child\" data-id=\"4245391\" data-element_type=\"container\">\n\t\t\t\t<div class=\"elementor-element elementor-element-583125a custom-kicker elementor-widget elementor-widget-heading\" data-id=\"583125a\" data-element_type=\"widget\" data-widget_type=\"heading.default\">\n\t\t\t\t<div class=\"elementor-widget-container\">\n\t\t\t\t\t<p class=\"elementor-heading-title elementor-size-default\">B\u00ebhu pjes\u00eb e ekipit ton\u00eb<\/p>\t\t\t\t<\/div>\n\t\t\t\t<\/div>\n\t\t\t\t<\/div>\n\t\t\t\t<div class=\"elementor-element elementor-element-95557d1 elementor-widget elementor-widget-heading\" data-id=\"95557d1\" data-element_type=\"widget\" data-widget_type=\"heading.default\">\n\t\t\t\t<div class=\"elementor-widget-container\">\n\t\t\t\t\t<h2 class=\"elementor-heading-title elementor-size-default\">Pozicione t\u00eb hapura n\u00eb MGI Dva Dukata<\/h2>\t\t\t\t<\/div>\n\t\t\t\t<\/div>\n\t\t<div class=\"elementor-element elementor-element-dc4400e e-con-full e-grid e-con e-child\" data-id=\"dc4400e\" data-element_type=\"container\">\n\t\t<div class=\"elementor-element elementor-element-2d9311b e-con-full e-flex e-con e-child\" data-id=\"2d9311b\" data-element_type=\"container\" data-settings=\"{&quot;background_background&quot;:&quot;classic&quot;}\">\n\t\t\t\t<div class=\"elementor-element elementor-element-f0ecc43 elementor-widget elementor-widget-heading\" data-id=\"f0ecc43\" data-element_type=\"widget\" data-widget_type=\"heading.default\">\n\t\t\t\t<div class=\"elementor-widget-container\">\n\t\t\t\t\t<h4 class=\"elementor-heading-title elementor-size-default\">Kontabilist (m\/f)<\/h4>\t\t\t\t<\/div>\n\t\t\t\t<\/div>\n\t\t\t\t<div class=\"elementor-element elementor-element-4d07812 elementor-widget elementor-widget-heading\" data-id=\"4d07812\" data-element_type=\"widget\" data-widget_type=\"heading.default\">\n\t\t\t\t<div class=\"elementor-widget-container\">\n\t\t\t\t\t<p class=\"elementor-heading-title elementor-size-default\">Ne jemi duke k\u00ebrkuar nj\u00eb person t\u00eb p\u00ebrgjegjsh\u00ebm dhe t\u00eb sakt\u00eb p\u00ebr pozicionin e Kontabilistit, i cili do t\u00eb jet\u00eb p\u00ebrgjegj\u00ebs p\u00ebr mbajtjen e t\u00eb dh\u00ebnave financiare, p\u00ebrgatitjen e raporteve dhe sigurimin e sakt\u00ebsis\u00eb dhe kontabilitetit n\u00eb koh\u00eb n\u00eb p\u00ebrputhje me rregulloret aktuale.<\/p>\t\t\t\t<\/div>\n\t\t\t\t<\/div>\n\t\t\t\t<div class=\"elementor-element elementor-element-b2ad201 elementor-mobile-align-justify elementor-widget-mobile__width-inherit elementor-widget elementor-widget-button\" data-id=\"b2ad201\" data-element_type=\"widget\" data-widget_type=\"button.default\">\n\t\t\t\t<div class=\"elementor-widget-container\">\n\t\t\t\t\t\t\t\t\t<div class=\"elementor-button-wrapper\">\n\t\t\t\t\t<a class=\"elementor-button elementor-button-link elementor-size-sm\" href=\"#elementor-action%3Aaction%3Dpopup%3Aopen%26settings%3DeyJpZCI6Ijc5OSIsInRvZ2dsZSI6ZmFsc2V9\" target=\"_blank\">\n\t\t\t\t\t\t<span class=\"elementor-button-content-wrapper\">\n\t\t\t\t\t\t\t\t\t<span class=\"elementor-button-text\">Regjistrohu k\u00ebtu<\/span>\n\t\t\t\t\t<\/span>\n\t\t\t\t\t<\/a>\n\t\t\t\t<\/div>\n\t\t\t\t\t\t\t\t<\/div>\n\t\t\t\t<\/div>\n\t\t\t\t<\/div>\n\t\t<div class=\"elementor-element elementor-element-ebad813 e-con-full e-flex e-con e-child\" data-id=\"ebad813\" data-element_type=\"container\" data-settings=\"{&quot;background_background&quot;:&quot;classic&quot;}\">\n\t\t\t\t<div class=\"elementor-element elementor-element-f36c2c7 elementor-widget elementor-widget-heading\" data-id=\"f36c2c7\" data-element_type=\"widget\" data-widget_type=\"heading.default\">\n\t\t\t\t<div class=\"elementor-widget-container\">\n\t\t\t\t\t<h4 class=\"elementor-heading-title elementor-size-default\">Kontabilist (m\/f)<\/h4>\t\t\t\t<\/div>\n\t\t\t\t<\/div>\n\t\t\t\t<div class=\"elementor-element elementor-element-f263b5d elementor-widget elementor-widget-heading\" data-id=\"f263b5d\" data-element_type=\"widget\" data-widget_type=\"heading.default\">\n\t\t\t\t<div class=\"elementor-widget-container\">\n\t\t\t\t\t<p class=\"elementor-heading-title elementor-size-default\">Ne k\u00ebrkojm\u00eb nj\u00eb person p\u00ebrgjegj\u00ebs dhe t\u00eb sakt\u00eb p\u00ebr pozicionin e Kontabilistit, i cili do t\u00eb jet\u00eb p\u00ebrgjegj\u00ebs p\u00ebr futjen dhe postimin e dokumenteve kontab\u00ebl, kryerjen e llogaritjeve, p\u00ebrgatitjen e dokumenteve financiare dhe mbajtjen e duhur t\u00eb t\u00eb dh\u00ebnave n\u00eb p\u00ebrputhje me rregulloret aktuale.<\/p>\t\t\t\t<\/div>\n\t\t\t\t<\/div>\n\t\t\t\t<div class=\"elementor-element elementor-element-f21f99e elementor-mobile-align-justify elementor-widget-mobile__width-inherit elementor-widget elementor-widget-button\" data-id=\"f21f99e\" data-element_type=\"widget\" data-widget_type=\"button.default\">\n\t\t\t\t<div class=\"elementor-widget-container\">\n\t\t\t\t\t\t\t\t\t<div class=\"elementor-button-wrapper\">\n\t\t\t\t\t<a class=\"elementor-button elementor-button-link elementor-size-sm\" href=\"#elementor-action%3Aaction%3Dpopup%3Aopen%26settings%3DeyJpZCI6IjEwNDYiLCJ0b2dnbGUiOmZhbHNlfQ%3D%3D\" target=\"_blank\">\n\t\t\t\t\t\t<span class=\"elementor-button-content-wrapper\">\n\t\t\t\t\t\t\t\t\t<span class=\"elementor-button-text\">Regjistrohu k\u00ebtu<\/span>\n\t\t\t\t\t<\/span>\n\t\t\t\t\t<\/a>\n\t\t\t\t<\/div>\n\t\t\t\t\t\t\t\t<\/div>\n\t\t\t\t<\/div>\n\t\t\t\t<\/div>\n\t\t<div class=\"elementor-element elementor-element-3ed46c1 e-con-full e-flex e-con e-child\" data-id=\"3ed46c1\" data-element_type=\"container\" data-settings=\"{&quot;background_background&quot;:&quot;classic&quot;}\">\n\t\t\t\t<div class=\"elementor-element elementor-element-9188627 elementor-widget elementor-widget-heading\" data-id=\"9188627\" data-element_type=\"widget\" data-widget_type=\"heading.default\">\n\t\t\t\t<div class=\"elementor-widget-container\">\n\t\t\t\t\t<h4 class=\"elementor-heading-title elementor-size-default\">Paga (m\/f)<\/h4>\t\t\t\t<\/div>\n\t\t\t\t<\/div>\n\t\t\t\t<div class=\"elementor-element elementor-element-6c4bc58 elementor-widget elementor-widget-heading\" data-id=\"6c4bc58\" data-element_type=\"widget\" data-widget_type=\"heading.default\">\n\t\t\t\t<div class=\"elementor-widget-container\">\n\t\t\t\t\t<p class=\"elementor-heading-title elementor-size-default\">Ne po k\u00ebrkojm\u00eb nj\u00eb person t\u00eb p\u00ebrgjegjsh\u00ebm dhe t\u00eb sakt\u00eb p\u00ebr pozicionin e specialistit t\u00eb pagave, i cili do t\u00eb jet\u00eb p\u00ebrgjegj\u00ebs p\u00ebr llogaritjen e pagave, p\u00ebrfitimeve, lejeve mjek\u00ebsore dhe pagesave t\u00eb tjera, si dhe p\u00ebr mbajtjen e t\u00eb dh\u00ebnave t\u00eb azhurnuara t\u00eb punonj\u00ebsve n\u00eb p\u00ebrputhje me rregulloret.<\/p>\t\t\t\t<\/div>\n\t\t\t\t<\/div>\n\t\t\t\t<div class=\"elementor-element elementor-element-1e3885c elementor-mobile-align-justify elementor-widget-mobile__width-inherit elementor-widget elementor-widget-button\" data-id=\"1e3885c\" data-element_type=\"widget\" data-widget_type=\"button.default\">\n\t\t\t\t<div class=\"elementor-widget-container\">\n\t\t\t\t\t\t\t\t\t<div class=\"elementor-button-wrapper\">\n\t\t\t\t\t<a class=\"elementor-button elementor-button-link elementor-size-sm\" href=\"#elementor-action%3Aaction%3Dpopup%3Aopen%26settings%3DeyJpZCI6IjEwNDQiLCJ0b2dnbGUiOmZhbHNlfQ%3D%3D\" target=\"_blank\">\n\t\t\t\t\t\t<span class=\"elementor-button-content-wrapper\">\n\t\t\t\t\t\t\t\t\t<span class=\"elementor-button-text\">Regjistrohu k\u00ebtu<\/span>\n\t\t\t\t\t<\/span>\n\t\t\t\t\t<\/a>\n\t\t\t\t<\/div>\n\t\t\t\t\t\t\t\t<\/div>\n\t\t\t\t<\/div>\n\t\t\t\t<\/div>\n\t\t\t\t<\/div>\n\t\t\t\t\t<\/div>\n\t\t\t\t<\/div>\n\t\t\t\t<\/div>","protected":false},"excerpt":{"rendered":"<p>Postanite deo na\u0161eg tima Otvorene pozicije u MGI Dva Dukata Ra\u010dunovo\u0111a (m\/\u017e) Tra\u017eimo odgovornu i preciznu osobu za poziciju Ra\u010dunovo\u0111e, koja \u0107e biti zadu\u017eena za uredno vo\u0111enje finansijskih evidencija, pripremu izve\u0161taja i obezbe\u0111ivanje ta\u010dnosti i pravovremenog ra\u010dunovodstva u skladu sa va\u017ee\u0107im propisima. Prijavite se ovde Knjigovo\u0111a (m\/\u017e) Tra\u017eimo odgovornu i preciznu osobu za poziciju Knjigovo\u0111e, [&hellip;]<\/p>","protected":false},"author":1,"featured_media":765,"parent":0,"menu_order":0,"comment_status":"closed","ping_status":"closed","template":"elementor_header_footer","meta":{"footnotes":""},"class_list":["post-1036","page","type-page","status-publish","has-post-thumbnail","hentry"],"yoast_head":"<!-- This site is optimized with the Yoast SEO plugin v23.4 - https:\/\/yoast.com\/wordpress\/plugins\/seo\/ -->\n<title>Otvorena radna mesta - DvaDukata.com<\/title>\n<meta name=\"robots\" content=\"index, follow, max-snippet:-1, max-image-preview:large, max-video-preview:-1\" \/>\n<link rel=\"canonical\" href=\"https:\/\/dvadukata.com\/sq\/pozicione-te-hapura\/\" \/>\n<meta property=\"og:locale\" content=\"sq_AL\" \/>\n<meta property=\"og:type\" content=\"article\" \/>\n<meta property=\"og:title\" content=\"Otvorena radna mesta - DvaDukata.com\" \/>\n<meta property=\"og:description\" content=\"Postanite deo na\u0161eg tima Otvorene pozicije u MGI Dva Dukata Ra\u010dunovo\u0111a (m\/\u017e) Tra\u017eimo odgovornu i preciznu osobu za poziciju Ra\u010dunovo\u0111e, koja \u0107e biti zadu\u017eena za uredno vo\u0111enje finansijskih evidencija, pripremu izve\u0161taja i obezbe\u0111ivanje ta\u010dnosti i pravovremenog ra\u010dunovodstva u skladu sa va\u017ee\u0107im propisima. Prijavite se ovde Knjigovo\u0111a (m\/\u017e) Tra\u017eimo odgovornu i preciznu osobu za poziciju Knjigovo\u0111e, [&hellip;]\" \/>\n<meta property=\"og:url\" content=\"https:\/\/dvadukata.com\/sq\/pozicione-te-hapura\/\" \/>\n<meta property=\"og:site_name\" content=\"DvaDukata.com\" \/>\n<meta property=\"article:modified_time\" content=\"2025-11-28T17:58:31+00:00\" \/>\n<meta property=\"og:image\" content=\"https:\/\/dvadukata.com\/wp-content\/uploads\/2025\/08\/Group-3-e1756216271478.jpg\" \/>\n\t<meta property=\"og:image:width\" content=\"2400\" \/>\n\t<meta property=\"og:image:height\" content=\"1260\" \/>\n\t<meta property=\"og:image:type\" content=\"image\/jpeg\" \/>\n<meta name=\"twitter:card\" content=\"summary_large_image\" \/>\n<meta name=\"twitter:label1\" content=\"Est. reading time\" \/>\n\t<meta name=\"twitter:data1\" content=\"1 minut\u00eb\" \/>\n<script type=\"application\/ld+json\" class=\"yoast-schema-graph\">{\"@context\":\"https:\/\/schema.org\",\"@graph\":[{\"@type\":\"WebPage\",\"@id\":\"https:\/\/dvadukata.com\/otvorena-radna-mesta\/\",\"url\":\"https:\/\/dvadukata.com\/otvorena-radna-mesta\/\",\"name\":\"Otvorena radna mesta - DvaDukata.com\",\"isPartOf\":{\"@id\":\"https:\/\/dvadukata.com\/#website\"},\"primaryImageOfPage\":{\"@id\":\"https:\/\/dvadukata.com\/otvorena-radna-mesta\/#primaryimage\"},\"image\":{\"@id\":\"https:\/\/dvadukata.com\/otvorena-radna-mesta\/#primaryimage\"},\"thumbnailUrl\":\"https:\/\/dvadukata.com\/wp-content\/uploads\/2025\/08\/Group-3-e1756216271478.jpg\",\"datePublished\":\"2025-11-28T17:41:53+00:00\",\"dateModified\":\"2025-11-28T17:58:31+00:00\",\"breadcrumb\":{\"@id\":\"https:\/\/dvadukata.com\/otvorena-radna-mesta\/#breadcrumb\"},\"inLanguage\":\"sq\",\"potentialAction\":[{\"@type\":\"ReadAction\",\"target\":[\"https:\/\/dvadukata.com\/otvorena-radna-mesta\/\"]}]},{\"@type\":\"ImageObject\",\"inLanguage\":\"sq\",\"@id\":\"https:\/\/dvadukata.com\/otvorena-radna-mesta\/#primaryimage\",\"url\":\"https:\/\/dvadukata.com\/wp-content\/uploads\/2025\/08\/Group-3-e1756216271478.jpg\",\"contentUrl\":\"https:\/\/dvadukata.com\/wp-content\/uploads\/2025\/08\/Group-3-e1756216271478.jpg\",\"width\":2400,\"height\":1260},{\"@type\":\"BreadcrumbList\",\"@id\":\"https:\/\/dvadukata.com\/otvorena-radna-mesta\/#breadcrumb\",\"itemListElement\":[{\"@type\":\"ListItem\",\"position\":1,\"name\":\"Home\",\"item\":\"https:\/\/dvadukata.com\/\"},{\"@type\":\"ListItem\",\"position\":2,\"name\":\"Otvorena radna mesta\"}]},{\"@type\":\"WebSite\",\"@id\":\"https:\/\/dvadukata.com\/#website\",\"url\":\"https:\/\/dvadukata.com\/\",\"name\":\"DvaDukata.com\",\"description\":\"Va\u0161i porezi su manji sa nama\",\"potentialAction\":[{\"@type\":\"SearchAction\",\"target\":{\"@type\":\"EntryPoint\",\"urlTemplate\":\"https:\/\/dvadukata.com\/?s={search_term_string}\"},\"query-input\":{\"@type\":\"PropertyValueSpecification\",\"valueRequired\":true,\"valueName\":\"search_term_string\"}}],\"inLanguage\":\"sq\"}]}<\/script>\n<!-- \/ Yoast SEO plugin. -->","yoast_head_json":{"title":"Otvorena radna mesta - DvaDukata.com","robots":{"index":"index","follow":"follow","max-snippet":"max-snippet:-1","max-image-preview":"max-image-preview:large","max-video-preview":"max-video-preview:-1"},"canonical":"https:\/\/dvadukata.com\/sq\/pozicione-te-hapura\/","og_locale":"sq_AL","og_type":"article","og_title":"Otvorena radna mesta - DvaDukata.com","og_description":"Postanite deo na\u0161eg tima Otvorene pozicije u MGI Dva Dukata Ra\u010dunovo\u0111a (m\/\u017e) Tra\u017eimo odgovornu i preciznu osobu za poziciju Ra\u010dunovo\u0111e, koja \u0107e biti zadu\u017eena za uredno vo\u0111enje finansijskih evidencija, pripremu izve\u0161taja i obezbe\u0111ivanje ta\u010dnosti i pravovremenog ra\u010dunovodstva u skladu sa va\u017ee\u0107im propisima. Prijavite se ovde Knjigovo\u0111a (m\/\u017e) Tra\u017eimo odgovornu i preciznu osobu za poziciju Knjigovo\u0111e, [&hellip;]","og_url":"https:\/\/dvadukata.com\/sq\/pozicione-te-hapura\/","og_site_name":"DvaDukata.com","article_modified_time":"2025-11-28T17:58:31+00:00","og_image":[{"width":2400,"height":1260,"url":"https:\/\/dvadukata.com\/wp-content\/uploads\/2025\/08\/Group-3-e1756216271478.jpg","type":"image\/jpeg"}],"twitter_card":"summary_large_image","twitter_misc":{"Est. reading time":"1 minut\u00eb"},"schema":{"@context":"https:\/\/schema.org","@graph":[{"@type":"WebPage","@id":"https:\/\/dvadukata.com\/otvorena-radna-mesta\/","url":"https:\/\/dvadukata.com\/otvorena-radna-mesta\/","name":"Otvorena radna mesta - DvaDukata.com","isPartOf":{"@id":"https:\/\/dvadukata.com\/#website"},"primaryImageOfPage":{"@id":"https:\/\/dvadukata.com\/otvorena-radna-mesta\/#primaryimage"},"image":{"@id":"https:\/\/dvadukata.com\/otvorena-radna-mesta\/#primaryimage"},"thumbnailUrl":"https:\/\/dvadukata.com\/wp-content\/uploads\/2025\/08\/Group-3-e1756216271478.jpg","datePublished":"2025-11-28T17:41:53+00:00","dateModified":"2025-11-28T17:58:31+00:00","breadcrumb":{"@id":"https:\/\/dvadukata.com\/otvorena-radna-mesta\/#breadcrumb"},"inLanguage":"sq","potentialAction":[{"@type":"ReadAction","target":["https:\/\/dvadukata.com\/otvorena-radna-mesta\/"]}]},{"@type":"ImageObject","inLanguage":"sq","@id":"https:\/\/dvadukata.com\/otvorena-radna-mesta\/#primaryimage","url":"https:\/\/dvadukata.com\/wp-content\/uploads\/2025\/08\/Group-3-e1756216271478.jpg","contentUrl":"https:\/\/dvadukata.com\/wp-content\/uploads\/2025\/08\/Group-3-e1756216271478.jpg","width":2400,"height":1260},{"@type":"BreadcrumbList","@id":"https:\/\/dvadukata.com\/otvorena-radna-mesta\/#breadcrumb","itemListElement":[{"@type":"ListItem","position":1,"name":"Home","item":"https:\/\/dvadukata.com\/"},{"@type":"ListItem","position":2,"name":"Otvorena radna mesta"}]},{"@type":"WebSite","@id":"https:\/\/dvadukata.com\/#website","url":"https:\/\/dvadukata.com\/","name":"DvaDukata.com","description":"Va\u0161i porezi su manji sa nama","potentialAction":[{"@type":"SearchAction","target":{"@type":"EntryPoint","urlTemplate":"https:\/\/dvadukata.com\/?s={search_term_string}"},"query-input":{"@type":"PropertyValueSpecification","valueRequired":true,"valueName":"search_term_string"}}],"inLanguage":"sq"}]}},"_links":{"self":[{"href":"https:\/\/dvadukata.com\/sq\/wp-json\/wp\/v2\/pages\/1036","targetHints":{"allow":["GET"]}}],"collection":[{"href":"https:\/\/dvadukata.com\/sq\/wp-json\/wp\/v2\/pages"}],"about":[{"href":"https:\/\/dvadukata.com\/sq\/wp-json\/wp\/v2\/types\/page"}],"author":[{"embeddable":true,"href":"https:\/\/dvadukata.com\/sq\/wp-json\/wp\/v2\/users\/1"}],"replies":[{"embeddable":true,"href":"https:\/\/dvadukata.com\/sq\/wp-json\/wp\/v2\/comments?post=1036"}],"version-history":[{"count":8,"href":"https:\/\/dvadukata.com\/sq\/wp-json\/wp\/v2\/pages\/1036\/revisions"}],"predecessor-version":[{"id":1057,"href":"https:\/\/dvadukata.com\/sq\/wp-json\/wp\/v2\/pages\/1036\/revisions\/1057"}],"wp:featuredmedia":[{"embeddable":true,"href":"https:\/\/dvadukata.com\/sq\/wp-json\/wp\/v2\/media\/765"}],"wp:attachment":[{"href":"https:\/\/dvadukata.com\/sq\/wp-json\/wp\/v2\/media?parent=1036"}],"curies":[{"name":"wp","href":"https:\/\/api.w.org\/{rel}","templated":true}]}}