{"id":250,"date":"2025-06-18T13:58:20","date_gmt":"2025-06-18T13:58:20","guid":{"rendered":"https:\/\/dvadukata.com\/?page_id=250"},"modified":"2026-04-21T08:48:06","modified_gmt":"2026-04-21T08:48:06","slug":"davcni-odvetnik-na-obmocju-republike-srbije","status":"publish","type":"page","link":"https:\/\/dvadukata.com\/sl\/davcni-odvetnik-na-obmocju-republike-srbije\/","title":{"rendered":"Dav\u010dno pooblastilo na ozemlju Republike Srbije"},"content":{"rendered":"<div data-elementor-type=\"wp-page\" data-elementor-id=\"250\" class=\"elementor elementor-250\" data-elementor-post-type=\"page\">\n\t\t\t\t<div class=\"elementor-element elementor-element-6d76099 e-flex e-con-boxed e-con e-parent\" data-id=\"6d76099\" data-element_type=\"container\">\n\t\t\t\t\t<div class=\"e-con-inner\">\n\t\t<div class=\"elementor-element elementor-element-362a6c3 e-con-full e-flex e-con e-child\" data-id=\"362a6c3\" data-element_type=\"container\" data-settings=\"{&quot;background_background&quot;:&quot;classic&quot;}\">\n\t\t\t\t<div class=\"elementor-element elementor-element-09c6659 elementor-nav-menu--dropdown-mobile elementor-nav-menu--stretch elementor-nav-menu__text-align-aside elementor-nav-menu--toggle elementor-nav-menu--burger elementor-widget elementor-widget-nav-menu\" data-id=\"09c6659\" data-element_type=\"widget\" data-settings=\"{&quot;layout&quot;:&quot;vertical&quot;,&quot;full_width&quot;:&quot;stretch&quot;,&quot;submenu_icon&quot;:{&quot;value&quot;:&quot;&lt;svg class=\\&quot;e-font-icon-svg e-fas-caret-down\\&quot; viewBox=\\&quot;0 0 320 512\\&quot; xmlns=\\&quot;http:\\\/\\\/www.w3.org\\\/2000\\\/svg\\&quot;&gt;&lt;path d=\\&quot;M31.3 192h257.3c17.8 0 26.7 21.5 14.1 34.1L174.1 354.8c-7.8 7.8-20.5 7.8-28.3 0L17.2 226.1C4.6 213.5 13.5 192 31.3 192z\\&quot;&gt;&lt;\\\/path&gt;&lt;\\\/svg&gt;&quot;,&quot;library&quot;:&quot;fa-solid&quot;},&quot;toggle&quot;:&quot;burger&quot;}\" data-widget_type=\"nav-menu.default\">\n\t\t\t\t<div class=\"elementor-widget-container\">\n\t\t\t\t\t\t\t\t<nav aria-label=\"Meni\" class=\"elementor-nav-menu--main elementor-nav-menu__container elementor-nav-menu--layout-vertical e--pointer-background e--animation-fade\">\n\t\t\t\t<ul id=\"menu-1-09c6659\" class=\"elementor-nav-menu sm-vertical\"><li class=\"menu-item menu-item-type-post_type menu-item-object-page menu-item-142\"><a href=\"https:\/\/dvadukata.com\/sl\/racunovodstvo\/\" class=\"elementor-item\">Ra\u010dunovodstvo<\/a><\/li>\n<li class=\"menu-item menu-item-type-post_type menu-item-object-page menu-item-517\"><a href=\"https:\/\/dvadukata.com\/sl\/davcno-svetovanje\/\" class=\"elementor-item\">Dav\u010dno svetovanje<\/a><\/li>\n<li class=\"menu-item menu-item-type-post_type menu-item-object-page menu-item-513\"><a href=\"https:\/\/dvadukata.com\/sl\/cloveski-viri\/\" class=\"elementor-item\">\u010clove\u0161ki viri<\/a><\/li>\n<li class=\"menu-item menu-item-type-post_type menu-item-object-page menu-item-512\"><a href=\"https:\/\/dvadukata.com\/sl\/porocila-o-moci\/\" class=\"elementor-item\">Poro\u010dila PowerBI<\/a><\/li>\n<li class=\"menu-item menu-item-type-post_type menu-item-object-page menu-item-519\"><a href=\"https:\/\/dvadukata.com\/sl\/razvoj-poslovanja\/\" class=\"elementor-item\">Razvoj poslovanja<\/a><\/li>\n<li class=\"menu-item menu-item-type-post_type menu-item-object-page menu-item-515\"><a href=\"https:\/\/dvadukata.com\/sl\/podpora-za-podruznice\/\" class=\"elementor-item\">Podpora podru\u017enicam<\/a><\/li>\n<li class=\"menu-item menu-item-type-post_type menu-item-object-page menu-item-518\"><a href=\"https:\/\/dvadukata.com\/sl\/racunovodske-storitve-banja-luka\/\" class=\"elementor-item\">Ra\u010dunovodske storitve Banja Luka<\/a><\/li>\n<li class=\"menu-item menu-item-type-post_type menu-item-object-page menu-item-514\"><a href=\"https:\/\/dvadukata.com\/sl\/izracun-davka-od-plac-in-prejemkov\/\" class=\"elementor-item\">Pla\u010de - izra\u010dun davkov, pla\u010d in ugodnosti<\/a><\/li>\n<li class=\"menu-item menu-item-type-post_type menu-item-object-page menu-item-516\"><a href=\"https:\/\/dvadukata.com\/sl\/davcni-odvetnik-na-obmocju-republike-srbije\/\" class=\"elementor-item\">Dav\u010dno pooblastilo na ozemlju Republike Srbije<\/a><\/li>\n<\/ul>\t\t\t<\/nav>\n\t\t\t\t\t<div class=\"elementor-menu-toggle\" role=\"button\" tabindex=\"0\" aria-label=\"Preklopi meni\" aria-expanded=\"false\">\n\t\t\t<span class=\"elementor-menu-toggle__icon--open\"><svg xmlns=\"http:\/\/www.w3.org\/2000\/svg\" width=\"11\" height=\"7\" viewbox=\"0 0 11 7\" fill=\"none\"><path d=\"M10.854 1.35369L5.85403 6.35369C5.80759 6.40018 5.75245 6.43706 5.69175 6.46222C5.63105 6.48738 5.56599 6.50034 5.50028 6.50034C5.43457 6.50034 5.36951 6.48738 5.30881 6.46222C5.24811 6.43706 5.19296 6.40018 5.14653 6.35369L0.146528 1.35369C0.0527077 1.25987 0 1.13262 0 0.999942C0 0.86726 0.0527077 0.740012 0.146528 0.646192C0.240348 0.552372 0.367596 0.499664 0.500278 0.499664C0.63296 0.499664 0.760208 0.552372 0.854028 0.646192L5.50028 5.29307L10.1465 0.646192C10.193 0.599737 10.2481 0.562887 10.3088 0.537745C10.3695 0.512604 10.4346 0.499664 10.5003 0.499664C10.566 0.499664 10.631 0.512604 10.6917 0.537745C10.7524 0.562887 10.8076 0.599737 10.854 0.646192C10.9005 0.692647 10.9373 0.747798 10.9625 0.808494C10.9876 0.869191 11.0006 0.934245 11.0006 0.999942C11.0006 1.06564 10.9876 1.13069 10.9625 1.19139C10.9373 1.25209 10.9005 1.30724 10.854 1.35369Z\" fill=\"#004680\"><\/path><\/svg><\/span><span class=\"elementor-menu-toggle__icon--close\"><svg xmlns=\"http:\/\/www.w3.org\/2000\/svg\" width=\"11\" height=\"7\" viewbox=\"0 0 11 7\" fill=\"none\"><path d=\"M10.854 1.35369L5.85403 6.35369C5.80759 6.40018 5.75245 6.43706 5.69175 6.46222C5.63105 6.48738 5.56599 6.50034 5.50028 6.50034C5.43457 6.50034 5.36951 6.48738 5.30881 6.46222C5.24811 6.43706 5.19296 6.40018 5.14653 6.35369L0.146528 1.35369C0.0527077 1.25987 0 1.13262 0 0.999942C0 0.86726 0.0527077 0.740012 0.146528 0.646192C0.240348 0.552372 0.367596 0.499664 0.500278 0.499664C0.63296 0.499664 0.760208 0.552372 0.854028 0.646192L5.50028 5.29307L10.1465 0.646192C10.193 0.599737 10.2481 0.562887 10.3088 0.537745C10.3695 0.512604 10.4346 0.499664 10.5003 0.499664C10.566 0.499664 10.631 0.512604 10.6917 0.537745C10.7524 0.562887 10.8076 0.599737 10.854 0.646192C10.9005 0.692647 10.9373 0.747798 10.9625 0.808494C10.9876 0.869191 11.0006 0.934245 11.0006 0.999942C11.0006 1.06564 10.9876 1.13069 10.9625 1.19139C10.9373 1.25209 10.9005 1.30724 10.854 1.35369Z\" fill=\"#004680\"><\/path><\/svg><\/span>\t\t<\/div>\n\t\t\t\t\t<nav class=\"elementor-nav-menu--dropdown elementor-nav-menu__container\" aria-hidden=\"true\">\n\t\t\t\t<ul id=\"menu-2-09c6659\" class=\"elementor-nav-menu sm-vertical\"><li class=\"menu-item menu-item-type-post_type menu-item-object-page menu-item-142\"><a href=\"https:\/\/dvadukata.com\/sl\/racunovodstvo\/\" class=\"elementor-item\" tabindex=\"-1\">Ra\u010dunovodstvo<\/a><\/li>\n<li class=\"menu-item menu-item-type-post_type menu-item-object-page menu-item-517\"><a href=\"https:\/\/dvadukata.com\/sl\/davcno-svetovanje\/\" class=\"elementor-item\" tabindex=\"-1\">Dav\u010dno svetovanje<\/a><\/li>\n<li class=\"menu-item menu-item-type-post_type menu-item-object-page menu-item-513\"><a href=\"https:\/\/dvadukata.com\/sl\/cloveski-viri\/\" class=\"elementor-item\" tabindex=\"-1\">\u010clove\u0161ki viri<\/a><\/li>\n<li class=\"menu-item menu-item-type-post_type menu-item-object-page menu-item-512\"><a href=\"https:\/\/dvadukata.com\/sl\/porocila-o-moci\/\" class=\"elementor-item\" tabindex=\"-1\">Poro\u010dila PowerBI<\/a><\/li>\n<li class=\"menu-item menu-item-type-post_type menu-item-object-page menu-item-519\"><a href=\"https:\/\/dvadukata.com\/sl\/razvoj-poslovanja\/\" class=\"elementor-item\" tabindex=\"-1\">Razvoj poslovanja<\/a><\/li>\n<li class=\"menu-item menu-item-type-post_type menu-item-object-page menu-item-515\"><a href=\"https:\/\/dvadukata.com\/sl\/podpora-za-podruznice\/\" class=\"elementor-item\" tabindex=\"-1\">Podpora podru\u017enicam<\/a><\/li>\n<li class=\"menu-item menu-item-type-post_type menu-item-object-page menu-item-518\"><a href=\"https:\/\/dvadukata.com\/sl\/racunovodske-storitve-banja-luka\/\" class=\"elementor-item\" tabindex=\"-1\">Ra\u010dunovodske storitve Banja Luka<\/a><\/li>\n<li class=\"menu-item menu-item-type-post_type menu-item-object-page menu-item-514\"><a href=\"https:\/\/dvadukata.com\/sl\/izracun-davka-od-plac-in-prejemkov\/\" class=\"elementor-item\" tabindex=\"-1\">Pla\u010de - izra\u010dun davkov, pla\u010d in ugodnosti<\/a><\/li>\n<li class=\"menu-item menu-item-type-post_type menu-item-object-page menu-item-516\"><a href=\"https:\/\/dvadukata.com\/sl\/davcni-odvetnik-na-obmocju-republike-srbije\/\" class=\"elementor-item\" tabindex=\"-1\">Dav\u010dno pooblastilo na ozemlju Republike Srbije<\/a><\/li>\n<\/ul>\t\t\t<\/nav>\n\t\t\t\t\t\t<\/div>\n\t\t\t\t<\/div>\n\t\t\t\t<div class=\"elementor-element elementor-element-75739c9 elementor-widget-mobile__width-inherit elementor-hidden-desktop elementor-hidden-tablet elementor-widget elementor-widget-heading\" data-id=\"75739c9\" data-element_type=\"widget\" data-widget_type=\"heading.default\">\n\t\t\t\t<div class=\"elementor-widget-container\">\n\t\t\t\t\t<h2 class=\"elementor-heading-title elementor-size-default\">Dav\u010dno pooblastilo na ozemlju Republike Srbije<\/h2>\t\t\t\t<\/div>\n\t\t\t\t<\/div>\n\t\t\t\t<\/div>\n\t\t<div class=\"elementor-element elementor-element-ce80965 e-con-full e-flex e-con e-child\" data-id=\"ce80965\" data-element_type=\"container\">\n\t\t\t\t<div class=\"elementor-element elementor-element-65de317 elementor-widget elementor-widget-heading\" data-id=\"65de317\" data-element_type=\"widget\" data-widget_type=\"heading.default\">\n\t\t\t\t<div class=\"elementor-widget-container\">\n\t\t\t\t\t<h2 class=\"elementor-heading-title elementor-size-default\">Dav\u010dno pooblastilo na ozemlju Republike Srbije<\/h2>\t\t\t\t<\/div>\n\t\t\t\t<\/div>\n\t\t\t\t<div class=\"elementor-element elementor-element-b759ca0 elementor-widget elementor-widget-text-editor\" data-id=\"b759ca0\" data-element_type=\"widget\" data-widget_type=\"text-editor.default\">\n\t\t\t\t<div class=\"elementor-widget-container\">\n\t\t\t\t\t\t\t\t\t<p><strong>Legalno poslovanje, brez administrativnih ovir<\/strong><\/p><p>Tujim podjetjem, ki \u017eelijo poslovati na ozemlju Republike Srbije, nudimo celovito storitev dav\u010dnega odvetni\u0161tva v skladu z zakonom o DDV. Ta storitev omogo\u010da prodajo blaga in storitev doma\u010dim strankam s popolno dav\u010dno skladnostjo \u2013 brez potrebe po ustanovitvi lokalne pravne osebe.<\/p><p><strong>Storitev vklju\u010duje:<\/strong><\/p><p>- \u2705 Registracija za DDV v Srbiji v imenu stranke<\/p><p>- \u2705 Priprava in oddaja obra\u010dunov DDV<\/p><p>- \u2705 Vodenje dav\u010dnih evidenc in komunikacija z dav\u010dno upravo<\/p><p>- \u2705 Organizacija konsignacijskega skladi\u0161\u010da na obmo\u010dju Srbije<\/p><p>- \u2705 Omogo\u010danje prodaje blaga po pariteti DDP (Delivered Duty Paid)<\/p><p>- \u2705 Opravljanje storitev doma\u010dim podjetjem v srbskem re\u017eimu DDV<\/p><p>\u00a0<\/p><p><strong>Dav\u010dna odgovornost je na nas.<\/strong><\/p><p>Kot va\u0161 poobla\u0161\u010deni dav\u010dni zastopnik prevzemamo polno odgovornost za to\u010dnost izra\u010dunov, pravo\u010dasno oddajo dav\u010dnih napovedi in pla\u010dilo davkov v skladu z veljavnimi predpisi. Na\u0161a ekipa zagotavlja, da je va\u0161e poslovanje pravno varno, pregledno in brez tveganja dav\u010dnih nepravilnosti.<\/p><p>\u00a0<\/p><p><strong>Komu je storitev namenjena:<\/strong><\/p><p>- Tuja podjetja brez registrirane pravne osebe v Srbiji<\/p><p>- Podjetja, ki \u017eelijo prodajati blago neposredno doma\u010dim kupcem<\/p><p>- Ponudniki storitev, ki poslujejo s strankami v Srbiji<\/p><p>- Organizacije, ki \u017eelijo vzpostaviti konsignacijsko skladi\u0161\u010de za la\u017ejo distribucijo<\/p><p>\u00a0<\/p><p>Storitev prilagodimo va\u0161emu poslovnemu modelu z maksimalno u\u010dinkovitostjo in profesionalno podporo. Vi se osredoto\u010date na rast \u2013 mi poskrbimo za skladnost z dav\u010dnimi predpisi.<\/p>\t\t\t\t\t\t\t\t<\/div>\n\t\t\t\t<\/div>\n\t\t\t\t<div class=\"elementor-element elementor-element-e086783 elementor-widget elementor-widget-button\" data-id=\"e086783\" data-element_type=\"widget\" data-widget_type=\"button.default\">\n\t\t\t\t<div class=\"elementor-widget-container\">\n\t\t\t\t\t\t\t\t\t<div class=\"elementor-button-wrapper\">\n\t\t\t\t\t<a class=\"elementor-button elementor-button-link elementor-size-sm\" href=\"#elementor-action%3Aaction%3Dpopup%3Aopen%26settings%3DeyJpZCI6IjE1MiIsInRvZ2dsZSI6ZmFsc2V9\">\n\t\t\t\t\t\t<span class=\"elementor-button-content-wrapper\">\n\t\t\t\t\t\t\t\t\t<span class=\"elementor-button-text\">Dogovorite se za sestanek.<\/span>\n\t\t\t\t\t<\/span>\n\t\t\t\t\t<\/a>\n\t\t\t\t<\/div>\n\t\t\t\t\t\t\t\t<\/div>\n\t\t\t\t<\/div>\n\t\t\t\t<\/div>\n\t\t\t\t\t<\/div>\n\t\t\t\t<\/div>\n\t\t\t\t<\/div>","protected":false},"excerpt":{"rendered":"<p>Legalno poslovanje, bez administrativnih prepreka Stranim kompanijama koje \u017eele da posluju na teritoriji Republike Srbije nudimo kompletnu uslugu poreskog punomo\u0107nika, u skladu sa Zakonom o PDV-u. Ova usluga omogu\u0107ava prodaju robe i pru\u017eanje usluga doma\u0107im kupcima uz punu poresku uskla\u0111enost \u2014 bez potrebe za osnivanjem lokalnog pravnog lica. Usluga uklju\u010duje: &#8211; \u2705 Registraciju za PDV [&hellip;]<\/p>","protected":false},"author":1,"featured_media":765,"parent":0,"menu_order":0,"comment_status":"closed","ping_status":"closed","template":"elementor_header_footer","meta":{"footnotes":""},"class_list":["post-250","page","type-page","status-publish","has-post-thumbnail","hentry"],"yoast_head":"<!-- This site is optimized with the Yoast SEO plugin v23.4 - https:\/\/yoast.com\/wordpress\/plugins\/seo\/ -->\n<title>Poreska punomo\u0107 na teritoriji Republike Srbije - DvaDukata.com<\/title>\n<meta name=\"robots\" content=\"index, follow, max-snippet:-1, max-image-preview:large, max-video-preview:-1\" \/>\n<link rel=\"canonical\" href=\"https:\/\/dvadukata.com\/sl\/davcni-odvetnik-na-obmocju-republike-srbije\/\" \/>\n<meta property=\"og:locale\" content=\"sl_SI\" \/>\n<meta property=\"og:type\" content=\"article\" \/>\n<meta property=\"og:title\" content=\"Poreska punomo\u0107 na teritoriji Republike Srbije - DvaDukata.com\" \/>\n<meta property=\"og:description\" content=\"Legalno poslovanje, bez administrativnih prepreka Stranim kompanijama koje \u017eele da posluju na teritoriji Republike Srbije nudimo kompletnu uslugu poreskog punomo\u0107nika, u skladu sa Zakonom o PDV-u. Ova usluga omogu\u0107ava prodaju robe i pru\u017eanje usluga doma\u0107im kupcima uz punu poresku uskla\u0111enost \u2014 bez potrebe za osnivanjem lokalnog pravnog lica. Usluga uklju\u010duje: &#8211; \u2705 Registraciju za PDV [&hellip;]\" \/>\n<meta property=\"og:url\" content=\"https:\/\/dvadukata.com\/sl\/davcni-odvetnik-na-obmocju-republike-srbije\/\" \/>\n<meta property=\"og:site_name\" content=\"DvaDukata.com\" \/>\n<meta property=\"article:modified_time\" content=\"2026-04-21T08:48:06+00:00\" \/>\n<meta property=\"og:image\" content=\"https:\/\/dvadukata.com\/wp-content\/uploads\/2025\/08\/Group-3-e1756216271478.jpg\" \/>\n\t<meta property=\"og:image:width\" content=\"2400\" \/>\n\t<meta property=\"og:image:height\" content=\"1260\" \/>\n\t<meta property=\"og:image:type\" content=\"image\/jpeg\" \/>\n<meta name=\"twitter:card\" content=\"summary_large_image\" \/>\n<meta name=\"twitter:label1\" content=\"Est. reading time\" \/>\n\t<meta name=\"twitter:data1\" content=\"3 minute\" \/>\n<script type=\"application\/ld+json\" class=\"yoast-schema-graph\">{\"@context\":\"https:\/\/schema.org\",\"@graph\":[{\"@type\":\"WebPage\",\"@id\":\"https:\/\/dvadukata.com\/poreska-punomoc-na-teritoriji-republike-srbije\/\",\"url\":\"https:\/\/dvadukata.com\/poreska-punomoc-na-teritoriji-republike-srbije\/\",\"name\":\"Poreska punomo\u0107 na teritoriji Republike Srbije - DvaDukata.com\",\"isPartOf\":{\"@id\":\"https:\/\/dvadukata.com\/#website\"},\"primaryImageOfPage\":{\"@id\":\"https:\/\/dvadukata.com\/poreska-punomoc-na-teritoriji-republike-srbije\/#primaryimage\"},\"image\":{\"@id\":\"https:\/\/dvadukata.com\/poreska-punomoc-na-teritoriji-republike-srbije\/#primaryimage\"},\"thumbnailUrl\":\"https:\/\/dvadukata.com\/wp-content\/uploads\/2025\/08\/Group-3-e1756216271478.jpg\",\"datePublished\":\"2025-06-18T13:58:20+00:00\",\"dateModified\":\"2026-04-21T08:48:06+00:00\",\"breadcrumb\":{\"@id\":\"https:\/\/dvadukata.com\/poreska-punomoc-na-teritoriji-republike-srbije\/#breadcrumb\"},\"inLanguage\":\"sl-SI\",\"potentialAction\":[{\"@type\":\"ReadAction\",\"target\":[\"https:\/\/dvadukata.com\/poreska-punomoc-na-teritoriji-republike-srbije\/\"]}]},{\"@type\":\"ImageObject\",\"inLanguage\":\"sl-SI\",\"@id\":\"https:\/\/dvadukata.com\/poreska-punomoc-na-teritoriji-republike-srbije\/#primaryimage\",\"url\":\"https:\/\/dvadukata.com\/wp-content\/uploads\/2025\/08\/Group-3-e1756216271478.jpg\",\"contentUrl\":\"https:\/\/dvadukata.com\/wp-content\/uploads\/2025\/08\/Group-3-e1756216271478.jpg\",\"width\":2400,\"height\":1260},{\"@type\":\"BreadcrumbList\",\"@id\":\"https:\/\/dvadukata.com\/poreska-punomoc-na-teritoriji-republike-srbije\/#breadcrumb\",\"itemListElement\":[{\"@type\":\"ListItem\",\"position\":1,\"name\":\"Home\",\"item\":\"https:\/\/dvadukata.com\/\"},{\"@type\":\"ListItem\",\"position\":2,\"name\":\"Poreska punomo\u0107 na teritoriji Republike Srbije\"}]},{\"@type\":\"WebSite\",\"@id\":\"https:\/\/dvadukata.com\/#website\",\"url\":\"https:\/\/dvadukata.com\/\",\"name\":\"DvaDukata.com\",\"description\":\"Va\u0161i porezi su manji sa nama\",\"potentialAction\":[{\"@type\":\"SearchAction\",\"target\":{\"@type\":\"EntryPoint\",\"urlTemplate\":\"https:\/\/dvadukata.com\/?s={search_term_string}\"},\"query-input\":{\"@type\":\"PropertyValueSpecification\",\"valueRequired\":true,\"valueName\":\"search_term_string\"}}],\"inLanguage\":\"sl-SI\"}]}<\/script>\n<!-- \/ Yoast SEO plugin. -->","yoast_head_json":{"title":"Poreska punomo\u0107 na teritoriji Republike Srbije - DvaDukata.com","robots":{"index":"index","follow":"follow","max-snippet":"max-snippet:-1","max-image-preview":"max-image-preview:large","max-video-preview":"max-video-preview:-1"},"canonical":"https:\/\/dvadukata.com\/sl\/davcni-odvetnik-na-obmocju-republike-srbije\/","og_locale":"sl_SI","og_type":"article","og_title":"Poreska punomo\u0107 na teritoriji Republike Srbije - DvaDukata.com","og_description":"Legalno poslovanje, bez administrativnih prepreka Stranim kompanijama koje \u017eele da posluju na teritoriji Republike Srbije nudimo kompletnu uslugu poreskog punomo\u0107nika, u skladu sa Zakonom o PDV-u. Ova usluga omogu\u0107ava prodaju robe i pru\u017eanje usluga doma\u0107im kupcima uz punu poresku uskla\u0111enost \u2014 bez potrebe za osnivanjem lokalnog pravnog lica. Usluga uklju\u010duje: &#8211; \u2705 Registraciju za PDV [&hellip;]","og_url":"https:\/\/dvadukata.com\/sl\/davcni-odvetnik-na-obmocju-republike-srbije\/","og_site_name":"DvaDukata.com","article_modified_time":"2026-04-21T08:48:06+00:00","og_image":[{"width":2400,"height":1260,"url":"https:\/\/dvadukata.com\/wp-content\/uploads\/2025\/08\/Group-3-e1756216271478.jpg","type":"image\/jpeg"}],"twitter_card":"summary_large_image","twitter_misc":{"Est. reading time":"3 minute"},"schema":{"@context":"https:\/\/schema.org","@graph":[{"@type":"WebPage","@id":"https:\/\/dvadukata.com\/poreska-punomoc-na-teritoriji-republike-srbije\/","url":"https:\/\/dvadukata.com\/poreska-punomoc-na-teritoriji-republike-srbije\/","name":"Poreska punomo\u0107 na teritoriji Republike Srbije - DvaDukata.com","isPartOf":{"@id":"https:\/\/dvadukata.com\/#website"},"primaryImageOfPage":{"@id":"https:\/\/dvadukata.com\/poreska-punomoc-na-teritoriji-republike-srbije\/#primaryimage"},"image":{"@id":"https:\/\/dvadukata.com\/poreska-punomoc-na-teritoriji-republike-srbije\/#primaryimage"},"thumbnailUrl":"https:\/\/dvadukata.com\/wp-content\/uploads\/2025\/08\/Group-3-e1756216271478.jpg","datePublished":"2025-06-18T13:58:20+00:00","dateModified":"2026-04-21T08:48:06+00:00","breadcrumb":{"@id":"https:\/\/dvadukata.com\/poreska-punomoc-na-teritoriji-republike-srbije\/#breadcrumb"},"inLanguage":"sl-SI","potentialAction":[{"@type":"ReadAction","target":["https:\/\/dvadukata.com\/poreska-punomoc-na-teritoriji-republike-srbije\/"]}]},{"@type":"ImageObject","inLanguage":"sl-SI","@id":"https:\/\/dvadukata.com\/poreska-punomoc-na-teritoriji-republike-srbije\/#primaryimage","url":"https:\/\/dvadukata.com\/wp-content\/uploads\/2025\/08\/Group-3-e1756216271478.jpg","contentUrl":"https:\/\/dvadukata.com\/wp-content\/uploads\/2025\/08\/Group-3-e1756216271478.jpg","width":2400,"height":1260},{"@type":"BreadcrumbList","@id":"https:\/\/dvadukata.com\/poreska-punomoc-na-teritoriji-republike-srbije\/#breadcrumb","itemListElement":[{"@type":"ListItem","position":1,"name":"Home","item":"https:\/\/dvadukata.com\/"},{"@type":"ListItem","position":2,"name":"Poreska punomo\u0107 na teritoriji Republike Srbije"}]},{"@type":"WebSite","@id":"https:\/\/dvadukata.com\/#website","url":"https:\/\/dvadukata.com\/","name":"DvaDukata.com","description":"Va\u0161i porezi su manji sa nama","potentialAction":[{"@type":"SearchAction","target":{"@type":"EntryPoint","urlTemplate":"https:\/\/dvadukata.com\/?s={search_term_string}"},"query-input":{"@type":"PropertyValueSpecification","valueRequired":true,"valueName":"search_term_string"}}],"inLanguage":"sl-SI"}]}},"_links":{"self":[{"href":"https:\/\/dvadukata.com\/sl\/wp-json\/wp\/v2\/pages\/250","targetHints":{"allow":["GET"]}}],"collection":[{"href":"https:\/\/dvadukata.com\/sl\/wp-json\/wp\/v2\/pages"}],"about":[{"href":"https:\/\/dvadukata.com\/sl\/wp-json\/wp\/v2\/types\/page"}],"author":[{"embeddable":true,"href":"https:\/\/dvadukata.com\/sl\/wp-json\/wp\/v2\/users\/1"}],"replies":[{"embeddable":true,"href":"https:\/\/dvadukata.com\/sl\/wp-json\/wp\/v2\/comments?post=250"}],"version-history":[{"count":19,"href":"https:\/\/dvadukata.com\/sl\/wp-json\/wp\/v2\/pages\/250\/revisions"}],"predecessor-version":[{"id":1135,"href":"https:\/\/dvadukata.com\/sl\/wp-json\/wp\/v2\/pages\/250\/revisions\/1135"}],"wp:featuredmedia":[{"embeddable":true,"href":"https:\/\/dvadukata.com\/sl\/wp-json\/wp\/v2\/media\/765"}],"wp:attachment":[{"href":"https:\/\/dvadukata.com\/sl\/wp-json\/wp\/v2\/media?parent=250"}],"curies":[{"name":"wp","href":"https:\/\/api.w.org\/{rel}","templated":true}]}}