{"id":240,"date":"2025-06-18T13:56:36","date_gmt":"2025-06-18T13:56:36","guid":{"rendered":"https:\/\/dvadukata.com\/?page_id=240"},"modified":"2026-04-21T08:48:03","modified_gmt":"2026-04-21T08:48:03","slug":"izracun-davka-od-plac-in-prejemkov","status":"publish","type":"page","link":"https:\/\/dvadukata.com\/sl\/izracun-davka-od-plac-in-prejemkov\/","title":{"rendered":"Pla\u010de - izra\u010dun davkov, pla\u010d in ugodnosti"},"content":{"rendered":"<div data-elementor-type=\"wp-page\" data-elementor-id=\"240\" class=\"elementor elementor-240\" data-elementor-post-type=\"page\">\n\t\t\t\t<div class=\"elementor-element elementor-element-6d76099 e-flex e-con-boxed e-con e-parent\" data-id=\"6d76099\" data-element_type=\"container\">\n\t\t\t\t\t<div class=\"e-con-inner\">\n\t\t<div class=\"elementor-element elementor-element-362a6c3 e-con-full e-flex e-con e-child\" data-id=\"362a6c3\" data-element_type=\"container\" data-settings=\"{&quot;background_background&quot;:&quot;classic&quot;}\">\n\t\t\t\t<div class=\"elementor-element elementor-element-09c6659 elementor-nav-menu--dropdown-mobile elementor-nav-menu--stretch elementor-nav-menu__text-align-aside elementor-nav-menu--toggle elementor-nav-menu--burger elementor-widget elementor-widget-nav-menu\" data-id=\"09c6659\" data-element_type=\"widget\" data-settings=\"{&quot;layout&quot;:&quot;vertical&quot;,&quot;full_width&quot;:&quot;stretch&quot;,&quot;submenu_icon&quot;:{&quot;value&quot;:&quot;&lt;svg class=\\&quot;e-font-icon-svg e-fas-caret-down\\&quot; viewBox=\\&quot;0 0 320 512\\&quot; xmlns=\\&quot;http:\\\/\\\/www.w3.org\\\/2000\\\/svg\\&quot;&gt;&lt;path d=\\&quot;M31.3 192h257.3c17.8 0 26.7 21.5 14.1 34.1L174.1 354.8c-7.8 7.8-20.5 7.8-28.3 0L17.2 226.1C4.6 213.5 13.5 192 31.3 192z\\&quot;&gt;&lt;\\\/path&gt;&lt;\\\/svg&gt;&quot;,&quot;library&quot;:&quot;fa-solid&quot;},&quot;toggle&quot;:&quot;burger&quot;}\" data-widget_type=\"nav-menu.default\">\n\t\t\t\t<div class=\"elementor-widget-container\">\n\t\t\t\t\t\t\t\t<nav aria-label=\"Meni\" class=\"elementor-nav-menu--main elementor-nav-menu__container elementor-nav-menu--layout-vertical e--pointer-background e--animation-fade\">\n\t\t\t\t<ul id=\"menu-1-09c6659\" class=\"elementor-nav-menu sm-vertical\"><li class=\"menu-item menu-item-type-post_type menu-item-object-page menu-item-142\"><a href=\"https:\/\/dvadukata.com\/sl\/racunovodstvo\/\" class=\"elementor-item\">Ra\u010dunovodstvo<\/a><\/li>\n<li class=\"menu-item menu-item-type-post_type menu-item-object-page menu-item-517\"><a href=\"https:\/\/dvadukata.com\/sl\/davcno-svetovanje\/\" class=\"elementor-item\">Dav\u010dno svetovanje<\/a><\/li>\n<li class=\"menu-item menu-item-type-post_type menu-item-object-page menu-item-513\"><a href=\"https:\/\/dvadukata.com\/sl\/cloveski-viri\/\" class=\"elementor-item\">\u010clove\u0161ki viri<\/a><\/li>\n<li class=\"menu-item menu-item-type-post_type menu-item-object-page menu-item-512\"><a href=\"https:\/\/dvadukata.com\/sl\/porocila-o-moci\/\" class=\"elementor-item\">Poro\u010dila PowerBI<\/a><\/li>\n<li class=\"menu-item menu-item-type-post_type menu-item-object-page menu-item-519\"><a href=\"https:\/\/dvadukata.com\/sl\/razvoj-poslovanja\/\" class=\"elementor-item\">Razvoj poslovanja<\/a><\/li>\n<li class=\"menu-item menu-item-type-post_type menu-item-object-page menu-item-515\"><a href=\"https:\/\/dvadukata.com\/sl\/podpora-za-podruznice\/\" class=\"elementor-item\">Podpora podru\u017enicam<\/a><\/li>\n<li class=\"menu-item menu-item-type-post_type menu-item-object-page menu-item-518\"><a href=\"https:\/\/dvadukata.com\/sl\/racunovodske-storitve-banja-luka\/\" class=\"elementor-item\">Ra\u010dunovodske storitve Banja Luka<\/a><\/li>\n<li class=\"menu-item menu-item-type-post_type menu-item-object-page menu-item-514\"><a href=\"https:\/\/dvadukata.com\/sl\/izracun-davka-od-plac-in-prejemkov\/\" class=\"elementor-item\">Pla\u010de - izra\u010dun davkov, pla\u010d in ugodnosti<\/a><\/li>\n<li class=\"menu-item menu-item-type-post_type menu-item-object-page menu-item-516\"><a href=\"https:\/\/dvadukata.com\/sl\/davcni-odvetnik-na-obmocju-republike-srbije\/\" class=\"elementor-item\">Dav\u010dno pooblastilo na ozemlju Republike Srbije<\/a><\/li>\n<\/ul>\t\t\t<\/nav>\n\t\t\t\t\t<div class=\"elementor-menu-toggle\" role=\"button\" tabindex=\"0\" aria-label=\"Preklopi meni\" aria-expanded=\"false\">\n\t\t\t<span class=\"elementor-menu-toggle__icon--open\"><svg xmlns=\"http:\/\/www.w3.org\/2000\/svg\" width=\"11\" height=\"7\" viewbox=\"0 0 11 7\" fill=\"none\"><path d=\"M10.854 1.35369L5.85403 6.35369C5.80759 6.40018 5.75245 6.43706 5.69175 6.46222C5.63105 6.48738 5.56599 6.50034 5.50028 6.50034C5.43457 6.50034 5.36951 6.48738 5.30881 6.46222C5.24811 6.43706 5.19296 6.40018 5.14653 6.35369L0.146528 1.35369C0.0527077 1.25987 0 1.13262 0 0.999942C0 0.86726 0.0527077 0.740012 0.146528 0.646192C0.240348 0.552372 0.367596 0.499664 0.500278 0.499664C0.63296 0.499664 0.760208 0.552372 0.854028 0.646192L5.50028 5.29307L10.1465 0.646192C10.193 0.599737 10.2481 0.562887 10.3088 0.537745C10.3695 0.512604 10.4346 0.499664 10.5003 0.499664C10.566 0.499664 10.631 0.512604 10.6917 0.537745C10.7524 0.562887 10.8076 0.599737 10.854 0.646192C10.9005 0.692647 10.9373 0.747798 10.9625 0.808494C10.9876 0.869191 11.0006 0.934245 11.0006 0.999942C11.0006 1.06564 10.9876 1.13069 10.9625 1.19139C10.9373 1.25209 10.9005 1.30724 10.854 1.35369Z\" fill=\"#004680\"><\/path><\/svg><\/span><span class=\"elementor-menu-toggle__icon--close\"><svg xmlns=\"http:\/\/www.w3.org\/2000\/svg\" width=\"11\" height=\"7\" viewbox=\"0 0 11 7\" fill=\"none\"><path d=\"M10.854 1.35369L5.85403 6.35369C5.80759 6.40018 5.75245 6.43706 5.69175 6.46222C5.63105 6.48738 5.56599 6.50034 5.50028 6.50034C5.43457 6.50034 5.36951 6.48738 5.30881 6.46222C5.24811 6.43706 5.19296 6.40018 5.14653 6.35369L0.146528 1.35369C0.0527077 1.25987 0 1.13262 0 0.999942C0 0.86726 0.0527077 0.740012 0.146528 0.646192C0.240348 0.552372 0.367596 0.499664 0.500278 0.499664C0.63296 0.499664 0.760208 0.552372 0.854028 0.646192L5.50028 5.29307L10.1465 0.646192C10.193 0.599737 10.2481 0.562887 10.3088 0.537745C10.3695 0.512604 10.4346 0.499664 10.5003 0.499664C10.566 0.499664 10.631 0.512604 10.6917 0.537745C10.7524 0.562887 10.8076 0.599737 10.854 0.646192C10.9005 0.692647 10.9373 0.747798 10.9625 0.808494C10.9876 0.869191 11.0006 0.934245 11.0006 0.999942C11.0006 1.06564 10.9876 1.13069 10.9625 1.19139C10.9373 1.25209 10.9005 1.30724 10.854 1.35369Z\" fill=\"#004680\"><\/path><\/svg><\/span>\t\t<\/div>\n\t\t\t\t\t<nav class=\"elementor-nav-menu--dropdown elementor-nav-menu__container\" aria-hidden=\"true\">\n\t\t\t\t<ul id=\"menu-2-09c6659\" class=\"elementor-nav-menu sm-vertical\"><li class=\"menu-item menu-item-type-post_type menu-item-object-page menu-item-142\"><a href=\"https:\/\/dvadukata.com\/sl\/racunovodstvo\/\" class=\"elementor-item\" tabindex=\"-1\">Ra\u010dunovodstvo<\/a><\/li>\n<li class=\"menu-item menu-item-type-post_type menu-item-object-page menu-item-517\"><a href=\"https:\/\/dvadukata.com\/sl\/davcno-svetovanje\/\" class=\"elementor-item\" tabindex=\"-1\">Dav\u010dno svetovanje<\/a><\/li>\n<li class=\"menu-item menu-item-type-post_type menu-item-object-page menu-item-513\"><a href=\"https:\/\/dvadukata.com\/sl\/cloveski-viri\/\" class=\"elementor-item\" tabindex=\"-1\">\u010clove\u0161ki viri<\/a><\/li>\n<li class=\"menu-item menu-item-type-post_type menu-item-object-page menu-item-512\"><a href=\"https:\/\/dvadukata.com\/sl\/porocila-o-moci\/\" class=\"elementor-item\" tabindex=\"-1\">Poro\u010dila PowerBI<\/a><\/li>\n<li class=\"menu-item menu-item-type-post_type menu-item-object-page menu-item-519\"><a href=\"https:\/\/dvadukata.com\/sl\/razvoj-poslovanja\/\" class=\"elementor-item\" tabindex=\"-1\">Razvoj poslovanja<\/a><\/li>\n<li class=\"menu-item menu-item-type-post_type menu-item-object-page menu-item-515\"><a href=\"https:\/\/dvadukata.com\/sl\/podpora-za-podruznice\/\" class=\"elementor-item\" tabindex=\"-1\">Podpora podru\u017enicam<\/a><\/li>\n<li class=\"menu-item menu-item-type-post_type menu-item-object-page menu-item-518\"><a href=\"https:\/\/dvadukata.com\/sl\/racunovodske-storitve-banja-luka\/\" class=\"elementor-item\" tabindex=\"-1\">Ra\u010dunovodske storitve Banja Luka<\/a><\/li>\n<li class=\"menu-item menu-item-type-post_type menu-item-object-page menu-item-514\"><a href=\"https:\/\/dvadukata.com\/sl\/izracun-davka-od-plac-in-prejemkov\/\" class=\"elementor-item\" tabindex=\"-1\">Pla\u010de - izra\u010dun davkov, pla\u010d in ugodnosti<\/a><\/li>\n<li class=\"menu-item menu-item-type-post_type menu-item-object-page menu-item-516\"><a href=\"https:\/\/dvadukata.com\/sl\/davcni-odvetnik-na-obmocju-republike-srbije\/\" class=\"elementor-item\" tabindex=\"-1\">Dav\u010dno pooblastilo na ozemlju Republike Srbije<\/a><\/li>\n<\/ul>\t\t\t<\/nav>\n\t\t\t\t\t\t<\/div>\n\t\t\t\t<\/div>\n\t\t\t\t<div class=\"elementor-element elementor-element-75739c9 elementor-widget-mobile__width-inherit elementor-hidden-desktop elementor-hidden-tablet elementor-widget elementor-widget-heading\" data-id=\"75739c9\" data-element_type=\"widget\" data-widget_type=\"heading.default\">\n\t\t\t\t<div class=\"elementor-widget-container\">\n\t\t\t\t\t<h2 class=\"elementor-heading-title elementor-size-default\">Pla\u010de - izra\u010dun davkov, pla\u010d in ugodnosti<\/h2>\t\t\t\t<\/div>\n\t\t\t\t<\/div>\n\t\t\t\t<\/div>\n\t\t<div class=\"elementor-element elementor-element-ce80965 e-con-full e-flex e-con e-child\" data-id=\"ce80965\" data-element_type=\"container\">\n\t\t\t\t<div class=\"elementor-element elementor-element-65de317 elementor-widget elementor-widget-heading\" data-id=\"65de317\" data-element_type=\"widget\" data-widget_type=\"heading.default\">\n\t\t\t\t<div class=\"elementor-widget-container\">\n\t\t\t\t\t<h2 class=\"elementor-heading-title elementor-size-default\">Pla\u010de - izra\u010dun davkov, pla\u010d in ugodnosti<\/h2>\t\t\t\t<\/div>\n\t\t\t\t<\/div>\n\t\t\t\t<div class=\"elementor-element elementor-element-b759ca0 elementor-widget elementor-widget-text-editor\" data-id=\"b759ca0\" data-element_type=\"widget\" data-widget_type=\"text-editor.default\">\n\t\t\t\t<div class=\"elementor-widget-container\">\n\t\t\t\t\t\t\t\t\t<p>Izra\u010dun pla\u010d, ugodnosti in pripadajo\u010dih davkov je eno najbolj kompleksnih in ob\u010dutljivih podro\u010dij poslovanja, ki zahteva visoko natan\u010dnost, nenehno spremljanje zakonskih sprememb in odgovoren pristop. V dinami\u010dnem regulativnem okolju vam zaupanje tega segmenta strokovnemu partnerju omogo\u010da, da va\u0161e podjetje optimizira stro\u0161ke, pove\u010da u\u010dinkovitost in usmeri notranje vire v podjetja, ki ustvarjajo dodano vrednost.<\/p><p>MGI Dva Dukata Doo ponuja celovite storitve obra\u010duna pla\u010d in nadomestil, vklju\u010dno z:<\/p><ul><li>Izra\u010dun rednih in izrednih pla\u010d<\/li><li>Izra\u010dun honorarjev, pogodb o delu in dopolnilnega dela<\/li><li>Izra\u010dun za\u010dasnih zaposlitev<\/li><li>Izra\u010dun poslovnih potovanj in pripadajo\u010dih stro\u0161kov<\/li><li>Povra\u010dilo bolni\u0161ke odsotnosti in priprava dokumentacije za porodni\u0161ki dopust<\/li><li>Komunikacija s pristojnimi institucijami, vklju\u010dno z dav\u010dno upravo<\/li><\/ul><p>\u00a0<\/p><p>Diskretnost in zaupnost pri obdelavi podatkov sta v celoti zagotovljeni.<\/p><p>Na\u0161a ekipa zdru\u017euje strokovno znanje, hitrost in predanost, da zagotovi, da va\u0161e podjetje deluje v skladu z veljavnimi predpisi, z maksimalno u\u010dinkovitostjo in varnostjo.<\/p>\t\t\t\t\t\t\t\t<\/div>\n\t\t\t\t<\/div>\n\t\t\t\t<div class=\"elementor-element elementor-element-e086783 elementor-widget elementor-widget-button\" data-id=\"e086783\" data-element_type=\"widget\" data-widget_type=\"button.default\">\n\t\t\t\t<div class=\"elementor-widget-container\">\n\t\t\t\t\t\t\t\t\t<div class=\"elementor-button-wrapper\">\n\t\t\t\t\t<a class=\"elementor-button elementor-button-link elementor-size-sm\" href=\"#elementor-action%3Aaction%3Dpopup%3Aopen%26settings%3DeyJpZCI6IjE1MiIsInRvZ2dsZSI6ZmFsc2V9\">\n\t\t\t\t\t\t<span class=\"elementor-button-content-wrapper\">\n\t\t\t\t\t\t\t\t\t<span class=\"elementor-button-text\">Dogovorite se za sestanek.<\/span>\n\t\t\t\t\t<\/span>\n\t\t\t\t\t<\/a>\n\t\t\t\t<\/div>\n\t\t\t\t\t\t\t\t<\/div>\n\t\t\t\t<\/div>\n\t\t\t\t<\/div>\n\t\t\t\t\t<\/div>\n\t\t\t\t<\/div>\n\t\t\t\t<\/div>","protected":false},"excerpt":{"rendered":"<p>Obra\u010dun zarada, naknada i pripadaju\u0107ih poreza predstavlja jedno od najkompleksnijih i najosetljivijih podru\u010dja poslovanja, koje zahteva visoku preciznost, stalno pra\u0107enje zakonskih izmena i odgovoran pristup. U dinami\u010dnom regulatornom okru\u017eenju, poveravanje ovog segmenta stru\u010dnom partneru omogu\u0107ava va\u0161oj kompaniji da optimizuje tro\u0161kove, pove\u0107a efikasnost i usmeri interne resurse ka poslovima koji generi\u0161u dodatnu vrednost. MGI Dva Dukata [&hellip;]<\/p>","protected":false},"author":1,"featured_media":765,"parent":0,"menu_order":0,"comment_status":"closed","ping_status":"closed","template":"elementor_header_footer","meta":{"footnotes":""},"class_list":["post-240","page","type-page","status-publish","has-post-thumbnail","hentry"],"yoast_head":"<!-- This site is optimized with the Yoast SEO plugin v23.4 - https:\/\/yoast.com\/wordpress\/plugins\/seo\/ -->\n<title>Payroll - obra\u010dun poreza, zarada i naknada - DvaDukata.com<\/title>\n<meta name=\"robots\" content=\"index, follow, max-snippet:-1, max-image-preview:large, max-video-preview:-1\" \/>\n<link rel=\"canonical\" href=\"https:\/\/dvadukata.com\/sl\/izracun-davka-od-plac-in-prejemkov\/\" \/>\n<meta property=\"og:locale\" content=\"sl_SI\" \/>\n<meta property=\"og:type\" content=\"article\" \/>\n<meta property=\"og:title\" content=\"Payroll - obra\u010dun poreza, zarada i naknada - DvaDukata.com\" \/>\n<meta property=\"og:description\" content=\"Obra\u010dun zarada, naknada i pripadaju\u0107ih poreza predstavlja jedno od najkompleksnijih i najosetljivijih podru\u010dja poslovanja, koje zahteva visoku preciznost, stalno pra\u0107enje zakonskih izmena i odgovoran pristup. U dinami\u010dnom regulatornom okru\u017eenju, poveravanje ovog segmenta stru\u010dnom partneru omogu\u0107ava va\u0161oj kompaniji da optimizuje tro\u0161kove, pove\u0107a efikasnost i usmeri interne resurse ka poslovima koji generi\u0161u dodatnu vrednost. MGI Dva Dukata [&hellip;]\" \/>\n<meta property=\"og:url\" content=\"https:\/\/dvadukata.com\/sl\/izracun-davka-od-plac-in-prejemkov\/\" \/>\n<meta property=\"og:site_name\" content=\"DvaDukata.com\" \/>\n<meta property=\"article:modified_time\" content=\"2026-04-21T08:48:03+00:00\" \/>\n<meta property=\"og:image\" content=\"https:\/\/dvadukata.com\/wp-content\/uploads\/2025\/08\/Group-3-e1756216271478.jpg\" \/>\n\t<meta property=\"og:image:width\" content=\"2400\" \/>\n\t<meta property=\"og:image:height\" content=\"1260\" \/>\n\t<meta property=\"og:image:type\" content=\"image\/jpeg\" \/>\n<meta name=\"twitter:card\" content=\"summary_large_image\" \/>\n<meta name=\"twitter:label1\" content=\"Est. reading time\" \/>\n\t<meta name=\"twitter:data1\" content=\"1 minuta\" \/>\n<script type=\"application\/ld+json\" class=\"yoast-schema-graph\">{\"@context\":\"https:\/\/schema.org\",\"@graph\":[{\"@type\":\"WebPage\",\"@id\":\"https:\/\/dvadukata.com\/payroll-obracun-poreza-zarada-i-naknada\/\",\"url\":\"https:\/\/dvadukata.com\/payroll-obracun-poreza-zarada-i-naknada\/\",\"name\":\"Payroll - obra\u010dun poreza, zarada i naknada - DvaDukata.com\",\"isPartOf\":{\"@id\":\"https:\/\/dvadukata.com\/#website\"},\"primaryImageOfPage\":{\"@id\":\"https:\/\/dvadukata.com\/payroll-obracun-poreza-zarada-i-naknada\/#primaryimage\"},\"image\":{\"@id\":\"https:\/\/dvadukata.com\/payroll-obracun-poreza-zarada-i-naknada\/#primaryimage\"},\"thumbnailUrl\":\"https:\/\/dvadukata.com\/wp-content\/uploads\/2025\/08\/Group-3-e1756216271478.jpg\",\"datePublished\":\"2025-06-18T13:56:36+00:00\",\"dateModified\":\"2026-04-21T08:48:03+00:00\",\"breadcrumb\":{\"@id\":\"https:\/\/dvadukata.com\/payroll-obracun-poreza-zarada-i-naknada\/#breadcrumb\"},\"inLanguage\":\"sl-SI\",\"potentialAction\":[{\"@type\":\"ReadAction\",\"target\":[\"https:\/\/dvadukata.com\/payroll-obracun-poreza-zarada-i-naknada\/\"]}]},{\"@type\":\"ImageObject\",\"inLanguage\":\"sl-SI\",\"@id\":\"https:\/\/dvadukata.com\/payroll-obracun-poreza-zarada-i-naknada\/#primaryimage\",\"url\":\"https:\/\/dvadukata.com\/wp-content\/uploads\/2025\/08\/Group-3-e1756216271478.jpg\",\"contentUrl\":\"https:\/\/dvadukata.com\/wp-content\/uploads\/2025\/08\/Group-3-e1756216271478.jpg\",\"width\":2400,\"height\":1260},{\"@type\":\"BreadcrumbList\",\"@id\":\"https:\/\/dvadukata.com\/payroll-obracun-poreza-zarada-i-naknada\/#breadcrumb\",\"itemListElement\":[{\"@type\":\"ListItem\",\"position\":1,\"name\":\"Home\",\"item\":\"https:\/\/dvadukata.com\/\"},{\"@type\":\"ListItem\",\"position\":2,\"name\":\"Payroll &#8211; obra\u010dun poreza, zarada i naknada\"}]},{\"@type\":\"WebSite\",\"@id\":\"https:\/\/dvadukata.com\/#website\",\"url\":\"https:\/\/dvadukata.com\/\",\"name\":\"DvaDukata.com\",\"description\":\"Va\u0161i porezi su manji sa nama\",\"potentialAction\":[{\"@type\":\"SearchAction\",\"target\":{\"@type\":\"EntryPoint\",\"urlTemplate\":\"https:\/\/dvadukata.com\/?s={search_term_string}\"},\"query-input\":{\"@type\":\"PropertyValueSpecification\",\"valueRequired\":true,\"valueName\":\"search_term_string\"}}],\"inLanguage\":\"sl-SI\"}]}<\/script>\n<!-- \/ Yoast SEO plugin. -->","yoast_head_json":{"title":"Payroll - obra\u010dun poreza, zarada i naknada - DvaDukata.com","robots":{"index":"index","follow":"follow","max-snippet":"max-snippet:-1","max-image-preview":"max-image-preview:large","max-video-preview":"max-video-preview:-1"},"canonical":"https:\/\/dvadukata.com\/sl\/izracun-davka-od-plac-in-prejemkov\/","og_locale":"sl_SI","og_type":"article","og_title":"Payroll - obra\u010dun poreza, zarada i naknada - DvaDukata.com","og_description":"Obra\u010dun zarada, naknada i pripadaju\u0107ih poreza predstavlja jedno od najkompleksnijih i najosetljivijih podru\u010dja poslovanja, koje zahteva visoku preciznost, stalno pra\u0107enje zakonskih izmena i odgovoran pristup. U dinami\u010dnom regulatornom okru\u017eenju, poveravanje ovog segmenta stru\u010dnom partneru omogu\u0107ava va\u0161oj kompaniji da optimizuje tro\u0161kove, pove\u0107a efikasnost i usmeri interne resurse ka poslovima koji generi\u0161u dodatnu vrednost. MGI Dva Dukata [&hellip;]","og_url":"https:\/\/dvadukata.com\/sl\/izracun-davka-od-plac-in-prejemkov\/","og_site_name":"DvaDukata.com","article_modified_time":"2026-04-21T08:48:03+00:00","og_image":[{"width":2400,"height":1260,"url":"https:\/\/dvadukata.com\/wp-content\/uploads\/2025\/08\/Group-3-e1756216271478.jpg","type":"image\/jpeg"}],"twitter_card":"summary_large_image","twitter_misc":{"Est. reading time":"1 minuta"},"schema":{"@context":"https:\/\/schema.org","@graph":[{"@type":"WebPage","@id":"https:\/\/dvadukata.com\/payroll-obracun-poreza-zarada-i-naknada\/","url":"https:\/\/dvadukata.com\/payroll-obracun-poreza-zarada-i-naknada\/","name":"Payroll - obra\u010dun poreza, zarada i naknada - DvaDukata.com","isPartOf":{"@id":"https:\/\/dvadukata.com\/#website"},"primaryImageOfPage":{"@id":"https:\/\/dvadukata.com\/payroll-obracun-poreza-zarada-i-naknada\/#primaryimage"},"image":{"@id":"https:\/\/dvadukata.com\/payroll-obracun-poreza-zarada-i-naknada\/#primaryimage"},"thumbnailUrl":"https:\/\/dvadukata.com\/wp-content\/uploads\/2025\/08\/Group-3-e1756216271478.jpg","datePublished":"2025-06-18T13:56:36+00:00","dateModified":"2026-04-21T08:48:03+00:00","breadcrumb":{"@id":"https:\/\/dvadukata.com\/payroll-obracun-poreza-zarada-i-naknada\/#breadcrumb"},"inLanguage":"sl-SI","potentialAction":[{"@type":"ReadAction","target":["https:\/\/dvadukata.com\/payroll-obracun-poreza-zarada-i-naknada\/"]}]},{"@type":"ImageObject","inLanguage":"sl-SI","@id":"https:\/\/dvadukata.com\/payroll-obracun-poreza-zarada-i-naknada\/#primaryimage","url":"https:\/\/dvadukata.com\/wp-content\/uploads\/2025\/08\/Group-3-e1756216271478.jpg","contentUrl":"https:\/\/dvadukata.com\/wp-content\/uploads\/2025\/08\/Group-3-e1756216271478.jpg","width":2400,"height":1260},{"@type":"BreadcrumbList","@id":"https:\/\/dvadukata.com\/payroll-obracun-poreza-zarada-i-naknada\/#breadcrumb","itemListElement":[{"@type":"ListItem","position":1,"name":"Home","item":"https:\/\/dvadukata.com\/"},{"@type":"ListItem","position":2,"name":"Payroll &#8211; obra\u010dun poreza, zarada i naknada"}]},{"@type":"WebSite","@id":"https:\/\/dvadukata.com\/#website","url":"https:\/\/dvadukata.com\/","name":"DvaDukata.com","description":"Va\u0161i porezi su manji sa nama","potentialAction":[{"@type":"SearchAction","target":{"@type":"EntryPoint","urlTemplate":"https:\/\/dvadukata.com\/?s={search_term_string}"},"query-input":{"@type":"PropertyValueSpecification","valueRequired":true,"valueName":"search_term_string"}}],"inLanguage":"sl-SI"}]}},"_links":{"self":[{"href":"https:\/\/dvadukata.com\/sl\/wp-json\/wp\/v2\/pages\/240","targetHints":{"allow":["GET"]}}],"collection":[{"href":"https:\/\/dvadukata.com\/sl\/wp-json\/wp\/v2\/pages"}],"about":[{"href":"https:\/\/dvadukata.com\/sl\/wp-json\/wp\/v2\/types\/page"}],"author":[{"embeddable":true,"href":"https:\/\/dvadukata.com\/sl\/wp-json\/wp\/v2\/users\/1"}],"replies":[{"embeddable":true,"href":"https:\/\/dvadukata.com\/sl\/wp-json\/wp\/v2\/comments?post=240"}],"version-history":[{"count":22,"href":"https:\/\/dvadukata.com\/sl\/wp-json\/wp\/v2\/pages\/240\/revisions"}],"predecessor-version":[{"id":1132,"href":"https:\/\/dvadukata.com\/sl\/wp-json\/wp\/v2\/pages\/240\/revisions\/1132"}],"wp:featuredmedia":[{"embeddable":true,"href":"https:\/\/dvadukata.com\/sl\/wp-json\/wp\/v2\/media\/765"}],"wp:attachment":[{"href":"https:\/\/dvadukata.com\/sl\/wp-json\/wp\/v2\/media?parent=240"}],"curies":[{"name":"wp","href":"https:\/\/api.w.org\/{rel}","templated":true}]}}