{"id":245,"date":"2025-06-18T13:57:27","date_gmt":"2025-06-18T13:57:27","guid":{"rendered":"https:\/\/dvadukata.com\/?page_id=245"},"modified":"2026-04-21T08:47:59","modified_gmt":"2026-04-21T08:47:59","slug":"buhgalterskie-uslugi-ban-luka","status":"publish","type":"page","link":"https:\/\/dvadukata.com\/ru\/buhgalterskie-uslugi-ban-luka\/","title":{"rendered":"Buhgalterskie uslugi Ban\u044f-Luka"},"content":{"rendered":"<div data-elementor-type=\"wp-page\" data-elementor-id=\"245\" class=\"elementor elementor-245\" data-elementor-post-type=\"page\">\n\t\t\t\t<div class=\"elementor-element elementor-element-6d76099 e-flex e-con-boxed e-con e-parent\" data-id=\"6d76099\" data-element_type=\"container\">\n\t\t\t\t\t<div class=\"e-con-inner\">\n\t\t<div class=\"elementor-element elementor-element-362a6c3 e-con-full e-flex e-con e-child\" data-id=\"362a6c3\" data-element_type=\"container\" data-settings=\"{&quot;background_background&quot;:&quot;classic&quot;}\">\n\t\t\t\t<div class=\"elementor-element elementor-element-09c6659 elementor-nav-menu--dropdown-mobile elementor-nav-menu--stretch elementor-nav-menu__text-align-aside elementor-nav-menu--toggle elementor-nav-menu--burger elementor-widget elementor-widget-nav-menu\" data-id=\"09c6659\" data-element_type=\"widget\" data-settings=\"{&quot;layout&quot;:&quot;vertical&quot;,&quot;full_width&quot;:&quot;stretch&quot;,&quot;submenu_icon&quot;:{&quot;value&quot;:&quot;&lt;svg class=\\&quot;e-font-icon-svg e-fas-caret-down\\&quot; viewBox=\\&quot;0 0 320 512\\&quot; xmlns=\\&quot;http:\\\/\\\/www.w3.org\\\/2000\\\/svg\\&quot;&gt;&lt;path d=\\&quot;M31.3 192h257.3c17.8 0 26.7 21.5 14.1 34.1L174.1 354.8c-7.8 7.8-20.5 7.8-28.3 0L17.2 226.1C4.6 213.5 13.5 192 31.3 192z\\&quot;&gt;&lt;\\\/path&gt;&lt;\\\/svg&gt;&quot;,&quot;library&quot;:&quot;fa-solid&quot;},&quot;toggle&quot;:&quot;burger&quot;}\" data-widget_type=\"nav-menu.default\">\n\t\t\t\t<div class=\"elementor-widget-container\">\n\t\t\t\t\t\t\t\t<nav aria-label=\"Men\u044e\" class=\"elementor-nav-menu--main elementor-nav-menu__container elementor-nav-menu--layout-vertical e--pointer-background e--animation-fade\">\n\t\t\t\t<ul id=\"menu-1-09c6659\" class=\"elementor-nav-menu sm-vertical\"><li class=\"menu-item menu-item-type-post_type menu-item-object-page menu-item-142\"><a href=\"https:\/\/dvadukata.com\/ru\/buhgalterski-ucet\/\" class=\"elementor-item\">Buhgalterski\u0439 u\u010det<\/a><\/li>\n<li class=\"menu-item menu-item-type-post_type menu-item-object-page menu-item-517\"><a href=\"https:\/\/dvadukata.com\/ru\/nalogovoe-konsultirovanie\/\" class=\"elementor-item\">Nalogov\u044b\u0439 konsalting<\/a><\/li>\n<li class=\"menu-item menu-item-type-post_type menu-item-object-page menu-item-513\"><a href=\"https:\/\/dvadukata.com\/ru\/celoveceskie-resurs\/\" class=\"elementor-item\">\u010celove\u010deskie resurs\u044b<\/a><\/li>\n<li class=\"menu-item menu-item-type-post_type menu-item-object-page menu-item-512\"><a href=\"https:\/\/dvadukata.com\/ru\/otcet-o-monosti\/\" class=\"elementor-item\">Ot\u010det\u044b PowerBI<\/a><\/li>\n<li class=\"menu-item menu-item-type-post_type menu-item-object-page menu-item-519\"><a href=\"https:\/\/dvadukata.com\/ru\/razvitie-biznesa\/\" class=\"elementor-item\">Razvitie biznesa<\/a><\/li>\n<li class=\"menu-item menu-item-type-post_type menu-item-object-page menu-item-515\"><a href=\"https:\/\/dvadukata.com\/ru\/podderzka-filialov\/\" class=\"elementor-item\">Podder\u017eka filiala<\/a><\/li>\n<li class=\"menu-item menu-item-type-post_type menu-item-object-page menu-item-518\"><a href=\"https:\/\/dvadukata.com\/ru\/buhgalterskie-uslugi-ban-luka\/\" class=\"elementor-item\">Buhgalterskie uslugi Ban\u044f-Luka<\/a><\/li>\n<li class=\"menu-item menu-item-type-post_type menu-item-object-page menu-item-514\"><a href=\"https:\/\/dvadukata.com\/ru\/rascet-naloga-na-zarabotnu-platu-po-z\/\" class=\"elementor-item\">Ras\u010det zarabotno\u0439 plat\u044b - ras\u010det nalogov, zarabotno\u0439 plat\u044b i posobi\u0439<\/a><\/li>\n<li class=\"menu-item menu-item-type-post_type menu-item-object-page menu-item-516\"><a href=\"https:\/\/dvadukata.com\/ru\/nalogov-advokat-na-territorii-resp\/\" class=\"elementor-item\">Nalogova\u044f doverennost\u044c na territorii Respubliki Serbii<\/a><\/li>\n<\/ul>\t\t\t<\/nav>\n\t\t\t\t\t<div class=\"elementor-menu-toggle\" role=\"button\" tabindex=\"0\" aria-label=\"Perekl\u044e\u010datel\u044c men\u044e\" aria-expanded=\"false\">\n\t\t\t<span class=\"elementor-menu-toggle__icon--open\"><svg xmlns=\"http:\/\/www.w3.org\/2000\/svg\" width=\"11\" height=\"7\" viewbox=\"0 0 11 7\" fill=\"none\"><path d=\"M10.854 1.35369L5.85403 6.35369C5.80759 6.40018 5.75245 6.43706 5.69175 6.46222C5.63105 6.48738 5.56599 6.50034 5.50028 6.50034C5.43457 6.50034 5.36951 6.48738 5.30881 6.46222C5.24811 6.43706 5.19296 6.40018 5.14653 6.35369L0.146528 1.35369C0.0527077 1.25987 0 1.13262 0 0.999942C0 0.86726 0.0527077 0.740012 0.146528 0.646192C0.240348 0.552372 0.367596 0.499664 0.500278 0.499664C0.63296 0.499664 0.760208 0.552372 0.854028 0.646192L5.50028 5.29307L10.1465 0.646192C10.193 0.599737 10.2481 0.562887 10.3088 0.537745C10.3695 0.512604 10.4346 0.499664 10.5003 0.499664C10.566 0.499664 10.631 0.512604 10.6917 0.537745C10.7524 0.562887 10.8076 0.599737 10.854 0.646192C10.9005 0.692647 10.9373 0.747798 10.9625 0.808494C10.9876 0.869191 11.0006 0.934245 11.0006 0.999942C11.0006 1.06564 10.9876 1.13069 10.9625 1.19139C10.9373 1.25209 10.9005 1.30724 10.854 1.35369Z\" fill=\"#004680\"><\/path><\/svg><\/span><span class=\"elementor-menu-toggle__icon--close\"><svg xmlns=\"http:\/\/www.w3.org\/2000\/svg\" width=\"11\" height=\"7\" viewbox=\"0 0 11 7\" fill=\"none\"><path d=\"M10.854 1.35369L5.85403 6.35369C5.80759 6.40018 5.75245 6.43706 5.69175 6.46222C5.63105 6.48738 5.56599 6.50034 5.50028 6.50034C5.43457 6.50034 5.36951 6.48738 5.30881 6.46222C5.24811 6.43706 5.19296 6.40018 5.14653 6.35369L0.146528 1.35369C0.0527077 1.25987 0 1.13262 0 0.999942C0 0.86726 0.0527077 0.740012 0.146528 0.646192C0.240348 0.552372 0.367596 0.499664 0.500278 0.499664C0.63296 0.499664 0.760208 0.552372 0.854028 0.646192L5.50028 5.29307L10.1465 0.646192C10.193 0.599737 10.2481 0.562887 10.3088 0.537745C10.3695 0.512604 10.4346 0.499664 10.5003 0.499664C10.566 0.499664 10.631 0.512604 10.6917 0.537745C10.7524 0.562887 10.8076 0.599737 10.854 0.646192C10.9005 0.692647 10.9373 0.747798 10.9625 0.808494C10.9876 0.869191 11.0006 0.934245 11.0006 0.999942C11.0006 1.06564 10.9876 1.13069 10.9625 1.19139C10.9373 1.25209 10.9005 1.30724 10.854 1.35369Z\" fill=\"#004680\"><\/path><\/svg><\/span>\t\t<\/div>\n\t\t\t\t\t<nav class=\"elementor-nav-menu--dropdown elementor-nav-menu__container\" aria-hidden=\"true\">\n\t\t\t\t<ul id=\"menu-2-09c6659\" class=\"elementor-nav-menu sm-vertical\"><li class=\"menu-item menu-item-type-post_type menu-item-object-page menu-item-142\"><a href=\"https:\/\/dvadukata.com\/ru\/buhgalterski-ucet\/\" class=\"elementor-item\" tabindex=\"-1\">Buhgalterski\u0439 u\u010det<\/a><\/li>\n<li class=\"menu-item menu-item-type-post_type menu-item-object-page menu-item-517\"><a href=\"https:\/\/dvadukata.com\/ru\/nalogovoe-konsultirovanie\/\" class=\"elementor-item\" tabindex=\"-1\">Nalogov\u044b\u0439 konsalting<\/a><\/li>\n<li class=\"menu-item menu-item-type-post_type menu-item-object-page menu-item-513\"><a href=\"https:\/\/dvadukata.com\/ru\/celoveceskie-resurs\/\" class=\"elementor-item\" tabindex=\"-1\">\u010celove\u010deskie resurs\u044b<\/a><\/li>\n<li class=\"menu-item menu-item-type-post_type menu-item-object-page menu-item-512\"><a href=\"https:\/\/dvadukata.com\/ru\/otcet-o-monosti\/\" class=\"elementor-item\" tabindex=\"-1\">Ot\u010det\u044b PowerBI<\/a><\/li>\n<li class=\"menu-item menu-item-type-post_type menu-item-object-page menu-item-519\"><a href=\"https:\/\/dvadukata.com\/ru\/razvitie-biznesa\/\" class=\"elementor-item\" tabindex=\"-1\">Razvitie biznesa<\/a><\/li>\n<li class=\"menu-item menu-item-type-post_type menu-item-object-page menu-item-515\"><a href=\"https:\/\/dvadukata.com\/ru\/podderzka-filialov\/\" class=\"elementor-item\" tabindex=\"-1\">Podder\u017eka filiala<\/a><\/li>\n<li class=\"menu-item menu-item-type-post_type menu-item-object-page menu-item-518\"><a href=\"https:\/\/dvadukata.com\/ru\/buhgalterskie-uslugi-ban-luka\/\" class=\"elementor-item\" tabindex=\"-1\">Buhgalterskie uslugi Ban\u044f-Luka<\/a><\/li>\n<li class=\"menu-item menu-item-type-post_type menu-item-object-page menu-item-514\"><a href=\"https:\/\/dvadukata.com\/ru\/rascet-naloga-na-zarabotnu-platu-po-z\/\" class=\"elementor-item\" tabindex=\"-1\">Ras\u010det zarabotno\u0439 plat\u044b - ras\u010det nalogov, zarabotno\u0439 plat\u044b i posobi\u0439<\/a><\/li>\n<li class=\"menu-item menu-item-type-post_type menu-item-object-page menu-item-516\"><a href=\"https:\/\/dvadukata.com\/ru\/nalogov-advokat-na-territorii-resp\/\" class=\"elementor-item\" tabindex=\"-1\">Nalogova\u044f doverennost\u044c na territorii Respubliki Serbii<\/a><\/li>\n<\/ul>\t\t\t<\/nav>\n\t\t\t\t\t\t<\/div>\n\t\t\t\t<\/div>\n\t\t\t\t<div class=\"elementor-element elementor-element-75739c9 elementor-widget-mobile__width-inherit elementor-hidden-desktop elementor-hidden-tablet elementor-widget elementor-widget-heading\" data-id=\"75739c9\" data-element_type=\"widget\" data-widget_type=\"heading.default\">\n\t\t\t\t<div class=\"elementor-widget-container\">\n\t\t\t\t\t<h2 class=\"elementor-heading-title elementor-size-default\">Buhgalterskie uslugi Ban\u044f-Luka<\/h2>\t\t\t\t<\/div>\n\t\t\t\t<\/div>\n\t\t\t\t<\/div>\n\t\t<div class=\"elementor-element elementor-element-ce80965 e-con-full e-flex e-con e-child\" data-id=\"ce80965\" data-element_type=\"container\">\n\t\t\t\t<div class=\"elementor-element elementor-element-65de317 elementor-widget elementor-widget-heading\" data-id=\"65de317\" data-element_type=\"widget\" data-widget_type=\"heading.default\">\n\t\t\t\t<div class=\"elementor-widget-container\">\n\t\t\t\t\t<h2 class=\"elementor-heading-title elementor-size-default\">Buhgalterskie uslugi Ban\u044f-Luka<\/h2>\t\t\t\t<\/div>\n\t\t\t\t<\/div>\n\t\t\t\t<div class=\"elementor-element elementor-element-62e6a2c elementor-widget elementor-widget-image-carousel\" data-id=\"62e6a2c\" data-element_type=\"widget\" data-settings=\"{&quot;slides_to_show&quot;:&quot;3&quot;,&quot;slides_to_scroll&quot;:&quot;1&quot;,&quot;navigation&quot;:&quot;none&quot;,&quot;speed&quot;:500,&quot;image_spacing_custom&quot;:{&quot;unit&quot;:&quot;px&quot;,&quot;size&quot;:20,&quot;sizes&quot;:[]},&quot;image_spacing_custom_tablet&quot;:{&quot;unit&quot;:&quot;px&quot;,&quot;size&quot;:&quot;&quot;,&quot;sizes&quot;:[]},&quot;image_spacing_custom_mobile&quot;:{&quot;unit&quot;:&quot;px&quot;,&quot;size&quot;:&quot;&quot;,&quot;sizes&quot;:[]}}\" data-widget_type=\"image-carousel.default\">\n\t\t\t\t<div class=\"elementor-widget-container\">\n\t\t\t\t\t\t\t<div class=\"elementor-image-carousel-wrapper swiper\" role=\"region\" aria-roledescription=\"carousel\" aria-label=\"Karusel\u044cna\u044f \u017eivopis\u044c\" dir=\"ltr\">\n\t\t\t<div class=\"elementor-image-carousel swiper-wrapper\" aria-live=\"polite\">\n\t\t\t\t\t\t\t\t<div class=\"swiper-slide\" role=\"group\" aria-roledescription=\"slide\" aria-label=\"1 od 3\" data-no-translation-aria-label=\"\"><figure class=\"swiper-slide-inner\"><img decoding=\"async\" class=\"swiper-slide-image\" src=\"https:\/\/dvadukata.com\/wp-content\/uploads\/2025\/09\/001.jpg\" alt=\"001\" \/><\/figure><\/div><div class=\"swiper-slide\" role=\"group\" aria-roledescription=\"slide\" aria-label=\"2 od 3\" data-no-translation-aria-label=\"\"><figure class=\"swiper-slide-inner\"><img decoding=\"async\" class=\"swiper-slide-image\" src=\"https:\/\/dvadukata.com\/wp-content\/uploads\/2025\/09\/20250901-102901-scaled.jpg\" alt=\"20250901-102901\" \/><\/figure><\/div><div class=\"swiper-slide\" role=\"group\" aria-roledescription=\"slide\" aria-label=\"3 od 3\" data-no-translation-aria-label=\"\"><figure class=\"swiper-slide-inner\"><img decoding=\"async\" class=\"swiper-slide-image\" src=\"https:\/\/dvadukata.com\/wp-content\/uploads\/2025\/09\/20250901-102344-scaled.jpg\" alt=\"20250901-102344\" \/><\/figure><\/div>\t\t\t<\/div>\n\t\t\t\t\t\t\t\n\t\t\t\t\t\t\t\t\t<\/div>\n\t\t\t\t\t\t<\/div>\n\t\t\t\t<\/div>\n\t\t\t\t<div class=\"elementor-element elementor-element-b759ca0 elementor-widget elementor-widget-text-editor\" data-id=\"b759ca0\" data-element_type=\"widget\" data-widget_type=\"text-editor.default\">\n\t\t\t\t<div class=\"elementor-widget-container\">\n\t\t\t\t\t\t\t\t\t<p><b>MGI Dva Dukata v Ban\u044f-Luke \u2014 mestna\u044f podder\u017eka s global\u044cn\u044bm ohvatom<\/b><\/p><p>S okt\u044fbr\u044f 2021 goda MGI Dva Dukata predostavl\u044fet poln\u044b\u0439 spektr professional\u044cn\u044bh uslug na territorii Bosnii i Gercegovin\u044b, ime\u044f \u0161tab-kvartiru v sovremenn\u044bh ofisah v Ban\u044f-Luke. Na\u0161e prisutstvie v \u044dtom regional\u044cnom centre pozvol\u044fet klientam iz Serbii, Bosnii i Gercegovin\u044b i drugih stran mira rabotat\u044c \u044dffektivno, sla\u017eenno i pri polno\u0439 podder\u017eke mestno\u0439 komand\u044b.<\/p><p>Ofis\u044b v Ban\u044f-Luke osna\u0449en\u044b sovremenno\u0439 infrastrukturo\u0439, kovorkingom i peregovorn\u044bmi komnatami, \u010dto pozvol\u044fet na\u0161im klientam v\u044bhodit\u044c na r\u044bnok Bosnii i Gercegovin\u044b bez dopolnitel\u044cn\u044bh investici\u0439 v mestnu\u044e logistiku. Klient\u044b iz Bosnii i Gercegovin\u044b, \u017eela\u044e\u0449ie ras\u0161irit\u044c svo\u0439 biznes v Serbi\u044e, mogut vospol\u044czovat\u044cs\u044f na\u0161imi uslugami operacionno\u0439, buhgaltersko\u0439 i nalogovo\u0439 podder\u017eki po obe storon\u044b granic\u044b.<\/p><p><b><img decoding=\"async\" class=\"emoji\" role=\"img\" draggable=\"false\" src=\"https:\/\/s.w.org\/images\/core\/emoji\/16.0.1\/svg\/1f9fe.svg\" alt=\"\ud83e\uddfe\" \/> Uslugi, kotor\u044be m\u044b predostavl\u044fem v Ban\u044f-Luke, vkl\u044e\u010da\u044et:<\/b><\/p><p>\u00b7 Buhgalterskie uslugi v sootvetstvii s mestn\u044bmi pravilami i me\u017edunarodn\u044bmi standartami<\/p><p>\u00b7 Ras\u010det zarabotno\u0439 plat\u044b (zarabotno\u0439 plat\u044b) v polnom sootvetstvii s zakonodatel\u044cstvom Respubliki Serbsko\u0439 i Bosnii i Gercegovin\u044b<\/p><p>\u00b7 Nalogov\u044be konsul\u044ctacii, vkl\u044e\u010da\u044f transgrani\u010dn\u044be tranzakcii, podohodn\u044b\u0439 nalog i primenenie sogla\u0161eni\u0439 ob izbe\u017eanii dvo\u0439nogo nalogooblo\u017eeni\u044f<\/p><p>\u00b7 Administrativna\u044f i operacionna\u044f podder\u017eka inostrann\u044bh \u044eridi\u010deskih lic i ote\u010destvenn\u044bh kompani\u0439, ras\u0161ir\u044f\u044e\u0449ihs\u044f<\/p><p>\u00b7 Dostup k kovorkingu dl\u044f delov\u044bh peregovorov, rabo\u010dih vstre\u010d i vremennogo prisutstvi\u044f na r\u044bnke<\/p><p><b><br \/><img decoding=\"async\" class=\"emoji\" role=\"img\" draggable=\"false\" src=\"https:\/\/s.w.org\/images\/core\/emoji\/16.0.1\/svg\/1f30d.svg\" alt=\"\ud83c\udf0d\" \/> Unikal\u044cnoe polo\u017eenie v me\u017edunarodno\u0439 seti<\/b><\/p><p>MGI Dva Dukata \u2014 perva\u044f i edinstvenna\u044f buhgalterska\u044f kompani\u044f v Bosnii i Gercegovine, \u044fvl\u044f\u044e\u0449a\u044fs\u044f \u010dlenom me\u017edunarodno\u0439 associacii MGI Worldwide, odno\u0439 iz vedu\u0449ih me\u017edunarodn\u044bh sete\u0439 nezavisim\u044bh buhgalterov, auditorov i nalogov\u044bh konsul\u044ctantov. \u010clenstvo v MGI Dva Dukata da\u0451t na\u0161im klientam r\u044fd preimu\u0449estv:<\/p><p>\u00b7 Dostup k me\u017edunarodn\u044bm standartam i praktikam<\/p><p>\u00b7 Vozmo\u017enost\u044c sv\u044fzat\u044cs\u044f s partnerami po vsemu miru<\/p><p>\u00b7 Sootvetstvie trebovani\u044fm mirov\u044bh korporaci\u0439 i investorov<\/p><p>\u00b7 Reputaci\u044f, sposobstvu\u044e\u0449a\u044f vedeni\u044e biznesa v me\u017edunarodno\u0439 srede<\/p><p>Ban\u044f-Luka kak to\u010dka opor\u044b va\u0161ego biznesa Nezavisimo ot togo, \u044fvl\u044fetes\u044c li v\u044b ote\u010destvenno\u0439 kompanie\u0439, ras\u0161ir\u044f\u044e\u0449e\u0439s\u044f na r\u044bnke, me\u017edunarodn\u044bm investorom ili \u044eridi\u010deskim licom, i\u0449u\u0449im lokal\u044cnu\u044e podder\u017eku, \u2014 na\u0161a komanda v Ban\u044f-Luke gotova soprovo\u017edat\u044c, konsul\u044ctirovat\u044c i okaz\u044bvat\u044c operativnu\u044e podder\u017eku na ka\u017edom \u044dtape puti.<\/p><p><b><br \/>MGI Dva Dukata \u2014 m\u044b soedin\u044fem r\u044bnki, ukrepl\u044fem doverie.<\/b><\/p>\t\t\t\t\t\t\t\t<\/div>\n\t\t\t\t<\/div>\n\t\t\t\t<div class=\"elementor-element elementor-element-e086783 elementor-widget elementor-widget-button\" data-id=\"e086783\" data-element_type=\"widget\" data-widget_type=\"button.default\">\n\t\t\t\t<div class=\"elementor-widget-container\">\n\t\t\t\t\t\t\t\t\t<div class=\"elementor-button-wrapper\">\n\t\t\t\t\t<a class=\"elementor-button elementor-button-link elementor-size-sm\" href=\"#elementor-action%3Aaction%3Dpopup%3Aopen%26settings%3DeyJpZCI6IjE1MiIsInRvZ2dsZSI6ZmFsc2V9\">\n\t\t\t\t\t\t<span class=\"elementor-button-content-wrapper\">\n\t\t\t\t\t\t\t\t\t<span class=\"elementor-button-text\">Zapi\u0161ites\u044c na priem.<\/span>\n\t\t\t\t\t<\/span>\n\t\t\t\t\t<\/a>\n\t\t\t\t<\/div>\n\t\t\t\t\t\t\t\t<\/div>\n\t\t\t\t<\/div>\n\t\t\t\t<\/div>\n\t\t\t\t\t<\/div>\n\t\t\t\t<\/div>\n\t\t\t\t<\/div>","protected":false},"excerpt":{"rendered":"<p>MGI Dva Dukata v Ban\u044f-Luke \u2014 lokal\u044cna\u044f podder\u017eka s global\u044cn\u044bm ohvatom. S okt\u044fbr\u044f 2021 goda MGI Dva Dukata predostavl\u044fet poln\u044b\u0439 spektr professional\u044cn\u044bh uslug na territorii Bosnii i Gercegovin\u044b, ime\u044f \u0161tab-kvartiru v sovremenn\u044bh ofisah v Ban\u044f-Luke. Na\u0161e prisutstvie v \u044dtom regional\u044cnom centre pozvol\u044fet klientam iz Serbii, Bosnii i Gercegovin\u044b i drugih stran mira polu\u010dat\u044c [...]<\/p>","protected":false},"author":1,"featured_media":765,"parent":0,"menu_order":0,"comment_status":"closed","ping_status":"closed","template":"elementor_header_footer","meta":{"footnotes":""},"class_list":["post-245","page","type-page","status-publish","has-post-thumbnail","hentry"],"yoast_head":"<!-- This site is optimized with the Yoast SEO plugin v23.4 - https:\/\/yoast.com\/wordpress\/plugins\/seo\/ -->\n<title>Ra\u010dunovodske usluge Banja Luka - DvaDukata.com<\/title>\n<meta name=\"robots\" content=\"index, follow, max-snippet:-1, max-image-preview:large, max-video-preview:-1\" \/>\n<link rel=\"canonical\" href=\"https:\/\/dvadukata.com\/ru\/buhgalterskie-uslugi-ban-luka\/\" \/>\n<meta property=\"og:locale\" content=\"ru_RU\" \/>\n<meta property=\"og:type\" content=\"article\" \/>\n<meta property=\"og:title\" content=\"Ra\u010dunovodske usluge Banja Luka - DvaDukata.com\" \/>\n<meta property=\"og:description\" content=\"MGI Dva Dukata u Banja Luci \u2014 lokalna podr\u0161ka sa globalnim dometom Od oktobra 2021. godine, MGI Dva Dukata pru\u017ea kompletne profesionalne usluge i na teritoriji Bosne i Hercegovine, sa sedi\u0161tem u modernim kancelarijama u Banja Luci. Na\u0161a prisutnost u ovom regionalnom centru omogu\u0107ava klijentima iz Srbije, Bosne i Hercegovine i \u0161ireg me\u0111unarodnog okru\u017eenja da [&hellip;]\" \/>\n<meta property=\"og:url\" content=\"https:\/\/dvadukata.com\/ru\/buhgalterskie-uslugi-ban-luka\/\" \/>\n<meta property=\"og:site_name\" content=\"DvaDukata.com\" \/>\n<meta property=\"article:modified_time\" content=\"2026-04-21T08:47:59+00:00\" \/>\n<meta property=\"og:image\" content=\"https:\/\/dvadukata.com\/wp-content\/uploads\/2025\/08\/Group-3-e1756216271478.jpg\" \/>\n\t<meta property=\"og:image:width\" content=\"2400\" \/>\n\t<meta property=\"og:image:height\" content=\"1260\" \/>\n\t<meta property=\"og:image:type\" content=\"image\/jpeg\" \/>\n<meta name=\"twitter:card\" content=\"summary_large_image\" \/>\n<meta name=\"twitter:label1\" content=\"Primernoe vrem\u044f dl\u044f \u010dteni\u044f\" \/>\n\t<meta name=\"twitter:data1\" content=\"3 minut\u044b\" \/>\n<script type=\"application\/ld+json\" class=\"yoast-schema-graph\">{\"@context\":\"https:\/\/schema.org\",\"@graph\":[{\"@type\":\"WebPage\",\"@id\":\"https:\/\/dvadukata.com\/racunovodske-usluge-banja-luka\/\",\"url\":\"https:\/\/dvadukata.com\/racunovodske-usluge-banja-luka\/\",\"name\":\"Ra\u010dunovodske usluge Banja Luka - DvaDukata.com\",\"isPartOf\":{\"@id\":\"https:\/\/dvadukata.com\/#website\"},\"primaryImageOfPage\":{\"@id\":\"https:\/\/dvadukata.com\/racunovodske-usluge-banja-luka\/#primaryimage\"},\"image\":{\"@id\":\"https:\/\/dvadukata.com\/racunovodske-usluge-banja-luka\/#primaryimage\"},\"thumbnailUrl\":\"https:\/\/dvadukata.com\/wp-content\/uploads\/2025\/08\/Group-3-e1756216271478.jpg\",\"datePublished\":\"2025-06-18T13:57:27+00:00\",\"dateModified\":\"2026-04-21T08:47:59+00:00\",\"breadcrumb\":{\"@id\":\"https:\/\/dvadukata.com\/racunovodske-usluge-banja-luka\/#breadcrumb\"},\"inLanguage\":\"ru-RU\",\"potentialAction\":[{\"@type\":\"ReadAction\",\"target\":[\"https:\/\/dvadukata.com\/racunovodske-usluge-banja-luka\/\"]}]},{\"@type\":\"ImageObject\",\"inLanguage\":\"ru-RU\",\"@id\":\"https:\/\/dvadukata.com\/racunovodske-usluge-banja-luka\/#primaryimage\",\"url\":\"https:\/\/dvadukata.com\/wp-content\/uploads\/2025\/08\/Group-3-e1756216271478.jpg\",\"contentUrl\":\"https:\/\/dvadukata.com\/wp-content\/uploads\/2025\/08\/Group-3-e1756216271478.jpg\",\"width\":2400,\"height\":1260},{\"@type\":\"BreadcrumbList\",\"@id\":\"https:\/\/dvadukata.com\/racunovodske-usluge-banja-luka\/#breadcrumb\",\"itemListElement\":[{\"@type\":\"ListItem\",\"position\":1,\"name\":\"Home\",\"item\":\"https:\/\/dvadukata.com\/\"},{\"@type\":\"ListItem\",\"position\":2,\"name\":\"Ra\u010dunovodske usluge Banja Luka\"}]},{\"@type\":\"WebSite\",\"@id\":\"https:\/\/dvadukata.com\/#website\",\"url\":\"https:\/\/dvadukata.com\/\",\"name\":\"DvaDukata.com\",\"description\":\"Va\u0161i porezi su manji sa nama\",\"potentialAction\":[{\"@type\":\"SearchAction\",\"target\":{\"@type\":\"EntryPoint\",\"urlTemplate\":\"https:\/\/dvadukata.com\/?s={search_term_string}\"},\"query-input\":{\"@type\":\"PropertyValueSpecification\",\"valueRequired\":true,\"valueName\":\"search_term_string\"}}],\"inLanguage\":\"ru-RU\"}]}<\/script>\n<!-- \/ Yoast SEO plugin. -->","yoast_head_json":{"title":"Ra\u010dunovodske usluge Banja Luka - DvaDukata.com","robots":{"index":"index","follow":"follow","max-snippet":"max-snippet:-1","max-image-preview":"max-image-preview:large","max-video-preview":"max-video-preview:-1"},"canonical":"https:\/\/dvadukata.com\/ru\/buhgalterskie-uslugi-ban-luka\/","og_locale":"ru_RU","og_type":"article","og_title":"Ra\u010dunovodske usluge Banja Luka - DvaDukata.com","og_description":"MGI Dva Dukata u Banja Luci \u2014 lokalna podr\u0161ka sa globalnim dometom Od oktobra 2021. godine, MGI Dva Dukata pru\u017ea kompletne profesionalne usluge i na teritoriji Bosne i Hercegovine, sa sedi\u0161tem u modernim kancelarijama u Banja Luci. Na\u0161a prisutnost u ovom regionalnom centru omogu\u0107ava klijentima iz Srbije, Bosne i Hercegovine i \u0161ireg me\u0111unarodnog okru\u017eenja da [&hellip;]","og_url":"https:\/\/dvadukata.com\/ru\/buhgalterskie-uslugi-ban-luka\/","og_site_name":"DvaDukata.com","article_modified_time":"2026-04-21T08:47:59+00:00","og_image":[{"width":2400,"height":1260,"url":"https:\/\/dvadukata.com\/wp-content\/uploads\/2025\/08\/Group-3-e1756216271478.jpg","type":"image\/jpeg"}],"twitter_card":"summary_large_image","twitter_misc":{"Primernoe vrem\u044f dl\u044f \u010dteni\u044f":"3 minut\u044b"},"schema":{"@context":"https:\/\/schema.org","@graph":[{"@type":"WebPage","@id":"https:\/\/dvadukata.com\/racunovodske-usluge-banja-luka\/","url":"https:\/\/dvadukata.com\/racunovodske-usluge-banja-luka\/","name":"Ra\u010dunovodske usluge Banja Luka - DvaDukata.com","isPartOf":{"@id":"https:\/\/dvadukata.com\/#website"},"primaryImageOfPage":{"@id":"https:\/\/dvadukata.com\/racunovodske-usluge-banja-luka\/#primaryimage"},"image":{"@id":"https:\/\/dvadukata.com\/racunovodske-usluge-banja-luka\/#primaryimage"},"thumbnailUrl":"https:\/\/dvadukata.com\/wp-content\/uploads\/2025\/08\/Group-3-e1756216271478.jpg","datePublished":"2025-06-18T13:57:27+00:00","dateModified":"2026-04-21T08:47:59+00:00","breadcrumb":{"@id":"https:\/\/dvadukata.com\/racunovodske-usluge-banja-luka\/#breadcrumb"},"inLanguage":"ru-RU","potentialAction":[{"@type":"ReadAction","target":["https:\/\/dvadukata.com\/racunovodske-usluge-banja-luka\/"]}]},{"@type":"ImageObject","inLanguage":"ru-RU","@id":"https:\/\/dvadukata.com\/racunovodske-usluge-banja-luka\/#primaryimage","url":"https:\/\/dvadukata.com\/wp-content\/uploads\/2025\/08\/Group-3-e1756216271478.jpg","contentUrl":"https:\/\/dvadukata.com\/wp-content\/uploads\/2025\/08\/Group-3-e1756216271478.jpg","width":2400,"height":1260},{"@type":"BreadcrumbList","@id":"https:\/\/dvadukata.com\/racunovodske-usluge-banja-luka\/#breadcrumb","itemListElement":[{"@type":"ListItem","position":1,"name":"Home","item":"https:\/\/dvadukata.com\/"},{"@type":"ListItem","position":2,"name":"Ra\u010dunovodske usluge Banja Luka"}]},{"@type":"WebSite","@id":"https:\/\/dvadukata.com\/#website","url":"https:\/\/dvadukata.com\/","name":"DvaDukata.com","description":"Va\u0161i porezi su manji sa nama","potentialAction":[{"@type":"SearchAction","target":{"@type":"EntryPoint","urlTemplate":"https:\/\/dvadukata.com\/?s={search_term_string}"},"query-input":{"@type":"PropertyValueSpecification","valueRequired":true,"valueName":"search_term_string"}}],"inLanguage":"ru-RU"}]}},"_links":{"self":[{"href":"https:\/\/dvadukata.com\/ru\/wp-json\/wp\/v2\/pages\/245","targetHints":{"allow":["GET"]}}],"collection":[{"href":"https:\/\/dvadukata.com\/ru\/wp-json\/wp\/v2\/pages"}],"about":[{"href":"https:\/\/dvadukata.com\/ru\/wp-json\/wp\/v2\/types\/page"}],"author":[{"embeddable":true,"href":"https:\/\/dvadukata.com\/ru\/wp-json\/wp\/v2\/users\/1"}],"replies":[{"embeddable":true,"href":"https:\/\/dvadukata.com\/ru\/wp-json\/wp\/v2\/comments?post=245"}],"version-history":[{"count":25,"href":"https:\/\/dvadukata.com\/ru\/wp-json\/wp\/v2\/pages\/245\/revisions"}],"predecessor-version":[{"id":1129,"href":"https:\/\/dvadukata.com\/ru\/wp-json\/wp\/v2\/pages\/245\/revisions\/1129"}],"wp:featuredmedia":[{"embeddable":true,"href":"https:\/\/dvadukata.com\/ru\/wp-json\/wp\/v2\/media\/765"}],"wp:attachment":[{"href":"https:\/\/dvadukata.com\/ru\/wp-json\/wp\/v2\/media?parent=245"}],"curies":[{"name":"wp","href":"https:\/\/api.w.org\/{rel}","templated":true}]}}