{"id":222,"date":"2025-06-18T13:51:33","date_gmt":"2025-06-18T13:51:33","guid":{"rendered":"https:\/\/dvadukata.com\/?page_id=222"},"modified":"2026-04-21T08:47:40","modified_gmt":"2026-04-21T08:47:40","slug":"otcet-o-monosti","status":"publish","type":"page","link":"https:\/\/dvadukata.com\/ru\/otcet-o-monosti\/","title":{"rendered":"Ot\u010det\u044b PowerBI"},"content":{"rendered":"<div data-elementor-type=\"wp-page\" data-elementor-id=\"222\" class=\"elementor elementor-222\" data-elementor-post-type=\"page\">\n\t\t\t\t<div class=\"elementor-element elementor-element-6d76099 e-flex e-con-boxed e-con e-parent\" data-id=\"6d76099\" data-element_type=\"container\">\n\t\t\t\t\t<div class=\"e-con-inner\">\n\t\t<div class=\"elementor-element elementor-element-362a6c3 e-con-full e-flex e-con e-child\" data-id=\"362a6c3\" data-element_type=\"container\" data-settings=\"{&quot;background_background&quot;:&quot;classic&quot;}\">\n\t\t\t\t<div class=\"elementor-element elementor-element-09c6659 elementor-nav-menu--dropdown-mobile elementor-nav-menu--stretch elementor-nav-menu__text-align-aside elementor-nav-menu--toggle elementor-nav-menu--burger elementor-widget elementor-widget-nav-menu\" data-id=\"09c6659\" data-element_type=\"widget\" data-settings=\"{&quot;layout&quot;:&quot;vertical&quot;,&quot;full_width&quot;:&quot;stretch&quot;,&quot;submenu_icon&quot;:{&quot;value&quot;:&quot;&lt;svg class=\\&quot;e-font-icon-svg e-fas-caret-down\\&quot; viewBox=\\&quot;0 0 320 512\\&quot; xmlns=\\&quot;http:\\\/\\\/www.w3.org\\\/2000\\\/svg\\&quot;&gt;&lt;path d=\\&quot;M31.3 192h257.3c17.8 0 26.7 21.5 14.1 34.1L174.1 354.8c-7.8 7.8-20.5 7.8-28.3 0L17.2 226.1C4.6 213.5 13.5 192 31.3 192z\\&quot;&gt;&lt;\\\/path&gt;&lt;\\\/svg&gt;&quot;,&quot;library&quot;:&quot;fa-solid&quot;},&quot;toggle&quot;:&quot;burger&quot;}\" data-widget_type=\"nav-menu.default\">\n\t\t\t\t<div class=\"elementor-widget-container\">\n\t\t\t\t\t\t\t\t<nav aria-label=\"Men\u044e\" class=\"elementor-nav-menu--main elementor-nav-menu__container elementor-nav-menu--layout-vertical e--pointer-background e--animation-fade\">\n\t\t\t\t<ul id=\"menu-1-09c6659\" class=\"elementor-nav-menu sm-vertical\"><li class=\"menu-item menu-item-type-post_type menu-item-object-page menu-item-142\"><a href=\"https:\/\/dvadukata.com\/ru\/buhgalterski-ucet\/\" class=\"elementor-item\">Buhgalterski\u0439 u\u010det<\/a><\/li>\n<li class=\"menu-item menu-item-type-post_type menu-item-object-page menu-item-517\"><a href=\"https:\/\/dvadukata.com\/ru\/nalogovoe-konsultirovanie\/\" class=\"elementor-item\">Nalogov\u044b\u0439 konsalting<\/a><\/li>\n<li class=\"menu-item menu-item-type-post_type menu-item-object-page menu-item-513\"><a href=\"https:\/\/dvadukata.com\/ru\/celoveceskie-resurs\/\" class=\"elementor-item\">\u010celove\u010deskie resurs\u044b<\/a><\/li>\n<li class=\"menu-item menu-item-type-post_type menu-item-object-page menu-item-512\"><a href=\"https:\/\/dvadukata.com\/ru\/otcet-o-monosti\/\" class=\"elementor-item\">Ot\u010det\u044b PowerBI<\/a><\/li>\n<li class=\"menu-item menu-item-type-post_type menu-item-object-page menu-item-519\"><a href=\"https:\/\/dvadukata.com\/ru\/razvitie-biznesa\/\" class=\"elementor-item\">Razvitie biznesa<\/a><\/li>\n<li class=\"menu-item menu-item-type-post_type menu-item-object-page menu-item-515\"><a href=\"https:\/\/dvadukata.com\/ru\/podderzka-filialov\/\" class=\"elementor-item\">Podder\u017eka filiala<\/a><\/li>\n<li class=\"menu-item menu-item-type-post_type menu-item-object-page menu-item-518\"><a href=\"https:\/\/dvadukata.com\/ru\/buhgalterskie-uslugi-ban-luka\/\" class=\"elementor-item\">Buhgalterskie uslugi Ban\u044f-Luka<\/a><\/li>\n<li class=\"menu-item menu-item-type-post_type menu-item-object-page menu-item-514\"><a href=\"https:\/\/dvadukata.com\/ru\/rascet-naloga-na-zarabotnu-platu-po-z\/\" class=\"elementor-item\">Ras\u010det zarabotno\u0439 plat\u044b - ras\u010det nalogov, zarabotno\u0439 plat\u044b i posobi\u0439<\/a><\/li>\n<li class=\"menu-item menu-item-type-post_type menu-item-object-page menu-item-516\"><a href=\"https:\/\/dvadukata.com\/ru\/nalogov-advokat-na-territorii-resp\/\" class=\"elementor-item\">Nalogova\u044f doverennost\u044c na territorii Respubliki Serbii<\/a><\/li>\n<\/ul>\t\t\t<\/nav>\n\t\t\t\t\t<div class=\"elementor-menu-toggle\" role=\"button\" tabindex=\"0\" aria-label=\"Perekl\u044e\u010datel\u044c men\u044e\" aria-expanded=\"false\">\n\t\t\t<span class=\"elementor-menu-toggle__icon--open\"><svg xmlns=\"http:\/\/www.w3.org\/2000\/svg\" width=\"11\" height=\"7\" viewbox=\"0 0 11 7\" fill=\"none\"><path d=\"M10.854 1.35369L5.85403 6.35369C5.80759 6.40018 5.75245 6.43706 5.69175 6.46222C5.63105 6.48738 5.56599 6.50034 5.50028 6.50034C5.43457 6.50034 5.36951 6.48738 5.30881 6.46222C5.24811 6.43706 5.19296 6.40018 5.14653 6.35369L0.146528 1.35369C0.0527077 1.25987 0 1.13262 0 0.999942C0 0.86726 0.0527077 0.740012 0.146528 0.646192C0.240348 0.552372 0.367596 0.499664 0.500278 0.499664C0.63296 0.499664 0.760208 0.552372 0.854028 0.646192L5.50028 5.29307L10.1465 0.646192C10.193 0.599737 10.2481 0.562887 10.3088 0.537745C10.3695 0.512604 10.4346 0.499664 10.5003 0.499664C10.566 0.499664 10.631 0.512604 10.6917 0.537745C10.7524 0.562887 10.8076 0.599737 10.854 0.646192C10.9005 0.692647 10.9373 0.747798 10.9625 0.808494C10.9876 0.869191 11.0006 0.934245 11.0006 0.999942C11.0006 1.06564 10.9876 1.13069 10.9625 1.19139C10.9373 1.25209 10.9005 1.30724 10.854 1.35369Z\" fill=\"#004680\"><\/path><\/svg><\/span><span class=\"elementor-menu-toggle__icon--close\"><svg xmlns=\"http:\/\/www.w3.org\/2000\/svg\" width=\"11\" height=\"7\" viewbox=\"0 0 11 7\" fill=\"none\"><path d=\"M10.854 1.35369L5.85403 6.35369C5.80759 6.40018 5.75245 6.43706 5.69175 6.46222C5.63105 6.48738 5.56599 6.50034 5.50028 6.50034C5.43457 6.50034 5.36951 6.48738 5.30881 6.46222C5.24811 6.43706 5.19296 6.40018 5.14653 6.35369L0.146528 1.35369C0.0527077 1.25987 0 1.13262 0 0.999942C0 0.86726 0.0527077 0.740012 0.146528 0.646192C0.240348 0.552372 0.367596 0.499664 0.500278 0.499664C0.63296 0.499664 0.760208 0.552372 0.854028 0.646192L5.50028 5.29307L10.1465 0.646192C10.193 0.599737 10.2481 0.562887 10.3088 0.537745C10.3695 0.512604 10.4346 0.499664 10.5003 0.499664C10.566 0.499664 10.631 0.512604 10.6917 0.537745C10.7524 0.562887 10.8076 0.599737 10.854 0.646192C10.9005 0.692647 10.9373 0.747798 10.9625 0.808494C10.9876 0.869191 11.0006 0.934245 11.0006 0.999942C11.0006 1.06564 10.9876 1.13069 10.9625 1.19139C10.9373 1.25209 10.9005 1.30724 10.854 1.35369Z\" fill=\"#004680\"><\/path><\/svg><\/span>\t\t<\/div>\n\t\t\t\t\t<nav class=\"elementor-nav-menu--dropdown elementor-nav-menu__container\" aria-hidden=\"true\">\n\t\t\t\t<ul id=\"menu-2-09c6659\" class=\"elementor-nav-menu sm-vertical\"><li class=\"menu-item menu-item-type-post_type menu-item-object-page menu-item-142\"><a href=\"https:\/\/dvadukata.com\/ru\/buhgalterski-ucet\/\" class=\"elementor-item\" tabindex=\"-1\">Buhgalterski\u0439 u\u010det<\/a><\/li>\n<li class=\"menu-item menu-item-type-post_type menu-item-object-page menu-item-517\"><a href=\"https:\/\/dvadukata.com\/ru\/nalogovoe-konsultirovanie\/\" class=\"elementor-item\" tabindex=\"-1\">Nalogov\u044b\u0439 konsalting<\/a><\/li>\n<li class=\"menu-item menu-item-type-post_type menu-item-object-page menu-item-513\"><a href=\"https:\/\/dvadukata.com\/ru\/celoveceskie-resurs\/\" class=\"elementor-item\" tabindex=\"-1\">\u010celove\u010deskie resurs\u044b<\/a><\/li>\n<li class=\"menu-item menu-item-type-post_type menu-item-object-page menu-item-512\"><a href=\"https:\/\/dvadukata.com\/ru\/otcet-o-monosti\/\" class=\"elementor-item\" tabindex=\"-1\">Ot\u010det\u044b PowerBI<\/a><\/li>\n<li class=\"menu-item menu-item-type-post_type menu-item-object-page menu-item-519\"><a href=\"https:\/\/dvadukata.com\/ru\/razvitie-biznesa\/\" class=\"elementor-item\" tabindex=\"-1\">Razvitie biznesa<\/a><\/li>\n<li class=\"menu-item menu-item-type-post_type menu-item-object-page menu-item-515\"><a href=\"https:\/\/dvadukata.com\/ru\/podderzka-filialov\/\" class=\"elementor-item\" tabindex=\"-1\">Podder\u017eka filiala<\/a><\/li>\n<li class=\"menu-item menu-item-type-post_type menu-item-object-page menu-item-518\"><a href=\"https:\/\/dvadukata.com\/ru\/buhgalterskie-uslugi-ban-luka\/\" class=\"elementor-item\" tabindex=\"-1\">Buhgalterskie uslugi Ban\u044f-Luka<\/a><\/li>\n<li class=\"menu-item menu-item-type-post_type menu-item-object-page menu-item-514\"><a href=\"https:\/\/dvadukata.com\/ru\/rascet-naloga-na-zarabotnu-platu-po-z\/\" class=\"elementor-item\" tabindex=\"-1\">Ras\u010det zarabotno\u0439 plat\u044b - ras\u010det nalogov, zarabotno\u0439 plat\u044b i posobi\u0439<\/a><\/li>\n<li class=\"menu-item menu-item-type-post_type menu-item-object-page menu-item-516\"><a href=\"https:\/\/dvadukata.com\/ru\/nalogov-advokat-na-territorii-resp\/\" class=\"elementor-item\" tabindex=\"-1\">Nalogova\u044f doverennost\u044c na territorii Respubliki Serbii<\/a><\/li>\n<\/ul>\t\t\t<\/nav>\n\t\t\t\t\t\t<\/div>\n\t\t\t\t<\/div>\n\t\t\t\t<div class=\"elementor-element elementor-element-75739c9 elementor-widget-mobile__width-inherit elementor-hidden-desktop elementor-hidden-tablet elementor-widget elementor-widget-heading\" data-id=\"75739c9\" data-element_type=\"widget\" data-widget_type=\"heading.default\">\n\t\t\t\t<div class=\"elementor-widget-container\">\n\t\t\t\t\t<h2 class=\"elementor-heading-title elementor-size-default\">Ot\u010det\u044b PowerBI<\/h2>\t\t\t\t<\/div>\n\t\t\t\t<\/div>\n\t\t\t\t<\/div>\n\t\t<div class=\"elementor-element elementor-element-ce80965 e-con-full e-flex e-con e-child\" data-id=\"ce80965\" data-element_type=\"container\">\n\t\t\t\t<div class=\"elementor-element elementor-element-65de317 elementor-widget elementor-widget-heading\" data-id=\"65de317\" data-element_type=\"widget\" data-widget_type=\"heading.default\">\n\t\t\t\t<div class=\"elementor-widget-container\">\n\t\t\t\t\t<h2 class=\"elementor-heading-title elementor-size-default\">Ot\u010det\u044b PowerBI<\/h2>\t\t\t\t<\/div>\n\t\t\t\t<\/div>\n\t\t\t\t<div class=\"elementor-element elementor-element-b759ca0 elementor-widget elementor-widget-text-editor\" data-id=\"b759ca0\" data-element_type=\"widget\" data-widget_type=\"text-editor.default\">\n\t\t\t\t<div class=\"elementor-widget-container\">\n\t\t\t\t\t\t\t\t\t<p>Na\u0161a e\u017eemes\u044f\u010dna\u044f usluga po predostavleni\u044e ot\u010d\u0451tnosti Power BI pozvol\u044fet klientam prinimat\u044c obosnovann\u044be re\u0161eni\u044f na osnove to\u010dno obrabotann\u044bh dann\u044bh iz ih sobstvenno\u0439 ERP-sistem\u044b. Ka\u017ed\u044b\u0439 ot\u010d\u0451t t\u0449atel\u044cno adaptiruets\u044f k specifike biznesa klienta i u\u010dit\u044bvaet kl\u044e\u010dev\u044be pokazateli \u044dffektivnosti (KPI), potoki dohodov i rashodov, operacionnu\u044e \u044dffektivnost\u044c i drugie kl\u044e\u010dev\u044be pokazateli.<\/p><p>\u00a0<\/p><p><strong>\u010cto vkl\u044e\u010daet v seb\u044f usluga:<\/strong><\/p><p>- Integraci\u044f s ERP-sistemo\u0439 klienta<\/p><p>- Avtomati\u010deski\u0439 sbor i obrabotka dann\u044bh<\/p><p>\u2013 Vizual\u044cno pon\u044ftn\u044be, interaktivn\u044be ot\u010det\u044b Power BI<\/p><p>- E\u017eemes\u044f\u010dn\u044b\u0439 analiz i korrektirovka ot\u010detov v sootvetstvii s prioritetami biznesa<\/p><p>- Vozmo\u017enost\u044c segmentacii po otdelam, proektam ili r\u044bnkam<\/p><p>\u00a0<\/p><p><strong>Preimu\u0449estva dl\u044f klientov:<\/strong><\/p><p>\u2013 B\u044bstroe ponimanie \u044dffektivnosti biznesa<\/p><p>\u2013 Pov\u044b\u0161enie prozra\u010dnosti i kontrol\u044f<\/p><p>\u2013 Lu\u010d\u0161ee planirovanie i prin\u044ftie re\u0161eni\u0439<\/p><p>\u2013 \u042dkonomi\u044f vremeni za s\u010det avtomatizacii ot\u010detnosti<\/p><p>\u00a0<\/p><p>Na\u0161i ot\u010d\u0451t\u044b ne \u0161ablonn\u044b \u2014 oni govor\u044ft na \u044fz\u044bke va\u0161ego biznesa. Nezavisimo ot togo, hotite li v\u044b otsle\u017eivat\u044c dene\u017en\u044b\u0439 potok, \u044dffektivnost\u044c komand\u044b ili uspeh kampanii, m\u044b sozda\u0451m vizual\u044cn\u044be material\u044b, kotor\u044be pomogut vam uvidet\u044c ob\u0449u\u044e kartinu i de\u0439stvovat\u044c svoevremenno.<\/p>\t\t\t\t\t\t\t\t<\/div>\n\t\t\t\t<\/div>\n\t\t\t\t<div class=\"elementor-element elementor-element-c668357 elementor-widget elementor-widget-video\" data-id=\"c668357\" data-element_type=\"widget\" data-settings=\"{&quot;video_type&quot;:&quot;hosted&quot;,&quot;show_image_overlay&quot;:&quot;yes&quot;,&quot;image_overlay&quot;:{&quot;url&quot;:&quot;https:\\\/\\\/dvadukata.com\\\/wp-content\\\/uploads\\\/2025\\\/06\\\/Screenshot-2023-10-12-at-13.05.28-scaled-1.webp&quot;,&quot;id&quot;:226,&quot;size&quot;:&quot;&quot;,&quot;alt&quot;:&quot;&quot;,&quot;source&quot;:&quot;library&quot;},&quot;controls&quot;:&quot;yes&quot;}\" data-widget_type=\"video.default\">\n\t\t\t\t<div class=\"elementor-widget-container\">\n\t\t\t\t\t\t\t<div class=\"e-hosted-video elementor-wrapper elementor-open-inline\">\n\t\t\t\t\t<video class=\"elementor-video\" src=\"https:\/\/dvadukata.com\/wp-content\/uploads\/2025\/06\/MGI-Dva-dukata-FINAL_long_version.mp4\" controls=\"\" preload=\"metadata\" controlslist=\"nodownload\" poster=\"https:\/\/dvadukata.com\/wp-content\/uploads\/2025\/06\/Screenshot-2023-10-12-at-13.05.28-scaled-1.webp\"><\/video>\n\t\t\t\t\t\t<div class=\"elementor-custom-embed-image-overlay\" style=\"background-image: url(https:\/\/dvadukata.com\/wp-content\/uploads\/2025\/06\/Screenshot-2023-10-12-at-13.05.28-scaled-1.webp);\">\n\t\t\t\t\t\t\t\t\t\t\t\t\t\t\t\t<div class=\"elementor-custom-embed-play\" role=\"button\" aria-label=\"Vosproizvesti video\" tabindex=\"0\">\n\t\t\t\t\t\t\t<svg aria-hidden=\"true\" class=\"e-font-icon-svg e-eicon-play\" viewbox=\"0 0 1000 1000\" xmlns=\"http:\/\/www.w3.org\/2000\/svg\"><path d=\"M838 162C746 71 633 25 500 25 371 25 258 71 163 162 71 254 25 367 25 500 25 633 71 746 163 837 254 929 367 979 500 979 633 979 746 933 838 837 929 746 975 633 975 500 975 367 929 254 838 162M808 192C892 279 933 379 933 500 933 621 892 725 808 808 725 892 621 938 500 938 379 938 279 896 196 808 113 725 67 621 67 500 67 379 108 279 196 192 279 108 383 62 500 62 621 62 721 108 808 192M438 392V642L642 517 438 392Z\"><\/path><\/svg>\t\t\t\t\t\t<\/div>\n\t\t\t\t\t\t\t\t\t<\/div>\n\t\t\t\t\t<\/div>\n\t\t\t\t\t\t<\/div>\n\t\t\t\t<\/div>\n\t\t\t\t<div class=\"elementor-element elementor-element-e086783 elementor-widget elementor-widget-button\" data-id=\"e086783\" data-element_type=\"widget\" data-widget_type=\"button.default\">\n\t\t\t\t<div class=\"elementor-widget-container\">\n\t\t\t\t\t\t\t\t\t<div class=\"elementor-button-wrapper\">\n\t\t\t\t\t<a class=\"elementor-button elementor-button-link elementor-size-sm\" href=\"#elementor-action%3Aaction%3Dpopup%3Aopen%26settings%3DeyJpZCI6IjE1MiIsInRvZ2dsZSI6ZmFsc2V9\">\n\t\t\t\t\t\t<span class=\"elementor-button-content-wrapper\">\n\t\t\t\t\t\t\t\t\t<span class=\"elementor-button-text\">Zapi\u0161ites\u044c na priem.<\/span>\n\t\t\t\t\t<\/span>\n\t\t\t\t\t<\/a>\n\t\t\t\t<\/div>\n\t\t\t\t\t\t\t\t<\/div>\n\t\t\t\t<\/div>\n\t\t\t\t<\/div>\n\t\t\t\t\t<\/div>\n\t\t\t\t<\/div>\n\t\t\t\t<\/div>","protected":false},"excerpt":{"rendered":"<p>Na\u0161a usluga izrade mese\u010dnih Power BI izve\u0161taja omogu\u0107ava klijentima da donose informisane odluke na osnovu precizno obra\u0111enih podataka iz sopstvenog ERP sistema. Svaki izve\u0161taj je pa\u017eljivo prilago\u0111en specifi\u010dnostima poslovanja klijenta, uz fokus na relevantne KPI-jeve, tokove prihoda i rashoda, operativnu efikasnost i druge klju\u010dne metrike. \u00a0 \u0160ta obuhvata usluga: &#8211; Integraciju sa ERP sistemom klijenta [&hellip;]<\/p>","protected":false},"author":1,"featured_media":765,"parent":0,"menu_order":0,"comment_status":"closed","ping_status":"closed","template":"elementor_header_footer","meta":{"footnotes":""},"class_list":["post-222","page","type-page","status-publish","has-post-thumbnail","hentry"],"yoast_head":"<!-- This site is optimized with the Yoast SEO plugin v23.4 - https:\/\/yoast.com\/wordpress\/plugins\/seo\/ -->\n<title>PowerBI Izve\u0161taji - DvaDukata.com<\/title>\n<meta name=\"robots\" content=\"index, follow, max-snippet:-1, max-image-preview:large, max-video-preview:-1\" \/>\n<link rel=\"canonical\" href=\"https:\/\/dvadukata.com\/ru\/otcet-o-monosti\/\" \/>\n<meta property=\"og:locale\" content=\"ru_RU\" \/>\n<meta property=\"og:type\" content=\"article\" \/>\n<meta property=\"og:title\" content=\"PowerBI Izve\u0161taji - DvaDukata.com\" \/>\n<meta property=\"og:description\" content=\"Na\u0161a usluga izrade mese\u010dnih Power BI izve\u0161taja omogu\u0107ava klijentima da donose informisane odluke na osnovu precizno obra\u0111enih podataka iz sopstvenog ERP sistema. Svaki izve\u0161taj je pa\u017eljivo prilago\u0111en specifi\u010dnostima poslovanja klijenta, uz fokus na relevantne KPI-jeve, tokove prihoda i rashoda, operativnu efikasnost i druge klju\u010dne metrike. \u00a0 \u0160ta obuhvata usluga: &#8211; Integraciju sa ERP sistemom klijenta [&hellip;]\" \/>\n<meta property=\"og:url\" content=\"https:\/\/dvadukata.com\/ru\/otcet-o-monosti\/\" \/>\n<meta property=\"og:site_name\" content=\"DvaDukata.com\" \/>\n<meta property=\"article:modified_time\" content=\"2026-04-21T08:47:40+00:00\" \/>\n<meta property=\"og:image\" content=\"https:\/\/dvadukata.com\/wp-content\/uploads\/2025\/08\/Group-3-e1756216271478.jpg\" \/>\n\t<meta property=\"og:image:width\" content=\"2400\" \/>\n\t<meta property=\"og:image:height\" content=\"1260\" \/>\n\t<meta property=\"og:image:type\" content=\"image\/jpeg\" \/>\n<meta name=\"twitter:card\" content=\"summary_large_image\" \/>\n<meta name=\"twitter:label1\" content=\"Primernoe vrem\u044f dl\u044f \u010dteni\u044f\" \/>\n\t<meta name=\"twitter:data1\" content=\"1 minuta\" \/>\n<script type=\"application\/ld+json\" class=\"yoast-schema-graph\">{\"@context\":\"https:\/\/schema.org\",\"@graph\":[{\"@type\":\"WebPage\",\"@id\":\"https:\/\/dvadukata.com\/powerbi-izvestaji\/\",\"url\":\"https:\/\/dvadukata.com\/powerbi-izvestaji\/\",\"name\":\"PowerBI Izve\u0161taji - DvaDukata.com\",\"isPartOf\":{\"@id\":\"https:\/\/dvadukata.com\/#website\"},\"primaryImageOfPage\":{\"@id\":\"https:\/\/dvadukata.com\/powerbi-izvestaji\/#primaryimage\"},\"image\":{\"@id\":\"https:\/\/dvadukata.com\/powerbi-izvestaji\/#primaryimage\"},\"thumbnailUrl\":\"https:\/\/dvadukata.com\/wp-content\/uploads\/2025\/08\/Group-3-e1756216271478.jpg\",\"datePublished\":\"2025-06-18T13:51:33+00:00\",\"dateModified\":\"2026-04-21T08:47:40+00:00\",\"breadcrumb\":{\"@id\":\"https:\/\/dvadukata.com\/powerbi-izvestaji\/#breadcrumb\"},\"inLanguage\":\"ru-RU\",\"potentialAction\":[{\"@type\":\"ReadAction\",\"target\":[\"https:\/\/dvadukata.com\/powerbi-izvestaji\/\"]}]},{\"@type\":\"ImageObject\",\"inLanguage\":\"ru-RU\",\"@id\":\"https:\/\/dvadukata.com\/powerbi-izvestaji\/#primaryimage\",\"url\":\"https:\/\/dvadukata.com\/wp-content\/uploads\/2025\/08\/Group-3-e1756216271478.jpg\",\"contentUrl\":\"https:\/\/dvadukata.com\/wp-content\/uploads\/2025\/08\/Group-3-e1756216271478.jpg\",\"width\":2400,\"height\":1260},{\"@type\":\"BreadcrumbList\",\"@id\":\"https:\/\/dvadukata.com\/powerbi-izvestaji\/#breadcrumb\",\"itemListElement\":[{\"@type\":\"ListItem\",\"position\":1,\"name\":\"Home\",\"item\":\"https:\/\/dvadukata.com\/\"},{\"@type\":\"ListItem\",\"position\":2,\"name\":\"PowerBI Izve\u0161taji\"}]},{\"@type\":\"WebSite\",\"@id\":\"https:\/\/dvadukata.com\/#website\",\"url\":\"https:\/\/dvadukata.com\/\",\"name\":\"DvaDukata.com\",\"description\":\"Va\u0161i porezi su manji sa nama\",\"potentialAction\":[{\"@type\":\"SearchAction\",\"target\":{\"@type\":\"EntryPoint\",\"urlTemplate\":\"https:\/\/dvadukata.com\/?s={search_term_string}\"},\"query-input\":{\"@type\":\"PropertyValueSpecification\",\"valueRequired\":true,\"valueName\":\"search_term_string\"}}],\"inLanguage\":\"ru-RU\"}]}<\/script>\n<!-- \/ Yoast SEO plugin. -->","yoast_head_json":{"title":"PowerBI Izve\u0161taji - DvaDukata.com","robots":{"index":"index","follow":"follow","max-snippet":"max-snippet:-1","max-image-preview":"max-image-preview:large","max-video-preview":"max-video-preview:-1"},"canonical":"https:\/\/dvadukata.com\/ru\/otcet-o-monosti\/","og_locale":"ru_RU","og_type":"article","og_title":"PowerBI Izve\u0161taji - DvaDukata.com","og_description":"Na\u0161a usluga izrade mese\u010dnih Power BI izve\u0161taja omogu\u0107ava klijentima da donose informisane odluke na osnovu precizno obra\u0111enih podataka iz sopstvenog ERP sistema. Svaki izve\u0161taj je pa\u017eljivo prilago\u0111en specifi\u010dnostima poslovanja klijenta, uz fokus na relevantne KPI-jeve, tokove prihoda i rashoda, operativnu efikasnost i druge klju\u010dne metrike. \u00a0 \u0160ta obuhvata usluga: &#8211; Integraciju sa ERP sistemom klijenta [&hellip;]","og_url":"https:\/\/dvadukata.com\/ru\/otcet-o-monosti\/","og_site_name":"DvaDukata.com","article_modified_time":"2026-04-21T08:47:40+00:00","og_image":[{"width":2400,"height":1260,"url":"https:\/\/dvadukata.com\/wp-content\/uploads\/2025\/08\/Group-3-e1756216271478.jpg","type":"image\/jpeg"}],"twitter_card":"summary_large_image","twitter_misc":{"Primernoe vrem\u044f dl\u044f \u010dteni\u044f":"1 minuta"},"schema":{"@context":"https:\/\/schema.org","@graph":[{"@type":"WebPage","@id":"https:\/\/dvadukata.com\/powerbi-izvestaji\/","url":"https:\/\/dvadukata.com\/powerbi-izvestaji\/","name":"PowerBI Izve\u0161taji - DvaDukata.com","isPartOf":{"@id":"https:\/\/dvadukata.com\/#website"},"primaryImageOfPage":{"@id":"https:\/\/dvadukata.com\/powerbi-izvestaji\/#primaryimage"},"image":{"@id":"https:\/\/dvadukata.com\/powerbi-izvestaji\/#primaryimage"},"thumbnailUrl":"https:\/\/dvadukata.com\/wp-content\/uploads\/2025\/08\/Group-3-e1756216271478.jpg","datePublished":"2025-06-18T13:51:33+00:00","dateModified":"2026-04-21T08:47:40+00:00","breadcrumb":{"@id":"https:\/\/dvadukata.com\/powerbi-izvestaji\/#breadcrumb"},"inLanguage":"ru-RU","potentialAction":[{"@type":"ReadAction","target":["https:\/\/dvadukata.com\/powerbi-izvestaji\/"]}]},{"@type":"ImageObject","inLanguage":"ru-RU","@id":"https:\/\/dvadukata.com\/powerbi-izvestaji\/#primaryimage","url":"https:\/\/dvadukata.com\/wp-content\/uploads\/2025\/08\/Group-3-e1756216271478.jpg","contentUrl":"https:\/\/dvadukata.com\/wp-content\/uploads\/2025\/08\/Group-3-e1756216271478.jpg","width":2400,"height":1260},{"@type":"BreadcrumbList","@id":"https:\/\/dvadukata.com\/powerbi-izvestaji\/#breadcrumb","itemListElement":[{"@type":"ListItem","position":1,"name":"Home","item":"https:\/\/dvadukata.com\/"},{"@type":"ListItem","position":2,"name":"PowerBI Izve\u0161taji"}]},{"@type":"WebSite","@id":"https:\/\/dvadukata.com\/#website","url":"https:\/\/dvadukata.com\/","name":"DvaDukata.com","description":"Va\u0161i porezi su manji sa nama","potentialAction":[{"@type":"SearchAction","target":{"@type":"EntryPoint","urlTemplate":"https:\/\/dvadukata.com\/?s={search_term_string}"},"query-input":{"@type":"PropertyValueSpecification","valueRequired":true,"valueName":"search_term_string"}}],"inLanguage":"ru-RU"}]}},"_links":{"self":[{"href":"https:\/\/dvadukata.com\/ru\/wp-json\/wp\/v2\/pages\/222","targetHints":{"allow":["GET"]}}],"collection":[{"href":"https:\/\/dvadukata.com\/ru\/wp-json\/wp\/v2\/pages"}],"about":[{"href":"https:\/\/dvadukata.com\/ru\/wp-json\/wp\/v2\/types\/page"}],"author":[{"embeddable":true,"href":"https:\/\/dvadukata.com\/ru\/wp-json\/wp\/v2\/users\/1"}],"replies":[{"embeddable":true,"href":"https:\/\/dvadukata.com\/ru\/wp-json\/wp\/v2\/comments?post=222"}],"version-history":[{"count":20,"href":"https:\/\/dvadukata.com\/ru\/wp-json\/wp\/v2\/pages\/222\/revisions"}],"predecessor-version":[{"id":1117,"href":"https:\/\/dvadukata.com\/ru\/wp-json\/wp\/v2\/pages\/222\/revisions\/1117"}],"wp:featuredmedia":[{"embeddable":true,"href":"https:\/\/dvadukata.com\/ru\/wp-json\/wp\/v2\/media\/765"}],"wp:attachment":[{"href":"https:\/\/dvadukata.com\/ru\/wp-json\/wp\/v2\/media?parent=222"}],"curies":[{"name":"wp","href":"https:\/\/api.w.org\/{rel}","templated":true}]}}