{"id":136,"date":"2025-06-18T10:44:38","date_gmt":"2025-06-18T10:44:38","guid":{"rendered":"https:\/\/dvadukata.com\/?page_id=136"},"modified":"2026-04-21T08:47:18","modified_gmt":"2026-04-21T08:47:18","slug":"buhgalterski-ucet","status":"publish","type":"page","link":"https:\/\/dvadukata.com\/ru\/buhgalterski-ucet\/","title":{"rendered":"Buhgalterski\u0439 u\u010det"},"content":{"rendered":"<div data-elementor-type=\"wp-page\" data-elementor-id=\"136\" class=\"elementor elementor-136\" data-elementor-post-type=\"page\">\n\t\t\t\t<div class=\"elementor-element elementor-element-6d76099 e-flex e-con-boxed e-con e-parent\" data-id=\"6d76099\" data-element_type=\"container\">\n\t\t\t\t\t<div class=\"e-con-inner\">\n\t\t<div class=\"elementor-element elementor-element-362a6c3 e-con-full e-flex e-con e-child\" data-id=\"362a6c3\" data-element_type=\"container\" data-settings=\"{&quot;background_background&quot;:&quot;classic&quot;}\">\n\t\t\t\t<div class=\"elementor-element elementor-element-09c6659 elementor-nav-menu--dropdown-mobile elementor-nav-menu--stretch elementor-nav-menu__text-align-aside elementor-nav-menu--toggle elementor-nav-menu--burger elementor-widget elementor-widget-nav-menu\" data-id=\"09c6659\" data-element_type=\"widget\" data-settings=\"{&quot;layout&quot;:&quot;vertical&quot;,&quot;full_width&quot;:&quot;stretch&quot;,&quot;submenu_icon&quot;:{&quot;value&quot;:&quot;&lt;svg class=\\&quot;e-font-icon-svg e-fas-caret-down\\&quot; viewBox=\\&quot;0 0 320 512\\&quot; xmlns=\\&quot;http:\\\/\\\/www.w3.org\\\/2000\\\/svg\\&quot;&gt;&lt;path d=\\&quot;M31.3 192h257.3c17.8 0 26.7 21.5 14.1 34.1L174.1 354.8c-7.8 7.8-20.5 7.8-28.3 0L17.2 226.1C4.6 213.5 13.5 192 31.3 192z\\&quot;&gt;&lt;\\\/path&gt;&lt;\\\/svg&gt;&quot;,&quot;library&quot;:&quot;fa-solid&quot;},&quot;toggle&quot;:&quot;burger&quot;}\" data-widget_type=\"nav-menu.default\">\n\t\t\t\t<div class=\"elementor-widget-container\">\n\t\t\t\t\t\t\t\t<nav aria-label=\"Men\u044e\" class=\"elementor-nav-menu--main elementor-nav-menu__container elementor-nav-menu--layout-vertical e--pointer-background e--animation-fade\">\n\t\t\t\t<ul id=\"menu-1-09c6659\" class=\"elementor-nav-menu sm-vertical\"><li class=\"menu-item menu-item-type-post_type menu-item-object-page menu-item-142\"><a href=\"https:\/\/dvadukata.com\/ru\/buhgalterski-ucet\/\" class=\"elementor-item\">Buhgalterski\u0439 u\u010det<\/a><\/li>\n<li class=\"menu-item menu-item-type-post_type menu-item-object-page menu-item-517\"><a href=\"https:\/\/dvadukata.com\/ru\/nalogovoe-konsultirovanie\/\" class=\"elementor-item\">Nalogov\u044b\u0439 konsalting<\/a><\/li>\n<li class=\"menu-item menu-item-type-post_type menu-item-object-page menu-item-513\"><a href=\"https:\/\/dvadukata.com\/ru\/celoveceskie-resurs\/\" class=\"elementor-item\">\u010celove\u010deskie resurs\u044b<\/a><\/li>\n<li class=\"menu-item menu-item-type-post_type menu-item-object-page menu-item-512\"><a href=\"https:\/\/dvadukata.com\/ru\/otcet-o-monosti\/\" class=\"elementor-item\">Ot\u010det\u044b PowerBI<\/a><\/li>\n<li class=\"menu-item menu-item-type-post_type menu-item-object-page menu-item-519\"><a href=\"https:\/\/dvadukata.com\/ru\/razvitie-biznesa\/\" class=\"elementor-item\">Razvitie biznesa<\/a><\/li>\n<li class=\"menu-item menu-item-type-post_type menu-item-object-page menu-item-515\"><a href=\"https:\/\/dvadukata.com\/ru\/podderzka-filialov\/\" class=\"elementor-item\">Podder\u017eka filiala<\/a><\/li>\n<li class=\"menu-item menu-item-type-post_type menu-item-object-page menu-item-518\"><a href=\"https:\/\/dvadukata.com\/ru\/buhgalterskie-uslugi-ban-luka\/\" class=\"elementor-item\">Buhgalterskie uslugi Ban\u044f-Luka<\/a><\/li>\n<li class=\"menu-item menu-item-type-post_type menu-item-object-page menu-item-514\"><a href=\"https:\/\/dvadukata.com\/ru\/rascet-naloga-na-zarabotnu-platu-po-z\/\" class=\"elementor-item\">Ras\u010det zarabotno\u0439 plat\u044b - ras\u010det nalogov, zarabotno\u0439 plat\u044b i posobi\u0439<\/a><\/li>\n<li class=\"menu-item menu-item-type-post_type menu-item-object-page menu-item-516\"><a href=\"https:\/\/dvadukata.com\/ru\/nalogov-advokat-na-territorii-resp\/\" class=\"elementor-item\">Nalogova\u044f doverennost\u044c na territorii Respubliki Serbii<\/a><\/li>\n<\/ul>\t\t\t<\/nav>\n\t\t\t\t\t<div class=\"elementor-menu-toggle\" role=\"button\" tabindex=\"0\" aria-label=\"Perekl\u044e\u010datel\u044c men\u044e\" aria-expanded=\"false\">\n\t\t\t<span class=\"elementor-menu-toggle__icon--open\"><svg xmlns=\"http:\/\/www.w3.org\/2000\/svg\" width=\"11\" height=\"7\" viewbox=\"0 0 11 7\" fill=\"none\"><path d=\"M10.854 1.35369L5.85403 6.35369C5.80759 6.40018 5.75245 6.43706 5.69175 6.46222C5.63105 6.48738 5.56599 6.50034 5.50028 6.50034C5.43457 6.50034 5.36951 6.48738 5.30881 6.46222C5.24811 6.43706 5.19296 6.40018 5.14653 6.35369L0.146528 1.35369C0.0527077 1.25987 0 1.13262 0 0.999942C0 0.86726 0.0527077 0.740012 0.146528 0.646192C0.240348 0.552372 0.367596 0.499664 0.500278 0.499664C0.63296 0.499664 0.760208 0.552372 0.854028 0.646192L5.50028 5.29307L10.1465 0.646192C10.193 0.599737 10.2481 0.562887 10.3088 0.537745C10.3695 0.512604 10.4346 0.499664 10.5003 0.499664C10.566 0.499664 10.631 0.512604 10.6917 0.537745C10.7524 0.562887 10.8076 0.599737 10.854 0.646192C10.9005 0.692647 10.9373 0.747798 10.9625 0.808494C10.9876 0.869191 11.0006 0.934245 11.0006 0.999942C11.0006 1.06564 10.9876 1.13069 10.9625 1.19139C10.9373 1.25209 10.9005 1.30724 10.854 1.35369Z\" fill=\"#004680\"><\/path><\/svg><\/span><span class=\"elementor-menu-toggle__icon--close\"><svg xmlns=\"http:\/\/www.w3.org\/2000\/svg\" width=\"11\" height=\"7\" viewbox=\"0 0 11 7\" fill=\"none\"><path d=\"M10.854 1.35369L5.85403 6.35369C5.80759 6.40018 5.75245 6.43706 5.69175 6.46222C5.63105 6.48738 5.56599 6.50034 5.50028 6.50034C5.43457 6.50034 5.36951 6.48738 5.30881 6.46222C5.24811 6.43706 5.19296 6.40018 5.14653 6.35369L0.146528 1.35369C0.0527077 1.25987 0 1.13262 0 0.999942C0 0.86726 0.0527077 0.740012 0.146528 0.646192C0.240348 0.552372 0.367596 0.499664 0.500278 0.499664C0.63296 0.499664 0.760208 0.552372 0.854028 0.646192L5.50028 5.29307L10.1465 0.646192C10.193 0.599737 10.2481 0.562887 10.3088 0.537745C10.3695 0.512604 10.4346 0.499664 10.5003 0.499664C10.566 0.499664 10.631 0.512604 10.6917 0.537745C10.7524 0.562887 10.8076 0.599737 10.854 0.646192C10.9005 0.692647 10.9373 0.747798 10.9625 0.808494C10.9876 0.869191 11.0006 0.934245 11.0006 0.999942C11.0006 1.06564 10.9876 1.13069 10.9625 1.19139C10.9373 1.25209 10.9005 1.30724 10.854 1.35369Z\" fill=\"#004680\"><\/path><\/svg><\/span>\t\t<\/div>\n\t\t\t\t\t<nav class=\"elementor-nav-menu--dropdown elementor-nav-menu__container\" aria-hidden=\"true\">\n\t\t\t\t<ul id=\"menu-2-09c6659\" class=\"elementor-nav-menu sm-vertical\"><li class=\"menu-item menu-item-type-post_type menu-item-object-page menu-item-142\"><a href=\"https:\/\/dvadukata.com\/ru\/buhgalterski-ucet\/\" class=\"elementor-item\" tabindex=\"-1\">Buhgalterski\u0439 u\u010det<\/a><\/li>\n<li class=\"menu-item menu-item-type-post_type menu-item-object-page menu-item-517\"><a href=\"https:\/\/dvadukata.com\/ru\/nalogovoe-konsultirovanie\/\" class=\"elementor-item\" tabindex=\"-1\">Nalogov\u044b\u0439 konsalting<\/a><\/li>\n<li class=\"menu-item menu-item-type-post_type menu-item-object-page menu-item-513\"><a href=\"https:\/\/dvadukata.com\/ru\/celoveceskie-resurs\/\" class=\"elementor-item\" tabindex=\"-1\">\u010celove\u010deskie resurs\u044b<\/a><\/li>\n<li class=\"menu-item menu-item-type-post_type menu-item-object-page menu-item-512\"><a href=\"https:\/\/dvadukata.com\/ru\/otcet-o-monosti\/\" class=\"elementor-item\" tabindex=\"-1\">Ot\u010det\u044b PowerBI<\/a><\/li>\n<li class=\"menu-item menu-item-type-post_type menu-item-object-page menu-item-519\"><a href=\"https:\/\/dvadukata.com\/ru\/razvitie-biznesa\/\" class=\"elementor-item\" tabindex=\"-1\">Razvitie biznesa<\/a><\/li>\n<li class=\"menu-item menu-item-type-post_type menu-item-object-page menu-item-515\"><a href=\"https:\/\/dvadukata.com\/ru\/podderzka-filialov\/\" class=\"elementor-item\" tabindex=\"-1\">Podder\u017eka filiala<\/a><\/li>\n<li class=\"menu-item menu-item-type-post_type menu-item-object-page menu-item-518\"><a href=\"https:\/\/dvadukata.com\/ru\/buhgalterskie-uslugi-ban-luka\/\" class=\"elementor-item\" tabindex=\"-1\">Buhgalterskie uslugi Ban\u044f-Luka<\/a><\/li>\n<li class=\"menu-item menu-item-type-post_type menu-item-object-page menu-item-514\"><a href=\"https:\/\/dvadukata.com\/ru\/rascet-naloga-na-zarabotnu-platu-po-z\/\" class=\"elementor-item\" tabindex=\"-1\">Ras\u010det zarabotno\u0439 plat\u044b - ras\u010det nalogov, zarabotno\u0439 plat\u044b i posobi\u0439<\/a><\/li>\n<li class=\"menu-item menu-item-type-post_type menu-item-object-page menu-item-516\"><a href=\"https:\/\/dvadukata.com\/ru\/nalogov-advokat-na-territorii-resp\/\" class=\"elementor-item\" tabindex=\"-1\">Nalogova\u044f doverennost\u044c na territorii Respubliki Serbii<\/a><\/li>\n<\/ul>\t\t\t<\/nav>\n\t\t\t\t\t\t<\/div>\n\t\t\t\t<\/div>\n\t\t\t\t<div class=\"elementor-element elementor-element-75739c9 elementor-widget-mobile__width-inherit elementor-hidden-desktop elementor-hidden-tablet elementor-widget elementor-widget-heading\" data-id=\"75739c9\" data-element_type=\"widget\" data-widget_type=\"heading.default\">\n\t\t\t\t<div class=\"elementor-widget-container\">\n\t\t\t\t\t<h2 class=\"elementor-heading-title elementor-size-default\">Buhgalterski\u0439 u\u010det<\/h2>\t\t\t\t<\/div>\n\t\t\t\t<\/div>\n\t\t\t\t<\/div>\n\t\t<div class=\"elementor-element elementor-element-ce80965 e-con-full e-flex e-con e-child\" data-id=\"ce80965\" data-element_type=\"container\">\n\t\t\t\t<div class=\"elementor-element elementor-element-65de317 elementor-widget elementor-widget-heading\" data-id=\"65de317\" data-element_type=\"widget\" data-widget_type=\"heading.default\">\n\t\t\t\t<div class=\"elementor-widget-container\">\n\t\t\t\t\t<h2 class=\"elementor-heading-title elementor-size-default\">Buhgalterski\u0439 u\u010det<\/h2>\t\t\t\t<\/div>\n\t\t\t\t<\/div>\n\t\t\t\t<div class=\"elementor-element elementor-element-b759ca0 elementor-widget elementor-widget-text-editor\" data-id=\"b759ca0\" data-element_type=\"widget\" data-widget_type=\"text-editor.default\">\n\t\t\t\t<div class=\"elementor-widget-container\">\n\t\t\t\t\t\t\t\t\t<p><strong>Buhgalterskie uslugi s polno\u0439 uverennost\u044c\u044e<\/strong><\/p><p><br \/>Na\u0161a osnovna\u044f de\u044ftel\u044cnost\u044c \u2014 predostavlenie kompleksn\u044bh buhgalterskih uslug ote\u010destvenn\u044bm i zarube\u017en\u044bm klientam. M\u044b stremims\u044f k to\u010dnosti, dostovernosti i svoevremennosti obrabotki finansov\u044bh dann\u044bh, poskol\u044cku ponimaem, \u010dto ka\u010destvenn\u044b\u0439 buhgalterski\u0439 u\u010d\u0451t \u2014 \u044dto ne tol\u044cko \u044eridi\u010deskoe ob\u044fzatel\u044cstvo, no i osnova doveri\u044f i stabil\u044cnosti biznesa.<\/p><p><br \/><strong>M\u044b predlagaem klientam bol\u044c\u0161e, \u010dem prosto vedenie buhgalterskogo u\u010deta:<\/strong><\/p><p>\ud83d\udccc Svoevremenna\u044f informaci\u044f, pomoga\u044e\u0449a\u044f prinimat\u044c re\u0161eni\u044f<\/p><p>\ud83d\udccc Otkr\u044btoe ob\u0449enie i gotovnost\u044c otvetit\u044c na l\u044ebo\u0439 vopros<\/p><p>\ud83d\udccc Adaptirovann\u044be podhod\u044b v sootvetstvii so specifiko\u0439 otrasli i biznes-modeli<\/p><p><br \/>M\u044b udel\u044fem osoboe vnimanie primeneni\u044e pravil i standartov buhgalterskogo u\u010deta. Dl\u044f klientov, rabota\u044e\u0449ih po Me\u017edunarodn\u044bm standartam finansovo\u0439 ot\u010detnosti (MSFO), m\u044b posto\u044fnno otsle\u017eivaem izmeneni\u044f i obespe\u010divaem ih sobl\u044edenie, ispol\u044czu\u044f aktual\u044cn\u044be metodiki i konsul\u044ctacii \u044dkspertov.<\/p><p>Dl\u044f klientov, \u010de\u0439 biznes podle\u017eit auditu, m\u044b organizuem i koordiniruem process audita sovmestno s izvestn\u044bmi auditorskimi kompani\u044fmi. Na\u0161a rol\u044c \u2014 obespe\u010dit\u044c prozra\u010dnu\u044e podgotovku dokumentacii, \u044dffektivnoe vzaimode\u0439stvie s auditorami i uprostit\u044c dl\u044f klientov ka\u017ed\u044b\u0439 \u044dtap processa.<\/p><p>Na\u0161a cel\u044c \u2014 b\u044bt\u044c bol\u044c\u0161e, \u010dem prosto vne\u0161nim sotrudnikom, \u2014 stat\u044c \u010dast\u044c\u044e va\u0161e\u0439 komand\u044b, kotora\u044f ponimaet, predvidit i podder\u017eivaet va\u0161 biznes.<\/p>\t\t\t\t\t\t\t\t<\/div>\n\t\t\t\t<\/div>\n\t\t\t\t<div class=\"elementor-element elementor-element-e086783 elementor-widget elementor-widget-button\" data-id=\"e086783\" data-element_type=\"widget\" data-widget_type=\"button.default\">\n\t\t\t\t<div class=\"elementor-widget-container\">\n\t\t\t\t\t\t\t\t\t<div class=\"elementor-button-wrapper\">\n\t\t\t\t\t<a class=\"elementor-button elementor-button-link elementor-size-sm\" href=\"#elementor-action%3Aaction%3Dpopup%3Aopen%26settings%3DeyJpZCI6IjE1MiIsInRvZ2dsZSI6ZmFsc2V9\">\n\t\t\t\t\t\t<span class=\"elementor-button-content-wrapper\">\n\t\t\t\t\t\t\t\t\t<span class=\"elementor-button-text\">Zapi\u0161ites\u044c na priem.<\/span>\n\t\t\t\t\t<\/span>\n\t\t\t\t\t<\/a>\n\t\t\t\t<\/div>\n\t\t\t\t\t\t\t\t<\/div>\n\t\t\t\t<\/div>\n\t\t\t\t<\/div>\n\t\t\t\t\t<\/div>\n\t\t\t\t<\/div>\n\t\t\t\t<\/div>","protected":false},"excerpt":{"rendered":"<p>Buhgalterskie uslugi. Buhgalterskie uslugi s polno\u0439 uverennost\u044c\u044e. Na\u0161a osnovna\u044f de\u044ftel\u044cnost\u044c \u2014 predostavlenie kompleksn\u044bh buhgalterskih uslug ote\u010destvenn\u044bm i zarube\u017en\u044bm klientam. M\u044b stremims\u044f k to\u010dnosti, dostovernosti i svoevremennosti obrabotki finansov\u044bh dann\u044bh, poskol\u044cku znaem, \u010dto ka\u010destvenn\u044b\u0439 buhgalterski\u0439 u\u010det \u2014 \u044dto ne tol\u044cko \u044eridi\u010deskoe ob\u044fzatel\u044cstvo, no i osnova doveri\u044f i stabil\u044cnosti biznesa. M\u044b predlagaem klientam bol\u044c\u0161e, \u010dem prosto buhgalterski\u0439 u\u010det: \ud83d\udccc Aktual\u044cnu\u044e informaci\u044e, kotora\u044f pomogaet [...]<\/p>","protected":false},"author":1,"featured_media":765,"parent":0,"menu_order":0,"comment_status":"closed","ping_status":"closed","template":"elementor_header_footer","meta":{"footnotes":""},"class_list":["post-136","page","type-page","status-publish","has-post-thumbnail","hentry"],"yoast_head":"<!-- This site is optimized with the Yoast SEO plugin v23.4 - https:\/\/yoast.com\/wordpress\/plugins\/seo\/ -->\n<title>Ra\u010dunovodstvo - DvaDukata.com<\/title>\n<meta name=\"robots\" content=\"index, follow, max-snippet:-1, max-image-preview:large, max-video-preview:-1\" \/>\n<link rel=\"canonical\" href=\"https:\/\/dvadukata.com\/ru\/buhgalterski-ucet\/\" \/>\n<meta property=\"og:locale\" content=\"ru_RU\" \/>\n<meta property=\"og:type\" content=\"article\" \/>\n<meta property=\"og:title\" content=\"Ra\u010dunovodstvo - DvaDukata.com\" \/>\n<meta property=\"og:description\" content=\"Ra\u010dunovodstvo Ra\u010dunovodstvene usluge sa punim poverenjem Na\u0161a osnovna delatnost je pru\u017eanje sveobuhvatnih ra\u010dunovodstvenih usluga doma\u0107im i me\u0111unarodnim klijentima. Posve\u0107eni smo preciznosti, ta\u010dnosti i blagovremenosti u obradi finansijskih podataka, jer znamo da kvalitetno ra\u010dunovodstvo nije samo zakonska obaveza \u2014 ve\u0107 temelj poverenja i poslovne stabilnosti. Klijentima nudimo vi\u0161e od pukog knji\u017eenja: \ud83d\udccc Pravovremene informacije koje poma\u017eu [&hellip;]\" \/>\n<meta property=\"og:url\" content=\"https:\/\/dvadukata.com\/ru\/buhgalterski-ucet\/\" \/>\n<meta property=\"og:site_name\" content=\"DvaDukata.com\" \/>\n<meta property=\"article:modified_time\" content=\"2026-04-21T08:47:18+00:00\" \/>\n<meta property=\"og:image\" content=\"https:\/\/dvadukata.com\/wp-content\/uploads\/2025\/08\/Group-3-e1756216271478.jpg\" \/>\n\t<meta property=\"og:image:width\" content=\"2400\" \/>\n\t<meta property=\"og:image:height\" content=\"1260\" \/>\n\t<meta property=\"og:image:type\" content=\"image\/jpeg\" \/>\n<meta name=\"twitter:card\" content=\"summary_large_image\" \/>\n<meta name=\"twitter:label1\" content=\"Primernoe vrem\u044f dl\u044f \u010dteni\u044f\" \/>\n\t<meta name=\"twitter:data1\" content=\"2 minut\u044b\" \/>\n<script type=\"application\/ld+json\" class=\"yoast-schema-graph\">{\"@context\":\"https:\/\/schema.org\",\"@graph\":[{\"@type\":\"WebPage\",\"@id\":\"https:\/\/dvadukata.com\/racunovodstvo\/\",\"url\":\"https:\/\/dvadukata.com\/racunovodstvo\/\",\"name\":\"Ra\u010dunovodstvo - DvaDukata.com\",\"isPartOf\":{\"@id\":\"https:\/\/dvadukata.com\/#website\"},\"primaryImageOfPage\":{\"@id\":\"https:\/\/dvadukata.com\/racunovodstvo\/#primaryimage\"},\"image\":{\"@id\":\"https:\/\/dvadukata.com\/racunovodstvo\/#primaryimage\"},\"thumbnailUrl\":\"https:\/\/dvadukata.com\/wp-content\/uploads\/2025\/08\/Group-3-e1756216271478.jpg\",\"datePublished\":\"2025-06-18T10:44:38+00:00\",\"dateModified\":\"2026-04-21T08:47:18+00:00\",\"breadcrumb\":{\"@id\":\"https:\/\/dvadukata.com\/racunovodstvo\/#breadcrumb\"},\"inLanguage\":\"ru-RU\",\"potentialAction\":[{\"@type\":\"ReadAction\",\"target\":[\"https:\/\/dvadukata.com\/racunovodstvo\/\"]}]},{\"@type\":\"ImageObject\",\"inLanguage\":\"ru-RU\",\"@id\":\"https:\/\/dvadukata.com\/racunovodstvo\/#primaryimage\",\"url\":\"https:\/\/dvadukata.com\/wp-content\/uploads\/2025\/08\/Group-3-e1756216271478.jpg\",\"contentUrl\":\"https:\/\/dvadukata.com\/wp-content\/uploads\/2025\/08\/Group-3-e1756216271478.jpg\",\"width\":2400,\"height\":1260},{\"@type\":\"BreadcrumbList\",\"@id\":\"https:\/\/dvadukata.com\/racunovodstvo\/#breadcrumb\",\"itemListElement\":[{\"@type\":\"ListItem\",\"position\":1,\"name\":\"Home\",\"item\":\"https:\/\/dvadukata.com\/\"},{\"@type\":\"ListItem\",\"position\":2,\"name\":\"Ra\u010dunovodstvo\"}]},{\"@type\":\"WebSite\",\"@id\":\"https:\/\/dvadukata.com\/#website\",\"url\":\"https:\/\/dvadukata.com\/\",\"name\":\"DvaDukata.com\",\"description\":\"Va\u0161i porezi su manji sa nama\",\"potentialAction\":[{\"@type\":\"SearchAction\",\"target\":{\"@type\":\"EntryPoint\",\"urlTemplate\":\"https:\/\/dvadukata.com\/?s={search_term_string}\"},\"query-input\":{\"@type\":\"PropertyValueSpecification\",\"valueRequired\":true,\"valueName\":\"search_term_string\"}}],\"inLanguage\":\"ru-RU\"}]}<\/script>\n<!-- \/ Yoast SEO plugin. -->","yoast_head_json":{"title":"Ra\u010dunovodstvo - DvaDukata.com","robots":{"index":"index","follow":"follow","max-snippet":"max-snippet:-1","max-image-preview":"max-image-preview:large","max-video-preview":"max-video-preview:-1"},"canonical":"https:\/\/dvadukata.com\/ru\/buhgalterski-ucet\/","og_locale":"ru_RU","og_type":"article","og_title":"Ra\u010dunovodstvo - DvaDukata.com","og_description":"Ra\u010dunovodstvo Ra\u010dunovodstvene usluge sa punim poverenjem Na\u0161a osnovna delatnost je pru\u017eanje sveobuhvatnih ra\u010dunovodstvenih usluga doma\u0107im i me\u0111unarodnim klijentima. Posve\u0107eni smo preciznosti, ta\u010dnosti i blagovremenosti u obradi finansijskih podataka, jer znamo da kvalitetno ra\u010dunovodstvo nije samo zakonska obaveza \u2014 ve\u0107 temelj poverenja i poslovne stabilnosti. Klijentima nudimo vi\u0161e od pukog knji\u017eenja: \ud83d\udccc Pravovremene informacije koje poma\u017eu [&hellip;]","og_url":"https:\/\/dvadukata.com\/ru\/buhgalterski-ucet\/","og_site_name":"DvaDukata.com","article_modified_time":"2026-04-21T08:47:18+00:00","og_image":[{"width":2400,"height":1260,"url":"https:\/\/dvadukata.com\/wp-content\/uploads\/2025\/08\/Group-3-e1756216271478.jpg","type":"image\/jpeg"}],"twitter_card":"summary_large_image","twitter_misc":{"Primernoe vrem\u044f dl\u044f \u010dteni\u044f":"2 minut\u044b"},"schema":{"@context":"https:\/\/schema.org","@graph":[{"@type":"WebPage","@id":"https:\/\/dvadukata.com\/racunovodstvo\/","url":"https:\/\/dvadukata.com\/racunovodstvo\/","name":"Ra\u010dunovodstvo - DvaDukata.com","isPartOf":{"@id":"https:\/\/dvadukata.com\/#website"},"primaryImageOfPage":{"@id":"https:\/\/dvadukata.com\/racunovodstvo\/#primaryimage"},"image":{"@id":"https:\/\/dvadukata.com\/racunovodstvo\/#primaryimage"},"thumbnailUrl":"https:\/\/dvadukata.com\/wp-content\/uploads\/2025\/08\/Group-3-e1756216271478.jpg","datePublished":"2025-06-18T10:44:38+00:00","dateModified":"2026-04-21T08:47:18+00:00","breadcrumb":{"@id":"https:\/\/dvadukata.com\/racunovodstvo\/#breadcrumb"},"inLanguage":"ru-RU","potentialAction":[{"@type":"ReadAction","target":["https:\/\/dvadukata.com\/racunovodstvo\/"]}]},{"@type":"ImageObject","inLanguage":"ru-RU","@id":"https:\/\/dvadukata.com\/racunovodstvo\/#primaryimage","url":"https:\/\/dvadukata.com\/wp-content\/uploads\/2025\/08\/Group-3-e1756216271478.jpg","contentUrl":"https:\/\/dvadukata.com\/wp-content\/uploads\/2025\/08\/Group-3-e1756216271478.jpg","width":2400,"height":1260},{"@type":"BreadcrumbList","@id":"https:\/\/dvadukata.com\/racunovodstvo\/#breadcrumb","itemListElement":[{"@type":"ListItem","position":1,"name":"Home","item":"https:\/\/dvadukata.com\/"},{"@type":"ListItem","position":2,"name":"Ra\u010dunovodstvo"}]},{"@type":"WebSite","@id":"https:\/\/dvadukata.com\/#website","url":"https:\/\/dvadukata.com\/","name":"DvaDukata.com","description":"Va\u0161i porezi su manji sa nama","potentialAction":[{"@type":"SearchAction","target":{"@type":"EntryPoint","urlTemplate":"https:\/\/dvadukata.com\/?s={search_term_string}"},"query-input":{"@type":"PropertyValueSpecification","valueRequired":true,"valueName":"search_term_string"}}],"inLanguage":"ru-RU"}]}},"_links":{"self":[{"href":"https:\/\/dvadukata.com\/ru\/wp-json\/wp\/v2\/pages\/136","targetHints":{"allow":["GET"]}}],"collection":[{"href":"https:\/\/dvadukata.com\/ru\/wp-json\/wp\/v2\/pages"}],"about":[{"href":"https:\/\/dvadukata.com\/ru\/wp-json\/wp\/v2\/types\/page"}],"author":[{"embeddable":true,"href":"https:\/\/dvadukata.com\/ru\/wp-json\/wp\/v2\/users\/1"}],"replies":[{"embeddable":true,"href":"https:\/\/dvadukata.com\/ru\/wp-json\/wp\/v2\/comments?post=136"}],"version-history":[{"count":58,"href":"https:\/\/dvadukata.com\/ru\/wp-json\/wp\/v2\/pages\/136\/revisions"}],"predecessor-version":[{"id":1111,"href":"https:\/\/dvadukata.com\/ru\/wp-json\/wp\/v2\/pages\/136\/revisions\/1111"}],"wp:featuredmedia":[{"embeddable":true,"href":"https:\/\/dvadukata.com\/ru\/wp-json\/wp\/v2\/media\/765"}],"wp:attachment":[{"href":"https:\/\/dvadukata.com\/ru\/wp-json\/wp\/v2\/media?parent=136"}],"curies":[{"name":"wp","href":"https:\/\/api.w.org\/{rel}","templated":true}]}}