{"id":245,"date":"2025-06-18T13:57:27","date_gmt":"2025-06-18T13:57:27","guid":{"rendered":"https:\/\/dvadukata.com\/?page_id=245"},"modified":"2026-04-21T08:47:59","modified_gmt":"2026-04-21T08:47:59","slug":"servicii-de-contabilitate-banja-luka","status":"publish","type":"page","link":"https:\/\/dvadukata.com\/ro\/servicii-de-contabilitate-banja-luka\/","title":{"rendered":"Servicii de contabilitate Banja Luka"},"content":{"rendered":"<div data-elementor-type=\"wp-page\" data-elementor-id=\"245\" class=\"elementor elementor-245\" data-elementor-post-type=\"page\">\n\t\t\t\t<div class=\"elementor-element elementor-element-6d76099 e-flex e-con-boxed e-con e-parent\" data-id=\"6d76099\" data-element_type=\"container\">\n\t\t\t\t\t<div class=\"e-con-inner\">\n\t\t<div class=\"elementor-element elementor-element-362a6c3 e-con-full e-flex e-con e-child\" data-id=\"362a6c3\" data-element_type=\"container\" data-settings=\"{&quot;background_background&quot;:&quot;classic&quot;}\">\n\t\t\t\t<div class=\"elementor-element elementor-element-09c6659 elementor-nav-menu--dropdown-mobile elementor-nav-menu--stretch elementor-nav-menu__text-align-aside elementor-nav-menu--toggle elementor-nav-menu--burger elementor-widget elementor-widget-nav-menu\" data-id=\"09c6659\" data-element_type=\"widget\" data-settings=\"{&quot;layout&quot;:&quot;vertical&quot;,&quot;full_width&quot;:&quot;stretch&quot;,&quot;submenu_icon&quot;:{&quot;value&quot;:&quot;&lt;svg class=\\&quot;e-font-icon-svg e-fas-caret-down\\&quot; viewBox=\\&quot;0 0 320 512\\&quot; xmlns=\\&quot;http:\\\/\\\/www.w3.org\\\/2000\\\/svg\\&quot;&gt;&lt;path d=\\&quot;M31.3 192h257.3c17.8 0 26.7 21.5 14.1 34.1L174.1 354.8c-7.8 7.8-20.5 7.8-28.3 0L17.2 226.1C4.6 213.5 13.5 192 31.3 192z\\&quot;&gt;&lt;\\\/path&gt;&lt;\\\/svg&gt;&quot;,&quot;library&quot;:&quot;fa-solid&quot;},&quot;toggle&quot;:&quot;burger&quot;}\" data-widget_type=\"nav-menu.default\">\n\t\t\t\t<div class=\"elementor-widget-container\">\n\t\t\t\t\t\t\t\t<nav aria-label=\"Meniu\" class=\"elementor-nav-menu--main elementor-nav-menu__container elementor-nav-menu--layout-vertical e--pointer-background e--animation-fade\">\n\t\t\t\t<ul id=\"menu-1-09c6659\" class=\"elementor-nav-menu sm-vertical\"><li class=\"menu-item menu-item-type-post_type menu-item-object-page menu-item-142\"><a href=\"https:\/\/dvadukata.com\/ro\/contabilitate\/\" class=\"elementor-item\">Contabilitate<\/a><\/li>\n<li class=\"menu-item menu-item-type-post_type menu-item-object-page menu-item-517\"><a href=\"https:\/\/dvadukata.com\/ro\/consultanta-fiscala\/\" class=\"elementor-item\">Consultan\u021b\u0103 fiscal\u0103<\/a><\/li>\n<li class=\"menu-item menu-item-type-post_type menu-item-object-page menu-item-513\"><a href=\"https:\/\/dvadukata.com\/ro\/resurse-umane\/\" class=\"elementor-item\">Resurse umane<\/a><\/li>\n<li class=\"menu-item menu-item-type-post_type menu-item-object-page menu-item-512\"><a href=\"https:\/\/dvadukata.com\/ro\/rapoarte-de-putere\/\" class=\"elementor-item\">Rapoarte PowerBI<\/a><\/li>\n<li class=\"menu-item menu-item-type-post_type menu-item-object-page menu-item-519\"><a href=\"https:\/\/dvadukata.com\/ro\/dezvoltarea-afacerilor\/\" class=\"elementor-item\">Dezvoltarea afacerilor<\/a><\/li>\n<li class=\"menu-item menu-item-type-post_type menu-item-object-page menu-item-515\"><a href=\"https:\/\/dvadukata.com\/ro\/suport-pentru-sucursale\/\" class=\"elementor-item\">Suport sucursal\u0103<\/a><\/li>\n<li class=\"menu-item menu-item-type-post_type menu-item-object-page menu-item-518\"><a href=\"https:\/\/dvadukata.com\/ro\/servicii-de-contabilitate-banja-luka\/\" class=\"elementor-item\">Servicii de contabilitate Banja Luka<\/a><\/li>\n<li class=\"menu-item menu-item-type-post_type menu-item-object-page menu-item-514\"><a href=\"https:\/\/dvadukata.com\/ro\/calculul-impozitului-pe-salarii-si-beneficii\/\" class=\"elementor-item\">Salarizare - calcularea impozitelor, salariilor \u0219i beneficiilor<\/a><\/li>\n<li class=\"menu-item menu-item-type-post_type menu-item-object-page menu-item-516\"><a href=\"https:\/\/dvadukata.com\/ro\/avocat-fiscal-pe-teritoriul-republicii-serbia\/\" class=\"elementor-item\">Procur\u0103 fiscal\u0103 pe teritoriul Republicii Serbia<\/a><\/li>\n<\/ul>\t\t\t<\/nav>\n\t\t\t\t\t<div class=\"elementor-menu-toggle\" role=\"button\" tabindex=\"0\" aria-label=\"Comutare meniu\" aria-expanded=\"false\">\n\t\t\t<span class=\"elementor-menu-toggle__icon--open\"><svg xmlns=\"http:\/\/www.w3.org\/2000\/svg\" width=\"11\" height=\"7\" viewbox=\"0 0 11 7\" fill=\"none\"><path d=\"M10.854 1.35369L5.85403 6.35369C5.80759 6.40018 5.75245 6.43706 5.69175 6.46222C5.63105 6.48738 5.56599 6.50034 5.50028 6.50034C5.43457 6.50034 5.36951 6.48738 5.30881 6.46222C5.24811 6.43706 5.19296 6.40018 5.14653 6.35369L0.146528 1.35369C0.0527077 1.25987 0 1.13262 0 0.999942C0 0.86726 0.0527077 0.740012 0.146528 0.646192C0.240348 0.552372 0.367596 0.499664 0.500278 0.499664C0.63296 0.499664 0.760208 0.552372 0.854028 0.646192L5.50028 5.29307L10.1465 0.646192C10.193 0.599737 10.2481 0.562887 10.3088 0.537745C10.3695 0.512604 10.4346 0.499664 10.5003 0.499664C10.566 0.499664 10.631 0.512604 10.6917 0.537745C10.7524 0.562887 10.8076 0.599737 10.854 0.646192C10.9005 0.692647 10.9373 0.747798 10.9625 0.808494C10.9876 0.869191 11.0006 0.934245 11.0006 0.999942C11.0006 1.06564 10.9876 1.13069 10.9625 1.19139C10.9373 1.25209 10.9005 1.30724 10.854 1.35369Z\" fill=\"#004680\"><\/path><\/svg><\/span><span class=\"elementor-menu-toggle__icon--close\"><svg xmlns=\"http:\/\/www.w3.org\/2000\/svg\" width=\"11\" height=\"7\" viewbox=\"0 0 11 7\" fill=\"none\"><path d=\"M10.854 1.35369L5.85403 6.35369C5.80759 6.40018 5.75245 6.43706 5.69175 6.46222C5.63105 6.48738 5.56599 6.50034 5.50028 6.50034C5.43457 6.50034 5.36951 6.48738 5.30881 6.46222C5.24811 6.43706 5.19296 6.40018 5.14653 6.35369L0.146528 1.35369C0.0527077 1.25987 0 1.13262 0 0.999942C0 0.86726 0.0527077 0.740012 0.146528 0.646192C0.240348 0.552372 0.367596 0.499664 0.500278 0.499664C0.63296 0.499664 0.760208 0.552372 0.854028 0.646192L5.50028 5.29307L10.1465 0.646192C10.193 0.599737 10.2481 0.562887 10.3088 0.537745C10.3695 0.512604 10.4346 0.499664 10.5003 0.499664C10.566 0.499664 10.631 0.512604 10.6917 0.537745C10.7524 0.562887 10.8076 0.599737 10.854 0.646192C10.9005 0.692647 10.9373 0.747798 10.9625 0.808494C10.9876 0.869191 11.0006 0.934245 11.0006 0.999942C11.0006 1.06564 10.9876 1.13069 10.9625 1.19139C10.9373 1.25209 10.9005 1.30724 10.854 1.35369Z\" fill=\"#004680\"><\/path><\/svg><\/span>\t\t<\/div>\n\t\t\t\t\t<nav class=\"elementor-nav-menu--dropdown elementor-nav-menu__container\" aria-hidden=\"true\">\n\t\t\t\t<ul id=\"menu-2-09c6659\" class=\"elementor-nav-menu sm-vertical\"><li class=\"menu-item menu-item-type-post_type menu-item-object-page menu-item-142\"><a href=\"https:\/\/dvadukata.com\/ro\/contabilitate\/\" class=\"elementor-item\" tabindex=\"-1\">Contabilitate<\/a><\/li>\n<li class=\"menu-item menu-item-type-post_type menu-item-object-page menu-item-517\"><a href=\"https:\/\/dvadukata.com\/ro\/consultanta-fiscala\/\" class=\"elementor-item\" tabindex=\"-1\">Consultan\u021b\u0103 fiscal\u0103<\/a><\/li>\n<li class=\"menu-item menu-item-type-post_type menu-item-object-page menu-item-513\"><a href=\"https:\/\/dvadukata.com\/ro\/resurse-umane\/\" class=\"elementor-item\" tabindex=\"-1\">Resurse umane<\/a><\/li>\n<li class=\"menu-item menu-item-type-post_type menu-item-object-page menu-item-512\"><a href=\"https:\/\/dvadukata.com\/ro\/rapoarte-de-putere\/\" class=\"elementor-item\" tabindex=\"-1\">Rapoarte PowerBI<\/a><\/li>\n<li class=\"menu-item menu-item-type-post_type menu-item-object-page menu-item-519\"><a href=\"https:\/\/dvadukata.com\/ro\/dezvoltarea-afacerilor\/\" class=\"elementor-item\" tabindex=\"-1\">Dezvoltarea afacerilor<\/a><\/li>\n<li class=\"menu-item menu-item-type-post_type menu-item-object-page menu-item-515\"><a href=\"https:\/\/dvadukata.com\/ro\/suport-pentru-sucursale\/\" class=\"elementor-item\" tabindex=\"-1\">Suport sucursal\u0103<\/a><\/li>\n<li class=\"menu-item menu-item-type-post_type menu-item-object-page menu-item-518\"><a href=\"https:\/\/dvadukata.com\/ro\/servicii-de-contabilitate-banja-luka\/\" class=\"elementor-item\" tabindex=\"-1\">Servicii de contabilitate Banja Luka<\/a><\/li>\n<li class=\"menu-item menu-item-type-post_type menu-item-object-page menu-item-514\"><a href=\"https:\/\/dvadukata.com\/ro\/calculul-impozitului-pe-salarii-si-beneficii\/\" class=\"elementor-item\" tabindex=\"-1\">Salarizare - calcularea impozitelor, salariilor \u0219i beneficiilor<\/a><\/li>\n<li class=\"menu-item menu-item-type-post_type menu-item-object-page menu-item-516\"><a href=\"https:\/\/dvadukata.com\/ro\/avocat-fiscal-pe-teritoriul-republicii-serbia\/\" class=\"elementor-item\" tabindex=\"-1\">Procur\u0103 fiscal\u0103 pe teritoriul Republicii Serbia<\/a><\/li>\n<\/ul>\t\t\t<\/nav>\n\t\t\t\t\t\t<\/div>\n\t\t\t\t<\/div>\n\t\t\t\t<div class=\"elementor-element elementor-element-75739c9 elementor-widget-mobile__width-inherit elementor-hidden-desktop elementor-hidden-tablet elementor-widget elementor-widget-heading\" data-id=\"75739c9\" data-element_type=\"widget\" data-widget_type=\"heading.default\">\n\t\t\t\t<div class=\"elementor-widget-container\">\n\t\t\t\t\t<h2 class=\"elementor-heading-title elementor-size-default\">Servicii de contabilitate Banja Luka<\/h2>\t\t\t\t<\/div>\n\t\t\t\t<\/div>\n\t\t\t\t<\/div>\n\t\t<div class=\"elementor-element elementor-element-ce80965 e-con-full e-flex e-con e-child\" data-id=\"ce80965\" data-element_type=\"container\">\n\t\t\t\t<div class=\"elementor-element elementor-element-65de317 elementor-widget elementor-widget-heading\" data-id=\"65de317\" data-element_type=\"widget\" data-widget_type=\"heading.default\">\n\t\t\t\t<div class=\"elementor-widget-container\">\n\t\t\t\t\t<h2 class=\"elementor-heading-title elementor-size-default\">Servicii de contabilitate Banja Luka<\/h2>\t\t\t\t<\/div>\n\t\t\t\t<\/div>\n\t\t\t\t<div class=\"elementor-element elementor-element-62e6a2c elementor-widget elementor-widget-image-carousel\" data-id=\"62e6a2c\" data-element_type=\"widget\" data-settings=\"{&quot;slides_to_show&quot;:&quot;3&quot;,&quot;slides_to_scroll&quot;:&quot;1&quot;,&quot;navigation&quot;:&quot;none&quot;,&quot;speed&quot;:500,&quot;image_spacing_custom&quot;:{&quot;unit&quot;:&quot;px&quot;,&quot;size&quot;:20,&quot;sizes&quot;:[]},&quot;image_spacing_custom_tablet&quot;:{&quot;unit&quot;:&quot;px&quot;,&quot;size&quot;:&quot;&quot;,&quot;sizes&quot;:[]},&quot;image_spacing_custom_mobile&quot;:{&quot;unit&quot;:&quot;px&quot;,&quot;size&quot;:&quot;&quot;,&quot;sizes&quot;:[]}}\" data-widget_type=\"image-carousel.default\">\n\t\t\t\t<div class=\"elementor-widget-container\">\n\t\t\t\t\t\t\t<div class=\"elementor-image-carousel-wrapper swiper\" role=\"region\" aria-roledescription=\"carousel\" aria-label=\"Pictur\u0103 carusel\" dir=\"ltr\">\n\t\t\t<div class=\"elementor-image-carousel swiper-wrapper\" aria-live=\"polite\">\n\t\t\t\t\t\t\t\t<div class=\"swiper-slide\" role=\"group\" aria-roledescription=\"slide\" aria-label=\"1 od 3\" data-no-translation-aria-label=\"\"><figure class=\"swiper-slide-inner\"><img decoding=\"async\" class=\"swiper-slide-image\" src=\"https:\/\/dvadukata.com\/wp-content\/uploads\/2025\/09\/001.jpg\" alt=\"001\" \/><\/figure><\/div><div class=\"swiper-slide\" role=\"group\" aria-roledescription=\"slide\" aria-label=\"2 od 3\" data-no-translation-aria-label=\"\"><figure class=\"swiper-slide-inner\"><img decoding=\"async\" class=\"swiper-slide-image\" src=\"https:\/\/dvadukata.com\/wp-content\/uploads\/2025\/09\/20250901-102901-scaled.jpg\" alt=\"20250901-102901\" \/><\/figure><\/div><div class=\"swiper-slide\" role=\"group\" aria-roledescription=\"slide\" aria-label=\"3 od 3\" data-no-translation-aria-label=\"\"><figure class=\"swiper-slide-inner\"><img decoding=\"async\" class=\"swiper-slide-image\" src=\"https:\/\/dvadukata.com\/wp-content\/uploads\/2025\/09\/20250901-102344-scaled.jpg\" alt=\"20250901-102344\" \/><\/figure><\/div>\t\t\t<\/div>\n\t\t\t\t\t\t\t\n\t\t\t\t\t\t\t\t\t<\/div>\n\t\t\t\t\t\t<\/div>\n\t\t\t\t<\/div>\n\t\t\t\t<div class=\"elementor-element elementor-element-b759ca0 elementor-widget elementor-widget-text-editor\" data-id=\"b759ca0\" data-element_type=\"widget\" data-widget_type=\"text-editor.default\">\n\t\t\t\t<div class=\"elementor-widget-container\">\n\t\t\t\t\t\t\t\t\t<p><b>MGI Dva Dukata din Banja Luka \u2014 sprijin local cu acoperire global\u0103<\/b><\/p><p>Din octombrie 2021, MGI Dva Dukata ofer\u0103 servicii profesionale complete pe teritoriul Bosniei \u0219i Her\u021begovinei, cu sediul central \u00een birouri moderne din Banja Luka. Prezen\u021ba noastr\u0103 \u00een acest centru regional permite clien\u021bilor din Serbia, Bosnia \u0219i Her\u021begovina \u0219i din mediul interna\u021bional mai larg s\u0103 opereze eficient, armonios \u0219i cu sprijinul deplin al echipei locale.<\/p><p>Birourile din Banja Luka sunt dotate cu infrastructur\u0103 modern\u0103, spa\u021biu de coworking \u0219i s\u0103li pentru \u00eent\u00e2lniri de afaceri, ceea ce le permite clien\u021bilor no\u0219tri s\u0103 intre pe pia\u021ba din Bosnia \u0219i Her\u021begovina f\u0103r\u0103 a fi nevoie de investi\u021bii suplimentare \u00een logistica local\u0103. Aceea\u0219i comoditate este disponibil\u0103 \u0219i clien\u021bilor din Bosnia \u0219i Her\u021begovina care doresc s\u0103 \u00ee\u0219i extind\u0103 afacerea \u00een Serbia \u2014 cu suportul nostru opera\u021bional, contabil \u0219i fiscal de ambele p\u0103r\u021bi ale grani\u021bei.<\/p><p><b><img decoding=\"async\" class=\"emoji\" role=\"img\" draggable=\"false\" src=\"https:\/\/s.w.org\/images\/core\/emoji\/16.0.1\/svg\/1f9fe.svg\" alt=\"\ud83e\uddfe\" \/> Serviciile pe care le oferim \u00een Banja Luka includ:<\/b><\/p><p>\u00b7 Servicii de contabilitate \u00een conformitate cu reglement\u0103rile locale \u0219i standardele interna\u021bionale<\/p><p>\u00b7 Calculul salariilor (salarii de plat\u0103), cu respectarea deplin\u0103 a legisla\u021biei Republicii Srpska \u0219i Bosniei \u0219i Her\u021begovinei<\/p><p>\u00b7 Consultan\u021b\u0103 fiscal\u0103, inclusiv tranzac\u021bii transfrontaliere, re\u021binere la surs\u0103 \u0219i aplicarea tratatelor privind dubla impunere<\/p><p>\u00b7 Suport administrativ \u0219i opera\u021bional pentru entit\u0103\u021bi juridice str\u0103ine \u0219i companii autohtone aflate \u00een expansiune<\/p><p>\u00b7 Acces la spa\u021biu de coworking pentru negocieri de afaceri, \u00eent\u00e2lniri de lucru \u0219i prezen\u021b\u0103 temporar\u0103 pe pia\u021b\u0103<\/p><p><b><br \/><img decoding=\"async\" class=\"emoji\" role=\"img\" draggable=\"false\" src=\"https:\/\/s.w.org\/images\/core\/emoji\/16.0.1\/svg\/1f30d.svg\" alt=\"\ud83c\udf0d\" \/> O pozi\u021bie unic\u0103 \u00een re\u021beaua interna\u021bional\u0103<\/b><\/p><p>MGI Dva Dukata este prima \u0219i singura entitate contabil\u0103 din Bosnia \u0219i Her\u021begovina membr\u0103 a asocia\u021biei globale MGI Worldwide, una dintre principalele re\u021bele interna\u021bionale de contabili, auditori \u0219i consultan\u021bi fiscali independen\u021bi. Aceast\u0103 calitate de membru aduce clien\u021bilor no\u0219tri o serie de beneficii:<\/p><p>\u00b7 Acces la standarde \u0219i practici interna\u021bionale<\/p><p>\u00b7 Capacitatea de a se conecta cu parteneri din \u00eentreaga lume<\/p><p>\u00b7 Respectarea cerin\u021belor corpora\u021biilor \u0219i investitorilor globali<\/p><p>\u00b7 Credibilitate reputa\u021bional\u0103 care faciliteaz\u0103 desf\u0103\u0219urarea afacerilor \u00eentr-un mediu interna\u021bional<\/p><p>Banja Luka ca punct de sprijin pentru afacerile dumneavoastr\u0103 Indiferent dac\u0103 sunte\u021bi o companie na\u021bional\u0103 \u00een expansiune, un investitor interna\u021bional sau o entitate juridic\u0103 care caut\u0103 sprijin local - echipa noastr\u0103 din Banja Luka este gata s\u0103 v\u0103 \u00eenso\u021beasc\u0103, s\u0103 v\u0103 consilieze \u0219i s\u0103 v\u0103 sprijine opera\u021bional la fiecare pas.<\/p><p><b><br \/>MGI Dva Dukata \u2014 conect\u0103m pie\u021bele, construim \u00eencredere.<\/b><\/p>\t\t\t\t\t\t\t\t<\/div>\n\t\t\t\t<\/div>\n\t\t\t\t<div class=\"elementor-element elementor-element-e086783 elementor-widget elementor-widget-button\" data-id=\"e086783\" data-element_type=\"widget\" data-widget_type=\"button.default\">\n\t\t\t\t<div class=\"elementor-widget-container\">\n\t\t\t\t\t\t\t\t\t<div class=\"elementor-button-wrapper\">\n\t\t\t\t\t<a class=\"elementor-button elementor-button-link elementor-size-sm\" href=\"#elementor-action%3Aaction%3Dpopup%3Aopen%26settings%3DeyJpZCI6IjE1MiIsInRvZ2dsZSI6ZmFsc2V9\">\n\t\t\t\t\t\t<span class=\"elementor-button-content-wrapper\">\n\t\t\t\t\t\t\t\t\t<span class=\"elementor-button-text\">Face\u021bi o programare.<\/span>\n\t\t\t\t\t<\/span>\n\t\t\t\t\t<\/a>\n\t\t\t\t<\/div>\n\t\t\t\t\t\t\t\t<\/div>\n\t\t\t\t<\/div>\n\t\t\t\t<\/div>\n\t\t\t\t\t<\/div>\n\t\t\t\t<\/div>\n\t\t\t\t<\/div>","protected":false},"excerpt":{"rendered":"<p>MGI Dva Dukata u Banja Luci \u2014 lokalna podr\u0161ka sa globalnim dometom Od oktobra 2021. godine, MGI Dva Dukata pru\u017ea kompletne profesionalne usluge i na teritoriji Bosne i Hercegovine, sa sedi\u0161tem u modernim kancelarijama u Banja Luci. Na\u0161a prisutnost u ovom regionalnom centru omogu\u0107ava klijentima iz Srbije, Bosne i Hercegovine i \u0161ireg me\u0111unarodnog okru\u017eenja da [&hellip;]<\/p>","protected":false},"author":1,"featured_media":765,"parent":0,"menu_order":0,"comment_status":"closed","ping_status":"closed","template":"elementor_header_footer","meta":{"footnotes":""},"class_list":["post-245","page","type-page","status-publish","has-post-thumbnail","hentry"],"yoast_head":"<!-- This site is optimized with the Yoast SEO plugin v23.4 - https:\/\/yoast.com\/wordpress\/plugins\/seo\/ -->\n<title>Ra\u010dunovodske usluge Banja Luka - DvaDukata.com<\/title>\n<meta name=\"robots\" content=\"index, follow, max-snippet:-1, max-image-preview:large, max-video-preview:-1\" \/>\n<link rel=\"canonical\" href=\"https:\/\/dvadukata.com\/ro\/servicii-de-contabilitate-banja-luka\/\" \/>\n<meta property=\"og:locale\" content=\"ro_RO\" \/>\n<meta property=\"og:type\" content=\"article\" \/>\n<meta property=\"og:title\" content=\"Ra\u010dunovodske usluge Banja Luka - DvaDukata.com\" \/>\n<meta property=\"og:description\" content=\"MGI Dva Dukata u Banja Luci \u2014 lokalna podr\u0161ka sa globalnim dometom Od oktobra 2021. godine, MGI Dva Dukata pru\u017ea kompletne profesionalne usluge i na teritoriji Bosne i Hercegovine, sa sedi\u0161tem u modernim kancelarijama u Banja Luci. Na\u0161a prisutnost u ovom regionalnom centru omogu\u0107ava klijentima iz Srbije, Bosne i Hercegovine i \u0161ireg me\u0111unarodnog okru\u017eenja da [&hellip;]\" \/>\n<meta property=\"og:url\" content=\"https:\/\/dvadukata.com\/ro\/servicii-de-contabilitate-banja-luka\/\" \/>\n<meta property=\"og:site_name\" content=\"DvaDukata.com\" \/>\n<meta property=\"article:modified_time\" content=\"2026-04-21T08:47:59+00:00\" \/>\n<meta property=\"og:image\" content=\"https:\/\/dvadukata.com\/wp-content\/uploads\/2025\/08\/Group-3-e1756216271478.jpg\" \/>\n\t<meta property=\"og:image:width\" content=\"2400\" \/>\n\t<meta property=\"og:image:height\" content=\"1260\" \/>\n\t<meta property=\"og:image:type\" content=\"image\/jpeg\" \/>\n<meta name=\"twitter:card\" content=\"summary_large_image\" \/>\n<meta name=\"twitter:label1\" content=\"Timp estimat pentru citire\" \/>\n\t<meta name=\"twitter:data1\" content=\"3 minute\" \/>\n<script type=\"application\/ld+json\" class=\"yoast-schema-graph\">{\"@context\":\"https:\/\/schema.org\",\"@graph\":[{\"@type\":\"WebPage\",\"@id\":\"https:\/\/dvadukata.com\/racunovodske-usluge-banja-luka\/\",\"url\":\"https:\/\/dvadukata.com\/racunovodske-usluge-banja-luka\/\",\"name\":\"Ra\u010dunovodske usluge Banja Luka - DvaDukata.com\",\"isPartOf\":{\"@id\":\"https:\/\/dvadukata.com\/#website\"},\"primaryImageOfPage\":{\"@id\":\"https:\/\/dvadukata.com\/racunovodske-usluge-banja-luka\/#primaryimage\"},\"image\":{\"@id\":\"https:\/\/dvadukata.com\/racunovodske-usluge-banja-luka\/#primaryimage\"},\"thumbnailUrl\":\"https:\/\/dvadukata.com\/wp-content\/uploads\/2025\/08\/Group-3-e1756216271478.jpg\",\"datePublished\":\"2025-06-18T13:57:27+00:00\",\"dateModified\":\"2026-04-21T08:47:59+00:00\",\"breadcrumb\":{\"@id\":\"https:\/\/dvadukata.com\/racunovodske-usluge-banja-luka\/#breadcrumb\"},\"inLanguage\":\"ro-RO\",\"potentialAction\":[{\"@type\":\"ReadAction\",\"target\":[\"https:\/\/dvadukata.com\/racunovodske-usluge-banja-luka\/\"]}]},{\"@type\":\"ImageObject\",\"inLanguage\":\"ro-RO\",\"@id\":\"https:\/\/dvadukata.com\/racunovodske-usluge-banja-luka\/#primaryimage\",\"url\":\"https:\/\/dvadukata.com\/wp-content\/uploads\/2025\/08\/Group-3-e1756216271478.jpg\",\"contentUrl\":\"https:\/\/dvadukata.com\/wp-content\/uploads\/2025\/08\/Group-3-e1756216271478.jpg\",\"width\":2400,\"height\":1260},{\"@type\":\"BreadcrumbList\",\"@id\":\"https:\/\/dvadukata.com\/racunovodske-usluge-banja-luka\/#breadcrumb\",\"itemListElement\":[{\"@type\":\"ListItem\",\"position\":1,\"name\":\"Home\",\"item\":\"https:\/\/dvadukata.com\/\"},{\"@type\":\"ListItem\",\"position\":2,\"name\":\"Ra\u010dunovodske usluge Banja Luka\"}]},{\"@type\":\"WebSite\",\"@id\":\"https:\/\/dvadukata.com\/#website\",\"url\":\"https:\/\/dvadukata.com\/\",\"name\":\"DvaDukata.com\",\"description\":\"Va\u0161i porezi su manji sa nama\",\"potentialAction\":[{\"@type\":\"SearchAction\",\"target\":{\"@type\":\"EntryPoint\",\"urlTemplate\":\"https:\/\/dvadukata.com\/?s={search_term_string}\"},\"query-input\":{\"@type\":\"PropertyValueSpecification\",\"valueRequired\":true,\"valueName\":\"search_term_string\"}}],\"inLanguage\":\"ro-RO\"}]}<\/script>\n<!-- \/ Yoast SEO plugin. -->","yoast_head_json":{"title":"Ra\u010dunovodske usluge Banja Luka - DvaDukata.com","robots":{"index":"index","follow":"follow","max-snippet":"max-snippet:-1","max-image-preview":"max-image-preview:large","max-video-preview":"max-video-preview:-1"},"canonical":"https:\/\/dvadukata.com\/ro\/servicii-de-contabilitate-banja-luka\/","og_locale":"ro_RO","og_type":"article","og_title":"Ra\u010dunovodske usluge Banja Luka - DvaDukata.com","og_description":"MGI Dva Dukata u Banja Luci \u2014 lokalna podr\u0161ka sa globalnim dometom Od oktobra 2021. godine, MGI Dva Dukata pru\u017ea kompletne profesionalne usluge i na teritoriji Bosne i Hercegovine, sa sedi\u0161tem u modernim kancelarijama u Banja Luci. Na\u0161a prisutnost u ovom regionalnom centru omogu\u0107ava klijentima iz Srbije, Bosne i Hercegovine i \u0161ireg me\u0111unarodnog okru\u017eenja da [&hellip;]","og_url":"https:\/\/dvadukata.com\/ro\/servicii-de-contabilitate-banja-luka\/","og_site_name":"DvaDukata.com","article_modified_time":"2026-04-21T08:47:59+00:00","og_image":[{"width":2400,"height":1260,"url":"https:\/\/dvadukata.com\/wp-content\/uploads\/2025\/08\/Group-3-e1756216271478.jpg","type":"image\/jpeg"}],"twitter_card":"summary_large_image","twitter_misc":{"Timp estimat pentru citire":"3 minute"},"schema":{"@context":"https:\/\/schema.org","@graph":[{"@type":"WebPage","@id":"https:\/\/dvadukata.com\/racunovodske-usluge-banja-luka\/","url":"https:\/\/dvadukata.com\/racunovodske-usluge-banja-luka\/","name":"Ra\u010dunovodske usluge Banja Luka - DvaDukata.com","isPartOf":{"@id":"https:\/\/dvadukata.com\/#website"},"primaryImageOfPage":{"@id":"https:\/\/dvadukata.com\/racunovodske-usluge-banja-luka\/#primaryimage"},"image":{"@id":"https:\/\/dvadukata.com\/racunovodske-usluge-banja-luka\/#primaryimage"},"thumbnailUrl":"https:\/\/dvadukata.com\/wp-content\/uploads\/2025\/08\/Group-3-e1756216271478.jpg","datePublished":"2025-06-18T13:57:27+00:00","dateModified":"2026-04-21T08:47:59+00:00","breadcrumb":{"@id":"https:\/\/dvadukata.com\/racunovodske-usluge-banja-luka\/#breadcrumb"},"inLanguage":"ro-RO","potentialAction":[{"@type":"ReadAction","target":["https:\/\/dvadukata.com\/racunovodske-usluge-banja-luka\/"]}]},{"@type":"ImageObject","inLanguage":"ro-RO","@id":"https:\/\/dvadukata.com\/racunovodske-usluge-banja-luka\/#primaryimage","url":"https:\/\/dvadukata.com\/wp-content\/uploads\/2025\/08\/Group-3-e1756216271478.jpg","contentUrl":"https:\/\/dvadukata.com\/wp-content\/uploads\/2025\/08\/Group-3-e1756216271478.jpg","width":2400,"height":1260},{"@type":"BreadcrumbList","@id":"https:\/\/dvadukata.com\/racunovodske-usluge-banja-luka\/#breadcrumb","itemListElement":[{"@type":"ListItem","position":1,"name":"Home","item":"https:\/\/dvadukata.com\/"},{"@type":"ListItem","position":2,"name":"Ra\u010dunovodske usluge Banja Luka"}]},{"@type":"WebSite","@id":"https:\/\/dvadukata.com\/#website","url":"https:\/\/dvadukata.com\/","name":"DvaDukata.com","description":"Va\u0161i porezi su manji sa nama","potentialAction":[{"@type":"SearchAction","target":{"@type":"EntryPoint","urlTemplate":"https:\/\/dvadukata.com\/?s={search_term_string}"},"query-input":{"@type":"PropertyValueSpecification","valueRequired":true,"valueName":"search_term_string"}}],"inLanguage":"ro-RO"}]}},"_links":{"self":[{"href":"https:\/\/dvadukata.com\/ro\/wp-json\/wp\/v2\/pages\/245","targetHints":{"allow":["GET"]}}],"collection":[{"href":"https:\/\/dvadukata.com\/ro\/wp-json\/wp\/v2\/pages"}],"about":[{"href":"https:\/\/dvadukata.com\/ro\/wp-json\/wp\/v2\/types\/page"}],"author":[{"embeddable":true,"href":"https:\/\/dvadukata.com\/ro\/wp-json\/wp\/v2\/users\/1"}],"replies":[{"embeddable":true,"href":"https:\/\/dvadukata.com\/ro\/wp-json\/wp\/v2\/comments?post=245"}],"version-history":[{"count":25,"href":"https:\/\/dvadukata.com\/ro\/wp-json\/wp\/v2\/pages\/245\/revisions"}],"predecessor-version":[{"id":1129,"href":"https:\/\/dvadukata.com\/ro\/wp-json\/wp\/v2\/pages\/245\/revisions\/1129"}],"wp:featuredmedia":[{"embeddable":true,"href":"https:\/\/dvadukata.com\/ro\/wp-json\/wp\/v2\/media\/765"}],"wp:attachment":[{"href":"https:\/\/dvadukata.com\/ro\/wp-json\/wp\/v2\/media?parent=245"}],"curies":[{"name":"wp","href":"https:\/\/api.w.org\/{rel}","templated":true}]}}