{"id":245,"date":"2025-06-18T13:57:27","date_gmt":"2025-06-18T13:57:27","guid":{"rendered":"https:\/\/dvadukata.com\/?page_id=245"},"modified":"2026-04-21T08:47:59","modified_gmt":"2026-04-21T08:47:59","slug":"servizi-contabili-banja-luka","status":"publish","type":"page","link":"https:\/\/dvadukata.com\/it\/servizi-contabili-banja-luka\/","title":{"rendered":"Servizi contabili Banja Luka"},"content":{"rendered":"<div data-elementor-type=\"wp-page\" data-elementor-id=\"245\" class=\"elementor elementor-245\" data-elementor-post-type=\"page\">\n\t\t\t\t<div class=\"elementor-element elementor-element-6d76099 e-flex e-con-boxed e-con e-parent\" data-id=\"6d76099\" data-element_type=\"container\">\n\t\t\t\t\t<div class=\"e-con-inner\">\n\t\t<div class=\"elementor-element elementor-element-362a6c3 e-con-full e-flex e-con e-child\" data-id=\"362a6c3\" data-element_type=\"container\" data-settings=\"{&quot;background_background&quot;:&quot;classic&quot;}\">\n\t\t\t\t<div class=\"elementor-element elementor-element-09c6659 elementor-nav-menu--dropdown-mobile elementor-nav-menu--stretch elementor-nav-menu__text-align-aside elementor-nav-menu--toggle elementor-nav-menu--burger elementor-widget elementor-widget-nav-menu\" data-id=\"09c6659\" data-element_type=\"widget\" data-settings=\"{&quot;layout&quot;:&quot;vertical&quot;,&quot;full_width&quot;:&quot;stretch&quot;,&quot;submenu_icon&quot;:{&quot;value&quot;:&quot;&lt;svg class=\\&quot;e-font-icon-svg e-fas-caret-down\\&quot; viewBox=\\&quot;0 0 320 512\\&quot; xmlns=\\&quot;http:\\\/\\\/www.w3.org\\\/2000\\\/svg\\&quot;&gt;&lt;path d=\\&quot;M31.3 192h257.3c17.8 0 26.7 21.5 14.1 34.1L174.1 354.8c-7.8 7.8-20.5 7.8-28.3 0L17.2 226.1C4.6 213.5 13.5 192 31.3 192z\\&quot;&gt;&lt;\\\/path&gt;&lt;\\\/svg&gt;&quot;,&quot;library&quot;:&quot;fa-solid&quot;},&quot;toggle&quot;:&quot;burger&quot;}\" data-widget_type=\"nav-menu.default\">\n\t\t\t\t<div class=\"elementor-widget-container\">\n\t\t\t\t\t\t\t\t<nav aria-label=\"Menu\" class=\"elementor-nav-menu--main elementor-nav-menu__container elementor-nav-menu--layout-vertical e--pointer-background e--animation-fade\">\n\t\t\t\t<ul id=\"menu-1-09c6659\" class=\"elementor-nav-menu sm-vertical\"><li class=\"menu-item menu-item-type-post_type menu-item-object-page menu-item-142\"><a href=\"https:\/\/dvadukata.com\/it\/contabilita\/\" class=\"elementor-item\">Contabilit\u00e0<\/a><\/li>\n<li class=\"menu-item menu-item-type-post_type menu-item-object-page menu-item-517\"><a href=\"https:\/\/dvadukata.com\/it\/consulenza-fiscale\/\" class=\"elementor-item\">Consulenza fiscale<\/a><\/li>\n<li class=\"menu-item menu-item-type-post_type menu-item-object-page menu-item-513\"><a href=\"https:\/\/dvadukata.com\/it\/risorse-umane\/\" class=\"elementor-item\">Risorse umane<\/a><\/li>\n<li class=\"menu-item menu-item-type-post_type menu-item-object-page menu-item-512\"><a href=\"https:\/\/dvadukata.com\/it\/rapporti-di-potenza\/\" class=\"elementor-item\">Report di PowerBI<\/a><\/li>\n<li class=\"menu-item menu-item-type-post_type menu-item-object-page menu-item-519\"><a href=\"https:\/\/dvadukata.com\/it\/sviluppo-aziendale\/\" class=\"elementor-item\">Sviluppo aziendale<\/a><\/li>\n<li class=\"menu-item menu-item-type-post_type menu-item-object-page menu-item-515\"><a href=\"https:\/\/dvadukata.com\/it\/supporto-per-le-filiali\/\" class=\"elementor-item\">Supporto di filiale<\/a><\/li>\n<li class=\"menu-item menu-item-type-post_type menu-item-object-page menu-item-518\"><a href=\"https:\/\/dvadukata.com\/it\/servizi-contabili-banja-luka\/\" class=\"elementor-item\">Servizi contabili Banja Luka<\/a><\/li>\n<li class=\"menu-item menu-item-type-post_type menu-item-object-page menu-item-514\"><a href=\"https:\/\/dvadukata.com\/it\/calcolo-delle-imposte-sui-salari-e-dei-benefici\/\" class=\"elementor-item\">Busta paga - calcolo di tasse, salari e benefici<\/a><\/li>\n<li class=\"menu-item menu-item-type-post_type menu-item-object-page menu-item-516\"><a href=\"https:\/\/dvadukata.com\/it\/avvocato-tributario-nel-territorio-della-repubblica-di-serbia\/\" class=\"elementor-item\">Procura fiscale sul territorio della Repubblica di Serbia<\/a><\/li>\n<\/ul>\t\t\t<\/nav>\n\t\t\t\t\t<div class=\"elementor-menu-toggle\" role=\"button\" tabindex=\"0\" aria-label=\"Attiva\/disattiva menu\" aria-expanded=\"false\">\n\t\t\t<span class=\"elementor-menu-toggle__icon--open\"><svg xmlns=\"http:\/\/www.w3.org\/2000\/svg\" width=\"11\" height=\"7\" viewbox=\"0 0 11 7\" fill=\"none\"><path d=\"M10.854 1.35369L5.85403 6.35369C5.80759 6.40018 5.75245 6.43706 5.69175 6.46222C5.63105 6.48738 5.56599 6.50034 5.50028 6.50034C5.43457 6.50034 5.36951 6.48738 5.30881 6.46222C5.24811 6.43706 5.19296 6.40018 5.14653 6.35369L0.146528 1.35369C0.0527077 1.25987 0 1.13262 0 0.999942C0 0.86726 0.0527077 0.740012 0.146528 0.646192C0.240348 0.552372 0.367596 0.499664 0.500278 0.499664C0.63296 0.499664 0.760208 0.552372 0.854028 0.646192L5.50028 5.29307L10.1465 0.646192C10.193 0.599737 10.2481 0.562887 10.3088 0.537745C10.3695 0.512604 10.4346 0.499664 10.5003 0.499664C10.566 0.499664 10.631 0.512604 10.6917 0.537745C10.7524 0.562887 10.8076 0.599737 10.854 0.646192C10.9005 0.692647 10.9373 0.747798 10.9625 0.808494C10.9876 0.869191 11.0006 0.934245 11.0006 0.999942C11.0006 1.06564 10.9876 1.13069 10.9625 1.19139C10.9373 1.25209 10.9005 1.30724 10.854 1.35369Z\" fill=\"#004680\"><\/path><\/svg><\/span><span class=\"elementor-menu-toggle__icon--close\"><svg xmlns=\"http:\/\/www.w3.org\/2000\/svg\" width=\"11\" height=\"7\" viewbox=\"0 0 11 7\" fill=\"none\"><path d=\"M10.854 1.35369L5.85403 6.35369C5.80759 6.40018 5.75245 6.43706 5.69175 6.46222C5.63105 6.48738 5.56599 6.50034 5.50028 6.50034C5.43457 6.50034 5.36951 6.48738 5.30881 6.46222C5.24811 6.43706 5.19296 6.40018 5.14653 6.35369L0.146528 1.35369C0.0527077 1.25987 0 1.13262 0 0.999942C0 0.86726 0.0527077 0.740012 0.146528 0.646192C0.240348 0.552372 0.367596 0.499664 0.500278 0.499664C0.63296 0.499664 0.760208 0.552372 0.854028 0.646192L5.50028 5.29307L10.1465 0.646192C10.193 0.599737 10.2481 0.562887 10.3088 0.537745C10.3695 0.512604 10.4346 0.499664 10.5003 0.499664C10.566 0.499664 10.631 0.512604 10.6917 0.537745C10.7524 0.562887 10.8076 0.599737 10.854 0.646192C10.9005 0.692647 10.9373 0.747798 10.9625 0.808494C10.9876 0.869191 11.0006 0.934245 11.0006 0.999942C11.0006 1.06564 10.9876 1.13069 10.9625 1.19139C10.9373 1.25209 10.9005 1.30724 10.854 1.35369Z\" fill=\"#004680\"><\/path><\/svg><\/span>\t\t<\/div>\n\t\t\t\t\t<nav class=\"elementor-nav-menu--dropdown elementor-nav-menu__container\" aria-hidden=\"true\">\n\t\t\t\t<ul id=\"menu-2-09c6659\" class=\"elementor-nav-menu sm-vertical\"><li class=\"menu-item menu-item-type-post_type menu-item-object-page menu-item-142\"><a href=\"https:\/\/dvadukata.com\/it\/contabilita\/\" class=\"elementor-item\" tabindex=\"-1\">Contabilit\u00e0<\/a><\/li>\n<li class=\"menu-item menu-item-type-post_type menu-item-object-page menu-item-517\"><a href=\"https:\/\/dvadukata.com\/it\/consulenza-fiscale\/\" class=\"elementor-item\" tabindex=\"-1\">Consulenza fiscale<\/a><\/li>\n<li class=\"menu-item menu-item-type-post_type menu-item-object-page menu-item-513\"><a href=\"https:\/\/dvadukata.com\/it\/risorse-umane\/\" class=\"elementor-item\" tabindex=\"-1\">Risorse umane<\/a><\/li>\n<li class=\"menu-item menu-item-type-post_type menu-item-object-page menu-item-512\"><a href=\"https:\/\/dvadukata.com\/it\/rapporti-di-potenza\/\" class=\"elementor-item\" tabindex=\"-1\">Report di PowerBI<\/a><\/li>\n<li class=\"menu-item menu-item-type-post_type menu-item-object-page menu-item-519\"><a href=\"https:\/\/dvadukata.com\/it\/sviluppo-aziendale\/\" class=\"elementor-item\" tabindex=\"-1\">Sviluppo aziendale<\/a><\/li>\n<li class=\"menu-item menu-item-type-post_type menu-item-object-page menu-item-515\"><a href=\"https:\/\/dvadukata.com\/it\/supporto-per-le-filiali\/\" class=\"elementor-item\" tabindex=\"-1\">Supporto di filiale<\/a><\/li>\n<li class=\"menu-item menu-item-type-post_type menu-item-object-page menu-item-518\"><a href=\"https:\/\/dvadukata.com\/it\/servizi-contabili-banja-luka\/\" class=\"elementor-item\" tabindex=\"-1\">Servizi contabili Banja Luka<\/a><\/li>\n<li class=\"menu-item menu-item-type-post_type menu-item-object-page menu-item-514\"><a href=\"https:\/\/dvadukata.com\/it\/calcolo-delle-imposte-sui-salari-e-dei-benefici\/\" class=\"elementor-item\" tabindex=\"-1\">Busta paga - calcolo di tasse, salari e benefici<\/a><\/li>\n<li class=\"menu-item menu-item-type-post_type menu-item-object-page menu-item-516\"><a href=\"https:\/\/dvadukata.com\/it\/avvocato-tributario-nel-territorio-della-repubblica-di-serbia\/\" class=\"elementor-item\" tabindex=\"-1\">Procura fiscale sul territorio della Repubblica di Serbia<\/a><\/li>\n<\/ul>\t\t\t<\/nav>\n\t\t\t\t\t\t<\/div>\n\t\t\t\t<\/div>\n\t\t\t\t<div class=\"elementor-element elementor-element-75739c9 elementor-widget-mobile__width-inherit elementor-hidden-desktop elementor-hidden-tablet elementor-widget elementor-widget-heading\" data-id=\"75739c9\" data-element_type=\"widget\" data-widget_type=\"heading.default\">\n\t\t\t\t<div class=\"elementor-widget-container\">\n\t\t\t\t\t<h2 class=\"elementor-heading-title elementor-size-default\">Servizi contabili Banja Luka<\/h2>\t\t\t\t<\/div>\n\t\t\t\t<\/div>\n\t\t\t\t<\/div>\n\t\t<div class=\"elementor-element elementor-element-ce80965 e-con-full e-flex e-con e-child\" data-id=\"ce80965\" data-element_type=\"container\">\n\t\t\t\t<div class=\"elementor-element elementor-element-65de317 elementor-widget elementor-widget-heading\" data-id=\"65de317\" data-element_type=\"widget\" data-widget_type=\"heading.default\">\n\t\t\t\t<div class=\"elementor-widget-container\">\n\t\t\t\t\t<h2 class=\"elementor-heading-title elementor-size-default\">Servizi contabili Banja Luka<\/h2>\t\t\t\t<\/div>\n\t\t\t\t<\/div>\n\t\t\t\t<div class=\"elementor-element elementor-element-62e6a2c elementor-widget elementor-widget-image-carousel\" data-id=\"62e6a2c\" data-element_type=\"widget\" data-settings=\"{&quot;slides_to_show&quot;:&quot;3&quot;,&quot;slides_to_scroll&quot;:&quot;1&quot;,&quot;navigation&quot;:&quot;none&quot;,&quot;speed&quot;:500,&quot;image_spacing_custom&quot;:{&quot;unit&quot;:&quot;px&quot;,&quot;size&quot;:20,&quot;sizes&quot;:[]},&quot;image_spacing_custom_tablet&quot;:{&quot;unit&quot;:&quot;px&quot;,&quot;size&quot;:&quot;&quot;,&quot;sizes&quot;:[]},&quot;image_spacing_custom_mobile&quot;:{&quot;unit&quot;:&quot;px&quot;,&quot;size&quot;:&quot;&quot;,&quot;sizes&quot;:[]}}\" data-widget_type=\"image-carousel.default\">\n\t\t\t\t<div class=\"elementor-widget-container\">\n\t\t\t\t\t\t\t<div class=\"elementor-image-carousel-wrapper swiper\" role=\"region\" aria-roledescription=\"carousel\" aria-label=\"Pittura della giostra\" dir=\"ltr\">\n\t\t\t<div class=\"elementor-image-carousel swiper-wrapper\" aria-live=\"polite\">\n\t\t\t\t\t\t\t\t<div class=\"swiper-slide\" role=\"group\" aria-roledescription=\"slide\" aria-label=\"1 od 3\" data-no-translation-aria-label=\"\"><figure class=\"swiper-slide-inner\"><img decoding=\"async\" class=\"swiper-slide-image\" src=\"https:\/\/dvadukata.com\/wp-content\/uploads\/2025\/09\/001.jpg\" alt=\"001\" \/><\/figure><\/div><div class=\"swiper-slide\" role=\"group\" aria-roledescription=\"slide\" aria-label=\"2 od 3\" data-no-translation-aria-label=\"\"><figure class=\"swiper-slide-inner\"><img decoding=\"async\" class=\"swiper-slide-image\" src=\"https:\/\/dvadukata.com\/wp-content\/uploads\/2025\/09\/20250901-102901-scaled.jpg\" alt=\"20250901-102901\" \/><\/figure><\/div><div class=\"swiper-slide\" role=\"group\" aria-roledescription=\"slide\" aria-label=\"3 od 3\" data-no-translation-aria-label=\"\"><figure class=\"swiper-slide-inner\"><img decoding=\"async\" class=\"swiper-slide-image\" src=\"https:\/\/dvadukata.com\/wp-content\/uploads\/2025\/09\/20250901-102344-scaled.jpg\" alt=\"20250901-102344\" \/><\/figure><\/div>\t\t\t<\/div>\n\t\t\t\t\t\t\t\n\t\t\t\t\t\t\t\t\t<\/div>\n\t\t\t\t\t\t<\/div>\n\t\t\t\t<\/div>\n\t\t\t\t<div class=\"elementor-element elementor-element-b759ca0 elementor-widget elementor-widget-text-editor\" data-id=\"b759ca0\" data-element_type=\"widget\" data-widget_type=\"text-editor.default\">\n\t\t\t\t<div class=\"elementor-widget-container\">\n\t\t\t\t\t\t\t\t\t<p><b>MGI Dva Dukata a Banja Luka: supporto locale con portata globale<\/b><\/p><p>Da ottobre 2021, MGI Dva Dukata offre servizi professionali completi sul territorio della Bosnia-Erzegovina, con sede nei moderni uffici di Banja Luka. La nostra presenza in questo centro regionale consente ai clienti provenienti da Serbia, Bosnia-Erzegovina e dal pi\u00f9 ampio contesto internazionale di operare in modo efficiente, armonioso e con il pieno supporto del team locale.<\/p><p>Gli uffici di Banja Luka sono dotati di infrastrutture moderne, spazi di coworking e sale per riunioni aziendali, che consentono ai nostri clienti di entrare nel mercato della Bosnia-Erzegovina senza la necessit\u00e0 di ulteriori investimenti nella logistica locale. La stessa comodit\u00e0 \u00e8 disponibile per i clienti della Bosnia-Erzegovina che desiderano espandere la propria attivit\u00e0 in Serbia, con il nostro supporto operativo, contabile e fiscale su entrambi i lati del confine.<\/p><p><b><img decoding=\"async\" class=\"emoji\" role=\"img\" draggable=\"false\" src=\"https:\/\/s.w.org\/images\/core\/emoji\/16.0.1\/svg\/1f9fe.svg\" alt=\"\ud83e\uddfe\" \/> I servizi che forniamo a Banja Luka includono:<\/b><\/p><p>\u00b7 Servizi di contabilit\u00e0 in conformit\u00e0 con le normative locali e gli standard internazionali<\/p><p>\u00b7 Calcolo degli stipendi (busta paga), nel pieno rispetto delle leggi della Repubblica Srpska e della Bosnia-Erzegovina<\/p><p>\u00b7 Consulenza fiscale, comprese le transazioni transfrontaliere, la ritenuta alla fonte e l&#039;applicazione delle convenzioni contro le doppie imposizioni<\/p><p>\u00b7 Supporto amministrativo e operativo per entit\u00e0 giuridiche straniere e aziende nazionali in espansione<\/p><p>\u00b7 Accesso allo spazio di coworking per trattative commerciali, riunioni di lavoro e presenza temporanea sul mercato<\/p><p><b><br \/><img decoding=\"async\" class=\"emoji\" role=\"img\" draggable=\"false\" src=\"https:\/\/s.w.org\/images\/core\/emoji\/16.0.1\/svg\/1f30d.svg\" alt=\"\ud83c\udf0d\" \/> Una posizione unica nella rete internazionale<\/b><\/p><p>MGI Dva Dukata \u00e8 la prima e unica societ\u00e0 di revisione contabile in Bosnia ed Erzegovina a far parte dell&#039;associazione globale MGI Worldwide, una delle principali reti internazionali di commercialisti, revisori contabili e consulenti fiscali indipendenti. Questa adesione offre ai nostri clienti numerosi vantaggi:<\/p><p>\u00b7 Accesso agli standard e alle pratiche internazionali<\/p><p>\u00b7 Capacit\u00e0 di connettersi con partner in tutto il mondo<\/p><p>\u00b7 Conformit\u00e0 ai requisiti delle aziende e degli investitori globali<\/p><p>\u00b7 Credibilit\u00e0 reputazionale che facilita lo svolgimento di attivit\u00e0 commerciali in un ambiente internazionale<\/p><p>Banja Luka come punto di supporto per la tua attivit\u00e0 Che tu sia un&#039;azienda nazionale in espansione, un investitore internazionale o una persona giuridica in cerca di supporto locale, il nostro team a Banja Luka \u00e8 pronto a seguirti, consigliarti e supportarti operativamente in ogni fase del percorso.<\/p><p><b><br \/>MGI Dva Dukata: colleghiamo i mercati, creiamo fiducia.<\/b><\/p>\t\t\t\t\t\t\t\t<\/div>\n\t\t\t\t<\/div>\n\t\t\t\t<div class=\"elementor-element elementor-element-e086783 elementor-widget elementor-widget-button\" data-id=\"e086783\" data-element_type=\"widget\" data-widget_type=\"button.default\">\n\t\t\t\t<div class=\"elementor-widget-container\">\n\t\t\t\t\t\t\t\t\t<div class=\"elementor-button-wrapper\">\n\t\t\t\t\t<a class=\"elementor-button elementor-button-link elementor-size-sm\" href=\"#elementor-action%3Aaction%3Dpopup%3Aopen%26settings%3DeyJpZCI6IjE1MiIsInRvZ2dsZSI6ZmFsc2V9\">\n\t\t\t\t\t\t<span class=\"elementor-button-content-wrapper\">\n\t\t\t\t\t\t\t\t\t<span class=\"elementor-button-text\">Fissa un appuntamento.<\/span>\n\t\t\t\t\t<\/span>\n\t\t\t\t\t<\/a>\n\t\t\t\t<\/div>\n\t\t\t\t\t\t\t\t<\/div>\n\t\t\t\t<\/div>\n\t\t\t\t<\/div>\n\t\t\t\t\t<\/div>\n\t\t\t\t<\/div>\n\t\t\t\t<\/div>","protected":false},"excerpt":{"rendered":"<p>MGI Dva Dukata u Banja Luci \u2014 lokalna podr\u0161ka sa globalnim dometom Od oktobra 2021. godine, MGI Dva Dukata pru\u017ea kompletne profesionalne usluge i na teritoriji Bosne i Hercegovine, sa sedi\u0161tem u modernim kancelarijama u Banja Luci. Na\u0161a prisutnost u ovom regionalnom centru omogu\u0107ava klijentima iz Srbije, Bosne i Hercegovine i \u0161ireg me\u0111unarodnog okru\u017eenja da [&hellip;]<\/p>","protected":false},"author":1,"featured_media":765,"parent":0,"menu_order":0,"comment_status":"closed","ping_status":"closed","template":"elementor_header_footer","meta":{"footnotes":""},"class_list":["post-245","page","type-page","status-publish","has-post-thumbnail","hentry"],"yoast_head":"<!-- This site is optimized with the Yoast SEO plugin v23.4 - https:\/\/yoast.com\/wordpress\/plugins\/seo\/ -->\n<title>Ra\u010dunovodske usluge Banja Luka - DvaDukata.com<\/title>\n<meta name=\"robots\" content=\"index, follow, max-snippet:-1, max-image-preview:large, max-video-preview:-1\" \/>\n<link rel=\"canonical\" href=\"https:\/\/dvadukata.com\/it\/servizi-contabili-banja-luka\/\" \/>\n<meta property=\"og:locale\" content=\"it_IT\" \/>\n<meta property=\"og:type\" content=\"article\" \/>\n<meta property=\"og:title\" content=\"Ra\u010dunovodske usluge Banja Luka - DvaDukata.com\" \/>\n<meta property=\"og:description\" content=\"MGI Dva Dukata u Banja Luci \u2014 lokalna podr\u0161ka sa globalnim dometom Od oktobra 2021. godine, MGI Dva Dukata pru\u017ea kompletne profesionalne usluge i na teritoriji Bosne i Hercegovine, sa sedi\u0161tem u modernim kancelarijama u Banja Luci. Na\u0161a prisutnost u ovom regionalnom centru omogu\u0107ava klijentima iz Srbije, Bosne i Hercegovine i \u0161ireg me\u0111unarodnog okru\u017eenja da [&hellip;]\" \/>\n<meta property=\"og:url\" content=\"https:\/\/dvadukata.com\/it\/servizi-contabili-banja-luka\/\" \/>\n<meta property=\"og:site_name\" content=\"DvaDukata.com\" \/>\n<meta property=\"article:modified_time\" content=\"2026-04-21T08:47:59+00:00\" \/>\n<meta property=\"og:image\" content=\"https:\/\/dvadukata.com\/wp-content\/uploads\/2025\/08\/Group-3-e1756216271478.jpg\" \/>\n\t<meta property=\"og:image:width\" content=\"2400\" \/>\n\t<meta property=\"og:image:height\" content=\"1260\" \/>\n\t<meta property=\"og:image:type\" content=\"image\/jpeg\" \/>\n<meta name=\"twitter:card\" content=\"summary_large_image\" \/>\n<meta name=\"twitter:label1\" content=\"Tempo di lettura stimato\" \/>\n\t<meta name=\"twitter:data1\" content=\"3 minuti\" \/>\n<script type=\"application\/ld+json\" class=\"yoast-schema-graph\">{\"@context\":\"https:\/\/schema.org\",\"@graph\":[{\"@type\":\"WebPage\",\"@id\":\"https:\/\/dvadukata.com\/racunovodske-usluge-banja-luka\/\",\"url\":\"https:\/\/dvadukata.com\/racunovodske-usluge-banja-luka\/\",\"name\":\"Ra\u010dunovodske usluge Banja Luka - DvaDukata.com\",\"isPartOf\":{\"@id\":\"https:\/\/dvadukata.com\/#website\"},\"primaryImageOfPage\":{\"@id\":\"https:\/\/dvadukata.com\/racunovodske-usluge-banja-luka\/#primaryimage\"},\"image\":{\"@id\":\"https:\/\/dvadukata.com\/racunovodske-usluge-banja-luka\/#primaryimage\"},\"thumbnailUrl\":\"https:\/\/dvadukata.com\/wp-content\/uploads\/2025\/08\/Group-3-e1756216271478.jpg\",\"datePublished\":\"2025-06-18T13:57:27+00:00\",\"dateModified\":\"2026-04-21T08:47:59+00:00\",\"breadcrumb\":{\"@id\":\"https:\/\/dvadukata.com\/racunovodske-usluge-banja-luka\/#breadcrumb\"},\"inLanguage\":\"it-IT\",\"potentialAction\":[{\"@type\":\"ReadAction\",\"target\":[\"https:\/\/dvadukata.com\/racunovodske-usluge-banja-luka\/\"]}]},{\"@type\":\"ImageObject\",\"inLanguage\":\"it-IT\",\"@id\":\"https:\/\/dvadukata.com\/racunovodske-usluge-banja-luka\/#primaryimage\",\"url\":\"https:\/\/dvadukata.com\/wp-content\/uploads\/2025\/08\/Group-3-e1756216271478.jpg\",\"contentUrl\":\"https:\/\/dvadukata.com\/wp-content\/uploads\/2025\/08\/Group-3-e1756216271478.jpg\",\"width\":2400,\"height\":1260},{\"@type\":\"BreadcrumbList\",\"@id\":\"https:\/\/dvadukata.com\/racunovodske-usluge-banja-luka\/#breadcrumb\",\"itemListElement\":[{\"@type\":\"ListItem\",\"position\":1,\"name\":\"Home\",\"item\":\"https:\/\/dvadukata.com\/\"},{\"@type\":\"ListItem\",\"position\":2,\"name\":\"Ra\u010dunovodske usluge Banja Luka\"}]},{\"@type\":\"WebSite\",\"@id\":\"https:\/\/dvadukata.com\/#website\",\"url\":\"https:\/\/dvadukata.com\/\",\"name\":\"DvaDukata.com\",\"description\":\"Va\u0161i porezi su manji sa nama\",\"potentialAction\":[{\"@type\":\"SearchAction\",\"target\":{\"@type\":\"EntryPoint\",\"urlTemplate\":\"https:\/\/dvadukata.com\/?s={search_term_string}\"},\"query-input\":{\"@type\":\"PropertyValueSpecification\",\"valueRequired\":true,\"valueName\":\"search_term_string\"}}],\"inLanguage\":\"it-IT\"}]}<\/script>\n<!-- \/ Yoast SEO plugin. -->","yoast_head_json":{"title":"Ra\u010dunovodske usluge Banja Luka - DvaDukata.com","robots":{"index":"index","follow":"follow","max-snippet":"max-snippet:-1","max-image-preview":"max-image-preview:large","max-video-preview":"max-video-preview:-1"},"canonical":"https:\/\/dvadukata.com\/it\/servizi-contabili-banja-luka\/","og_locale":"it_IT","og_type":"article","og_title":"Ra\u010dunovodske usluge Banja Luka - DvaDukata.com","og_description":"MGI Dva Dukata u Banja Luci \u2014 lokalna podr\u0161ka sa globalnim dometom Od oktobra 2021. godine, MGI Dva Dukata pru\u017ea kompletne profesionalne usluge i na teritoriji Bosne i Hercegovine, sa sedi\u0161tem u modernim kancelarijama u Banja Luci. Na\u0161a prisutnost u ovom regionalnom centru omogu\u0107ava klijentima iz Srbije, Bosne i Hercegovine i \u0161ireg me\u0111unarodnog okru\u017eenja da [&hellip;]","og_url":"https:\/\/dvadukata.com\/it\/servizi-contabili-banja-luka\/","og_site_name":"DvaDukata.com","article_modified_time":"2026-04-21T08:47:59+00:00","og_image":[{"width":2400,"height":1260,"url":"https:\/\/dvadukata.com\/wp-content\/uploads\/2025\/08\/Group-3-e1756216271478.jpg","type":"image\/jpeg"}],"twitter_card":"summary_large_image","twitter_misc":{"Tempo di lettura stimato":"3 minuti"},"schema":{"@context":"https:\/\/schema.org","@graph":[{"@type":"WebPage","@id":"https:\/\/dvadukata.com\/racunovodske-usluge-banja-luka\/","url":"https:\/\/dvadukata.com\/racunovodske-usluge-banja-luka\/","name":"Ra\u010dunovodske usluge Banja Luka - DvaDukata.com","isPartOf":{"@id":"https:\/\/dvadukata.com\/#website"},"primaryImageOfPage":{"@id":"https:\/\/dvadukata.com\/racunovodske-usluge-banja-luka\/#primaryimage"},"image":{"@id":"https:\/\/dvadukata.com\/racunovodske-usluge-banja-luka\/#primaryimage"},"thumbnailUrl":"https:\/\/dvadukata.com\/wp-content\/uploads\/2025\/08\/Group-3-e1756216271478.jpg","datePublished":"2025-06-18T13:57:27+00:00","dateModified":"2026-04-21T08:47:59+00:00","breadcrumb":{"@id":"https:\/\/dvadukata.com\/racunovodske-usluge-banja-luka\/#breadcrumb"},"inLanguage":"it-IT","potentialAction":[{"@type":"ReadAction","target":["https:\/\/dvadukata.com\/racunovodske-usluge-banja-luka\/"]}]},{"@type":"ImageObject","inLanguage":"it-IT","@id":"https:\/\/dvadukata.com\/racunovodske-usluge-banja-luka\/#primaryimage","url":"https:\/\/dvadukata.com\/wp-content\/uploads\/2025\/08\/Group-3-e1756216271478.jpg","contentUrl":"https:\/\/dvadukata.com\/wp-content\/uploads\/2025\/08\/Group-3-e1756216271478.jpg","width":2400,"height":1260},{"@type":"BreadcrumbList","@id":"https:\/\/dvadukata.com\/racunovodske-usluge-banja-luka\/#breadcrumb","itemListElement":[{"@type":"ListItem","position":1,"name":"Home","item":"https:\/\/dvadukata.com\/"},{"@type":"ListItem","position":2,"name":"Ra\u010dunovodske usluge Banja Luka"}]},{"@type":"WebSite","@id":"https:\/\/dvadukata.com\/#website","url":"https:\/\/dvadukata.com\/","name":"DvaDukata.com","description":"Va\u0161i porezi su manji sa nama","potentialAction":[{"@type":"SearchAction","target":{"@type":"EntryPoint","urlTemplate":"https:\/\/dvadukata.com\/?s={search_term_string}"},"query-input":{"@type":"PropertyValueSpecification","valueRequired":true,"valueName":"search_term_string"}}],"inLanguage":"it-IT"}]}},"_links":{"self":[{"href":"https:\/\/dvadukata.com\/it\/wp-json\/wp\/v2\/pages\/245","targetHints":{"allow":["GET"]}}],"collection":[{"href":"https:\/\/dvadukata.com\/it\/wp-json\/wp\/v2\/pages"}],"about":[{"href":"https:\/\/dvadukata.com\/it\/wp-json\/wp\/v2\/types\/page"}],"author":[{"embeddable":true,"href":"https:\/\/dvadukata.com\/it\/wp-json\/wp\/v2\/users\/1"}],"replies":[{"embeddable":true,"href":"https:\/\/dvadukata.com\/it\/wp-json\/wp\/v2\/comments?post=245"}],"version-history":[{"count":25,"href":"https:\/\/dvadukata.com\/it\/wp-json\/wp\/v2\/pages\/245\/revisions"}],"predecessor-version":[{"id":1129,"href":"https:\/\/dvadukata.com\/it\/wp-json\/wp\/v2\/pages\/245\/revisions\/1129"}],"wp:featuredmedia":[{"embeddable":true,"href":"https:\/\/dvadukata.com\/it\/wp-json\/wp\/v2\/media\/765"}],"wp:attachment":[{"href":"https:\/\/dvadukata.com\/it\/wp-json\/wp\/v2\/media?parent=245"}],"curies":[{"name":"wp","href":"https:\/\/api.w.org\/{rel}","templated":true}]}}