{"id":136,"date":"2025-06-18T10:44:38","date_gmt":"2025-06-18T10:44:38","guid":{"rendered":"https:\/\/dvadukata.com\/?page_id=136"},"modified":"2026-04-21T08:47:18","modified_gmt":"2026-04-21T08:47:18","slug":"contabilita","status":"publish","type":"page","link":"https:\/\/dvadukata.com\/it\/contabilita\/","title":{"rendered":"Contabilit\u00e0"},"content":{"rendered":"<div data-elementor-type=\"wp-page\" data-elementor-id=\"136\" class=\"elementor elementor-136\" data-elementor-post-type=\"page\">\n\t\t\t\t<div class=\"elementor-element elementor-element-6d76099 e-flex e-con-boxed e-con e-parent\" data-id=\"6d76099\" data-element_type=\"container\">\n\t\t\t\t\t<div class=\"e-con-inner\">\n\t\t<div class=\"elementor-element elementor-element-362a6c3 e-con-full e-flex e-con e-child\" data-id=\"362a6c3\" data-element_type=\"container\" data-settings=\"{&quot;background_background&quot;:&quot;classic&quot;}\">\n\t\t\t\t<div class=\"elementor-element elementor-element-09c6659 elementor-nav-menu--dropdown-mobile elementor-nav-menu--stretch elementor-nav-menu__text-align-aside elementor-nav-menu--toggle elementor-nav-menu--burger elementor-widget elementor-widget-nav-menu\" data-id=\"09c6659\" data-element_type=\"widget\" data-settings=\"{&quot;layout&quot;:&quot;vertical&quot;,&quot;full_width&quot;:&quot;stretch&quot;,&quot;submenu_icon&quot;:{&quot;value&quot;:&quot;&lt;svg class=\\&quot;e-font-icon-svg e-fas-caret-down\\&quot; viewBox=\\&quot;0 0 320 512\\&quot; xmlns=\\&quot;http:\\\/\\\/www.w3.org\\\/2000\\\/svg\\&quot;&gt;&lt;path d=\\&quot;M31.3 192h257.3c17.8 0 26.7 21.5 14.1 34.1L174.1 354.8c-7.8 7.8-20.5 7.8-28.3 0L17.2 226.1C4.6 213.5 13.5 192 31.3 192z\\&quot;&gt;&lt;\\\/path&gt;&lt;\\\/svg&gt;&quot;,&quot;library&quot;:&quot;fa-solid&quot;},&quot;toggle&quot;:&quot;burger&quot;}\" data-widget_type=\"nav-menu.default\">\n\t\t\t\t<div class=\"elementor-widget-container\">\n\t\t\t\t\t\t\t\t<nav aria-label=\"Menu\" class=\"elementor-nav-menu--main elementor-nav-menu__container elementor-nav-menu--layout-vertical e--pointer-background e--animation-fade\">\n\t\t\t\t<ul id=\"menu-1-09c6659\" class=\"elementor-nav-menu sm-vertical\"><li class=\"menu-item menu-item-type-post_type menu-item-object-page menu-item-142\"><a href=\"https:\/\/dvadukata.com\/it\/contabilita\/\" class=\"elementor-item\">Contabilit\u00e0<\/a><\/li>\n<li class=\"menu-item menu-item-type-post_type menu-item-object-page menu-item-517\"><a href=\"https:\/\/dvadukata.com\/it\/consulenza-fiscale\/\" class=\"elementor-item\">Consulenza fiscale<\/a><\/li>\n<li class=\"menu-item menu-item-type-post_type menu-item-object-page menu-item-513\"><a href=\"https:\/\/dvadukata.com\/it\/risorse-umane\/\" class=\"elementor-item\">Risorse umane<\/a><\/li>\n<li class=\"menu-item menu-item-type-post_type menu-item-object-page menu-item-512\"><a href=\"https:\/\/dvadukata.com\/it\/rapporti-di-potenza\/\" class=\"elementor-item\">Report di PowerBI<\/a><\/li>\n<li class=\"menu-item menu-item-type-post_type menu-item-object-page menu-item-519\"><a href=\"https:\/\/dvadukata.com\/it\/sviluppo-aziendale\/\" class=\"elementor-item\">Sviluppo aziendale<\/a><\/li>\n<li class=\"menu-item menu-item-type-post_type menu-item-object-page menu-item-515\"><a href=\"https:\/\/dvadukata.com\/it\/supporto-per-le-filiali\/\" class=\"elementor-item\">Supporto di filiale<\/a><\/li>\n<li class=\"menu-item menu-item-type-post_type menu-item-object-page menu-item-518\"><a href=\"https:\/\/dvadukata.com\/it\/servizi-contabili-banja-luka\/\" class=\"elementor-item\">Servizi contabili Banja Luka<\/a><\/li>\n<li class=\"menu-item menu-item-type-post_type menu-item-object-page menu-item-514\"><a href=\"https:\/\/dvadukata.com\/it\/calcolo-delle-imposte-sui-salari-e-dei-benefici\/\" class=\"elementor-item\">Busta paga - calcolo di tasse, salari e benefici<\/a><\/li>\n<li class=\"menu-item menu-item-type-post_type menu-item-object-page menu-item-516\"><a href=\"https:\/\/dvadukata.com\/it\/avvocato-tributario-nel-territorio-della-repubblica-di-serbia\/\" class=\"elementor-item\">Procura fiscale sul territorio della Repubblica di Serbia<\/a><\/li>\n<\/ul>\t\t\t<\/nav>\n\t\t\t\t\t<div class=\"elementor-menu-toggle\" role=\"button\" tabindex=\"0\" aria-label=\"Attiva\/disattiva menu\" aria-expanded=\"false\">\n\t\t\t<span class=\"elementor-menu-toggle__icon--open\"><svg xmlns=\"http:\/\/www.w3.org\/2000\/svg\" width=\"11\" height=\"7\" viewbox=\"0 0 11 7\" fill=\"none\"><path d=\"M10.854 1.35369L5.85403 6.35369C5.80759 6.40018 5.75245 6.43706 5.69175 6.46222C5.63105 6.48738 5.56599 6.50034 5.50028 6.50034C5.43457 6.50034 5.36951 6.48738 5.30881 6.46222C5.24811 6.43706 5.19296 6.40018 5.14653 6.35369L0.146528 1.35369C0.0527077 1.25987 0 1.13262 0 0.999942C0 0.86726 0.0527077 0.740012 0.146528 0.646192C0.240348 0.552372 0.367596 0.499664 0.500278 0.499664C0.63296 0.499664 0.760208 0.552372 0.854028 0.646192L5.50028 5.29307L10.1465 0.646192C10.193 0.599737 10.2481 0.562887 10.3088 0.537745C10.3695 0.512604 10.4346 0.499664 10.5003 0.499664C10.566 0.499664 10.631 0.512604 10.6917 0.537745C10.7524 0.562887 10.8076 0.599737 10.854 0.646192C10.9005 0.692647 10.9373 0.747798 10.9625 0.808494C10.9876 0.869191 11.0006 0.934245 11.0006 0.999942C11.0006 1.06564 10.9876 1.13069 10.9625 1.19139C10.9373 1.25209 10.9005 1.30724 10.854 1.35369Z\" fill=\"#004680\"><\/path><\/svg><\/span><span class=\"elementor-menu-toggle__icon--close\"><svg xmlns=\"http:\/\/www.w3.org\/2000\/svg\" width=\"11\" height=\"7\" viewbox=\"0 0 11 7\" fill=\"none\"><path d=\"M10.854 1.35369L5.85403 6.35369C5.80759 6.40018 5.75245 6.43706 5.69175 6.46222C5.63105 6.48738 5.56599 6.50034 5.50028 6.50034C5.43457 6.50034 5.36951 6.48738 5.30881 6.46222C5.24811 6.43706 5.19296 6.40018 5.14653 6.35369L0.146528 1.35369C0.0527077 1.25987 0 1.13262 0 0.999942C0 0.86726 0.0527077 0.740012 0.146528 0.646192C0.240348 0.552372 0.367596 0.499664 0.500278 0.499664C0.63296 0.499664 0.760208 0.552372 0.854028 0.646192L5.50028 5.29307L10.1465 0.646192C10.193 0.599737 10.2481 0.562887 10.3088 0.537745C10.3695 0.512604 10.4346 0.499664 10.5003 0.499664C10.566 0.499664 10.631 0.512604 10.6917 0.537745C10.7524 0.562887 10.8076 0.599737 10.854 0.646192C10.9005 0.692647 10.9373 0.747798 10.9625 0.808494C10.9876 0.869191 11.0006 0.934245 11.0006 0.999942C11.0006 1.06564 10.9876 1.13069 10.9625 1.19139C10.9373 1.25209 10.9005 1.30724 10.854 1.35369Z\" fill=\"#004680\"><\/path><\/svg><\/span>\t\t<\/div>\n\t\t\t\t\t<nav class=\"elementor-nav-menu--dropdown elementor-nav-menu__container\" aria-hidden=\"true\">\n\t\t\t\t<ul id=\"menu-2-09c6659\" class=\"elementor-nav-menu sm-vertical\"><li class=\"menu-item menu-item-type-post_type menu-item-object-page menu-item-142\"><a href=\"https:\/\/dvadukata.com\/it\/contabilita\/\" class=\"elementor-item\" tabindex=\"-1\">Contabilit\u00e0<\/a><\/li>\n<li class=\"menu-item menu-item-type-post_type menu-item-object-page menu-item-517\"><a href=\"https:\/\/dvadukata.com\/it\/consulenza-fiscale\/\" class=\"elementor-item\" tabindex=\"-1\">Consulenza fiscale<\/a><\/li>\n<li class=\"menu-item menu-item-type-post_type menu-item-object-page menu-item-513\"><a href=\"https:\/\/dvadukata.com\/it\/risorse-umane\/\" class=\"elementor-item\" tabindex=\"-1\">Risorse umane<\/a><\/li>\n<li class=\"menu-item menu-item-type-post_type menu-item-object-page menu-item-512\"><a href=\"https:\/\/dvadukata.com\/it\/rapporti-di-potenza\/\" class=\"elementor-item\" tabindex=\"-1\">Report di PowerBI<\/a><\/li>\n<li class=\"menu-item menu-item-type-post_type menu-item-object-page menu-item-519\"><a href=\"https:\/\/dvadukata.com\/it\/sviluppo-aziendale\/\" class=\"elementor-item\" tabindex=\"-1\">Sviluppo aziendale<\/a><\/li>\n<li class=\"menu-item menu-item-type-post_type menu-item-object-page menu-item-515\"><a href=\"https:\/\/dvadukata.com\/it\/supporto-per-le-filiali\/\" class=\"elementor-item\" tabindex=\"-1\">Supporto di filiale<\/a><\/li>\n<li class=\"menu-item menu-item-type-post_type menu-item-object-page menu-item-518\"><a href=\"https:\/\/dvadukata.com\/it\/servizi-contabili-banja-luka\/\" class=\"elementor-item\" tabindex=\"-1\">Servizi contabili Banja Luka<\/a><\/li>\n<li class=\"menu-item menu-item-type-post_type menu-item-object-page menu-item-514\"><a href=\"https:\/\/dvadukata.com\/it\/calcolo-delle-imposte-sui-salari-e-dei-benefici\/\" class=\"elementor-item\" tabindex=\"-1\">Busta paga - calcolo di tasse, salari e benefici<\/a><\/li>\n<li class=\"menu-item menu-item-type-post_type menu-item-object-page menu-item-516\"><a href=\"https:\/\/dvadukata.com\/it\/avvocato-tributario-nel-territorio-della-repubblica-di-serbia\/\" class=\"elementor-item\" tabindex=\"-1\">Procura fiscale sul territorio della Repubblica di Serbia<\/a><\/li>\n<\/ul>\t\t\t<\/nav>\n\t\t\t\t\t\t<\/div>\n\t\t\t\t<\/div>\n\t\t\t\t<div class=\"elementor-element elementor-element-75739c9 elementor-widget-mobile__width-inherit elementor-hidden-desktop elementor-hidden-tablet elementor-widget elementor-widget-heading\" data-id=\"75739c9\" data-element_type=\"widget\" data-widget_type=\"heading.default\">\n\t\t\t\t<div class=\"elementor-widget-container\">\n\t\t\t\t\t<h2 class=\"elementor-heading-title elementor-size-default\">Contabilit\u00e0<\/h2>\t\t\t\t<\/div>\n\t\t\t\t<\/div>\n\t\t\t\t<\/div>\n\t\t<div class=\"elementor-element elementor-element-ce80965 e-con-full e-flex e-con e-child\" data-id=\"ce80965\" data-element_type=\"container\">\n\t\t\t\t<div class=\"elementor-element elementor-element-65de317 elementor-widget elementor-widget-heading\" data-id=\"65de317\" data-element_type=\"widget\" data-widget_type=\"heading.default\">\n\t\t\t\t<div class=\"elementor-widget-container\">\n\t\t\t\t\t<h2 class=\"elementor-heading-title elementor-size-default\">Contabilit\u00e0<\/h2>\t\t\t\t<\/div>\n\t\t\t\t<\/div>\n\t\t\t\t<div class=\"elementor-element elementor-element-b759ca0 elementor-widget elementor-widget-text-editor\" data-id=\"b759ca0\" data-element_type=\"widget\" data-widget_type=\"text-editor.default\">\n\t\t\t\t<div class=\"elementor-widget-container\">\n\t\t\t\t\t\t\t\t\t<p><strong>Servizi di contabilit\u00e0 in piena fiducia<\/strong><\/p><p><br \/>La nostra attivit\u00e0 principale \u00e8 fornire servizi contabili completi a clienti nazionali e internazionali. Ci impegniamo a garantire precisione, accuratezza e tempestivit\u00e0 nell&#039;elaborazione dei dati finanziari, perch\u00e9 sappiamo che una contabilit\u00e0 di qualit\u00e0 non \u00e8 solo un obbligo di legge, ma il fondamento della fiducia e della stabilit\u00e0 aziendale.<\/p><p><br \/><strong>Offriamo ai nostri clienti molto pi\u00f9 della semplice contabilit\u00e0:<\/strong><\/p><p>\ud83d\udccc Informazioni tempestive che aiutano a prendere decisioni<\/p><p>\ud83d\udccc Comunicazione aperta e disponibilit\u00e0 a rispondere a qualsiasi domanda<\/p><p>\ud83d\udccc Approcci adattati in base alle specificit\u00e0 del settore e del modello di business<\/p><p><br \/>Prestiamo particolare attenzione all&#039;applicazione delle norme e dei principi contabili. Per i clienti che operano secondo gli International Financial Reporting Standards (IFRS), monitoriamo costantemente le modifiche e garantiamo la conformit\u00e0 attraverso metodi aggiornati e consulenza specialistica.<\/p><p>Per i clienti la cui attivit\u00e0 \u00e8 soggetta a revisione contabile, organizziamo e coordiniamo il processo di revisione in collaborazione con rinomate societ\u00e0 di revisione. Il nostro ruolo \u00e8 garantire la trasparenza nella preparazione della documentazione, una comunicazione efficace con i revisori e facilitare ogni fase del processo per i clienti.<\/p><p>Il nostro obiettivo \u00e8 essere pi\u00f9 di un semplice collaboratore esterno: far parte del vostro team, che comprende, anticipa e supporta la vostra attivit\u00e0.<\/p>\t\t\t\t\t\t\t\t<\/div>\n\t\t\t\t<\/div>\n\t\t\t\t<div class=\"elementor-element elementor-element-e086783 elementor-widget elementor-widget-button\" data-id=\"e086783\" data-element_type=\"widget\" data-widget_type=\"button.default\">\n\t\t\t\t<div class=\"elementor-widget-container\">\n\t\t\t\t\t\t\t\t\t<div class=\"elementor-button-wrapper\">\n\t\t\t\t\t<a class=\"elementor-button elementor-button-link elementor-size-sm\" href=\"#elementor-action%3Aaction%3Dpopup%3Aopen%26settings%3DeyJpZCI6IjE1MiIsInRvZ2dsZSI6ZmFsc2V9\">\n\t\t\t\t\t\t<span class=\"elementor-button-content-wrapper\">\n\t\t\t\t\t\t\t\t\t<span class=\"elementor-button-text\">Fissa un appuntamento.<\/span>\n\t\t\t\t\t<\/span>\n\t\t\t\t\t<\/a>\n\t\t\t\t<\/div>\n\t\t\t\t\t\t\t\t<\/div>\n\t\t\t\t<\/div>\n\t\t\t\t<\/div>\n\t\t\t\t\t<\/div>\n\t\t\t\t<\/div>\n\t\t\t\t<\/div>","protected":false},"excerpt":{"rendered":"<p>Ra\u010dunovodstvo Ra\u010dunovodstvene usluge sa punim poverenjem Na\u0161a osnovna delatnost je pru\u017eanje sveobuhvatnih ra\u010dunovodstvenih usluga doma\u0107im i me\u0111unarodnim klijentima. Posve\u0107eni smo preciznosti, ta\u010dnosti i blagovremenosti u obradi finansijskih podataka, jer znamo da kvalitetno ra\u010dunovodstvo nije samo zakonska obaveza \u2014 ve\u0107 temelj poverenja i poslovne stabilnosti. Klijentima nudimo vi\u0161e od pukog knji\u017eenja: \ud83d\udccc Pravovremene informacije koje poma\u017eu [&hellip;]<\/p>","protected":false},"author":1,"featured_media":765,"parent":0,"menu_order":0,"comment_status":"closed","ping_status":"closed","template":"elementor_header_footer","meta":{"footnotes":""},"class_list":["post-136","page","type-page","status-publish","has-post-thumbnail","hentry"],"yoast_head":"<!-- This site is optimized with the Yoast SEO plugin v23.4 - https:\/\/yoast.com\/wordpress\/plugins\/seo\/ -->\n<title>Ra\u010dunovodstvo - DvaDukata.com<\/title>\n<meta name=\"robots\" content=\"index, follow, max-snippet:-1, max-image-preview:large, max-video-preview:-1\" \/>\n<link rel=\"canonical\" href=\"https:\/\/dvadukata.com\/it\/contabilita\/\" \/>\n<meta property=\"og:locale\" content=\"it_IT\" \/>\n<meta property=\"og:type\" content=\"article\" \/>\n<meta property=\"og:title\" content=\"Ra\u010dunovodstvo - DvaDukata.com\" \/>\n<meta property=\"og:description\" content=\"Ra\u010dunovodstvo Ra\u010dunovodstvene usluge sa punim poverenjem Na\u0161a osnovna delatnost je pru\u017eanje sveobuhvatnih ra\u010dunovodstvenih usluga doma\u0107im i me\u0111unarodnim klijentima. Posve\u0107eni smo preciznosti, ta\u010dnosti i blagovremenosti u obradi finansijskih podataka, jer znamo da kvalitetno ra\u010dunovodstvo nije samo zakonska obaveza \u2014 ve\u0107 temelj poverenja i poslovne stabilnosti. Klijentima nudimo vi\u0161e od pukog knji\u017eenja: \ud83d\udccc Pravovremene informacije koje poma\u017eu [&hellip;]\" \/>\n<meta property=\"og:url\" content=\"https:\/\/dvadukata.com\/it\/contabilita\/\" \/>\n<meta property=\"og:site_name\" content=\"DvaDukata.com\" \/>\n<meta property=\"article:modified_time\" content=\"2026-04-21T08:47:18+00:00\" \/>\n<meta property=\"og:image\" content=\"https:\/\/dvadukata.com\/wp-content\/uploads\/2025\/08\/Group-3-e1756216271478.jpg\" \/>\n\t<meta property=\"og:image:width\" content=\"2400\" \/>\n\t<meta property=\"og:image:height\" content=\"1260\" \/>\n\t<meta property=\"og:image:type\" content=\"image\/jpeg\" \/>\n<meta name=\"twitter:card\" content=\"summary_large_image\" \/>\n<meta name=\"twitter:label1\" content=\"Tempo di lettura stimato\" \/>\n\t<meta name=\"twitter:data1\" content=\"2 minuti\" \/>\n<script type=\"application\/ld+json\" class=\"yoast-schema-graph\">{\"@context\":\"https:\/\/schema.org\",\"@graph\":[{\"@type\":\"WebPage\",\"@id\":\"https:\/\/dvadukata.com\/racunovodstvo\/\",\"url\":\"https:\/\/dvadukata.com\/racunovodstvo\/\",\"name\":\"Ra\u010dunovodstvo - DvaDukata.com\",\"isPartOf\":{\"@id\":\"https:\/\/dvadukata.com\/#website\"},\"primaryImageOfPage\":{\"@id\":\"https:\/\/dvadukata.com\/racunovodstvo\/#primaryimage\"},\"image\":{\"@id\":\"https:\/\/dvadukata.com\/racunovodstvo\/#primaryimage\"},\"thumbnailUrl\":\"https:\/\/dvadukata.com\/wp-content\/uploads\/2025\/08\/Group-3-e1756216271478.jpg\",\"datePublished\":\"2025-06-18T10:44:38+00:00\",\"dateModified\":\"2026-04-21T08:47:18+00:00\",\"breadcrumb\":{\"@id\":\"https:\/\/dvadukata.com\/racunovodstvo\/#breadcrumb\"},\"inLanguage\":\"it-IT\",\"potentialAction\":[{\"@type\":\"ReadAction\",\"target\":[\"https:\/\/dvadukata.com\/racunovodstvo\/\"]}]},{\"@type\":\"ImageObject\",\"inLanguage\":\"it-IT\",\"@id\":\"https:\/\/dvadukata.com\/racunovodstvo\/#primaryimage\",\"url\":\"https:\/\/dvadukata.com\/wp-content\/uploads\/2025\/08\/Group-3-e1756216271478.jpg\",\"contentUrl\":\"https:\/\/dvadukata.com\/wp-content\/uploads\/2025\/08\/Group-3-e1756216271478.jpg\",\"width\":2400,\"height\":1260},{\"@type\":\"BreadcrumbList\",\"@id\":\"https:\/\/dvadukata.com\/racunovodstvo\/#breadcrumb\",\"itemListElement\":[{\"@type\":\"ListItem\",\"position\":1,\"name\":\"Home\",\"item\":\"https:\/\/dvadukata.com\/\"},{\"@type\":\"ListItem\",\"position\":2,\"name\":\"Ra\u010dunovodstvo\"}]},{\"@type\":\"WebSite\",\"@id\":\"https:\/\/dvadukata.com\/#website\",\"url\":\"https:\/\/dvadukata.com\/\",\"name\":\"DvaDukata.com\",\"description\":\"Va\u0161i porezi su manji sa nama\",\"potentialAction\":[{\"@type\":\"SearchAction\",\"target\":{\"@type\":\"EntryPoint\",\"urlTemplate\":\"https:\/\/dvadukata.com\/?s={search_term_string}\"},\"query-input\":{\"@type\":\"PropertyValueSpecification\",\"valueRequired\":true,\"valueName\":\"search_term_string\"}}],\"inLanguage\":\"it-IT\"}]}<\/script>\n<!-- \/ Yoast SEO plugin. -->","yoast_head_json":{"title":"Ra\u010dunovodstvo - DvaDukata.com","robots":{"index":"index","follow":"follow","max-snippet":"max-snippet:-1","max-image-preview":"max-image-preview:large","max-video-preview":"max-video-preview:-1"},"canonical":"https:\/\/dvadukata.com\/it\/contabilita\/","og_locale":"it_IT","og_type":"article","og_title":"Ra\u010dunovodstvo - DvaDukata.com","og_description":"Ra\u010dunovodstvo Ra\u010dunovodstvene usluge sa punim poverenjem Na\u0161a osnovna delatnost je pru\u017eanje sveobuhvatnih ra\u010dunovodstvenih usluga doma\u0107im i me\u0111unarodnim klijentima. Posve\u0107eni smo preciznosti, ta\u010dnosti i blagovremenosti u obradi finansijskih podataka, jer znamo da kvalitetno ra\u010dunovodstvo nije samo zakonska obaveza \u2014 ve\u0107 temelj poverenja i poslovne stabilnosti. Klijentima nudimo vi\u0161e od pukog knji\u017eenja: \ud83d\udccc Pravovremene informacije koje poma\u017eu [&hellip;]","og_url":"https:\/\/dvadukata.com\/it\/contabilita\/","og_site_name":"DvaDukata.com","article_modified_time":"2026-04-21T08:47:18+00:00","og_image":[{"width":2400,"height":1260,"url":"https:\/\/dvadukata.com\/wp-content\/uploads\/2025\/08\/Group-3-e1756216271478.jpg","type":"image\/jpeg"}],"twitter_card":"summary_large_image","twitter_misc":{"Tempo di lettura stimato":"2 minuti"},"schema":{"@context":"https:\/\/schema.org","@graph":[{"@type":"WebPage","@id":"https:\/\/dvadukata.com\/racunovodstvo\/","url":"https:\/\/dvadukata.com\/racunovodstvo\/","name":"Ra\u010dunovodstvo - DvaDukata.com","isPartOf":{"@id":"https:\/\/dvadukata.com\/#website"},"primaryImageOfPage":{"@id":"https:\/\/dvadukata.com\/racunovodstvo\/#primaryimage"},"image":{"@id":"https:\/\/dvadukata.com\/racunovodstvo\/#primaryimage"},"thumbnailUrl":"https:\/\/dvadukata.com\/wp-content\/uploads\/2025\/08\/Group-3-e1756216271478.jpg","datePublished":"2025-06-18T10:44:38+00:00","dateModified":"2026-04-21T08:47:18+00:00","breadcrumb":{"@id":"https:\/\/dvadukata.com\/racunovodstvo\/#breadcrumb"},"inLanguage":"it-IT","potentialAction":[{"@type":"ReadAction","target":["https:\/\/dvadukata.com\/racunovodstvo\/"]}]},{"@type":"ImageObject","inLanguage":"it-IT","@id":"https:\/\/dvadukata.com\/racunovodstvo\/#primaryimage","url":"https:\/\/dvadukata.com\/wp-content\/uploads\/2025\/08\/Group-3-e1756216271478.jpg","contentUrl":"https:\/\/dvadukata.com\/wp-content\/uploads\/2025\/08\/Group-3-e1756216271478.jpg","width":2400,"height":1260},{"@type":"BreadcrumbList","@id":"https:\/\/dvadukata.com\/racunovodstvo\/#breadcrumb","itemListElement":[{"@type":"ListItem","position":1,"name":"Home","item":"https:\/\/dvadukata.com\/"},{"@type":"ListItem","position":2,"name":"Ra\u010dunovodstvo"}]},{"@type":"WebSite","@id":"https:\/\/dvadukata.com\/#website","url":"https:\/\/dvadukata.com\/","name":"DvaDukata.com","description":"Va\u0161i porezi su manji sa nama","potentialAction":[{"@type":"SearchAction","target":{"@type":"EntryPoint","urlTemplate":"https:\/\/dvadukata.com\/?s={search_term_string}"},"query-input":{"@type":"PropertyValueSpecification","valueRequired":true,"valueName":"search_term_string"}}],"inLanguage":"it-IT"}]}},"_links":{"self":[{"href":"https:\/\/dvadukata.com\/it\/wp-json\/wp\/v2\/pages\/136","targetHints":{"allow":["GET"]}}],"collection":[{"href":"https:\/\/dvadukata.com\/it\/wp-json\/wp\/v2\/pages"}],"about":[{"href":"https:\/\/dvadukata.com\/it\/wp-json\/wp\/v2\/types\/page"}],"author":[{"embeddable":true,"href":"https:\/\/dvadukata.com\/it\/wp-json\/wp\/v2\/users\/1"}],"replies":[{"embeddable":true,"href":"https:\/\/dvadukata.com\/it\/wp-json\/wp\/v2\/comments?post=136"}],"version-history":[{"count":58,"href":"https:\/\/dvadukata.com\/it\/wp-json\/wp\/v2\/pages\/136\/revisions"}],"predecessor-version":[{"id":1111,"href":"https:\/\/dvadukata.com\/it\/wp-json\/wp\/v2\/pages\/136\/revisions\/1111"}],"wp:featuredmedia":[{"embeddable":true,"href":"https:\/\/dvadukata.com\/it\/wp-json\/wp\/v2\/media\/765"}],"wp:attachment":[{"href":"https:\/\/dvadukata.com\/it\/wp-json\/wp\/v2\/media?parent=136"}],"curies":[{"name":"wp","href":"https:\/\/api.w.org\/{rel}","templated":true}]}}