{"id":250,"date":"2025-06-18T13:58:20","date_gmt":"2025-06-18T13:58:20","guid":{"rendered":"https:\/\/dvadukata.com\/?page_id=250"},"modified":"2026-04-21T08:48:06","modified_gmt":"2026-04-21T08:48:06","slug":"adougyved-a-szerb-koztarsasag-teruleten","status":"publish","type":"page","link":"https:\/\/dvadukata.com\/hu\/adougyved-a-szerb-koztarsasag-teruleten\/","title":{"rendered":"Ad\u00f3z\u00e1si meghatalmaz\u00e1s a Szerb K\u00f6zt\u00e1rsas\u00e1g ter\u00fclet\u00e9n"},"content":{"rendered":"<div data-elementor-type=\"wp-page\" data-elementor-id=\"250\" class=\"elementor elementor-250\" data-elementor-post-type=\"page\">\n\t\t\t\t<div class=\"elementor-element elementor-element-6d76099 e-flex e-con-boxed e-con e-parent\" data-id=\"6d76099\" data-element_type=\"container\">\n\t\t\t\t\t<div class=\"e-con-inner\">\n\t\t<div class=\"elementor-element elementor-element-362a6c3 e-con-full e-flex e-con e-child\" data-id=\"362a6c3\" data-element_type=\"container\" data-settings=\"{&quot;background_background&quot;:&quot;classic&quot;}\">\n\t\t\t\t<div class=\"elementor-element elementor-element-09c6659 elementor-nav-menu--dropdown-mobile elementor-nav-menu--stretch elementor-nav-menu__text-align-aside elementor-nav-menu--toggle elementor-nav-menu--burger elementor-widget elementor-widget-nav-menu\" data-id=\"09c6659\" data-element_type=\"widget\" data-settings=\"{&quot;layout&quot;:&quot;vertical&quot;,&quot;full_width&quot;:&quot;stretch&quot;,&quot;submenu_icon&quot;:{&quot;value&quot;:&quot;&lt;svg class=\\&quot;e-font-icon-svg e-fas-caret-down\\&quot; viewBox=\\&quot;0 0 320 512\\&quot; xmlns=\\&quot;http:\\\/\\\/www.w3.org\\\/2000\\\/svg\\&quot;&gt;&lt;path d=\\&quot;M31.3 192h257.3c17.8 0 26.7 21.5 14.1 34.1L174.1 354.8c-7.8 7.8-20.5 7.8-28.3 0L17.2 226.1C4.6 213.5 13.5 192 31.3 192z\\&quot;&gt;&lt;\\\/path&gt;&lt;\\\/svg&gt;&quot;,&quot;library&quot;:&quot;fa-solid&quot;},&quot;toggle&quot;:&quot;burger&quot;}\" data-widget_type=\"nav-menu.default\">\n\t\t\t\t<div class=\"elementor-widget-container\">\n\t\t\t\t\t\t\t\t<nav aria-label=\"Men\u00fc\" class=\"elementor-nav-menu--main elementor-nav-menu__container elementor-nav-menu--layout-vertical e--pointer-background e--animation-fade\">\n\t\t\t\t<ul id=\"menu-1-09c6659\" class=\"elementor-nav-menu sm-vertical\"><li class=\"menu-item menu-item-type-post_type menu-item-object-page menu-item-142\"><a href=\"https:\/\/dvadukata.com\/hu\/szamvitel\/\" class=\"elementor-item\">Sz\u00e1mvitel<\/a><\/li>\n<li class=\"menu-item menu-item-type-post_type menu-item-object-page menu-item-517\"><a href=\"https:\/\/dvadukata.com\/hu\/adotanacsadas\/\" class=\"elementor-item\">ad\u00f3tan\u00e1csad\u00e1s<\/a><\/li>\n<li class=\"menu-item menu-item-type-post_type menu-item-object-page menu-item-513\"><a href=\"https:\/\/dvadukata.com\/hu\/emberi-eroforrasok\/\" class=\"elementor-item\">Emberi er\u0151forr\u00e1sok<\/a><\/li>\n<li class=\"menu-item menu-item-type-post_type menu-item-object-page menu-item-512\"><a href=\"https:\/\/dvadukata.com\/hu\/teljesitmenyjelentesek\/\" class=\"elementor-item\">PowerBI-jelent\u00e9sek<\/a><\/li>\n<li class=\"menu-item menu-item-type-post_type menu-item-object-page menu-item-519\"><a href=\"https:\/\/dvadukata.com\/hu\/uzletfejlesztes\/\" class=\"elementor-item\">\u00dczletfejleszt\u00e9s<\/a><\/li>\n<li class=\"menu-item menu-item-type-post_type menu-item-object-page menu-item-515\"><a href=\"https:\/\/dvadukata.com\/hu\/fioktelepek-tamogatasa\/\" class=\"elementor-item\">Fi\u00f3ktelepi t\u00e1mogat\u00e1s<\/a><\/li>\n<li class=\"menu-item menu-item-type-post_type menu-item-object-page menu-item-518\"><a href=\"https:\/\/dvadukata.com\/hu\/szamviteli-szolgaltatasok-banja-luka\/\" class=\"elementor-item\">Sz\u00e1mviteli szolg\u00e1ltat\u00e1sok Banja Luka<\/a><\/li>\n<li class=\"menu-item menu-item-type-post_type menu-item-object-page menu-item-514\"><a href=\"https:\/\/dvadukata.com\/hu\/berek-es-juttatasok-berado-szamitasa\/\" class=\"elementor-item\">B\u00e9rsz\u00e1mfejt\u00e9s - ad\u00f3k, b\u00e9rek \u00e9s juttat\u00e1sok kisz\u00e1m\u00edt\u00e1sa<\/a><\/li>\n<li class=\"menu-item menu-item-type-post_type menu-item-object-page menu-item-516\"><a href=\"https:\/\/dvadukata.com\/hu\/adougyved-a-szerb-koztarsasag-teruleten\/\" class=\"elementor-item\">Ad\u00f3z\u00e1si meghatalmaz\u00e1s a Szerb K\u00f6zt\u00e1rsas\u00e1g ter\u00fclet\u00e9n<\/a><\/li>\n<\/ul>\t\t\t<\/nav>\n\t\t\t\t\t<div class=\"elementor-menu-toggle\" role=\"button\" tabindex=\"0\" aria-label=\"Men\u00fc v\u00e1lt\u00e1sa\" aria-expanded=\"false\">\n\t\t\t<span class=\"elementor-menu-toggle__icon--open\"><svg xmlns=\"http:\/\/www.w3.org\/2000\/svg\" width=\"11\" height=\"7\" viewbox=\"0 0 11 7\" fill=\"none\"><path d=\"M10.854 1.35369L5.85403 6.35369C5.80759 6.40018 5.75245 6.43706 5.69175 6.46222C5.63105 6.48738 5.56599 6.50034 5.50028 6.50034C5.43457 6.50034 5.36951 6.48738 5.30881 6.46222C5.24811 6.43706 5.19296 6.40018 5.14653 6.35369L0.146528 1.35369C0.0527077 1.25987 0 1.13262 0 0.999942C0 0.86726 0.0527077 0.740012 0.146528 0.646192C0.240348 0.552372 0.367596 0.499664 0.500278 0.499664C0.63296 0.499664 0.760208 0.552372 0.854028 0.646192L5.50028 5.29307L10.1465 0.646192C10.193 0.599737 10.2481 0.562887 10.3088 0.537745C10.3695 0.512604 10.4346 0.499664 10.5003 0.499664C10.566 0.499664 10.631 0.512604 10.6917 0.537745C10.7524 0.562887 10.8076 0.599737 10.854 0.646192C10.9005 0.692647 10.9373 0.747798 10.9625 0.808494C10.9876 0.869191 11.0006 0.934245 11.0006 0.999942C11.0006 1.06564 10.9876 1.13069 10.9625 1.19139C10.9373 1.25209 10.9005 1.30724 10.854 1.35369Z\" fill=\"#004680\"><\/path><\/svg><\/span><span class=\"elementor-menu-toggle__icon--close\"><svg xmlns=\"http:\/\/www.w3.org\/2000\/svg\" width=\"11\" height=\"7\" viewbox=\"0 0 11 7\" fill=\"none\"><path d=\"M10.854 1.35369L5.85403 6.35369C5.80759 6.40018 5.75245 6.43706 5.69175 6.46222C5.63105 6.48738 5.56599 6.50034 5.50028 6.50034C5.43457 6.50034 5.36951 6.48738 5.30881 6.46222C5.24811 6.43706 5.19296 6.40018 5.14653 6.35369L0.146528 1.35369C0.0527077 1.25987 0 1.13262 0 0.999942C0 0.86726 0.0527077 0.740012 0.146528 0.646192C0.240348 0.552372 0.367596 0.499664 0.500278 0.499664C0.63296 0.499664 0.760208 0.552372 0.854028 0.646192L5.50028 5.29307L10.1465 0.646192C10.193 0.599737 10.2481 0.562887 10.3088 0.537745C10.3695 0.512604 10.4346 0.499664 10.5003 0.499664C10.566 0.499664 10.631 0.512604 10.6917 0.537745C10.7524 0.562887 10.8076 0.599737 10.854 0.646192C10.9005 0.692647 10.9373 0.747798 10.9625 0.808494C10.9876 0.869191 11.0006 0.934245 11.0006 0.999942C11.0006 1.06564 10.9876 1.13069 10.9625 1.19139C10.9373 1.25209 10.9005 1.30724 10.854 1.35369Z\" fill=\"#004680\"><\/path><\/svg><\/span>\t\t<\/div>\n\t\t\t\t\t<nav class=\"elementor-nav-menu--dropdown elementor-nav-menu__container\" aria-hidden=\"true\">\n\t\t\t\t<ul id=\"menu-2-09c6659\" class=\"elementor-nav-menu sm-vertical\"><li class=\"menu-item menu-item-type-post_type menu-item-object-page menu-item-142\"><a href=\"https:\/\/dvadukata.com\/hu\/szamvitel\/\" class=\"elementor-item\" tabindex=\"-1\">Sz\u00e1mvitel<\/a><\/li>\n<li class=\"menu-item menu-item-type-post_type menu-item-object-page menu-item-517\"><a href=\"https:\/\/dvadukata.com\/hu\/adotanacsadas\/\" class=\"elementor-item\" tabindex=\"-1\">ad\u00f3tan\u00e1csad\u00e1s<\/a><\/li>\n<li class=\"menu-item menu-item-type-post_type menu-item-object-page menu-item-513\"><a href=\"https:\/\/dvadukata.com\/hu\/emberi-eroforrasok\/\" class=\"elementor-item\" tabindex=\"-1\">Emberi er\u0151forr\u00e1sok<\/a><\/li>\n<li class=\"menu-item menu-item-type-post_type menu-item-object-page menu-item-512\"><a href=\"https:\/\/dvadukata.com\/hu\/teljesitmenyjelentesek\/\" class=\"elementor-item\" tabindex=\"-1\">PowerBI-jelent\u00e9sek<\/a><\/li>\n<li class=\"menu-item menu-item-type-post_type menu-item-object-page menu-item-519\"><a href=\"https:\/\/dvadukata.com\/hu\/uzletfejlesztes\/\" class=\"elementor-item\" tabindex=\"-1\">\u00dczletfejleszt\u00e9s<\/a><\/li>\n<li class=\"menu-item menu-item-type-post_type menu-item-object-page menu-item-515\"><a href=\"https:\/\/dvadukata.com\/hu\/fioktelepek-tamogatasa\/\" class=\"elementor-item\" tabindex=\"-1\">Fi\u00f3ktelepi t\u00e1mogat\u00e1s<\/a><\/li>\n<li class=\"menu-item menu-item-type-post_type menu-item-object-page menu-item-518\"><a href=\"https:\/\/dvadukata.com\/hu\/szamviteli-szolgaltatasok-banja-luka\/\" class=\"elementor-item\" tabindex=\"-1\">Sz\u00e1mviteli szolg\u00e1ltat\u00e1sok Banja Luka<\/a><\/li>\n<li class=\"menu-item menu-item-type-post_type menu-item-object-page menu-item-514\"><a href=\"https:\/\/dvadukata.com\/hu\/berek-es-juttatasok-berado-szamitasa\/\" class=\"elementor-item\" tabindex=\"-1\">B\u00e9rsz\u00e1mfejt\u00e9s - ad\u00f3k, b\u00e9rek \u00e9s juttat\u00e1sok kisz\u00e1m\u00edt\u00e1sa<\/a><\/li>\n<li class=\"menu-item menu-item-type-post_type menu-item-object-page menu-item-516\"><a href=\"https:\/\/dvadukata.com\/hu\/adougyved-a-szerb-koztarsasag-teruleten\/\" class=\"elementor-item\" tabindex=\"-1\">Ad\u00f3z\u00e1si meghatalmaz\u00e1s a Szerb K\u00f6zt\u00e1rsas\u00e1g ter\u00fclet\u00e9n<\/a><\/li>\n<\/ul>\t\t\t<\/nav>\n\t\t\t\t\t\t<\/div>\n\t\t\t\t<\/div>\n\t\t\t\t<div class=\"elementor-element elementor-element-75739c9 elementor-widget-mobile__width-inherit elementor-hidden-desktop elementor-hidden-tablet elementor-widget elementor-widget-heading\" data-id=\"75739c9\" data-element_type=\"widget\" data-widget_type=\"heading.default\">\n\t\t\t\t<div class=\"elementor-widget-container\">\n\t\t\t\t\t<h2 class=\"elementor-heading-title elementor-size-default\">Ad\u00f3z\u00e1si meghatalmaz\u00e1s a Szerb K\u00f6zt\u00e1rsas\u00e1g ter\u00fclet\u00e9n<\/h2>\t\t\t\t<\/div>\n\t\t\t\t<\/div>\n\t\t\t\t<\/div>\n\t\t<div class=\"elementor-element elementor-element-ce80965 e-con-full e-flex e-con e-child\" data-id=\"ce80965\" data-element_type=\"container\">\n\t\t\t\t<div class=\"elementor-element elementor-element-65de317 elementor-widget elementor-widget-heading\" data-id=\"65de317\" data-element_type=\"widget\" data-widget_type=\"heading.default\">\n\t\t\t\t<div class=\"elementor-widget-container\">\n\t\t\t\t\t<h2 class=\"elementor-heading-title elementor-size-default\">Ad\u00f3z\u00e1si meghatalmaz\u00e1s a Szerb K\u00f6zt\u00e1rsas\u00e1g ter\u00fclet\u00e9n<\/h2>\t\t\t\t<\/div>\n\t\t\t\t<\/div>\n\t\t\t\t<div class=\"elementor-element elementor-element-b759ca0 elementor-widget elementor-widget-text-editor\" data-id=\"b759ca0\" data-element_type=\"widget\" data-widget_type=\"text-editor.default\">\n\t\t\t\t<div class=\"elementor-widget-container\">\n\t\t\t\t\t\t\t\t\t<p><strong>Leg\u00e1lis \u00fczlet, adminisztrat\u00edv akad\u00e1lyok n\u00e9lk\u00fcl<\/strong><\/p><p>A Szerb K\u00f6zt\u00e1rsas\u00e1g ter\u00fclet\u00e9n \u00fczleti tev\u00e9kenys\u00e9get folytatni k\u00edv\u00e1n\u00f3 k\u00fclf\u00f6ldi v\u00e1llalatok sz\u00e1m\u00e1ra teljes k\u00f6r\u0171 ad\u00f3jogi szolg\u00e1ltat\u00e1st k\u00edn\u00e1lunk, az \u00e1fat\u00f6rv\u00e9nnyel \u00f6sszhangban. Ez a szolg\u00e1ltat\u00e1s lehet\u0151v\u00e9 teszi \u00e1ruk \u00e9s szolg\u00e1ltat\u00e1sok \u00e9rt\u00e9kes\u00edt\u00e9s\u00e9t belf\u00f6ldi \u00fcgyfelek sz\u00e1m\u00e1ra teljes k\u00f6r\u0171 ad\u00f3z\u00e1si megfelel\u00e9ssel \u2013 an\u00e9lk\u00fcl, hogy helyi jogi szem\u00e9lyt kellene l\u00e9trehozni.<\/p><p><strong>A szolg\u00e1ltat\u00e1s a k\u00f6vetkez\u0151ket tartalmazza:<\/strong><\/p><p>- \u2705 \u00c1FA regisztr\u00e1ci\u00f3 Szerbi\u00e1ban az \u00fcgyf\u00e9l nev\u00e9ben<\/p><p>- \u2705 \u00c1FA-bevall\u00e1sok elk\u00e9sz\u00edt\u00e9se \u00e9s beny\u00fajt\u00e1sa<\/p><p>- \u2705 Ad\u00f3z\u00e1si nyilv\u00e1ntart\u00e1sok vezet\u00e9se \u00e9s kapcsolattart\u00e1s az ad\u00f3hat\u00f3s\u00e1ggal<\/p><p>- \u2705 Konsign\u00e1ci\u00f3s rakt\u00e1r szervez\u00e9se Szerbia ter\u00fclet\u00e9n<\/p><p>- \u2705 Lehet\u0151v\u00e9 teszi az \u00e1ruk DDP (Delivered Duty Paid) parit\u00e1son t\u00f6rt\u00e9n\u0151 \u00e9rt\u00e9kes\u00edt\u00e9s\u00e9t<\/p><p>- \u2705 Szolg\u00e1ltat\u00e1sok ny\u00fajt\u00e1sa belf\u00f6ldi v\u00e1llalatoknak a szerb \u00e1farendszerben<\/p><p>\u00a0<\/p><p><strong>Az ad\u00f3k\u00f6telezetts\u00e9g a mi\u00e9nk.<\/strong><\/p><p>Meghatalmazott ad\u00f3k\u00e9pvisel\u0151k\u00e9nt teljes felel\u0151ss\u00e9get v\u00e1llalunk a sz\u00e1m\u00edt\u00e1sok pontoss\u00e1g\u00e1\u00e9rt, a bevall\u00e1sok id\u0151ben t\u00f6rt\u00e9n\u0151 beny\u00fajt\u00e1s\u00e1\u00e9rt \u00e9s az ad\u00f3k vonatkoz\u00f3 el\u0151\u00edr\u00e1soknak megfelel\u0151 megfizet\u00e9s\u00e9\u00e9rt. Csapatunk biztos\u00edtja, hogy v\u00e1llalkoz\u00e1sa jogilag biztons\u00e1gos, \u00e1tl\u00e1that\u00f3 \u00e9s ad\u00f3z\u00e1si szab\u00e1lytalans\u00e1gok kock\u00e1zat\u00e1t\u00f3l mentes legyen.<\/p><p>\u00a0<\/p><p><strong>Kinek sz\u00f3l a szolg\u00e1ltat\u00e1s:<\/strong><\/p><p>- Szerbi\u00e1ban bejegyzett jogi szem\u00e9lyis\u00e9ggel nem rendelkez\u0151 k\u00fclf\u00f6ldi v\u00e1llalatok<\/p><p>- Olyan v\u00e1llalatok, amelyek k\u00f6zvetlen\u00fcl belf\u00f6ldi \u00fcgyfeleknek k\u00edv\u00e1nnak \u00e9rt\u00e9kes\u00edteni<\/p><p>- Szolg\u00e1ltat\u00f3k, akik Szerbi\u00e1ban \u00fczletelnek \u00fcgyfelekkel<\/p><p>- Olyan szervezetek, amelyek a k\u00f6nnyebb eloszt\u00e1s \u00e9rdek\u00e9ben konszign\u00e1ci\u00f3s rakt\u00e1rat szeretn\u00e9nek l\u00e9trehozni<\/p><p>\u00a0<\/p><p>Szolg\u00e1ltat\u00e1sunkat az \u00d6n \u00fczleti modellj\u00e9hez igaz\u00edtjuk, maxim\u00e1lis hat\u00e9konys\u00e1ggal \u00e9s professzion\u00e1lis t\u00e1mogat\u00e1ssal. \u00d6n a n\u00f6veked\u00e9sre \u00f6sszpontos\u00edt \u2014 mi gondoskodunk az ad\u00f3z\u00e1si megfelel\u00e9sr\u0151l.<\/p>\t\t\t\t\t\t\t\t<\/div>\n\t\t\t\t<\/div>\n\t\t\t\t<div class=\"elementor-element elementor-element-e086783 elementor-widget elementor-widget-button\" data-id=\"e086783\" data-element_type=\"widget\" data-widget_type=\"button.default\">\n\t\t\t\t<div class=\"elementor-widget-container\">\n\t\t\t\t\t\t\t\t\t<div class=\"elementor-button-wrapper\">\n\t\t\t\t\t<a class=\"elementor-button elementor-button-link elementor-size-sm\" href=\"#elementor-action%3Aaction%3Dpopup%3Aopen%26settings%3DeyJpZCI6IjE1MiIsInRvZ2dsZSI6ZmFsc2V9\">\n\t\t\t\t\t\t<span class=\"elementor-button-content-wrapper\">\n\t\t\t\t\t\t\t\t\t<span class=\"elementor-button-text\">Foglaljon id\u0151pontot.<\/span>\n\t\t\t\t\t<\/span>\n\t\t\t\t\t<\/a>\n\t\t\t\t<\/div>\n\t\t\t\t\t\t\t\t<\/div>\n\t\t\t\t<\/div>\n\t\t\t\t<\/div>\n\t\t\t\t\t<\/div>\n\t\t\t\t<\/div>\n\t\t\t\t<\/div>","protected":false},"excerpt":{"rendered":"<p>Legalno poslovanje, bez administrativnih prepreka Stranim kompanijama koje \u017eele da posluju na teritoriji Republike Srbije nudimo kompletnu uslugu poreskog punomo\u0107nika, u skladu sa Zakonom o PDV-u. Ova usluga omogu\u0107ava prodaju robe i pru\u017eanje usluga doma\u0107im kupcima uz punu poresku uskla\u0111enost \u2014 bez potrebe za osnivanjem lokalnog pravnog lica. Usluga uklju\u010duje: &#8211; \u2705 Registraciju za PDV [&hellip;]<\/p>","protected":false},"author":1,"featured_media":765,"parent":0,"menu_order":0,"comment_status":"closed","ping_status":"closed","template":"elementor_header_footer","meta":{"footnotes":""},"class_list":["post-250","page","type-page","status-publish","has-post-thumbnail","hentry"],"yoast_head":"<!-- This site is optimized with the Yoast SEO plugin v23.4 - https:\/\/yoast.com\/wordpress\/plugins\/seo\/ -->\n<title>Poreska punomo\u0107 na teritoriji Republike Srbije - DvaDukata.com<\/title>\n<meta name=\"robots\" content=\"index, follow, max-snippet:-1, max-image-preview:large, max-video-preview:-1\" \/>\n<link rel=\"canonical\" href=\"https:\/\/dvadukata.com\/hu\/adougyved-a-szerb-koztarsasag-teruleten\/\" \/>\n<meta property=\"og:locale\" content=\"hu_HU\" \/>\n<meta property=\"og:type\" content=\"article\" \/>\n<meta property=\"og:title\" content=\"Poreska punomo\u0107 na teritoriji Republike Srbije - DvaDukata.com\" \/>\n<meta property=\"og:description\" content=\"Legalno poslovanje, bez administrativnih prepreka Stranim kompanijama koje \u017eele da posluju na teritoriji Republike Srbije nudimo kompletnu uslugu poreskog punomo\u0107nika, u skladu sa Zakonom o PDV-u. Ova usluga omogu\u0107ava prodaju robe i pru\u017eanje usluga doma\u0107im kupcima uz punu poresku uskla\u0111enost \u2014 bez potrebe za osnivanjem lokalnog pravnog lica. Usluga uklju\u010duje: &#8211; \u2705 Registraciju za PDV [&hellip;]\" \/>\n<meta property=\"og:url\" content=\"https:\/\/dvadukata.com\/hu\/adougyved-a-szerb-koztarsasag-teruleten\/\" \/>\n<meta property=\"og:site_name\" content=\"DvaDukata.com\" \/>\n<meta property=\"article:modified_time\" content=\"2026-04-21T08:48:06+00:00\" \/>\n<meta property=\"og:image\" content=\"https:\/\/dvadukata.com\/wp-content\/uploads\/2025\/08\/Group-3-e1756216271478.jpg\" \/>\n\t<meta property=\"og:image:width\" content=\"2400\" \/>\n\t<meta property=\"og:image:height\" content=\"1260\" \/>\n\t<meta property=\"og:image:type\" content=\"image\/jpeg\" \/>\n<meta name=\"twitter:card\" content=\"summary_large_image\" \/>\n<meta name=\"twitter:label1\" content=\"Becs\u00fclt olvas\u00e1si id\u0151\" \/>\n\t<meta name=\"twitter:data1\" content=\"3 perc\" \/>\n<script type=\"application\/ld+json\" class=\"yoast-schema-graph\">{\"@context\":\"https:\/\/schema.org\",\"@graph\":[{\"@type\":\"WebPage\",\"@id\":\"https:\/\/dvadukata.com\/poreska-punomoc-na-teritoriji-republike-srbije\/\",\"url\":\"https:\/\/dvadukata.com\/poreska-punomoc-na-teritoriji-republike-srbije\/\",\"name\":\"Poreska punomo\u0107 na teritoriji Republike Srbije - DvaDukata.com\",\"isPartOf\":{\"@id\":\"https:\/\/dvadukata.com\/#website\"},\"primaryImageOfPage\":{\"@id\":\"https:\/\/dvadukata.com\/poreska-punomoc-na-teritoriji-republike-srbije\/#primaryimage\"},\"image\":{\"@id\":\"https:\/\/dvadukata.com\/poreska-punomoc-na-teritoriji-republike-srbije\/#primaryimage\"},\"thumbnailUrl\":\"https:\/\/dvadukata.com\/wp-content\/uploads\/2025\/08\/Group-3-e1756216271478.jpg\",\"datePublished\":\"2025-06-18T13:58:20+00:00\",\"dateModified\":\"2026-04-21T08:48:06+00:00\",\"breadcrumb\":{\"@id\":\"https:\/\/dvadukata.com\/poreska-punomoc-na-teritoriji-republike-srbije\/#breadcrumb\"},\"inLanguage\":\"hu\",\"potentialAction\":[{\"@type\":\"ReadAction\",\"target\":[\"https:\/\/dvadukata.com\/poreska-punomoc-na-teritoriji-republike-srbije\/\"]}]},{\"@type\":\"ImageObject\",\"inLanguage\":\"hu\",\"@id\":\"https:\/\/dvadukata.com\/poreska-punomoc-na-teritoriji-republike-srbije\/#primaryimage\",\"url\":\"https:\/\/dvadukata.com\/wp-content\/uploads\/2025\/08\/Group-3-e1756216271478.jpg\",\"contentUrl\":\"https:\/\/dvadukata.com\/wp-content\/uploads\/2025\/08\/Group-3-e1756216271478.jpg\",\"width\":2400,\"height\":1260},{\"@type\":\"BreadcrumbList\",\"@id\":\"https:\/\/dvadukata.com\/poreska-punomoc-na-teritoriji-republike-srbije\/#breadcrumb\",\"itemListElement\":[{\"@type\":\"ListItem\",\"position\":1,\"name\":\"Home\",\"item\":\"https:\/\/dvadukata.com\/\"},{\"@type\":\"ListItem\",\"position\":2,\"name\":\"Poreska punomo\u0107 na teritoriji Republike Srbije\"}]},{\"@type\":\"WebSite\",\"@id\":\"https:\/\/dvadukata.com\/#website\",\"url\":\"https:\/\/dvadukata.com\/\",\"name\":\"DvaDukata.com\",\"description\":\"Va\u0161i porezi su manji sa nama\",\"potentialAction\":[{\"@type\":\"SearchAction\",\"target\":{\"@type\":\"EntryPoint\",\"urlTemplate\":\"https:\/\/dvadukata.com\/?s={search_term_string}\"},\"query-input\":{\"@type\":\"PropertyValueSpecification\",\"valueRequired\":true,\"valueName\":\"search_term_string\"}}],\"inLanguage\":\"hu\"}]}<\/script>\n<!-- \/ Yoast SEO plugin. -->","yoast_head_json":{"title":"Poreska punomo\u0107 na teritoriji Republike Srbije - DvaDukata.com","robots":{"index":"index","follow":"follow","max-snippet":"max-snippet:-1","max-image-preview":"max-image-preview:large","max-video-preview":"max-video-preview:-1"},"canonical":"https:\/\/dvadukata.com\/hu\/adougyved-a-szerb-koztarsasag-teruleten\/","og_locale":"hu_HU","og_type":"article","og_title":"Poreska punomo\u0107 na teritoriji Republike Srbije - DvaDukata.com","og_description":"Legalno poslovanje, bez administrativnih prepreka Stranim kompanijama koje \u017eele da posluju na teritoriji Republike Srbije nudimo kompletnu uslugu poreskog punomo\u0107nika, u skladu sa Zakonom o PDV-u. Ova usluga omogu\u0107ava prodaju robe i pru\u017eanje usluga doma\u0107im kupcima uz punu poresku uskla\u0111enost \u2014 bez potrebe za osnivanjem lokalnog pravnog lica. Usluga uklju\u010duje: &#8211; \u2705 Registraciju za PDV [&hellip;]","og_url":"https:\/\/dvadukata.com\/hu\/adougyved-a-szerb-koztarsasag-teruleten\/","og_site_name":"DvaDukata.com","article_modified_time":"2026-04-21T08:48:06+00:00","og_image":[{"width":2400,"height":1260,"url":"https:\/\/dvadukata.com\/wp-content\/uploads\/2025\/08\/Group-3-e1756216271478.jpg","type":"image\/jpeg"}],"twitter_card":"summary_large_image","twitter_misc":{"Becs\u00fclt olvas\u00e1si id\u0151":"3 perc"},"schema":{"@context":"https:\/\/schema.org","@graph":[{"@type":"WebPage","@id":"https:\/\/dvadukata.com\/poreska-punomoc-na-teritoriji-republike-srbije\/","url":"https:\/\/dvadukata.com\/poreska-punomoc-na-teritoriji-republike-srbije\/","name":"Poreska punomo\u0107 na teritoriji Republike Srbije - DvaDukata.com","isPartOf":{"@id":"https:\/\/dvadukata.com\/#website"},"primaryImageOfPage":{"@id":"https:\/\/dvadukata.com\/poreska-punomoc-na-teritoriji-republike-srbije\/#primaryimage"},"image":{"@id":"https:\/\/dvadukata.com\/poreska-punomoc-na-teritoriji-republike-srbije\/#primaryimage"},"thumbnailUrl":"https:\/\/dvadukata.com\/wp-content\/uploads\/2025\/08\/Group-3-e1756216271478.jpg","datePublished":"2025-06-18T13:58:20+00:00","dateModified":"2026-04-21T08:48:06+00:00","breadcrumb":{"@id":"https:\/\/dvadukata.com\/poreska-punomoc-na-teritoriji-republike-srbije\/#breadcrumb"},"inLanguage":"hu","potentialAction":[{"@type":"ReadAction","target":["https:\/\/dvadukata.com\/poreska-punomoc-na-teritoriji-republike-srbije\/"]}]},{"@type":"ImageObject","inLanguage":"hu","@id":"https:\/\/dvadukata.com\/poreska-punomoc-na-teritoriji-republike-srbije\/#primaryimage","url":"https:\/\/dvadukata.com\/wp-content\/uploads\/2025\/08\/Group-3-e1756216271478.jpg","contentUrl":"https:\/\/dvadukata.com\/wp-content\/uploads\/2025\/08\/Group-3-e1756216271478.jpg","width":2400,"height":1260},{"@type":"BreadcrumbList","@id":"https:\/\/dvadukata.com\/poreska-punomoc-na-teritoriji-republike-srbije\/#breadcrumb","itemListElement":[{"@type":"ListItem","position":1,"name":"Home","item":"https:\/\/dvadukata.com\/"},{"@type":"ListItem","position":2,"name":"Poreska punomo\u0107 na teritoriji Republike Srbije"}]},{"@type":"WebSite","@id":"https:\/\/dvadukata.com\/#website","url":"https:\/\/dvadukata.com\/","name":"DvaDukata.com","description":"Va\u0161i porezi su manji sa nama","potentialAction":[{"@type":"SearchAction","target":{"@type":"EntryPoint","urlTemplate":"https:\/\/dvadukata.com\/?s={search_term_string}"},"query-input":{"@type":"PropertyValueSpecification","valueRequired":true,"valueName":"search_term_string"}}],"inLanguage":"hu"}]}},"_links":{"self":[{"href":"https:\/\/dvadukata.com\/hu\/wp-json\/wp\/v2\/pages\/250","targetHints":{"allow":["GET"]}}],"collection":[{"href":"https:\/\/dvadukata.com\/hu\/wp-json\/wp\/v2\/pages"}],"about":[{"href":"https:\/\/dvadukata.com\/hu\/wp-json\/wp\/v2\/types\/page"}],"author":[{"embeddable":true,"href":"https:\/\/dvadukata.com\/hu\/wp-json\/wp\/v2\/users\/1"}],"replies":[{"embeddable":true,"href":"https:\/\/dvadukata.com\/hu\/wp-json\/wp\/v2\/comments?post=250"}],"version-history":[{"count":19,"href":"https:\/\/dvadukata.com\/hu\/wp-json\/wp\/v2\/pages\/250\/revisions"}],"predecessor-version":[{"id":1135,"href":"https:\/\/dvadukata.com\/hu\/wp-json\/wp\/v2\/pages\/250\/revisions\/1135"}],"wp:featuredmedia":[{"embeddable":true,"href":"https:\/\/dvadukata.com\/hu\/wp-json\/wp\/v2\/media\/765"}],"wp:attachment":[{"href":"https:\/\/dvadukata.com\/hu\/wp-json\/wp\/v2\/media?parent=250"}],"curies":[{"name":"wp","href":"https:\/\/api.w.org\/{rel}","templated":true}]}}