{"id":230,"date":"2025-06-18T13:55:26","date_gmt":"2025-06-18T13:55:26","guid":{"rendered":"https:\/\/dvadukata.com\/?page_id=230"},"modified":"2026-04-21T08:47:49","modified_gmt":"2026-04-21T08:47:49","slug":"uzletfejlesztes","status":"publish","type":"page","link":"https:\/\/dvadukata.com\/hu\/uzletfejlesztes\/","title":{"rendered":"\u00dczletfejleszt\u00e9s"},"content":{"rendered":"<div data-elementor-type=\"wp-page\" data-elementor-id=\"230\" class=\"elementor elementor-230\" data-elementor-post-type=\"page\">\n\t\t\t\t<div class=\"elementor-element elementor-element-6d76099 e-flex e-con-boxed e-con e-parent\" data-id=\"6d76099\" data-element_type=\"container\">\n\t\t\t\t\t<div class=\"e-con-inner\">\n\t\t<div class=\"elementor-element elementor-element-362a6c3 e-con-full e-flex e-con e-child\" data-id=\"362a6c3\" data-element_type=\"container\" data-settings=\"{&quot;background_background&quot;:&quot;classic&quot;}\">\n\t\t\t\t<div class=\"elementor-element elementor-element-09c6659 elementor-nav-menu--dropdown-mobile elementor-nav-menu--stretch elementor-nav-menu__text-align-aside elementor-nav-menu--toggle elementor-nav-menu--burger elementor-widget elementor-widget-nav-menu\" data-id=\"09c6659\" data-element_type=\"widget\" data-settings=\"{&quot;layout&quot;:&quot;vertical&quot;,&quot;full_width&quot;:&quot;stretch&quot;,&quot;submenu_icon&quot;:{&quot;value&quot;:&quot;&lt;svg class=\\&quot;e-font-icon-svg e-fas-caret-down\\&quot; viewBox=\\&quot;0 0 320 512\\&quot; xmlns=\\&quot;http:\\\/\\\/www.w3.org\\\/2000\\\/svg\\&quot;&gt;&lt;path d=\\&quot;M31.3 192h257.3c17.8 0 26.7 21.5 14.1 34.1L174.1 354.8c-7.8 7.8-20.5 7.8-28.3 0L17.2 226.1C4.6 213.5 13.5 192 31.3 192z\\&quot;&gt;&lt;\\\/path&gt;&lt;\\\/svg&gt;&quot;,&quot;library&quot;:&quot;fa-solid&quot;},&quot;toggle&quot;:&quot;burger&quot;}\" data-widget_type=\"nav-menu.default\">\n\t\t\t\t<div class=\"elementor-widget-container\">\n\t\t\t\t\t\t\t\t<nav aria-label=\"Men\u00fc\" class=\"elementor-nav-menu--main elementor-nav-menu__container elementor-nav-menu--layout-vertical e--pointer-background e--animation-fade\">\n\t\t\t\t<ul id=\"menu-1-09c6659\" class=\"elementor-nav-menu sm-vertical\"><li class=\"menu-item menu-item-type-post_type menu-item-object-page menu-item-142\"><a href=\"https:\/\/dvadukata.com\/hu\/szamvitel\/\" class=\"elementor-item\">Sz\u00e1mvitel<\/a><\/li>\n<li class=\"menu-item menu-item-type-post_type menu-item-object-page menu-item-517\"><a href=\"https:\/\/dvadukata.com\/hu\/adotanacsadas\/\" class=\"elementor-item\">ad\u00f3tan\u00e1csad\u00e1s<\/a><\/li>\n<li class=\"menu-item menu-item-type-post_type menu-item-object-page menu-item-513\"><a href=\"https:\/\/dvadukata.com\/hu\/emberi-eroforrasok\/\" class=\"elementor-item\">Emberi er\u0151forr\u00e1sok<\/a><\/li>\n<li class=\"menu-item menu-item-type-post_type menu-item-object-page menu-item-512\"><a href=\"https:\/\/dvadukata.com\/hu\/teljesitmenyjelentesek\/\" class=\"elementor-item\">PowerBI-jelent\u00e9sek<\/a><\/li>\n<li class=\"menu-item menu-item-type-post_type menu-item-object-page menu-item-519\"><a href=\"https:\/\/dvadukata.com\/hu\/uzletfejlesztes\/\" class=\"elementor-item\">\u00dczletfejleszt\u00e9s<\/a><\/li>\n<li class=\"menu-item menu-item-type-post_type menu-item-object-page menu-item-515\"><a href=\"https:\/\/dvadukata.com\/hu\/fioktelepek-tamogatasa\/\" class=\"elementor-item\">Fi\u00f3ktelepi t\u00e1mogat\u00e1s<\/a><\/li>\n<li class=\"menu-item menu-item-type-post_type menu-item-object-page menu-item-518\"><a href=\"https:\/\/dvadukata.com\/hu\/szamviteli-szolgaltatasok-banja-luka\/\" class=\"elementor-item\">Sz\u00e1mviteli szolg\u00e1ltat\u00e1sok Banja Luka<\/a><\/li>\n<li class=\"menu-item menu-item-type-post_type menu-item-object-page menu-item-514\"><a href=\"https:\/\/dvadukata.com\/hu\/berek-es-juttatasok-berado-szamitasa\/\" class=\"elementor-item\">B\u00e9rsz\u00e1mfejt\u00e9s - ad\u00f3k, b\u00e9rek \u00e9s juttat\u00e1sok kisz\u00e1m\u00edt\u00e1sa<\/a><\/li>\n<li class=\"menu-item menu-item-type-post_type menu-item-object-page menu-item-516\"><a href=\"https:\/\/dvadukata.com\/hu\/adougyved-a-szerb-koztarsasag-teruleten\/\" class=\"elementor-item\">Ad\u00f3z\u00e1si meghatalmaz\u00e1s a Szerb K\u00f6zt\u00e1rsas\u00e1g ter\u00fclet\u00e9n<\/a><\/li>\n<\/ul>\t\t\t<\/nav>\n\t\t\t\t\t<div class=\"elementor-menu-toggle\" role=\"button\" tabindex=\"0\" aria-label=\"Men\u00fc v\u00e1lt\u00e1sa\" aria-expanded=\"false\">\n\t\t\t<span class=\"elementor-menu-toggle__icon--open\"><svg xmlns=\"http:\/\/www.w3.org\/2000\/svg\" width=\"11\" height=\"7\" viewbox=\"0 0 11 7\" fill=\"none\"><path d=\"M10.854 1.35369L5.85403 6.35369C5.80759 6.40018 5.75245 6.43706 5.69175 6.46222C5.63105 6.48738 5.56599 6.50034 5.50028 6.50034C5.43457 6.50034 5.36951 6.48738 5.30881 6.46222C5.24811 6.43706 5.19296 6.40018 5.14653 6.35369L0.146528 1.35369C0.0527077 1.25987 0 1.13262 0 0.999942C0 0.86726 0.0527077 0.740012 0.146528 0.646192C0.240348 0.552372 0.367596 0.499664 0.500278 0.499664C0.63296 0.499664 0.760208 0.552372 0.854028 0.646192L5.50028 5.29307L10.1465 0.646192C10.193 0.599737 10.2481 0.562887 10.3088 0.537745C10.3695 0.512604 10.4346 0.499664 10.5003 0.499664C10.566 0.499664 10.631 0.512604 10.6917 0.537745C10.7524 0.562887 10.8076 0.599737 10.854 0.646192C10.9005 0.692647 10.9373 0.747798 10.9625 0.808494C10.9876 0.869191 11.0006 0.934245 11.0006 0.999942C11.0006 1.06564 10.9876 1.13069 10.9625 1.19139C10.9373 1.25209 10.9005 1.30724 10.854 1.35369Z\" fill=\"#004680\"><\/path><\/svg><\/span><span class=\"elementor-menu-toggle__icon--close\"><svg xmlns=\"http:\/\/www.w3.org\/2000\/svg\" width=\"11\" height=\"7\" viewbox=\"0 0 11 7\" fill=\"none\"><path d=\"M10.854 1.35369L5.85403 6.35369C5.80759 6.40018 5.75245 6.43706 5.69175 6.46222C5.63105 6.48738 5.56599 6.50034 5.50028 6.50034C5.43457 6.50034 5.36951 6.48738 5.30881 6.46222C5.24811 6.43706 5.19296 6.40018 5.14653 6.35369L0.146528 1.35369C0.0527077 1.25987 0 1.13262 0 0.999942C0 0.86726 0.0527077 0.740012 0.146528 0.646192C0.240348 0.552372 0.367596 0.499664 0.500278 0.499664C0.63296 0.499664 0.760208 0.552372 0.854028 0.646192L5.50028 5.29307L10.1465 0.646192C10.193 0.599737 10.2481 0.562887 10.3088 0.537745C10.3695 0.512604 10.4346 0.499664 10.5003 0.499664C10.566 0.499664 10.631 0.512604 10.6917 0.537745C10.7524 0.562887 10.8076 0.599737 10.854 0.646192C10.9005 0.692647 10.9373 0.747798 10.9625 0.808494C10.9876 0.869191 11.0006 0.934245 11.0006 0.999942C11.0006 1.06564 10.9876 1.13069 10.9625 1.19139C10.9373 1.25209 10.9005 1.30724 10.854 1.35369Z\" fill=\"#004680\"><\/path><\/svg><\/span>\t\t<\/div>\n\t\t\t\t\t<nav class=\"elementor-nav-menu--dropdown elementor-nav-menu__container\" aria-hidden=\"true\">\n\t\t\t\t<ul id=\"menu-2-09c6659\" class=\"elementor-nav-menu sm-vertical\"><li class=\"menu-item menu-item-type-post_type menu-item-object-page menu-item-142\"><a href=\"https:\/\/dvadukata.com\/hu\/szamvitel\/\" class=\"elementor-item\" tabindex=\"-1\">Sz\u00e1mvitel<\/a><\/li>\n<li class=\"menu-item menu-item-type-post_type menu-item-object-page menu-item-517\"><a href=\"https:\/\/dvadukata.com\/hu\/adotanacsadas\/\" class=\"elementor-item\" tabindex=\"-1\">ad\u00f3tan\u00e1csad\u00e1s<\/a><\/li>\n<li class=\"menu-item menu-item-type-post_type menu-item-object-page menu-item-513\"><a href=\"https:\/\/dvadukata.com\/hu\/emberi-eroforrasok\/\" class=\"elementor-item\" tabindex=\"-1\">Emberi er\u0151forr\u00e1sok<\/a><\/li>\n<li class=\"menu-item menu-item-type-post_type menu-item-object-page menu-item-512\"><a href=\"https:\/\/dvadukata.com\/hu\/teljesitmenyjelentesek\/\" class=\"elementor-item\" tabindex=\"-1\">PowerBI-jelent\u00e9sek<\/a><\/li>\n<li class=\"menu-item menu-item-type-post_type menu-item-object-page menu-item-519\"><a href=\"https:\/\/dvadukata.com\/hu\/uzletfejlesztes\/\" class=\"elementor-item\" tabindex=\"-1\">\u00dczletfejleszt\u00e9s<\/a><\/li>\n<li class=\"menu-item menu-item-type-post_type menu-item-object-page menu-item-515\"><a href=\"https:\/\/dvadukata.com\/hu\/fioktelepek-tamogatasa\/\" class=\"elementor-item\" tabindex=\"-1\">Fi\u00f3ktelepi t\u00e1mogat\u00e1s<\/a><\/li>\n<li class=\"menu-item menu-item-type-post_type menu-item-object-page menu-item-518\"><a href=\"https:\/\/dvadukata.com\/hu\/szamviteli-szolgaltatasok-banja-luka\/\" class=\"elementor-item\" tabindex=\"-1\">Sz\u00e1mviteli szolg\u00e1ltat\u00e1sok Banja Luka<\/a><\/li>\n<li class=\"menu-item menu-item-type-post_type menu-item-object-page menu-item-514\"><a href=\"https:\/\/dvadukata.com\/hu\/berek-es-juttatasok-berado-szamitasa\/\" class=\"elementor-item\" tabindex=\"-1\">B\u00e9rsz\u00e1mfejt\u00e9s - ad\u00f3k, b\u00e9rek \u00e9s juttat\u00e1sok kisz\u00e1m\u00edt\u00e1sa<\/a><\/li>\n<li class=\"menu-item menu-item-type-post_type menu-item-object-page menu-item-516\"><a href=\"https:\/\/dvadukata.com\/hu\/adougyved-a-szerb-koztarsasag-teruleten\/\" class=\"elementor-item\" tabindex=\"-1\">Ad\u00f3z\u00e1si meghatalmaz\u00e1s a Szerb K\u00f6zt\u00e1rsas\u00e1g ter\u00fclet\u00e9n<\/a><\/li>\n<\/ul>\t\t\t<\/nav>\n\t\t\t\t\t\t<\/div>\n\t\t\t\t<\/div>\n\t\t\t\t<div class=\"elementor-element elementor-element-75739c9 elementor-widget-mobile__width-inherit elementor-hidden-desktop elementor-hidden-tablet elementor-widget elementor-widget-heading\" data-id=\"75739c9\" data-element_type=\"widget\" data-widget_type=\"heading.default\">\n\t\t\t\t<div class=\"elementor-widget-container\">\n\t\t\t\t\t<h2 class=\"elementor-heading-title elementor-size-default\">\u00dczletfejleszt\u00e9s<\/h2>\t\t\t\t<\/div>\n\t\t\t\t<\/div>\n\t\t\t\t<\/div>\n\t\t<div class=\"elementor-element elementor-element-ce80965 e-con-full e-flex e-con e-child\" data-id=\"ce80965\" data-element_type=\"container\">\n\t\t\t\t<div class=\"elementor-element elementor-element-65de317 elementor-widget elementor-widget-heading\" data-id=\"65de317\" data-element_type=\"widget\" data-widget_type=\"heading.default\">\n\t\t\t\t<div class=\"elementor-widget-container\">\n\t\t\t\t\t<h2 class=\"elementor-heading-title elementor-size-default\">\u00dczletfejleszt\u00e9s<\/h2>\t\t\t\t<\/div>\n\t\t\t\t<\/div>\n\t\t\t\t<div class=\"elementor-element elementor-element-b759ca0 elementor-widget elementor-widget-text-editor\" data-id=\"b759ca0\" data-element_type=\"widget\" data-widget_type=\"text-editor.default\">\n\t\t\t\t<div class=\"elementor-widget-container\">\n\t\t\t\t\t\t\t\t\t<p><b>\u00dczletfejleszt\u00e9s \u2013 t\u00f6bb mint sz\u00e1mok, partners\u00e9g a n\u00f6veked\u00e9s\u00e9rt<\/b><\/p>\n<p>Az MGI Dva Dukat\u00e1n\u00e1l hisz\u00fcnk abban, hogy a sikeres \u00fczlet nem csak a pontos jelent\u00e9sekt\u0151l f\u00fcgg, hanem az id\u0151ben t\u00f6rt\u00e9n\u0151 tan\u00e1csad\u00e1st\u00f3l, a strat\u00e9giai d\u00f6nt\u00e9sekt\u0151l \u00e9s a megb\u00edzhat\u00f3 t\u00e1mogat\u00e1st\u00f3l is. Ez\u00e9rt csapatunk nemcsak k\u00f6nyvel\u00e9si \u00e9s ad\u00f3z\u00e1si szolg\u00e1ltat\u00e1sokat ny\u00fajt, hanem akt\u00edvan tan\u00e1csot ad az \u00fcgyfeleknek az \u00fczletfejleszt\u00e9s minden szakasz\u00e1ban.<\/p>\n<p>Ak\u00e1r a leteleped\u00e9s, a terjeszked\u00e9s, az \u00e1tszervez\u00e9s vagy a nemzetk\u00f6zi terjeszked\u00e9s szakasz\u00e1ban van, megk\u00f6zel\u00edt\u00e9s\u00fcnk integr\u00e1lt \u00e9s az \u00d6n c\u00e9ljaira szabott.<\/p>\n<p><b><br><img decoding=\"async\" draggable=\"false\" role=\"img\" class=\"emoji\" alt=\"\ud83d\udcc8\" src=\"https:\/\/s.w.org\/images\/core\/emoji\/16.0.1\/svg\/1f4c8.svg\"> Sz\u00e1mviteli fejleszt\u00e9s<\/b><\/p>\n<p>\u00b7 Sz\u00e1mlarend \u00e9s k\u00f6lts\u00e9goszt\u00e1lyoz\u00e1s optimaliz\u00e1l\u00e1sa<\/p>\n<p>\u00b7 Automatiz\u00e1l\u00e1s \u00e9s digit\u00e1lis eszk\u00f6z\u00f6k bevezet\u00e9se (VBA, Power Automate)<\/p>\n<p>\u00b7 A jelent\u00e9st\u00e9tel hozz\u00e1igaz\u00edt\u00e1sa a vezet\u0151s\u00e9g \u00e9s a befektet\u0151k ig\u00e9nyeihez<\/p>\n<p><b><br><img decoding=\"async\" draggable=\"false\" role=\"img\" class=\"emoji\" alt=\"\ud83d\udcbc\" src=\"https:\/\/s.w.org\/images\/core\/emoji\/16.0.1\/svg\/1f4bc.svg\"> N\u00f6veked\u00e9st seg\u00edt\u0151 ad\u00f3tan\u00e1csad\u00e1s<\/b><\/p>\n<p>\u00b7 \u00dczleti strat\u00e9gi\u00e1kkal \u00f6sszhangban l\u00e9v\u0151 ad\u00f3tervez\u00e9s<\/p>\n<p>\u00b7 A kett\u0151s ad\u00f3ztat\u00e1s elker\u00fcl\u00e9s\u00e9r\u0151l sz\u00f3l\u00f3 egyezm\u00e9ny v\u00e9grehajt\u00e1sa<\/p>\n<p>\u00b7 Tan\u00e1csad\u00e1s forr\u00e1sad\u00f3val, transzfer\u00e1rral \u00e9s hat\u00e1rokon \u00e1tny\u00fal\u00f3 tranzakci\u00f3kkal kapcsolatban<\/p>\n<p><b><br><img decoding=\"async\" draggable=\"false\" role=\"img\" class=\"emoji\" alt=\"\ud83d\udcb0\" src=\"https:\/\/s.w.org\/images\/core\/emoji\/16.0.1\/svg\/1f4b0.svg\"> P\u00e9nz\u00fcgyi helyzet<\/b><\/p>\n<p>\u00b7 J\u00f6vedelmez\u0151s\u00e9g, likvidit\u00e1s \u00e9s t\u0151keszerkezet elemz\u00e9se<\/p>\n<p>\u00b7 \u00d6sszehasonl\u00edt\u00f3 elemz\u00e9s region\u00e1lis \u00e9s uni\u00f3s kontextusban<\/p>\n<p>\u00b7 Beruh\u00e1z\u00e1sokra, t\u00e1mogat\u00e1sokra \u00e9s p\u00e9nz\u00fcgyi int\u00e9zm\u00e9nyekkel val\u00f3 egy\u00fcttm\u0171k\u00f6d\u00e9sre val\u00f3 felk\u00e9sz\u00fcl\u00e9s<\/p>\n<p><\/p>\n<p><br>C\u00e9lunk nem az, hogy k\u00e9sz v\u00e1laszokat adjunk \u00fcgyfeleinknek, hanem hogy vel\u00fck egy\u00fctt alak\u00edtsuk ki a megold\u00e1sokat. Rendszeres konzult\u00e1ci\u00f3k, elemz\u00e9sek \u00e9s strat\u00e9giai aj\u00e1nl\u00e1sok r\u00e9v\u00e9n egy olyan csapat r\u00e9sz\u00e9v\u00e9 v\u00e1lunk, amely meg\u00e9rti a nagyobb k\u00e9pet, \u00e9s seg\u00edt abban, hogy magabiztos \u00fczleti d\u00f6nt\u00e9seket hozzunk.<\/p>\n<p><br><b>Az \u00fczletfejleszt\u00e9s vel\u00fcnk kevesebb kock\u00e1zatot, t\u00f6bb betekint\u00e9st \u00e9s egy el\u0151re gondolkod\u00f3 partnert jelent.<\/b><\/p>\t\t\t\t\t\t\t\t<\/div>\n\t\t\t\t<\/div>\n\t\t\t\t<div class=\"elementor-element elementor-element-e086783 elementor-widget elementor-widget-button\" data-id=\"e086783\" data-element_type=\"widget\" data-widget_type=\"button.default\">\n\t\t\t\t<div class=\"elementor-widget-container\">\n\t\t\t\t\t\t\t\t\t<div class=\"elementor-button-wrapper\">\n\t\t\t\t\t<a class=\"elementor-button elementor-button-link elementor-size-sm\" href=\"#elementor-action%3Aaction%3Dpopup%3Aopen%26settings%3DeyJpZCI6IjE1MiIsInRvZ2dsZSI6ZmFsc2V9\">\n\t\t\t\t\t\t<span class=\"elementor-button-content-wrapper\">\n\t\t\t\t\t\t\t\t\t<span class=\"elementor-button-text\">Foglaljon id\u0151pontot.<\/span>\n\t\t\t\t\t<\/span>\n\t\t\t\t\t<\/a>\n\t\t\t\t<\/div>\n\t\t\t\t\t\t\t\t<\/div>\n\t\t\t\t<\/div>\n\t\t\t\t<\/div>\n\t\t\t\t\t<\/div>\n\t\t\t\t<\/div>\n\t\t\t\t<\/div>","protected":false},"excerpt":{"rendered":"<p>Razvoj poslovanja \u2014 vi\u0161e od brojki, partnerstvo za rast U MGI Dva Dukata verujemo da uspe\u0161no poslovanje ne zavisi samo od ta\u010dnih izve\u0161taja, ve\u0107 od pravovremenih saveta, strate\u0161kih odluka i pouzdane podr\u0161ke. Zato na\u0161 tim ne pru\u017ea samo ra\u010dunovodstvene i poreske usluge \u2014 ve\u0107 aktivno savetuje klijente u svim fazama poslovnog razvoja. Bilo da ste [&hellip;]<\/p>","protected":false},"author":1,"featured_media":765,"parent":0,"menu_order":0,"comment_status":"closed","ping_status":"closed","template":"elementor_header_footer","meta":{"footnotes":""},"class_list":["post-230","page","type-page","status-publish","has-post-thumbnail","hentry"],"yoast_head":"<!-- This site is optimized with the Yoast SEO plugin v23.4 - https:\/\/yoast.com\/wordpress\/plugins\/seo\/ -->\n<title>Razvoj poslovanja - DvaDukata.com<\/title>\n<meta name=\"robots\" content=\"index, follow, max-snippet:-1, max-image-preview:large, max-video-preview:-1\" \/>\n<link rel=\"canonical\" href=\"https:\/\/dvadukata.com\/hu\/uzletfejlesztes\/\" \/>\n<meta property=\"og:locale\" content=\"hu_HU\" \/>\n<meta property=\"og:type\" content=\"article\" \/>\n<meta property=\"og:title\" content=\"Razvoj poslovanja - DvaDukata.com\" \/>\n<meta property=\"og:description\" content=\"Razvoj poslovanja \u2014 vi\u0161e od brojki, partnerstvo za rast U MGI Dva Dukata verujemo da uspe\u0161no poslovanje ne zavisi samo od ta\u010dnih izve\u0161taja, ve\u0107 od pravovremenih saveta, strate\u0161kih odluka i pouzdane podr\u0161ke. Zato na\u0161 tim ne pru\u017ea samo ra\u010dunovodstvene i poreske usluge \u2014 ve\u0107 aktivno savetuje klijente u svim fazama poslovnog razvoja. Bilo da ste [&hellip;]\" \/>\n<meta property=\"og:url\" content=\"https:\/\/dvadukata.com\/hu\/uzletfejlesztes\/\" \/>\n<meta property=\"og:site_name\" content=\"DvaDukata.com\" \/>\n<meta property=\"article:modified_time\" content=\"2026-04-21T08:47:49+00:00\" \/>\n<meta property=\"og:image\" content=\"https:\/\/dvadukata.com\/wp-content\/uploads\/2025\/08\/Group-3-e1756216271478.jpg\" \/>\n\t<meta property=\"og:image:width\" content=\"2400\" \/>\n\t<meta property=\"og:image:height\" content=\"1260\" \/>\n\t<meta property=\"og:image:type\" content=\"image\/jpeg\" \/>\n<meta name=\"twitter:card\" content=\"summary_large_image\" \/>\n<meta name=\"twitter:label1\" content=\"Becs\u00fclt olvas\u00e1si id\u0151\" \/>\n\t<meta name=\"twitter:data1\" content=\"2 perc\" \/>\n<script type=\"application\/ld+json\" class=\"yoast-schema-graph\">{\"@context\":\"https:\/\/schema.org\",\"@graph\":[{\"@type\":\"WebPage\",\"@id\":\"https:\/\/dvadukata.com\/razvoj-poslovanja\/\",\"url\":\"https:\/\/dvadukata.com\/razvoj-poslovanja\/\",\"name\":\"Razvoj poslovanja - DvaDukata.com\",\"isPartOf\":{\"@id\":\"https:\/\/dvadukata.com\/#website\"},\"primaryImageOfPage\":{\"@id\":\"https:\/\/dvadukata.com\/razvoj-poslovanja\/#primaryimage\"},\"image\":{\"@id\":\"https:\/\/dvadukata.com\/razvoj-poslovanja\/#primaryimage\"},\"thumbnailUrl\":\"https:\/\/dvadukata.com\/wp-content\/uploads\/2025\/08\/Group-3-e1756216271478.jpg\",\"datePublished\":\"2025-06-18T13:55:26+00:00\",\"dateModified\":\"2026-04-21T08:47:49+00:00\",\"breadcrumb\":{\"@id\":\"https:\/\/dvadukata.com\/razvoj-poslovanja\/#breadcrumb\"},\"inLanguage\":\"hu\",\"potentialAction\":[{\"@type\":\"ReadAction\",\"target\":[\"https:\/\/dvadukata.com\/razvoj-poslovanja\/\"]}]},{\"@type\":\"ImageObject\",\"inLanguage\":\"hu\",\"@id\":\"https:\/\/dvadukata.com\/razvoj-poslovanja\/#primaryimage\",\"url\":\"https:\/\/dvadukata.com\/wp-content\/uploads\/2025\/08\/Group-3-e1756216271478.jpg\",\"contentUrl\":\"https:\/\/dvadukata.com\/wp-content\/uploads\/2025\/08\/Group-3-e1756216271478.jpg\",\"width\":2400,\"height\":1260},{\"@type\":\"BreadcrumbList\",\"@id\":\"https:\/\/dvadukata.com\/razvoj-poslovanja\/#breadcrumb\",\"itemListElement\":[{\"@type\":\"ListItem\",\"position\":1,\"name\":\"Home\",\"item\":\"https:\/\/dvadukata.com\/\"},{\"@type\":\"ListItem\",\"position\":2,\"name\":\"Razvoj poslovanja\"}]},{\"@type\":\"WebSite\",\"@id\":\"https:\/\/dvadukata.com\/#website\",\"url\":\"https:\/\/dvadukata.com\/\",\"name\":\"DvaDukata.com\",\"description\":\"Va\u0161i porezi su manji sa nama\",\"potentialAction\":[{\"@type\":\"SearchAction\",\"target\":{\"@type\":\"EntryPoint\",\"urlTemplate\":\"https:\/\/dvadukata.com\/?s={search_term_string}\"},\"query-input\":{\"@type\":\"PropertyValueSpecification\",\"valueRequired\":true,\"valueName\":\"search_term_string\"}}],\"inLanguage\":\"hu\"}]}<\/script>\n<!-- \/ Yoast SEO plugin. -->","yoast_head_json":{"title":"Razvoj poslovanja - DvaDukata.com","robots":{"index":"index","follow":"follow","max-snippet":"max-snippet:-1","max-image-preview":"max-image-preview:large","max-video-preview":"max-video-preview:-1"},"canonical":"https:\/\/dvadukata.com\/hu\/uzletfejlesztes\/","og_locale":"hu_HU","og_type":"article","og_title":"Razvoj poslovanja - DvaDukata.com","og_description":"Razvoj poslovanja \u2014 vi\u0161e od brojki, partnerstvo za rast U MGI Dva Dukata verujemo da uspe\u0161no poslovanje ne zavisi samo od ta\u010dnih izve\u0161taja, ve\u0107 od pravovremenih saveta, strate\u0161kih odluka i pouzdane podr\u0161ke. Zato na\u0161 tim ne pru\u017ea samo ra\u010dunovodstvene i poreske usluge \u2014 ve\u0107 aktivno savetuje klijente u svim fazama poslovnog razvoja. Bilo da ste [&hellip;]","og_url":"https:\/\/dvadukata.com\/hu\/uzletfejlesztes\/","og_site_name":"DvaDukata.com","article_modified_time":"2026-04-21T08:47:49+00:00","og_image":[{"width":2400,"height":1260,"url":"https:\/\/dvadukata.com\/wp-content\/uploads\/2025\/08\/Group-3-e1756216271478.jpg","type":"image\/jpeg"}],"twitter_card":"summary_large_image","twitter_misc":{"Becs\u00fclt olvas\u00e1si id\u0151":"2 perc"},"schema":{"@context":"https:\/\/schema.org","@graph":[{"@type":"WebPage","@id":"https:\/\/dvadukata.com\/razvoj-poslovanja\/","url":"https:\/\/dvadukata.com\/razvoj-poslovanja\/","name":"Razvoj poslovanja - DvaDukata.com","isPartOf":{"@id":"https:\/\/dvadukata.com\/#website"},"primaryImageOfPage":{"@id":"https:\/\/dvadukata.com\/razvoj-poslovanja\/#primaryimage"},"image":{"@id":"https:\/\/dvadukata.com\/razvoj-poslovanja\/#primaryimage"},"thumbnailUrl":"https:\/\/dvadukata.com\/wp-content\/uploads\/2025\/08\/Group-3-e1756216271478.jpg","datePublished":"2025-06-18T13:55:26+00:00","dateModified":"2026-04-21T08:47:49+00:00","breadcrumb":{"@id":"https:\/\/dvadukata.com\/razvoj-poslovanja\/#breadcrumb"},"inLanguage":"hu","potentialAction":[{"@type":"ReadAction","target":["https:\/\/dvadukata.com\/razvoj-poslovanja\/"]}]},{"@type":"ImageObject","inLanguage":"hu","@id":"https:\/\/dvadukata.com\/razvoj-poslovanja\/#primaryimage","url":"https:\/\/dvadukata.com\/wp-content\/uploads\/2025\/08\/Group-3-e1756216271478.jpg","contentUrl":"https:\/\/dvadukata.com\/wp-content\/uploads\/2025\/08\/Group-3-e1756216271478.jpg","width":2400,"height":1260},{"@type":"BreadcrumbList","@id":"https:\/\/dvadukata.com\/razvoj-poslovanja\/#breadcrumb","itemListElement":[{"@type":"ListItem","position":1,"name":"Home","item":"https:\/\/dvadukata.com\/"},{"@type":"ListItem","position":2,"name":"Razvoj poslovanja"}]},{"@type":"WebSite","@id":"https:\/\/dvadukata.com\/#website","url":"https:\/\/dvadukata.com\/","name":"DvaDukata.com","description":"Va\u0161i porezi su manji sa nama","potentialAction":[{"@type":"SearchAction","target":{"@type":"EntryPoint","urlTemplate":"https:\/\/dvadukata.com\/?s={search_term_string}"},"query-input":{"@type":"PropertyValueSpecification","valueRequired":true,"valueName":"search_term_string"}}],"inLanguage":"hu"}]}},"_links":{"self":[{"href":"https:\/\/dvadukata.com\/hu\/wp-json\/wp\/v2\/pages\/230","targetHints":{"allow":["GET"]}}],"collection":[{"href":"https:\/\/dvadukata.com\/hu\/wp-json\/wp\/v2\/pages"}],"about":[{"href":"https:\/\/dvadukata.com\/hu\/wp-json\/wp\/v2\/types\/page"}],"author":[{"embeddable":true,"href":"https:\/\/dvadukata.com\/hu\/wp-json\/wp\/v2\/users\/1"}],"replies":[{"embeddable":true,"href":"https:\/\/dvadukata.com\/hu\/wp-json\/wp\/v2\/comments?post=230"}],"version-history":[{"count":19,"href":"https:\/\/dvadukata.com\/hu\/wp-json\/wp\/v2\/pages\/230\/revisions"}],"predecessor-version":[{"id":1123,"href":"https:\/\/dvadukata.com\/hu\/wp-json\/wp\/v2\/pages\/230\/revisions\/1123"}],"wp:featuredmedia":[{"embeddable":true,"href":"https:\/\/dvadukata.com\/hu\/wp-json\/wp\/v2\/media\/765"}],"wp:attachment":[{"href":"https:\/\/dvadukata.com\/hu\/wp-json\/wp\/v2\/media?parent=230"}],"curies":[{"name":"wp","href":"https:\/\/api.w.org\/{rel}","templated":true}]}}