{"id":217,"date":"2025-06-18T13:51:02","date_gmt":"2025-06-18T13:51:02","guid":{"rendered":"https:\/\/dvadukata.com\/?page_id=217"},"modified":"2026-04-21T08:47:44","modified_gmt":"2026-04-21T08:47:44","slug":"emberi-eroforrasok","status":"publish","type":"page","link":"https:\/\/dvadukata.com\/hu\/emberi-eroforrasok\/","title":{"rendered":"Emberi er\u0151forr\u00e1sok"},"content":{"rendered":"<div data-elementor-type=\"wp-page\" data-elementor-id=\"217\" class=\"elementor elementor-217\" data-elementor-post-type=\"page\">\n\t\t\t\t<div class=\"elementor-element elementor-element-6d76099 e-flex e-con-boxed e-con e-parent\" data-id=\"6d76099\" data-element_type=\"container\">\n\t\t\t\t\t<div class=\"e-con-inner\">\n\t\t<div class=\"elementor-element elementor-element-362a6c3 e-con-full e-flex e-con e-child\" data-id=\"362a6c3\" data-element_type=\"container\" data-settings=\"{&quot;background_background&quot;:&quot;classic&quot;}\">\n\t\t\t\t<div class=\"elementor-element elementor-element-09c6659 elementor-nav-menu--dropdown-mobile elementor-nav-menu--stretch elementor-nav-menu__text-align-aside elementor-nav-menu--toggle elementor-nav-menu--burger elementor-widget elementor-widget-nav-menu\" data-id=\"09c6659\" data-element_type=\"widget\" data-settings=\"{&quot;layout&quot;:&quot;vertical&quot;,&quot;full_width&quot;:&quot;stretch&quot;,&quot;submenu_icon&quot;:{&quot;value&quot;:&quot;&lt;svg class=\\&quot;e-font-icon-svg e-fas-caret-down\\&quot; viewBox=\\&quot;0 0 320 512\\&quot; xmlns=\\&quot;http:\\\/\\\/www.w3.org\\\/2000\\\/svg\\&quot;&gt;&lt;path d=\\&quot;M31.3 192h257.3c17.8 0 26.7 21.5 14.1 34.1L174.1 354.8c-7.8 7.8-20.5 7.8-28.3 0L17.2 226.1C4.6 213.5 13.5 192 31.3 192z\\&quot;&gt;&lt;\\\/path&gt;&lt;\\\/svg&gt;&quot;,&quot;library&quot;:&quot;fa-solid&quot;},&quot;toggle&quot;:&quot;burger&quot;}\" data-widget_type=\"nav-menu.default\">\n\t\t\t\t<div class=\"elementor-widget-container\">\n\t\t\t\t\t\t\t\t<nav aria-label=\"Men\u00fc\" class=\"elementor-nav-menu--main elementor-nav-menu__container elementor-nav-menu--layout-vertical e--pointer-background e--animation-fade\">\n\t\t\t\t<ul id=\"menu-1-09c6659\" class=\"elementor-nav-menu sm-vertical\"><li class=\"menu-item menu-item-type-post_type menu-item-object-page menu-item-142\"><a href=\"https:\/\/dvadukata.com\/hu\/szamvitel\/\" class=\"elementor-item\">Sz\u00e1mvitel<\/a><\/li>\n<li class=\"menu-item menu-item-type-post_type menu-item-object-page menu-item-517\"><a href=\"https:\/\/dvadukata.com\/hu\/adotanacsadas\/\" class=\"elementor-item\">ad\u00f3tan\u00e1csad\u00e1s<\/a><\/li>\n<li class=\"menu-item menu-item-type-post_type menu-item-object-page menu-item-513\"><a href=\"https:\/\/dvadukata.com\/hu\/emberi-eroforrasok\/\" class=\"elementor-item\">Emberi er\u0151forr\u00e1sok<\/a><\/li>\n<li class=\"menu-item menu-item-type-post_type menu-item-object-page menu-item-512\"><a href=\"https:\/\/dvadukata.com\/hu\/teljesitmenyjelentesek\/\" class=\"elementor-item\">PowerBI-jelent\u00e9sek<\/a><\/li>\n<li class=\"menu-item menu-item-type-post_type menu-item-object-page menu-item-519\"><a href=\"https:\/\/dvadukata.com\/hu\/uzletfejlesztes\/\" class=\"elementor-item\">\u00dczletfejleszt\u00e9s<\/a><\/li>\n<li class=\"menu-item menu-item-type-post_type menu-item-object-page menu-item-515\"><a href=\"https:\/\/dvadukata.com\/hu\/fioktelepek-tamogatasa\/\" class=\"elementor-item\">Fi\u00f3ktelepi t\u00e1mogat\u00e1s<\/a><\/li>\n<li class=\"menu-item menu-item-type-post_type menu-item-object-page menu-item-518\"><a href=\"https:\/\/dvadukata.com\/hu\/szamviteli-szolgaltatasok-banja-luka\/\" class=\"elementor-item\">Sz\u00e1mviteli szolg\u00e1ltat\u00e1sok Banja Luka<\/a><\/li>\n<li class=\"menu-item menu-item-type-post_type menu-item-object-page menu-item-514\"><a href=\"https:\/\/dvadukata.com\/hu\/berek-es-juttatasok-berado-szamitasa\/\" class=\"elementor-item\">B\u00e9rsz\u00e1mfejt\u00e9s - ad\u00f3k, b\u00e9rek \u00e9s juttat\u00e1sok kisz\u00e1m\u00edt\u00e1sa<\/a><\/li>\n<li class=\"menu-item menu-item-type-post_type menu-item-object-page menu-item-516\"><a href=\"https:\/\/dvadukata.com\/hu\/adougyved-a-szerb-koztarsasag-teruleten\/\" class=\"elementor-item\">Ad\u00f3z\u00e1si meghatalmaz\u00e1s a Szerb K\u00f6zt\u00e1rsas\u00e1g ter\u00fclet\u00e9n<\/a><\/li>\n<\/ul>\t\t\t<\/nav>\n\t\t\t\t\t<div class=\"elementor-menu-toggle\" role=\"button\" tabindex=\"0\" aria-label=\"Men\u00fc v\u00e1lt\u00e1sa\" aria-expanded=\"false\">\n\t\t\t<span class=\"elementor-menu-toggle__icon--open\"><svg xmlns=\"http:\/\/www.w3.org\/2000\/svg\" width=\"11\" height=\"7\" viewbox=\"0 0 11 7\" fill=\"none\"><path d=\"M10.854 1.35369L5.85403 6.35369C5.80759 6.40018 5.75245 6.43706 5.69175 6.46222C5.63105 6.48738 5.56599 6.50034 5.50028 6.50034C5.43457 6.50034 5.36951 6.48738 5.30881 6.46222C5.24811 6.43706 5.19296 6.40018 5.14653 6.35369L0.146528 1.35369C0.0527077 1.25987 0 1.13262 0 0.999942C0 0.86726 0.0527077 0.740012 0.146528 0.646192C0.240348 0.552372 0.367596 0.499664 0.500278 0.499664C0.63296 0.499664 0.760208 0.552372 0.854028 0.646192L5.50028 5.29307L10.1465 0.646192C10.193 0.599737 10.2481 0.562887 10.3088 0.537745C10.3695 0.512604 10.4346 0.499664 10.5003 0.499664C10.566 0.499664 10.631 0.512604 10.6917 0.537745C10.7524 0.562887 10.8076 0.599737 10.854 0.646192C10.9005 0.692647 10.9373 0.747798 10.9625 0.808494C10.9876 0.869191 11.0006 0.934245 11.0006 0.999942C11.0006 1.06564 10.9876 1.13069 10.9625 1.19139C10.9373 1.25209 10.9005 1.30724 10.854 1.35369Z\" fill=\"#004680\"><\/path><\/svg><\/span><span class=\"elementor-menu-toggle__icon--close\"><svg xmlns=\"http:\/\/www.w3.org\/2000\/svg\" width=\"11\" height=\"7\" viewbox=\"0 0 11 7\" fill=\"none\"><path d=\"M10.854 1.35369L5.85403 6.35369C5.80759 6.40018 5.75245 6.43706 5.69175 6.46222C5.63105 6.48738 5.56599 6.50034 5.50028 6.50034C5.43457 6.50034 5.36951 6.48738 5.30881 6.46222C5.24811 6.43706 5.19296 6.40018 5.14653 6.35369L0.146528 1.35369C0.0527077 1.25987 0 1.13262 0 0.999942C0 0.86726 0.0527077 0.740012 0.146528 0.646192C0.240348 0.552372 0.367596 0.499664 0.500278 0.499664C0.63296 0.499664 0.760208 0.552372 0.854028 0.646192L5.50028 5.29307L10.1465 0.646192C10.193 0.599737 10.2481 0.562887 10.3088 0.537745C10.3695 0.512604 10.4346 0.499664 10.5003 0.499664C10.566 0.499664 10.631 0.512604 10.6917 0.537745C10.7524 0.562887 10.8076 0.599737 10.854 0.646192C10.9005 0.692647 10.9373 0.747798 10.9625 0.808494C10.9876 0.869191 11.0006 0.934245 11.0006 0.999942C11.0006 1.06564 10.9876 1.13069 10.9625 1.19139C10.9373 1.25209 10.9005 1.30724 10.854 1.35369Z\" fill=\"#004680\"><\/path><\/svg><\/span>\t\t<\/div>\n\t\t\t\t\t<nav class=\"elementor-nav-menu--dropdown elementor-nav-menu__container\" aria-hidden=\"true\">\n\t\t\t\t<ul id=\"menu-2-09c6659\" class=\"elementor-nav-menu sm-vertical\"><li class=\"menu-item menu-item-type-post_type menu-item-object-page menu-item-142\"><a href=\"https:\/\/dvadukata.com\/hu\/szamvitel\/\" class=\"elementor-item\" tabindex=\"-1\">Sz\u00e1mvitel<\/a><\/li>\n<li class=\"menu-item menu-item-type-post_type menu-item-object-page menu-item-517\"><a href=\"https:\/\/dvadukata.com\/hu\/adotanacsadas\/\" class=\"elementor-item\" tabindex=\"-1\">ad\u00f3tan\u00e1csad\u00e1s<\/a><\/li>\n<li class=\"menu-item menu-item-type-post_type menu-item-object-page menu-item-513\"><a href=\"https:\/\/dvadukata.com\/hu\/emberi-eroforrasok\/\" class=\"elementor-item\" tabindex=\"-1\">Emberi er\u0151forr\u00e1sok<\/a><\/li>\n<li class=\"menu-item menu-item-type-post_type menu-item-object-page menu-item-512\"><a href=\"https:\/\/dvadukata.com\/hu\/teljesitmenyjelentesek\/\" class=\"elementor-item\" tabindex=\"-1\">PowerBI-jelent\u00e9sek<\/a><\/li>\n<li class=\"menu-item menu-item-type-post_type menu-item-object-page menu-item-519\"><a href=\"https:\/\/dvadukata.com\/hu\/uzletfejlesztes\/\" class=\"elementor-item\" tabindex=\"-1\">\u00dczletfejleszt\u00e9s<\/a><\/li>\n<li class=\"menu-item menu-item-type-post_type menu-item-object-page menu-item-515\"><a href=\"https:\/\/dvadukata.com\/hu\/fioktelepek-tamogatasa\/\" class=\"elementor-item\" tabindex=\"-1\">Fi\u00f3ktelepi t\u00e1mogat\u00e1s<\/a><\/li>\n<li class=\"menu-item menu-item-type-post_type menu-item-object-page menu-item-518\"><a href=\"https:\/\/dvadukata.com\/hu\/szamviteli-szolgaltatasok-banja-luka\/\" class=\"elementor-item\" tabindex=\"-1\">Sz\u00e1mviteli szolg\u00e1ltat\u00e1sok Banja Luka<\/a><\/li>\n<li class=\"menu-item menu-item-type-post_type menu-item-object-page menu-item-514\"><a href=\"https:\/\/dvadukata.com\/hu\/berek-es-juttatasok-berado-szamitasa\/\" class=\"elementor-item\" tabindex=\"-1\">B\u00e9rsz\u00e1mfejt\u00e9s - ad\u00f3k, b\u00e9rek \u00e9s juttat\u00e1sok kisz\u00e1m\u00edt\u00e1sa<\/a><\/li>\n<li class=\"menu-item menu-item-type-post_type menu-item-object-page menu-item-516\"><a href=\"https:\/\/dvadukata.com\/hu\/adougyved-a-szerb-koztarsasag-teruleten\/\" class=\"elementor-item\" tabindex=\"-1\">Ad\u00f3z\u00e1si meghatalmaz\u00e1s a Szerb K\u00f6zt\u00e1rsas\u00e1g ter\u00fclet\u00e9n<\/a><\/li>\n<\/ul>\t\t\t<\/nav>\n\t\t\t\t\t\t<\/div>\n\t\t\t\t<\/div>\n\t\t\t\t<div class=\"elementor-element elementor-element-75739c9 elementor-widget-mobile__width-inherit elementor-hidden-desktop elementor-hidden-tablet elementor-widget elementor-widget-heading\" data-id=\"75739c9\" data-element_type=\"widget\" data-widget_type=\"heading.default\">\n\t\t\t\t<div class=\"elementor-widget-container\">\n\t\t\t\t\t<h2 class=\"elementor-heading-title elementor-size-default\">Emberi er\u0151forr\u00e1sok<\/h2>\t\t\t\t<\/div>\n\t\t\t\t<\/div>\n\t\t\t\t<\/div>\n\t\t<div class=\"elementor-element elementor-element-ce80965 e-con-full e-flex e-con e-child\" data-id=\"ce80965\" data-element_type=\"container\">\n\t\t\t\t<div class=\"elementor-element elementor-element-65de317 elementor-widget elementor-widget-heading\" data-id=\"65de317\" data-element_type=\"widget\" data-widget_type=\"heading.default\">\n\t\t\t\t<div class=\"elementor-widget-container\">\n\t\t\t\t\t<h2 class=\"elementor-heading-title elementor-size-default\">Emberi er\u0151forr\u00e1sok<\/h2>\t\t\t\t<\/div>\n\t\t\t\t<\/div>\n\t\t\t\t<div class=\"elementor-element elementor-element-b759ca0 elementor-widget elementor-widget-text-editor\" data-id=\"b759ca0\" data-element_type=\"widget\" data-widget_type=\"text-editor.default\">\n\t\t\t\t<div class=\"elementor-widget-container\">\n\t\t\t\t\t\t\t\t\t<p><strong>\ud83d\udc65 Emberi er\u0151forr\u00e1sok \u00e9s alkalmazotti nyilv\u00e1ntart\u00e1sok - a stabil \u00fczlet alapja<\/strong><\/p><p>A modern \u00fczleti k\u00f6rnyezetben a hum\u00e1ner\u0151forr\u00e1s-gazd\u00e1lkod\u00e1s nemcsak adminisztrat\u00edv k\u00f6telezetts\u00e9g, hanem strat\u00e9giai szegmens, amely k\u00f6zvetlen\u00fcl befoly\u00e1solja minden v\u00e1llalat hat\u00e9konys\u00e1g\u00e1t, jogbiztons\u00e1g\u00e1t \u00e9s h\u00edrnev\u00e9t. A v\u00e1llalat m\u00e9ret\u00e9t\u0151l f\u00fcggetlen\u00fcl a megfelel\u0151en vezetett munkav\u00e1llal\u00f3i nyilv\u00e1ntart\u00e1s \u00e9s a Munka T\u00f6rv\u00e9nyk\u00f6nyv\u00e9nek betart\u00e1sa a professzion\u00e1lis \u00e9s felel\u0151s \u00fczleti tev\u00e9kenys\u00e9g alapja.<\/p><p>\ud83d\udccc Az MGI Dva Dukata DOO \u00e9vek \u00f3ta ny\u00fajt \u00e1tfog\u00f3 t\u00e1mogat\u00e1st \u00fcgyfeleinek a munkajogi dokument\u00e1ci\u00f3 \u00e9s a munkav\u00e1llal\u00f3i nyilv\u00e1ntart\u00e1sok ter\u00fclet\u00e9n. Szolg\u00e1ltat\u00e1sunk nem csak technikai jelleg\u0171 \u2013 gondosan megtervezett, hogy biztos\u00edtsa a jogbiztons\u00e1got, az \u00e1tl\u00e1that\u00f3s\u00e1got \u00e9s a bizalmat a munk\u00e1ltat\u00f3k \u00e9s a munkav\u00e1llal\u00f3k k\u00f6z\u00f6tt.<\/p><p>\u00a0<\/p><p><strong>\ud83d\udd0d Mit tartalmaz a szolg\u00e1ltat\u00e1sunk?<\/strong><\/p><p>\u00b7 Teljes k\u00f6r\u0171 dokument\u00e1ci\u00f3 elk\u00e9sz\u00edt\u00e9se a Munka T\u00f6rv\u00e9nyk\u00f6nyv\u00e9nek megfelel\u0151en: munkaszerz\u0151d\u00e9sek, mell\u00e9kletek, hat\u00e1rozatok, szab\u00e1lyok \u00e9s egy\u00e9b jogi aktusok<\/p><p>\u00b7 Munkav\u00e1llal\u00f3i regisztr\u00e1ci\u00f3 \u00e9s t\u00f6rl\u00e9s a K\u00f6telez\u0151 T\u00e1rsadalombiztos\u00edt\u00e1s K\u00f6zponti Nyilv\u00e1ntart\u00e1s\u00e1n (CROSO) kereszt\u00fcl<\/p><p>\u00b7 Munka\u00f3r\u00e1k, hi\u00e1nyz\u00e1sok, betegszabads\u00e1gok \u00e9s munkaer\u0151k\u00f6lts\u00e9gek nyilv\u00e1ntart\u00e1sa<\/p><p>\u00b7 Tan\u00e1csad\u00e1s \u00e9s dokument\u00e1ci\u00f3 k\u00e9sz\u00edt\u00e9se mindenf\u00e9le foglalkoztat\u00e1si form\u00e1hoz: \u00e1lland\u00f3 foglalkoztat\u00e1s, ideiglenes \u00e9s alkalmi munk\u00e1k, munkaszerz\u0151d\u00e9sek, szerz\u0151i jogi szerz\u0151d\u00e9sek stb.<\/p><p>\u00b7 Jogi v\u00e1ltoz\u00e1sok nyomon k\u00f6vet\u00e9se \u00e9s az \u00fcgyfelek id\u0151ben t\u00f6rt\u00e9n\u0151 t\u00e1j\u00e9koztat\u00e1sa az \u00faj k\u00f6telezetts\u00e9gekr\u0151l \u00e9s lehet\u0151s\u00e9gekr\u0151l<\/p><p>\u00a0<\/p><p><strong>\ud83d\udcd8 Mi\u00e9rt v\u00e1lasztanak minket az \u00fcgyfelek?<\/strong><\/p><p>\u00b7 Szisztematikus \u00e9s prec\u00edz munkav\u00e9gz\u00e9s<\/p><p>\u00b7 A jogi v\u00e1ltoz\u00e1sok gyorsas\u00e1ga<\/p><p>\u00b7 Diszkr\u00e9ci\u00f3 \u00e9s titoktart\u00e1s az adatfeldolgoz\u00e1s sor\u00e1n<\/p><p>\u00b7 A dokument\u00e1ci\u00f3 adapt\u00e1l\u00e1sa az egyes \u00fcgyfelek \u00fczleti tev\u00e9kenys\u00e9g\u00e9nek saj\u00e1toss\u00e1gaihoz<\/p><p>\u00b7 Meleg \u00e9s proakt\u00edv hozz\u00e1\u00e1ll\u00e1s, amely megk\u00f6nny\u00edti a napi feladatok elv\u00e9gz\u00e9s\u00e9t<\/p><p>\u00a0<\/p><p>\ud83d\udca1 Az MGI Dva Dukat\u00e1n\u00e1l hisz\u00fcnk abban, hogy az emberi er\u0151forr\u00e1sok nem csup\u00e1n sz\u00e1mok egy asztalon \u2013 minden szervezet sz\u00edv\u00e9t alkotj\u00e1k. C\u00e9lunk, hogy ezt jogi biztons\u00e1ggal \u00e9s szakmai t\u00e1mogat\u00e1ssal tegy\u00fck lehet\u0151v\u00e9.<\/p><p>hogy \u00fcgyfeleink a n\u00f6veked\u00e9sre \u00e9s fejl\u0151d\u00e9sre koncentr\u00e1lhassanak, mik\u00f6zben mi gondoskodunk a munkajogi folyamatok jogszer\u0171s\u00e9g\u00e9r\u0151l \u00e9s szab\u00e1lyszer\u0171s\u00e9g\u00e9r\u0151l.<\/p>\t\t\t\t\t\t\t\t<\/div>\n\t\t\t\t<\/div>\n\t\t\t\t<div class=\"elementor-element elementor-element-e086783 elementor-widget elementor-widget-button\" data-id=\"e086783\" data-element_type=\"widget\" data-widget_type=\"button.default\">\n\t\t\t\t<div class=\"elementor-widget-container\">\n\t\t\t\t\t\t\t\t\t<div class=\"elementor-button-wrapper\">\n\t\t\t\t\t<a class=\"elementor-button elementor-button-link elementor-size-sm\" href=\"#elementor-action%3Aaction%3Dpopup%3Aopen%26settings%3DeyJpZCI6IjE1MiIsInRvZ2dsZSI6ZmFsc2V9\">\n\t\t\t\t\t\t<span class=\"elementor-button-content-wrapper\">\n\t\t\t\t\t\t\t\t\t<span class=\"elementor-button-text\">Foglaljon id\u0151pontot.<\/span>\n\t\t\t\t\t<\/span>\n\t\t\t\t\t<\/a>\n\t\t\t\t<\/div>\n\t\t\t\t\t\t\t\t<\/div>\n\t\t\t\t<\/div>\n\t\t\t\t<\/div>\n\t\t\t\t\t<\/div>\n\t\t\t\t<\/div>\n\t\t\t\t<\/div>","protected":false},"excerpt":{"rendered":"<p>\ud83d\udc65 Ljudski resursi i evidencija o zaposlenima \u2013 temelj stabilnog poslovanja U savremenom poslovnom okru\u017eenju, upravljanje ljudskim resursima ne predstavlja samo administrativnu obavezu, ve\u0107 strate\u0161ki segment koji direktno uti\u010de na efikasnost, pravnu sigurnost i reputaciju svake kompanije. Bez obzira na veli\u010dinu firme, uredno vo\u0111ena evidencija o zaposlenima i uskla\u0111enost sa Zakonom o radu predstavljaju osnovu [&hellip;]<\/p>","protected":false},"author":1,"featured_media":765,"parent":0,"menu_order":0,"comment_status":"closed","ping_status":"closed","template":"elementor_header_footer","meta":{"footnotes":""},"class_list":["post-217","page","type-page","status-publish","has-post-thumbnail","hentry"],"yoast_head":"<!-- This site is optimized with the Yoast SEO plugin v23.4 - https:\/\/yoast.com\/wordpress\/plugins\/seo\/ -->\n<title>Ljudski resursi - DvaDukata.com<\/title>\n<meta name=\"robots\" content=\"index, follow, max-snippet:-1, max-image-preview:large, max-video-preview:-1\" \/>\n<link rel=\"canonical\" href=\"https:\/\/dvadukata.com\/hu\/emberi-eroforrasok\/\" \/>\n<meta property=\"og:locale\" content=\"hu_HU\" \/>\n<meta property=\"og:type\" content=\"article\" \/>\n<meta property=\"og:title\" content=\"Ljudski resursi - DvaDukata.com\" \/>\n<meta property=\"og:description\" content=\"\ud83d\udc65 Ljudski resursi i evidencija o zaposlenima \u2013 temelj stabilnog poslovanja U savremenom poslovnom okru\u017eenju, upravljanje ljudskim resursima ne predstavlja samo administrativnu obavezu, ve\u0107 strate\u0161ki segment koji direktno uti\u010de na efikasnost, pravnu sigurnost i reputaciju svake kompanije. Bez obzira na veli\u010dinu firme, uredno vo\u0111ena evidencija o zaposlenima i uskla\u0111enost sa Zakonom o radu predstavljaju osnovu [&hellip;]\" \/>\n<meta property=\"og:url\" content=\"https:\/\/dvadukata.com\/hu\/emberi-eroforrasok\/\" \/>\n<meta property=\"og:site_name\" content=\"DvaDukata.com\" \/>\n<meta property=\"article:modified_time\" content=\"2026-04-21T08:47:44+00:00\" \/>\n<meta property=\"og:image\" content=\"https:\/\/dvadukata.com\/wp-content\/uploads\/2025\/08\/Group-3-e1756216271478.jpg\" \/>\n\t<meta property=\"og:image:width\" content=\"2400\" \/>\n\t<meta property=\"og:image:height\" content=\"1260\" \/>\n\t<meta property=\"og:image:type\" content=\"image\/jpeg\" \/>\n<meta name=\"twitter:card\" content=\"summary_large_image\" \/>\n<meta name=\"twitter:label1\" content=\"Becs\u00fclt olvas\u00e1si id\u0151\" \/>\n\t<meta name=\"twitter:data1\" content=\"3 perc\" \/>\n<script type=\"application\/ld+json\" class=\"yoast-schema-graph\">{\"@context\":\"https:\/\/schema.org\",\"@graph\":[{\"@type\":\"WebPage\",\"@id\":\"https:\/\/dvadukata.com\/ljudski-resursi\/\",\"url\":\"https:\/\/dvadukata.com\/ljudski-resursi\/\",\"name\":\"Ljudski resursi - DvaDukata.com\",\"isPartOf\":{\"@id\":\"https:\/\/dvadukata.com\/#website\"},\"primaryImageOfPage\":{\"@id\":\"https:\/\/dvadukata.com\/ljudski-resursi\/#primaryimage\"},\"image\":{\"@id\":\"https:\/\/dvadukata.com\/ljudski-resursi\/#primaryimage\"},\"thumbnailUrl\":\"https:\/\/dvadukata.com\/wp-content\/uploads\/2025\/08\/Group-3-e1756216271478.jpg\",\"datePublished\":\"2025-06-18T13:51:02+00:00\",\"dateModified\":\"2026-04-21T08:47:44+00:00\",\"breadcrumb\":{\"@id\":\"https:\/\/dvadukata.com\/ljudski-resursi\/#breadcrumb\"},\"inLanguage\":\"hu\",\"potentialAction\":[{\"@type\":\"ReadAction\",\"target\":[\"https:\/\/dvadukata.com\/ljudski-resursi\/\"]}]},{\"@type\":\"ImageObject\",\"inLanguage\":\"hu\",\"@id\":\"https:\/\/dvadukata.com\/ljudski-resursi\/#primaryimage\",\"url\":\"https:\/\/dvadukata.com\/wp-content\/uploads\/2025\/08\/Group-3-e1756216271478.jpg\",\"contentUrl\":\"https:\/\/dvadukata.com\/wp-content\/uploads\/2025\/08\/Group-3-e1756216271478.jpg\",\"width\":2400,\"height\":1260},{\"@type\":\"BreadcrumbList\",\"@id\":\"https:\/\/dvadukata.com\/ljudski-resursi\/#breadcrumb\",\"itemListElement\":[{\"@type\":\"ListItem\",\"position\":1,\"name\":\"Home\",\"item\":\"https:\/\/dvadukata.com\/\"},{\"@type\":\"ListItem\",\"position\":2,\"name\":\"Ljudski resursi\"}]},{\"@type\":\"WebSite\",\"@id\":\"https:\/\/dvadukata.com\/#website\",\"url\":\"https:\/\/dvadukata.com\/\",\"name\":\"DvaDukata.com\",\"description\":\"Va\u0161i porezi su manji sa nama\",\"potentialAction\":[{\"@type\":\"SearchAction\",\"target\":{\"@type\":\"EntryPoint\",\"urlTemplate\":\"https:\/\/dvadukata.com\/?s={search_term_string}\"},\"query-input\":{\"@type\":\"PropertyValueSpecification\",\"valueRequired\":true,\"valueName\":\"search_term_string\"}}],\"inLanguage\":\"hu\"}]}<\/script>\n<!-- \/ Yoast SEO plugin. -->","yoast_head_json":{"title":"Ljudski resursi - DvaDukata.com","robots":{"index":"index","follow":"follow","max-snippet":"max-snippet:-1","max-image-preview":"max-image-preview:large","max-video-preview":"max-video-preview:-1"},"canonical":"https:\/\/dvadukata.com\/hu\/emberi-eroforrasok\/","og_locale":"hu_HU","og_type":"article","og_title":"Ljudski resursi - DvaDukata.com","og_description":"\ud83d\udc65 Ljudski resursi i evidencija o zaposlenima \u2013 temelj stabilnog poslovanja U savremenom poslovnom okru\u017eenju, upravljanje ljudskim resursima ne predstavlja samo administrativnu obavezu, ve\u0107 strate\u0161ki segment koji direktno uti\u010de na efikasnost, pravnu sigurnost i reputaciju svake kompanije. Bez obzira na veli\u010dinu firme, uredno vo\u0111ena evidencija o zaposlenima i uskla\u0111enost sa Zakonom o radu predstavljaju osnovu [&hellip;]","og_url":"https:\/\/dvadukata.com\/hu\/emberi-eroforrasok\/","og_site_name":"DvaDukata.com","article_modified_time":"2026-04-21T08:47:44+00:00","og_image":[{"width":2400,"height":1260,"url":"https:\/\/dvadukata.com\/wp-content\/uploads\/2025\/08\/Group-3-e1756216271478.jpg","type":"image\/jpeg"}],"twitter_card":"summary_large_image","twitter_misc":{"Becs\u00fclt olvas\u00e1si id\u0151":"3 perc"},"schema":{"@context":"https:\/\/schema.org","@graph":[{"@type":"WebPage","@id":"https:\/\/dvadukata.com\/ljudski-resursi\/","url":"https:\/\/dvadukata.com\/ljudski-resursi\/","name":"Ljudski resursi - DvaDukata.com","isPartOf":{"@id":"https:\/\/dvadukata.com\/#website"},"primaryImageOfPage":{"@id":"https:\/\/dvadukata.com\/ljudski-resursi\/#primaryimage"},"image":{"@id":"https:\/\/dvadukata.com\/ljudski-resursi\/#primaryimage"},"thumbnailUrl":"https:\/\/dvadukata.com\/wp-content\/uploads\/2025\/08\/Group-3-e1756216271478.jpg","datePublished":"2025-06-18T13:51:02+00:00","dateModified":"2026-04-21T08:47:44+00:00","breadcrumb":{"@id":"https:\/\/dvadukata.com\/ljudski-resursi\/#breadcrumb"},"inLanguage":"hu","potentialAction":[{"@type":"ReadAction","target":["https:\/\/dvadukata.com\/ljudski-resursi\/"]}]},{"@type":"ImageObject","inLanguage":"hu","@id":"https:\/\/dvadukata.com\/ljudski-resursi\/#primaryimage","url":"https:\/\/dvadukata.com\/wp-content\/uploads\/2025\/08\/Group-3-e1756216271478.jpg","contentUrl":"https:\/\/dvadukata.com\/wp-content\/uploads\/2025\/08\/Group-3-e1756216271478.jpg","width":2400,"height":1260},{"@type":"BreadcrumbList","@id":"https:\/\/dvadukata.com\/ljudski-resursi\/#breadcrumb","itemListElement":[{"@type":"ListItem","position":1,"name":"Home","item":"https:\/\/dvadukata.com\/"},{"@type":"ListItem","position":2,"name":"Ljudski resursi"}]},{"@type":"WebSite","@id":"https:\/\/dvadukata.com\/#website","url":"https:\/\/dvadukata.com\/","name":"DvaDukata.com","description":"Va\u0161i porezi su manji sa nama","potentialAction":[{"@type":"SearchAction","target":{"@type":"EntryPoint","urlTemplate":"https:\/\/dvadukata.com\/?s={search_term_string}"},"query-input":{"@type":"PropertyValueSpecification","valueRequired":true,"valueName":"search_term_string"}}],"inLanguage":"hu"}]}},"_links":{"self":[{"href":"https:\/\/dvadukata.com\/hu\/wp-json\/wp\/v2\/pages\/217","targetHints":{"allow":["GET"]}}],"collection":[{"href":"https:\/\/dvadukata.com\/hu\/wp-json\/wp\/v2\/pages"}],"about":[{"href":"https:\/\/dvadukata.com\/hu\/wp-json\/wp\/v2\/types\/page"}],"author":[{"embeddable":true,"href":"https:\/\/dvadukata.com\/hu\/wp-json\/wp\/v2\/users\/1"}],"replies":[{"embeddable":true,"href":"https:\/\/dvadukata.com\/hu\/wp-json\/wp\/v2\/comments?post=217"}],"version-history":[{"count":19,"href":"https:\/\/dvadukata.com\/hu\/wp-json\/wp\/v2\/pages\/217\/revisions"}],"predecessor-version":[{"id":1120,"href":"https:\/\/dvadukata.com\/hu\/wp-json\/wp\/v2\/pages\/217\/revisions\/1120"}],"wp:featuredmedia":[{"embeddable":true,"href":"https:\/\/dvadukata.com\/hu\/wp-json\/wp\/v2\/media\/765"}],"wp:attachment":[{"href":"https:\/\/dvadukata.com\/hu\/wp-json\/wp\/v2\/media?parent=217"}],"curies":[{"name":"wp","href":"https:\/\/api.w.org\/{rel}","templated":true}]}}