{"id":209,"date":"2025-06-18T13:50:05","date_gmt":"2025-06-18T13:50:05","guid":{"rendered":"https:\/\/dvadukata.com\/?page_id=209"},"modified":"2026-04-21T08:47:22","modified_gmt":"2026-04-21T08:47:22","slug":"adotanacsadas","status":"publish","type":"page","link":"https:\/\/dvadukata.com\/hu\/adotanacsadas\/","title":{"rendered":"ad\u00f3tan\u00e1csad\u00e1s"},"content":{"rendered":"<div data-elementor-type=\"wp-page\" data-elementor-id=\"209\" class=\"elementor elementor-209\" data-elementor-post-type=\"page\">\n\t\t\t\t<div class=\"elementor-element elementor-element-6d76099 e-flex e-con-boxed e-con e-parent\" data-id=\"6d76099\" data-element_type=\"container\">\n\t\t\t\t\t<div class=\"e-con-inner\">\n\t\t<div class=\"elementor-element elementor-element-362a6c3 e-con-full e-flex e-con e-child\" data-id=\"362a6c3\" data-element_type=\"container\" data-settings=\"{&quot;background_background&quot;:&quot;classic&quot;}\">\n\t\t\t\t<div class=\"elementor-element elementor-element-09c6659 elementor-nav-menu--dropdown-mobile elementor-nav-menu--stretch elementor-nav-menu__text-align-aside elementor-nav-menu--toggle elementor-nav-menu--burger elementor-widget elementor-widget-nav-menu\" data-id=\"09c6659\" data-element_type=\"widget\" data-settings=\"{&quot;layout&quot;:&quot;vertical&quot;,&quot;full_width&quot;:&quot;stretch&quot;,&quot;submenu_icon&quot;:{&quot;value&quot;:&quot;&lt;svg class=\\&quot;e-font-icon-svg e-fas-caret-down\\&quot; viewBox=\\&quot;0 0 320 512\\&quot; xmlns=\\&quot;http:\\\/\\\/www.w3.org\\\/2000\\\/svg\\&quot;&gt;&lt;path d=\\&quot;M31.3 192h257.3c17.8 0 26.7 21.5 14.1 34.1L174.1 354.8c-7.8 7.8-20.5 7.8-28.3 0L17.2 226.1C4.6 213.5 13.5 192 31.3 192z\\&quot;&gt;&lt;\\\/path&gt;&lt;\\\/svg&gt;&quot;,&quot;library&quot;:&quot;fa-solid&quot;},&quot;toggle&quot;:&quot;burger&quot;}\" data-widget_type=\"nav-menu.default\">\n\t\t\t\t<div class=\"elementor-widget-container\">\n\t\t\t\t\t\t\t\t<nav aria-label=\"Men\u00fc\" class=\"elementor-nav-menu--main elementor-nav-menu__container elementor-nav-menu--layout-vertical e--pointer-background e--animation-fade\">\n\t\t\t\t<ul id=\"menu-1-09c6659\" class=\"elementor-nav-menu sm-vertical\"><li class=\"menu-item menu-item-type-post_type menu-item-object-page menu-item-142\"><a href=\"https:\/\/dvadukata.com\/hu\/szamvitel\/\" class=\"elementor-item\">Sz\u00e1mvitel<\/a><\/li>\n<li class=\"menu-item menu-item-type-post_type menu-item-object-page menu-item-517\"><a href=\"https:\/\/dvadukata.com\/hu\/adotanacsadas\/\" class=\"elementor-item\">ad\u00f3tan\u00e1csad\u00e1s<\/a><\/li>\n<li class=\"menu-item menu-item-type-post_type menu-item-object-page menu-item-513\"><a href=\"https:\/\/dvadukata.com\/hu\/emberi-eroforrasok\/\" class=\"elementor-item\">Emberi er\u0151forr\u00e1sok<\/a><\/li>\n<li class=\"menu-item menu-item-type-post_type menu-item-object-page menu-item-512\"><a href=\"https:\/\/dvadukata.com\/hu\/teljesitmenyjelentesek\/\" class=\"elementor-item\">PowerBI-jelent\u00e9sek<\/a><\/li>\n<li class=\"menu-item menu-item-type-post_type menu-item-object-page menu-item-519\"><a href=\"https:\/\/dvadukata.com\/hu\/uzletfejlesztes\/\" class=\"elementor-item\">\u00dczletfejleszt\u00e9s<\/a><\/li>\n<li class=\"menu-item menu-item-type-post_type menu-item-object-page menu-item-515\"><a href=\"https:\/\/dvadukata.com\/hu\/fioktelepek-tamogatasa\/\" class=\"elementor-item\">Fi\u00f3ktelepi t\u00e1mogat\u00e1s<\/a><\/li>\n<li class=\"menu-item menu-item-type-post_type menu-item-object-page menu-item-518\"><a href=\"https:\/\/dvadukata.com\/hu\/szamviteli-szolgaltatasok-banja-luka\/\" class=\"elementor-item\">Sz\u00e1mviteli szolg\u00e1ltat\u00e1sok Banja Luka<\/a><\/li>\n<li class=\"menu-item menu-item-type-post_type menu-item-object-page menu-item-514\"><a href=\"https:\/\/dvadukata.com\/hu\/berek-es-juttatasok-berado-szamitasa\/\" class=\"elementor-item\">B\u00e9rsz\u00e1mfejt\u00e9s - ad\u00f3k, b\u00e9rek \u00e9s juttat\u00e1sok kisz\u00e1m\u00edt\u00e1sa<\/a><\/li>\n<li class=\"menu-item menu-item-type-post_type menu-item-object-page menu-item-516\"><a href=\"https:\/\/dvadukata.com\/hu\/adougyved-a-szerb-koztarsasag-teruleten\/\" class=\"elementor-item\">Ad\u00f3z\u00e1si meghatalmaz\u00e1s a Szerb K\u00f6zt\u00e1rsas\u00e1g ter\u00fclet\u00e9n<\/a><\/li>\n<\/ul>\t\t\t<\/nav>\n\t\t\t\t\t<div class=\"elementor-menu-toggle\" role=\"button\" tabindex=\"0\" aria-label=\"Men\u00fc v\u00e1lt\u00e1sa\" aria-expanded=\"false\">\n\t\t\t<span class=\"elementor-menu-toggle__icon--open\"><svg xmlns=\"http:\/\/www.w3.org\/2000\/svg\" width=\"11\" height=\"7\" viewbox=\"0 0 11 7\" fill=\"none\"><path d=\"M10.854 1.35369L5.85403 6.35369C5.80759 6.40018 5.75245 6.43706 5.69175 6.46222C5.63105 6.48738 5.56599 6.50034 5.50028 6.50034C5.43457 6.50034 5.36951 6.48738 5.30881 6.46222C5.24811 6.43706 5.19296 6.40018 5.14653 6.35369L0.146528 1.35369C0.0527077 1.25987 0 1.13262 0 0.999942C0 0.86726 0.0527077 0.740012 0.146528 0.646192C0.240348 0.552372 0.367596 0.499664 0.500278 0.499664C0.63296 0.499664 0.760208 0.552372 0.854028 0.646192L5.50028 5.29307L10.1465 0.646192C10.193 0.599737 10.2481 0.562887 10.3088 0.537745C10.3695 0.512604 10.4346 0.499664 10.5003 0.499664C10.566 0.499664 10.631 0.512604 10.6917 0.537745C10.7524 0.562887 10.8076 0.599737 10.854 0.646192C10.9005 0.692647 10.9373 0.747798 10.9625 0.808494C10.9876 0.869191 11.0006 0.934245 11.0006 0.999942C11.0006 1.06564 10.9876 1.13069 10.9625 1.19139C10.9373 1.25209 10.9005 1.30724 10.854 1.35369Z\" fill=\"#004680\"><\/path><\/svg><\/span><span class=\"elementor-menu-toggle__icon--close\"><svg xmlns=\"http:\/\/www.w3.org\/2000\/svg\" width=\"11\" height=\"7\" viewbox=\"0 0 11 7\" fill=\"none\"><path d=\"M10.854 1.35369L5.85403 6.35369C5.80759 6.40018 5.75245 6.43706 5.69175 6.46222C5.63105 6.48738 5.56599 6.50034 5.50028 6.50034C5.43457 6.50034 5.36951 6.48738 5.30881 6.46222C5.24811 6.43706 5.19296 6.40018 5.14653 6.35369L0.146528 1.35369C0.0527077 1.25987 0 1.13262 0 0.999942C0 0.86726 0.0527077 0.740012 0.146528 0.646192C0.240348 0.552372 0.367596 0.499664 0.500278 0.499664C0.63296 0.499664 0.760208 0.552372 0.854028 0.646192L5.50028 5.29307L10.1465 0.646192C10.193 0.599737 10.2481 0.562887 10.3088 0.537745C10.3695 0.512604 10.4346 0.499664 10.5003 0.499664C10.566 0.499664 10.631 0.512604 10.6917 0.537745C10.7524 0.562887 10.8076 0.599737 10.854 0.646192C10.9005 0.692647 10.9373 0.747798 10.9625 0.808494C10.9876 0.869191 11.0006 0.934245 11.0006 0.999942C11.0006 1.06564 10.9876 1.13069 10.9625 1.19139C10.9373 1.25209 10.9005 1.30724 10.854 1.35369Z\" fill=\"#004680\"><\/path><\/svg><\/span>\t\t<\/div>\n\t\t\t\t\t<nav class=\"elementor-nav-menu--dropdown elementor-nav-menu__container\" aria-hidden=\"true\">\n\t\t\t\t<ul id=\"menu-2-09c6659\" class=\"elementor-nav-menu sm-vertical\"><li class=\"menu-item menu-item-type-post_type menu-item-object-page menu-item-142\"><a href=\"https:\/\/dvadukata.com\/hu\/szamvitel\/\" class=\"elementor-item\" tabindex=\"-1\">Sz\u00e1mvitel<\/a><\/li>\n<li class=\"menu-item menu-item-type-post_type menu-item-object-page menu-item-517\"><a href=\"https:\/\/dvadukata.com\/hu\/adotanacsadas\/\" class=\"elementor-item\" tabindex=\"-1\">ad\u00f3tan\u00e1csad\u00e1s<\/a><\/li>\n<li class=\"menu-item menu-item-type-post_type menu-item-object-page menu-item-513\"><a href=\"https:\/\/dvadukata.com\/hu\/emberi-eroforrasok\/\" class=\"elementor-item\" tabindex=\"-1\">Emberi er\u0151forr\u00e1sok<\/a><\/li>\n<li class=\"menu-item menu-item-type-post_type menu-item-object-page menu-item-512\"><a href=\"https:\/\/dvadukata.com\/hu\/teljesitmenyjelentesek\/\" class=\"elementor-item\" tabindex=\"-1\">PowerBI-jelent\u00e9sek<\/a><\/li>\n<li class=\"menu-item menu-item-type-post_type menu-item-object-page menu-item-519\"><a href=\"https:\/\/dvadukata.com\/hu\/uzletfejlesztes\/\" class=\"elementor-item\" tabindex=\"-1\">\u00dczletfejleszt\u00e9s<\/a><\/li>\n<li class=\"menu-item menu-item-type-post_type menu-item-object-page menu-item-515\"><a href=\"https:\/\/dvadukata.com\/hu\/fioktelepek-tamogatasa\/\" class=\"elementor-item\" tabindex=\"-1\">Fi\u00f3ktelepi t\u00e1mogat\u00e1s<\/a><\/li>\n<li class=\"menu-item menu-item-type-post_type menu-item-object-page menu-item-518\"><a href=\"https:\/\/dvadukata.com\/hu\/szamviteli-szolgaltatasok-banja-luka\/\" class=\"elementor-item\" tabindex=\"-1\">Sz\u00e1mviteli szolg\u00e1ltat\u00e1sok Banja Luka<\/a><\/li>\n<li class=\"menu-item menu-item-type-post_type menu-item-object-page menu-item-514\"><a href=\"https:\/\/dvadukata.com\/hu\/berek-es-juttatasok-berado-szamitasa\/\" class=\"elementor-item\" tabindex=\"-1\">B\u00e9rsz\u00e1mfejt\u00e9s - ad\u00f3k, b\u00e9rek \u00e9s juttat\u00e1sok kisz\u00e1m\u00edt\u00e1sa<\/a><\/li>\n<li class=\"menu-item menu-item-type-post_type menu-item-object-page menu-item-516\"><a href=\"https:\/\/dvadukata.com\/hu\/adougyved-a-szerb-koztarsasag-teruleten\/\" class=\"elementor-item\" tabindex=\"-1\">Ad\u00f3z\u00e1si meghatalmaz\u00e1s a Szerb K\u00f6zt\u00e1rsas\u00e1g ter\u00fclet\u00e9n<\/a><\/li>\n<\/ul>\t\t\t<\/nav>\n\t\t\t\t\t\t<\/div>\n\t\t\t\t<\/div>\n\t\t\t\t<div class=\"elementor-element elementor-element-75739c9 elementor-widget-mobile__width-inherit elementor-hidden-desktop elementor-hidden-tablet elementor-widget elementor-widget-heading\" data-id=\"75739c9\" data-element_type=\"widget\" data-widget_type=\"heading.default\">\n\t\t\t\t<div class=\"elementor-widget-container\">\n\t\t\t\t\t<h2 class=\"elementor-heading-title elementor-size-default\">ad\u00f3tan\u00e1csad\u00e1s<\/h2>\t\t\t\t<\/div>\n\t\t\t\t<\/div>\n\t\t\t\t<\/div>\n\t\t<div class=\"elementor-element elementor-element-ce80965 e-con-full e-flex e-con e-child\" data-id=\"ce80965\" data-element_type=\"container\">\n\t\t\t\t<div class=\"elementor-element elementor-element-65de317 elementor-widget elementor-widget-heading\" data-id=\"65de317\" data-element_type=\"widget\" data-widget_type=\"heading.default\">\n\t\t\t\t<div class=\"elementor-widget-container\">\n\t\t\t\t\t<h2 class=\"elementor-heading-title elementor-size-default\">ad\u00f3tan\u00e1csad\u00e1s<\/h2>\t\t\t\t<\/div>\n\t\t\t\t<\/div>\n\t\t\t\t<div class=\"elementor-element elementor-element-b759ca0 elementor-widget elementor-widget-text-editor\" data-id=\"b759ca0\" data-element_type=\"widget\" data-widget_type=\"text-editor.default\">\n\t\t\t\t<div class=\"elementor-widget-container\">\n\t\t\t\t\t\t\t\t\t<p><strong>Ad\u00f3tan\u00e1csad\u00e1s \u2013 biztons\u00e1g komplex k\u00f6rnyezetben<\/strong><\/p><p>Dinamikus ad\u00f3z\u00e1si k\u00f6rnyezetben csapatunk megb\u00edzhat\u00f3 t\u00e1mogat\u00e1st ny\u00fajt \u00fcgyfeleinknek az ad\u00f3k\u00f6telezetts\u00e9gek meg\u00e9rt\u00e9s\u00e9ben, tervez\u00e9s\u00e9ben \u00e9s optimaliz\u00e1l\u00e1s\u00e1ban. Ak\u00e1r helyben, ak\u00e1r nemzetk\u00f6zi szinten m\u0171k\u00f6dik, megk\u00f6zel\u00edt\u00e9s\u00fcnk a technikai precizit\u00e1st az \u00fczleti c\u00e9lok strat\u00e9giai meg\u00e9rt\u00e9s\u00e9vel \u00f6tv\u00f6zi.<\/p><p><strong><br \/>\u00dcgyfeleinknek a k\u00f6vetkez\u0151ket k\u00edn\u00e1ljuk:<\/strong><\/p><p>\u00a0\ud83d\udccc Tan\u00e1csad\u00e1s a belf\u00f6ldi ad\u00f3szab\u00e1lyok alkalmaz\u00e1s\u00e1val kapcsolatban, bele\u00e9rtve az \u00e1f\u00e1t, a nyeres\u00e9gad\u00f3t, a b\u00e9rad\u00f3kat \u00e9s az egy\u00e9b ad\u00f3k\u00f6telezetts\u00e9geket<\/p><p>\ud83d\udccc Kock\u00e1zatokat minimaliz\u00e1l\u00f3 \u00e9s k\u00f6lts\u00e9geket optimaliz\u00e1l\u00f3 ad\u00f3tervez\u00e9s, a t\u00f6rv\u00e9nyek teljes betart\u00e1sa mellett<\/p><p>\ud83d\udccc T\u00e1mogat\u00e1s az ad\u00f3bevall\u00e1sok, jelent\u00e9sek elk\u00e9sz\u00edt\u00e9s\u00e9ben \u00e9s az ad\u00f3hat\u00f3s\u00e1ggal val\u00f3 kommunik\u00e1ci\u00f3ban<\/p><p>\ud83d\udccc Konkr\u00e9t tranzakci\u00f3k elemz\u00e9se, bele\u00e9rtve a szerz\u0151d\u00e9seket, befektet\u00e9seket \u00e9s hat\u00e1rokon \u00e1tny\u00fal\u00f3 meg\u00e1llapod\u00e1sokat<\/p><p><strong><br \/>Forr\u00e1sad\u00f3 \u00e9s nemzetk\u00f6zi ad\u00f3z\u00e1si megfelel\u00e9s<\/strong><\/p><p>Azon \u00fcgyfeleink sz\u00e1m\u00e1ra, akik k\u00fclf\u00f6ld\u00f6n folytatnak \u00fczleti tev\u00e9kenys\u00e9get, k\u00fcl\u00f6n\u00f6sen \u00fcgyel\u00fcnk a forr\u00e1sad\u00f3val kapcsolatos szab\u00e1lyoz\u00e1sok helyes alkalmaz\u00e1s\u00e1ra. Ez a k\u00f6telezetts\u00e9g leggyakrabban osztal\u00e9k, kamat, licencd\u00edj vagy szolg\u00e1ltat\u00e1s k\u00fclf\u00f6ldieknek t\u00f6rt\u00e9n\u0151 kifizet\u00e9sekor mer\u00fcl fel, \u00e9s gondos tervez\u00e9st \u00e9s dokument\u00e1ci\u00f3t ig\u00e9nyel.<\/p><p><strong><br \/>Ebben az \u00f6sszef\u00fcgg\u00e9sben a k\u00f6vetkez\u0151ket biztos\u00edtjuk:<\/strong><\/p><p>\ud83d\udcc4 A nem rezidensekkel folytatott tranzakci\u00f3k ad\u00f3z\u00e1si kezel\u00e9s\u00e9nek elemz\u00e9se<\/p><p>\ud83d\udcd1 \u00c9rv\u00e9nyes kett\u0151s ad\u00f3ztat\u00e1s elker\u00fcl\u00e9s\u00e9r\u0151l sz\u00f3l\u00f3 egyezm\u00e9nyek (DTT) alapj\u00e1n kedvezm\u00e9nyes ad\u00f3kulcsok alkalmaz\u00e1s\u00e1ra vonatkoz\u00f3 k\u00e9relmek elk\u00e9sz\u00edt\u00e9se \u00e9s feldolgoz\u00e1sa<\/p><p>\ud83e\uddfe Tart\u00f3zkod\u00e1si enged\u00e9lyek elk\u00e9sz\u00edt\u00e9se, valamint kapcsolattart\u00e1s az ad\u00f3hat\u00f3s\u00e1ggal a vonatkoz\u00f3 v\u00e9lem\u00e9nyek \u00e9s hozz\u00e1j\u00e1rul\u00e1sok beszerz\u00e9se \u00e9rdek\u00e9ben<\/p><p>\ud83d\udcda Tan\u00e1csad\u00e1s a dokument\u00e1ci\u00f3val \u00e9s archiv\u00e1l\u00e1ssal kapcsolatban az audit \u00e9s ad\u00f3ellen\u0151rz\u00e9si k\u00f6vetelm\u00e9nyeknek megfelel\u0151en<\/p><p><br \/>Csapatunk figyelemmel k\u00eds\u00e9ri Szerbia t\u00f6bb mint 60 orsz\u00e1ggal fenn\u00e1ll\u00f3 jelenlegi k\u00e9toldal\u00fa meg\u00e1llapod\u00e1sait, \u00e9s biztos\u00edtja, hogy az \u00fcgyfelekre ne h\u00e1ruljon t\u00f6bb ad\u00f3, mint amennyit a nemzetk\u00f6zi meg\u00e1llapod\u00e1sok el\u0151\u00edrnak. Ily m\u00f3don v\u00e9dj\u00fck az \u00fcgyfelek \u00e9rdekeit, cs\u00f6kkentj\u00fck a k\u00f6lts\u00e9geket \u00e9s biztos\u00edtjuk a hazai \u00e9s k\u00fclf\u00f6ldi el\u0151\u00edr\u00e1sok betart\u00e1s\u00e1t.<\/p>\t\t\t\t\t\t\t\t<\/div>\n\t\t\t\t<\/div>\n\t\t\t\t<div class=\"elementor-element elementor-element-e086783 elementor-widget elementor-widget-button\" data-id=\"e086783\" data-element_type=\"widget\" data-widget_type=\"button.default\">\n\t\t\t\t<div class=\"elementor-widget-container\">\n\t\t\t\t\t\t\t\t\t<div class=\"elementor-button-wrapper\">\n\t\t\t\t\t<a class=\"elementor-button elementor-button-link elementor-size-sm\" href=\"#elementor-action%3Aaction%3Dpopup%3Aopen%26settings%3DeyJpZCI6IjE1MiIsInRvZ2dsZSI6ZmFsc2V9\">\n\t\t\t\t\t\t<span class=\"elementor-button-content-wrapper\">\n\t\t\t\t\t\t\t\t\t<span class=\"elementor-button-text\">Foglaljon id\u0151pontot.<\/span>\n\t\t\t\t\t<\/span>\n\t\t\t\t\t<\/a>\n\t\t\t\t<\/div>\n\t\t\t\t\t\t\t\t<\/div>\n\t\t\t\t<\/div>\n\t\t\t\t<\/div>\n\t\t\t\t\t<\/div>\n\t\t\t\t<\/div>\n\t\t\t\t<\/div>","protected":false},"excerpt":{"rendered":"<p>Ad\u00f3tan\u00e1csad\u00e1s \u2013 biztons\u00e1g egy \u00f6sszetett k\u00f6rnyezetben Dinamikus ad\u00f3z\u00e1si k\u00f6rnyezetben csapatunk megb\u00edzhat\u00f3 t\u00e1mogat\u00e1st ny\u00fajt \u00fcgyfeleinknek az ad\u00f3k\u00f6telezetts\u00e9gek meg\u00e9rt\u00e9s\u00e9ben, tervez\u00e9s\u00e9ben \u00e9s optimaliz\u00e1l\u00e1s\u00e1ban. Ak\u00e1r helyben, ak\u00e1r nemzetk\u00f6zi szinten m\u0171k\u00f6dik, megk\u00f6zel\u00edt\u00e9s\u00fcnk a technikai precizit\u00e1st \u00f6tv\u00f6zi az \u00fczleti c\u00e9lok strat\u00e9giai meg\u00e9rt\u00e9s\u00e9vel. \u00dcgyfeleinknek a k\u00f6vetkez\u0151ket k\u00edn\u00e1ljuk: \ud83d\udccc Tan\u00e1csad\u00e1s a hazai ad\u00f3szab\u00e1lyok alkalmaz\u00e1s\u00e1val kapcsolatban, bele\u00e9rtve az \u00e1f\u00e1t, a nyeres\u00e9gad\u00f3t, az ad\u00f3kat [...]<\/p>","protected":false},"author":1,"featured_media":765,"parent":0,"menu_order":0,"comment_status":"closed","ping_status":"closed","template":"elementor_header_footer","meta":{"footnotes":""},"class_list":["post-209","page","type-page","status-publish","has-post-thumbnail","hentry"],"yoast_head":"<!-- This site is optimized with the Yoast SEO plugin v23.4 - https:\/\/yoast.com\/wordpress\/plugins\/seo\/ -->\n<title>Poreski konsalting - DvaDukata.com<\/title>\n<meta name=\"robots\" content=\"index, follow, max-snippet:-1, max-image-preview:large, max-video-preview:-1\" \/>\n<link rel=\"canonical\" href=\"https:\/\/dvadukata.com\/hu\/adotanacsadas\/\" \/>\n<meta property=\"og:locale\" content=\"hu_HU\" \/>\n<meta property=\"og:type\" content=\"article\" \/>\n<meta property=\"og:title\" content=\"Poreski konsalting - DvaDukata.com\" \/>\n<meta property=\"og:description\" content=\"Poreski konsalting \u2014 sigurnost u kompleksnom okru\u017eenju U dinami\u010dnom poreskom okru\u017eenju, na\u0161 tim pru\u017ea klijentima pouzdanu podr\u0161ku u razumevanju, planiranju i optimizaciji poreskih obaveza. Bilo da poslujete lokalno ili me\u0111unarodno, na\u0161 pristup kombinuje tehni\u010dku preciznost sa strate\u0161kim razumevanjem poslovnih ciljeva. Klijentima nudimo: \u00a0\ud83d\udccc Savete o primeni doma\u0107ih poreskih propisa, uklju\u010duju\u0107i PDV, porez na dobit, poreze [&hellip;]\" \/>\n<meta property=\"og:url\" content=\"https:\/\/dvadukata.com\/hu\/adotanacsadas\/\" \/>\n<meta property=\"og:site_name\" content=\"DvaDukata.com\" \/>\n<meta property=\"article:modified_time\" content=\"2026-04-21T08:47:22+00:00\" \/>\n<meta property=\"og:image\" content=\"https:\/\/dvadukata.com\/wp-content\/uploads\/2025\/08\/Group-3-e1756216271478.jpg\" \/>\n\t<meta property=\"og:image:width\" content=\"2400\" \/>\n\t<meta property=\"og:image:height\" content=\"1260\" \/>\n\t<meta property=\"og:image:type\" content=\"image\/jpeg\" \/>\n<meta name=\"twitter:card\" content=\"summary_large_image\" \/>\n<meta name=\"twitter:label1\" content=\"Becs\u00fclt olvas\u00e1si id\u0151\" \/>\n\t<meta name=\"twitter:data1\" content=\"3 perc\" \/>\n<script type=\"application\/ld+json\" class=\"yoast-schema-graph\">{\"@context\":\"https:\/\/schema.org\",\"@graph\":[{\"@type\":\"WebPage\",\"@id\":\"https:\/\/dvadukata.com\/poreski-konsalting\/\",\"url\":\"https:\/\/dvadukata.com\/poreski-konsalting\/\",\"name\":\"Poreski konsalting - DvaDukata.com\",\"isPartOf\":{\"@id\":\"https:\/\/dvadukata.com\/#website\"},\"primaryImageOfPage\":{\"@id\":\"https:\/\/dvadukata.com\/poreski-konsalting\/#primaryimage\"},\"image\":{\"@id\":\"https:\/\/dvadukata.com\/poreski-konsalting\/#primaryimage\"},\"thumbnailUrl\":\"https:\/\/dvadukata.com\/wp-content\/uploads\/2025\/08\/Group-3-e1756216271478.jpg\",\"datePublished\":\"2025-06-18T13:50:05+00:00\",\"dateModified\":\"2026-04-21T08:47:22+00:00\",\"breadcrumb\":{\"@id\":\"https:\/\/dvadukata.com\/poreski-konsalting\/#breadcrumb\"},\"inLanguage\":\"hu\",\"potentialAction\":[{\"@type\":\"ReadAction\",\"target\":[\"https:\/\/dvadukata.com\/poreski-konsalting\/\"]}]},{\"@type\":\"ImageObject\",\"inLanguage\":\"hu\",\"@id\":\"https:\/\/dvadukata.com\/poreski-konsalting\/#primaryimage\",\"url\":\"https:\/\/dvadukata.com\/wp-content\/uploads\/2025\/08\/Group-3-e1756216271478.jpg\",\"contentUrl\":\"https:\/\/dvadukata.com\/wp-content\/uploads\/2025\/08\/Group-3-e1756216271478.jpg\",\"width\":2400,\"height\":1260},{\"@type\":\"BreadcrumbList\",\"@id\":\"https:\/\/dvadukata.com\/poreski-konsalting\/#breadcrumb\",\"itemListElement\":[{\"@type\":\"ListItem\",\"position\":1,\"name\":\"Home\",\"item\":\"https:\/\/dvadukata.com\/\"},{\"@type\":\"ListItem\",\"position\":2,\"name\":\"Poreski konsalting\"}]},{\"@type\":\"WebSite\",\"@id\":\"https:\/\/dvadukata.com\/#website\",\"url\":\"https:\/\/dvadukata.com\/\",\"name\":\"DvaDukata.com\",\"description\":\"Va\u0161i porezi su manji sa nama\",\"potentialAction\":[{\"@type\":\"SearchAction\",\"target\":{\"@type\":\"EntryPoint\",\"urlTemplate\":\"https:\/\/dvadukata.com\/?s={search_term_string}\"},\"query-input\":{\"@type\":\"PropertyValueSpecification\",\"valueRequired\":true,\"valueName\":\"search_term_string\"}}],\"inLanguage\":\"hu\"}]}<\/script>\n<!-- \/ Yoast SEO plugin. -->","yoast_head_json":{"title":"Poreski konsalting - DvaDukata.com","robots":{"index":"index","follow":"follow","max-snippet":"max-snippet:-1","max-image-preview":"max-image-preview:large","max-video-preview":"max-video-preview:-1"},"canonical":"https:\/\/dvadukata.com\/hu\/adotanacsadas\/","og_locale":"hu_HU","og_type":"article","og_title":"Poreski konsalting - DvaDukata.com","og_description":"Poreski konsalting \u2014 sigurnost u kompleksnom okru\u017eenju U dinami\u010dnom poreskom okru\u017eenju, na\u0161 tim pru\u017ea klijentima pouzdanu podr\u0161ku u razumevanju, planiranju i optimizaciji poreskih obaveza. Bilo da poslujete lokalno ili me\u0111unarodno, na\u0161 pristup kombinuje tehni\u010dku preciznost sa strate\u0161kim razumevanjem poslovnih ciljeva. Klijentima nudimo: \u00a0\ud83d\udccc Savete o primeni doma\u0107ih poreskih propisa, uklju\u010duju\u0107i PDV, porez na dobit, poreze [&hellip;]","og_url":"https:\/\/dvadukata.com\/hu\/adotanacsadas\/","og_site_name":"DvaDukata.com","article_modified_time":"2026-04-21T08:47:22+00:00","og_image":[{"width":2400,"height":1260,"url":"https:\/\/dvadukata.com\/wp-content\/uploads\/2025\/08\/Group-3-e1756216271478.jpg","type":"image\/jpeg"}],"twitter_card":"summary_large_image","twitter_misc":{"Becs\u00fclt olvas\u00e1si id\u0151":"3 perc"},"schema":{"@context":"https:\/\/schema.org","@graph":[{"@type":"WebPage","@id":"https:\/\/dvadukata.com\/poreski-konsalting\/","url":"https:\/\/dvadukata.com\/poreski-konsalting\/","name":"Poreski konsalting - DvaDukata.com","isPartOf":{"@id":"https:\/\/dvadukata.com\/#website"},"primaryImageOfPage":{"@id":"https:\/\/dvadukata.com\/poreski-konsalting\/#primaryimage"},"image":{"@id":"https:\/\/dvadukata.com\/poreski-konsalting\/#primaryimage"},"thumbnailUrl":"https:\/\/dvadukata.com\/wp-content\/uploads\/2025\/08\/Group-3-e1756216271478.jpg","datePublished":"2025-06-18T13:50:05+00:00","dateModified":"2026-04-21T08:47:22+00:00","breadcrumb":{"@id":"https:\/\/dvadukata.com\/poreski-konsalting\/#breadcrumb"},"inLanguage":"hu","potentialAction":[{"@type":"ReadAction","target":["https:\/\/dvadukata.com\/poreski-konsalting\/"]}]},{"@type":"ImageObject","inLanguage":"hu","@id":"https:\/\/dvadukata.com\/poreski-konsalting\/#primaryimage","url":"https:\/\/dvadukata.com\/wp-content\/uploads\/2025\/08\/Group-3-e1756216271478.jpg","contentUrl":"https:\/\/dvadukata.com\/wp-content\/uploads\/2025\/08\/Group-3-e1756216271478.jpg","width":2400,"height":1260},{"@type":"BreadcrumbList","@id":"https:\/\/dvadukata.com\/poreski-konsalting\/#breadcrumb","itemListElement":[{"@type":"ListItem","position":1,"name":"Home","item":"https:\/\/dvadukata.com\/"},{"@type":"ListItem","position":2,"name":"Poreski konsalting"}]},{"@type":"WebSite","@id":"https:\/\/dvadukata.com\/#website","url":"https:\/\/dvadukata.com\/","name":"DvaDukata.com","description":"Va\u0161i porezi su manji sa nama","potentialAction":[{"@type":"SearchAction","target":{"@type":"EntryPoint","urlTemplate":"https:\/\/dvadukata.com\/?s={search_term_string}"},"query-input":{"@type":"PropertyValueSpecification","valueRequired":true,"valueName":"search_term_string"}}],"inLanguage":"hu"}]}},"_links":{"self":[{"href":"https:\/\/dvadukata.com\/hu\/wp-json\/wp\/v2\/pages\/209","targetHints":{"allow":["GET"]}}],"collection":[{"href":"https:\/\/dvadukata.com\/hu\/wp-json\/wp\/v2\/pages"}],"about":[{"href":"https:\/\/dvadukata.com\/hu\/wp-json\/wp\/v2\/types\/page"}],"author":[{"embeddable":true,"href":"https:\/\/dvadukata.com\/hu\/wp-json\/wp\/v2\/users\/1"}],"replies":[{"embeddable":true,"href":"https:\/\/dvadukata.com\/hu\/wp-json\/wp\/v2\/comments?post=209"}],"version-history":[{"count":19,"href":"https:\/\/dvadukata.com\/hu\/wp-json\/wp\/v2\/pages\/209\/revisions"}],"predecessor-version":[{"id":1114,"href":"https:\/\/dvadukata.com\/hu\/wp-json\/wp\/v2\/pages\/209\/revisions\/1114"}],"wp:featuredmedia":[{"embeddable":true,"href":"https:\/\/dvadukata.com\/hu\/wp-json\/wp\/v2\/media\/765"}],"wp:attachment":[{"href":"https:\/\/dvadukata.com\/hu\/wp-json\/wp\/v2\/media?parent=209"}],"curies":[{"name":"wp","href":"https:\/\/api.w.org\/{rel}","templated":true}]}}