{"id":217,"date":"2025-06-18T13:51:02","date_gmt":"2025-06-18T13:51:02","guid":{"rendered":"https:\/\/dvadukata.com\/?page_id=217"},"modified":"2026-04-21T08:47:44","modified_gmt":"2026-04-21T08:47:44","slug":"human-resources","status":"publish","type":"page","link":"https:\/\/dvadukata.com\/en\/human-resources\/","title":{"rendered":"Human resources"},"content":{"rendered":"<div data-elementor-type=\"wp-page\" data-elementor-id=\"217\" class=\"elementor elementor-217\" data-elementor-post-type=\"page\">\n\t\t\t\t<div class=\"elementor-element elementor-element-6d76099 e-flex e-con-boxed e-con e-parent\" data-id=\"6d76099\" data-element_type=\"container\">\n\t\t\t\t\t<div class=\"e-con-inner\">\n\t\t<div class=\"elementor-element elementor-element-362a6c3 e-con-full e-flex e-con e-child\" data-id=\"362a6c3\" data-element_type=\"container\" data-settings=\"{&quot;background_background&quot;:&quot;classic&quot;}\">\n\t\t\t\t<div class=\"elementor-element elementor-element-09c6659 elementor-nav-menu--dropdown-mobile elementor-nav-menu--stretch elementor-nav-menu__text-align-aside elementor-nav-menu--toggle elementor-nav-menu--burger elementor-widget elementor-widget-nav-menu\" data-id=\"09c6659\" data-element_type=\"widget\" data-settings=\"{&quot;layout&quot;:&quot;vertical&quot;,&quot;full_width&quot;:&quot;stretch&quot;,&quot;submenu_icon&quot;:{&quot;value&quot;:&quot;&lt;svg class=\\&quot;e-font-icon-svg e-fas-caret-down\\&quot; viewBox=\\&quot;0 0 320 512\\&quot; xmlns=\\&quot;http:\\\/\\\/www.w3.org\\\/2000\\\/svg\\&quot;&gt;&lt;path d=\\&quot;M31.3 192h257.3c17.8 0 26.7 21.5 14.1 34.1L174.1 354.8c-7.8 7.8-20.5 7.8-28.3 0L17.2 226.1C4.6 213.5 13.5 192 31.3 192z\\&quot;&gt;&lt;\\\/path&gt;&lt;\\\/svg&gt;&quot;,&quot;library&quot;:&quot;fa-solid&quot;},&quot;toggle&quot;:&quot;burger&quot;}\" data-widget_type=\"nav-menu.default\">\n\t\t\t\t<div class=\"elementor-widget-container\">\n\t\t\t\t\t\t\t\t<nav aria-label=\"Menu\" class=\"elementor-nav-menu--main elementor-nav-menu__container elementor-nav-menu--layout-vertical e--pointer-background e--animation-fade\">\n\t\t\t\t<ul id=\"menu-1-09c6659\" class=\"elementor-nav-menu sm-vertical\"><li class=\"menu-item menu-item-type-post_type menu-item-object-page menu-item-142\"><a href=\"https:\/\/dvadukata.com\/en\/accounting\/\" class=\"elementor-item\">Accounting<\/a><\/li>\n<li class=\"menu-item menu-item-type-post_type menu-item-object-page menu-item-517\"><a href=\"https:\/\/dvadukata.com\/en\/tax-consulting\/\" class=\"elementor-item\">Tax consulting<\/a><\/li>\n<li class=\"menu-item menu-item-type-post_type menu-item-object-page menu-item-513\"><a href=\"https:\/\/dvadukata.com\/en\/human-resources\/\" class=\"elementor-item\">Human resources<\/a><\/li>\n<li class=\"menu-item menu-item-type-post_type menu-item-object-page menu-item-512\"><a href=\"https:\/\/dvadukata.com\/en\/power-reports\/\" class=\"elementor-item\">PowerBI Reports<\/a><\/li>\n<li class=\"menu-item menu-item-type-post_type menu-item-object-page menu-item-519\"><a href=\"https:\/\/dvadukata.com\/en\/business-development\/\" class=\"elementor-item\">Business development<\/a><\/li>\n<li class=\"menu-item menu-item-type-post_type menu-item-object-page menu-item-515\"><a href=\"https:\/\/dvadukata.com\/en\/support-for-branches\/\" class=\"elementor-item\">Branch support<\/a><\/li>\n<li class=\"menu-item menu-item-type-post_type menu-item-object-page menu-item-518\"><a href=\"https:\/\/dvadukata.com\/en\/accounting-services-banja-luka\/\" class=\"elementor-item\">Accounting services Banja Luka<\/a><\/li>\n<li class=\"menu-item menu-item-type-post_type menu-item-object-page menu-item-514\"><a href=\"https:\/\/dvadukata.com\/en\/payroll-tax-calculation-of-wages-and-benefits\/\" class=\"elementor-item\">Payroll - calculation of taxes, wages and benefits<\/a><\/li>\n<li class=\"menu-item menu-item-type-post_type menu-item-object-page menu-item-516\"><a href=\"https:\/\/dvadukata.com\/en\/tax-attorney-in-the-territory-of-the-republic-of-serbia\/\" class=\"elementor-item\">Tax power of attorney on the territory of the Republic of Serbia<\/a><\/li>\n<\/ul>\t\t\t<\/nav>\n\t\t\t\t\t<div class=\"elementor-menu-toggle\" role=\"button\" tabindex=\"0\" aria-label=\"Menu Toggle\" aria-expanded=\"false\">\n\t\t\t<span class=\"elementor-menu-toggle__icon--open\"><svg xmlns=\"http:\/\/www.w3.org\/2000\/svg\" width=\"11\" height=\"7\" viewbox=\"0 0 11 7\" fill=\"none\"><path d=\"M10.854 1.35369L5.85403 6.35369C5.80759 6.40018 5.75245 6.43706 5.69175 6.46222C5.63105 6.48738 5.56599 6.50034 5.50028 6.50034C5.43457 6.50034 5.36951 6.48738 5.30881 6.46222C5.24811 6.43706 5.19296 6.40018 5.14653 6.35369L0.146528 1.35369C0.0527077 1.25987 0 1.13262 0 0.999942C0 0.86726 0.0527077 0.740012 0.146528 0.646192C0.240348 0.552372 0.367596 0.499664 0.500278 0.499664C0.63296 0.499664 0.760208 0.552372 0.854028 0.646192L5.50028 5.29307L10.1465 0.646192C10.193 0.599737 10.2481 0.562887 10.3088 0.537745C10.3695 0.512604 10.4346 0.499664 10.5003 0.499664C10.566 0.499664 10.631 0.512604 10.6917 0.537745C10.7524 0.562887 10.8076 0.599737 10.854 0.646192C10.9005 0.692647 10.9373 0.747798 10.9625 0.808494C10.9876 0.869191 11.0006 0.934245 11.0006 0.999942C11.0006 1.06564 10.9876 1.13069 10.9625 1.19139C10.9373 1.25209 10.9005 1.30724 10.854 1.35369Z\" fill=\"#004680\"><\/path><\/svg><\/span><span class=\"elementor-menu-toggle__icon--close\"><svg xmlns=\"http:\/\/www.w3.org\/2000\/svg\" width=\"11\" height=\"7\" viewbox=\"0 0 11 7\" fill=\"none\"><path d=\"M10.854 1.35369L5.85403 6.35369C5.80759 6.40018 5.75245 6.43706 5.69175 6.46222C5.63105 6.48738 5.56599 6.50034 5.50028 6.50034C5.43457 6.50034 5.36951 6.48738 5.30881 6.46222C5.24811 6.43706 5.19296 6.40018 5.14653 6.35369L0.146528 1.35369C0.0527077 1.25987 0 1.13262 0 0.999942C0 0.86726 0.0527077 0.740012 0.146528 0.646192C0.240348 0.552372 0.367596 0.499664 0.500278 0.499664C0.63296 0.499664 0.760208 0.552372 0.854028 0.646192L5.50028 5.29307L10.1465 0.646192C10.193 0.599737 10.2481 0.562887 10.3088 0.537745C10.3695 0.512604 10.4346 0.499664 10.5003 0.499664C10.566 0.499664 10.631 0.512604 10.6917 0.537745C10.7524 0.562887 10.8076 0.599737 10.854 0.646192C10.9005 0.692647 10.9373 0.747798 10.9625 0.808494C10.9876 0.869191 11.0006 0.934245 11.0006 0.999942C11.0006 1.06564 10.9876 1.13069 10.9625 1.19139C10.9373 1.25209 10.9005 1.30724 10.854 1.35369Z\" fill=\"#004680\"><\/path><\/svg><\/span>\t\t<\/div>\n\t\t\t\t\t<nav class=\"elementor-nav-menu--dropdown elementor-nav-menu__container\" aria-hidden=\"true\">\n\t\t\t\t<ul id=\"menu-2-09c6659\" class=\"elementor-nav-menu sm-vertical\"><li class=\"menu-item menu-item-type-post_type menu-item-object-page menu-item-142\"><a href=\"https:\/\/dvadukata.com\/en\/accounting\/\" class=\"elementor-item\" tabindex=\"-1\">Accounting<\/a><\/li>\n<li class=\"menu-item menu-item-type-post_type menu-item-object-page menu-item-517\"><a href=\"https:\/\/dvadukata.com\/en\/tax-consulting\/\" class=\"elementor-item\" tabindex=\"-1\">Tax consulting<\/a><\/li>\n<li class=\"menu-item menu-item-type-post_type menu-item-object-page menu-item-513\"><a href=\"https:\/\/dvadukata.com\/en\/human-resources\/\" class=\"elementor-item\" tabindex=\"-1\">Human resources<\/a><\/li>\n<li class=\"menu-item menu-item-type-post_type menu-item-object-page menu-item-512\"><a href=\"https:\/\/dvadukata.com\/en\/power-reports\/\" class=\"elementor-item\" tabindex=\"-1\">PowerBI Reports<\/a><\/li>\n<li class=\"menu-item menu-item-type-post_type menu-item-object-page menu-item-519\"><a href=\"https:\/\/dvadukata.com\/en\/business-development\/\" class=\"elementor-item\" tabindex=\"-1\">Business development<\/a><\/li>\n<li class=\"menu-item menu-item-type-post_type menu-item-object-page menu-item-515\"><a href=\"https:\/\/dvadukata.com\/en\/support-for-branches\/\" class=\"elementor-item\" tabindex=\"-1\">Branch support<\/a><\/li>\n<li class=\"menu-item menu-item-type-post_type menu-item-object-page menu-item-518\"><a href=\"https:\/\/dvadukata.com\/en\/accounting-services-banja-luka\/\" class=\"elementor-item\" tabindex=\"-1\">Accounting services Banja Luka<\/a><\/li>\n<li class=\"menu-item menu-item-type-post_type menu-item-object-page menu-item-514\"><a href=\"https:\/\/dvadukata.com\/en\/payroll-tax-calculation-of-wages-and-benefits\/\" class=\"elementor-item\" tabindex=\"-1\">Payroll - calculation of taxes, wages and benefits<\/a><\/li>\n<li class=\"menu-item menu-item-type-post_type menu-item-object-page menu-item-516\"><a href=\"https:\/\/dvadukata.com\/en\/tax-attorney-in-the-territory-of-the-republic-of-serbia\/\" class=\"elementor-item\" tabindex=\"-1\">Tax power of attorney on the territory of the Republic of Serbia<\/a><\/li>\n<\/ul>\t\t\t<\/nav>\n\t\t\t\t\t\t<\/div>\n\t\t\t\t<\/div>\n\t\t\t\t<div class=\"elementor-element elementor-element-75739c9 elementor-widget-mobile__width-inherit elementor-hidden-desktop elementor-hidden-tablet elementor-widget elementor-widget-heading\" data-id=\"75739c9\" data-element_type=\"widget\" data-widget_type=\"heading.default\">\n\t\t\t\t<div class=\"elementor-widget-container\">\n\t\t\t\t\t<h2 class=\"elementor-heading-title elementor-size-default\">Human resources<\/h2>\t\t\t\t<\/div>\n\t\t\t\t<\/div>\n\t\t\t\t<\/div>\n\t\t<div class=\"elementor-element elementor-element-ce80965 e-con-full e-flex e-con e-child\" data-id=\"ce80965\" data-element_type=\"container\">\n\t\t\t\t<div class=\"elementor-element elementor-element-65de317 elementor-widget elementor-widget-heading\" data-id=\"65de317\" data-element_type=\"widget\" data-widget_type=\"heading.default\">\n\t\t\t\t<div class=\"elementor-widget-container\">\n\t\t\t\t\t<h2 class=\"elementor-heading-title elementor-size-default\">Human resources<\/h2>\t\t\t\t<\/div>\n\t\t\t\t<\/div>\n\t\t\t\t<div class=\"elementor-element elementor-element-b759ca0 elementor-widget elementor-widget-text-editor\" data-id=\"b759ca0\" data-element_type=\"widget\" data-widget_type=\"text-editor.default\">\n\t\t\t\t<div class=\"elementor-widget-container\">\n\t\t\t\t\t\t\t\t\t<p><strong>\ud83d\udc65 Human resources and employee records - the foundation of stable business<\/strong><\/p><p>In the modern business environment, human resources management is not only an administrative obligation, but a strategic segment that directly affects the efficiency, legal security and reputation of every company. Regardless of the size of the company, properly maintained employee records and compliance with the Labor Law are the basis of professional and responsible business.<\/p><p>\ud83d\udccc MGI Dva Dukata DOO has been providing comprehensive support to its clients in the field of labor-legal documentation and employee records for many years. Our service is not only technical - it is carefully designed to ensure legal certainty, transparency and trust between employers and employees.<\/p><p>\u00a0<\/p><p><strong>\ud83d\udd0d What does our service include?<\/strong><\/p><p>\u00b7 Preparation of complete documentation in accordance with the Labor Law: labor contracts, annexes, decisions, rules and other acts<\/p><p>\u00b7 Registration and deregistration of employees through the Central Register of Mandatory Social Insurance (CROSO)<\/p><p>\u00b7 Keeping records of working hours, absences, sick leave and labor costs<\/p><p>\u00b7 Counseling and preparation of documentation for all forms of engagement: permanent employment, temporary and occasional jobs, work contracts, copyright contracts, etc.<\/p><p>\u00b7 Monitoring of legal changes and timely informing clients about new obligations and opportunities<\/p><p>\u00a0<\/p><p><strong>\ud83d\udcd8 Why do clients choose us?<\/strong><\/p><p>\u00b7 Systematism and precision in work<\/p><p>\u00b7 Promptness in monitoring legal changes<\/p><p>\u00b7 Discretion and confidentiality in data processing<\/p><p>\u00b7 Adaptation of documentation to the specifics of each client&#039;s business<\/p><p>\u00b7 A warm and proactive approach that facilitates daily responsibilities<\/p><p>\u00a0<\/p><p>\ud83d\udca1 At MGI Dva Dukata, we believe that human resources are not just numbers on a table - they are the heart of every organization. Our goal is to make it possible through legal security and professional support<\/p><p>for our clients to focus on growth and development, while we take care of the legality and regularity of labor-legal processes.<\/p>\t\t\t\t\t\t\t\t<\/div>\n\t\t\t\t<\/div>\n\t\t\t\t<div class=\"elementor-element elementor-element-e086783 elementor-widget elementor-widget-button\" data-id=\"e086783\" data-element_type=\"widget\" data-widget_type=\"button.default\">\n\t\t\t\t<div class=\"elementor-widget-container\">\n\t\t\t\t\t\t\t\t\t<div class=\"elementor-button-wrapper\">\n\t\t\t\t\t<a class=\"elementor-button elementor-button-link elementor-size-sm\" href=\"#elementor-action%3Aaction%3Dpopup%3Aopen%26settings%3DeyJpZCI6IjE1MiIsInRvZ2dsZSI6ZmFsc2V9\">\n\t\t\t\t\t\t<span class=\"elementor-button-content-wrapper\">\n\t\t\t\t\t\t\t\t\t<span class=\"elementor-button-text\">Make an appointment.<\/span>\n\t\t\t\t\t<\/span>\n\t\t\t\t\t<\/a>\n\t\t\t\t<\/div>\n\t\t\t\t\t\t\t\t<\/div>\n\t\t\t\t<\/div>\n\t\t\t\t<\/div>\n\t\t\t\t\t<\/div>\n\t\t\t\t<\/div>\n\t\t\t\t<\/div>","protected":false},"excerpt":{"rendered":"<p>\ud83d\udc65 Ljudski resursi i evidencija o zaposlenima \u2013 temelj stabilnog poslovanja U savremenom poslovnom okru\u017eenju, upravljanje ljudskim resursima ne predstavlja samo administrativnu obavezu, ve\u0107 strate\u0161ki segment koji direktno uti\u010de na efikasnost, pravnu sigurnost i reputaciju svake kompanije. Bez obzira na veli\u010dinu firme, uredno vo\u0111ena evidencija o zaposlenima i uskla\u0111enost sa Zakonom o radu predstavljaju osnovu [&hellip;]<\/p>","protected":false},"author":1,"featured_media":765,"parent":0,"menu_order":0,"comment_status":"closed","ping_status":"closed","template":"elementor_header_footer","meta":{"footnotes":""},"class_list":["post-217","page","type-page","status-publish","has-post-thumbnail","hentry"],"yoast_head":"<!-- This site is optimized with the Yoast SEO plugin v23.4 - https:\/\/yoast.com\/wordpress\/plugins\/seo\/ -->\n<title>Ljudski resursi - DvaDukata.com<\/title>\n<meta name=\"robots\" content=\"index, follow, max-snippet:-1, max-image-preview:large, max-video-preview:-1\" \/>\n<link rel=\"canonical\" href=\"https:\/\/dvadukata.com\/en\/human-resources\/\" \/>\n<meta property=\"og:locale\" content=\"en_GB\" \/>\n<meta property=\"og:type\" content=\"article\" \/>\n<meta property=\"og:title\" content=\"Ljudski resursi - DvaDukata.com\" \/>\n<meta property=\"og:description\" content=\"\ud83d\udc65 Ljudski resursi i evidencija o zaposlenima \u2013 temelj stabilnog poslovanja U savremenom poslovnom okru\u017eenju, upravljanje ljudskim resursima ne predstavlja samo administrativnu obavezu, ve\u0107 strate\u0161ki segment koji direktno uti\u010de na efikasnost, pravnu sigurnost i reputaciju svake kompanije. Bez obzira na veli\u010dinu firme, uredno vo\u0111ena evidencija o zaposlenima i uskla\u0111enost sa Zakonom o radu predstavljaju osnovu [&hellip;]\" \/>\n<meta property=\"og:url\" content=\"https:\/\/dvadukata.com\/en\/human-resources\/\" \/>\n<meta property=\"og:site_name\" content=\"DvaDukata.com\" \/>\n<meta property=\"article:modified_time\" content=\"2026-04-21T08:47:44+00:00\" \/>\n<meta property=\"og:image\" content=\"https:\/\/dvadukata.com\/wp-content\/uploads\/2025\/08\/Group-3-e1756216271478.jpg\" \/>\n\t<meta property=\"og:image:width\" content=\"2400\" \/>\n\t<meta property=\"og:image:height\" content=\"1260\" \/>\n\t<meta property=\"og:image:type\" content=\"image\/jpeg\" \/>\n<meta name=\"twitter:card\" content=\"summary_large_image\" \/>\n<meta name=\"twitter:label1\" content=\"Estimated reading time\" \/>\n\t<meta name=\"twitter:data1\" content=\"3 minutes\" \/>\n<script type=\"application\/ld+json\" class=\"yoast-schema-graph\">{\"@context\":\"https:\/\/schema.org\",\"@graph\":[{\"@type\":\"WebPage\",\"@id\":\"https:\/\/dvadukata.com\/ljudski-resursi\/\",\"url\":\"https:\/\/dvadukata.com\/ljudski-resursi\/\",\"name\":\"Ljudski resursi - DvaDukata.com\",\"isPartOf\":{\"@id\":\"https:\/\/dvadukata.com\/#website\"},\"primaryImageOfPage\":{\"@id\":\"https:\/\/dvadukata.com\/ljudski-resursi\/#primaryimage\"},\"image\":{\"@id\":\"https:\/\/dvadukata.com\/ljudski-resursi\/#primaryimage\"},\"thumbnailUrl\":\"https:\/\/dvadukata.com\/wp-content\/uploads\/2025\/08\/Group-3-e1756216271478.jpg\",\"datePublished\":\"2025-06-18T13:51:02+00:00\",\"dateModified\":\"2026-04-21T08:47:44+00:00\",\"breadcrumb\":{\"@id\":\"https:\/\/dvadukata.com\/ljudski-resursi\/#breadcrumb\"},\"inLanguage\":\"en-GB\",\"potentialAction\":[{\"@type\":\"ReadAction\",\"target\":[\"https:\/\/dvadukata.com\/ljudski-resursi\/\"]}]},{\"@type\":\"ImageObject\",\"inLanguage\":\"en-GB\",\"@id\":\"https:\/\/dvadukata.com\/ljudski-resursi\/#primaryimage\",\"url\":\"https:\/\/dvadukata.com\/wp-content\/uploads\/2025\/08\/Group-3-e1756216271478.jpg\",\"contentUrl\":\"https:\/\/dvadukata.com\/wp-content\/uploads\/2025\/08\/Group-3-e1756216271478.jpg\",\"width\":2400,\"height\":1260},{\"@type\":\"BreadcrumbList\",\"@id\":\"https:\/\/dvadukata.com\/ljudski-resursi\/#breadcrumb\",\"itemListElement\":[{\"@type\":\"ListItem\",\"position\":1,\"name\":\"Home\",\"item\":\"https:\/\/dvadukata.com\/\"},{\"@type\":\"ListItem\",\"position\":2,\"name\":\"Ljudski resursi\"}]},{\"@type\":\"WebSite\",\"@id\":\"https:\/\/dvadukata.com\/#website\",\"url\":\"https:\/\/dvadukata.com\/\",\"name\":\"DvaDukata.com\",\"description\":\"Va\u0161i porezi su manji sa nama\",\"potentialAction\":[{\"@type\":\"SearchAction\",\"target\":{\"@type\":\"EntryPoint\",\"urlTemplate\":\"https:\/\/dvadukata.com\/?s={search_term_string}\"},\"query-input\":{\"@type\":\"PropertyValueSpecification\",\"valueRequired\":true,\"valueName\":\"search_term_string\"}}],\"inLanguage\":\"en-GB\"}]}<\/script>\n<!-- \/ Yoast SEO plugin. -->","yoast_head_json":{"title":"Ljudski resursi - DvaDukata.com","robots":{"index":"index","follow":"follow","max-snippet":"max-snippet:-1","max-image-preview":"max-image-preview:large","max-video-preview":"max-video-preview:-1"},"canonical":"https:\/\/dvadukata.com\/en\/human-resources\/","og_locale":"en_GB","og_type":"article","og_title":"Ljudski resursi - DvaDukata.com","og_description":"\ud83d\udc65 Ljudski resursi i evidencija o zaposlenima \u2013 temelj stabilnog poslovanja U savremenom poslovnom okru\u017eenju, upravljanje ljudskim resursima ne predstavlja samo administrativnu obavezu, ve\u0107 strate\u0161ki segment koji direktno uti\u010de na efikasnost, pravnu sigurnost i reputaciju svake kompanije. Bez obzira na veli\u010dinu firme, uredno vo\u0111ena evidencija o zaposlenima i uskla\u0111enost sa Zakonom o radu predstavljaju osnovu [&hellip;]","og_url":"https:\/\/dvadukata.com\/en\/human-resources\/","og_site_name":"DvaDukata.com","article_modified_time":"2026-04-21T08:47:44+00:00","og_image":[{"width":2400,"height":1260,"url":"https:\/\/dvadukata.com\/wp-content\/uploads\/2025\/08\/Group-3-e1756216271478.jpg","type":"image\/jpeg"}],"twitter_card":"summary_large_image","twitter_misc":{"Estimated reading time":"3 minutes"},"schema":{"@context":"https:\/\/schema.org","@graph":[{"@type":"WebPage","@id":"https:\/\/dvadukata.com\/ljudski-resursi\/","url":"https:\/\/dvadukata.com\/ljudski-resursi\/","name":"Ljudski resursi - DvaDukata.com","isPartOf":{"@id":"https:\/\/dvadukata.com\/#website"},"primaryImageOfPage":{"@id":"https:\/\/dvadukata.com\/ljudski-resursi\/#primaryimage"},"image":{"@id":"https:\/\/dvadukata.com\/ljudski-resursi\/#primaryimage"},"thumbnailUrl":"https:\/\/dvadukata.com\/wp-content\/uploads\/2025\/08\/Group-3-e1756216271478.jpg","datePublished":"2025-06-18T13:51:02+00:00","dateModified":"2026-04-21T08:47:44+00:00","breadcrumb":{"@id":"https:\/\/dvadukata.com\/ljudski-resursi\/#breadcrumb"},"inLanguage":"en-GB","potentialAction":[{"@type":"ReadAction","target":["https:\/\/dvadukata.com\/ljudski-resursi\/"]}]},{"@type":"ImageObject","inLanguage":"en-GB","@id":"https:\/\/dvadukata.com\/ljudski-resursi\/#primaryimage","url":"https:\/\/dvadukata.com\/wp-content\/uploads\/2025\/08\/Group-3-e1756216271478.jpg","contentUrl":"https:\/\/dvadukata.com\/wp-content\/uploads\/2025\/08\/Group-3-e1756216271478.jpg","width":2400,"height":1260},{"@type":"BreadcrumbList","@id":"https:\/\/dvadukata.com\/ljudski-resursi\/#breadcrumb","itemListElement":[{"@type":"ListItem","position":1,"name":"Home","item":"https:\/\/dvadukata.com\/"},{"@type":"ListItem","position":2,"name":"Ljudski resursi"}]},{"@type":"WebSite","@id":"https:\/\/dvadukata.com\/#website","url":"https:\/\/dvadukata.com\/","name":"DvaDukata.com","description":"Va\u0161i porezi su manji sa nama","potentialAction":[{"@type":"SearchAction","target":{"@type":"EntryPoint","urlTemplate":"https:\/\/dvadukata.com\/?s={search_term_string}"},"query-input":{"@type":"PropertyValueSpecification","valueRequired":true,"valueName":"search_term_string"}}],"inLanguage":"en-GB"}]}},"_links":{"self":[{"href":"https:\/\/dvadukata.com\/en\/wp-json\/wp\/v2\/pages\/217","targetHints":{"allow":["GET"]}}],"collection":[{"href":"https:\/\/dvadukata.com\/en\/wp-json\/wp\/v2\/pages"}],"about":[{"href":"https:\/\/dvadukata.com\/en\/wp-json\/wp\/v2\/types\/page"}],"author":[{"embeddable":true,"href":"https:\/\/dvadukata.com\/en\/wp-json\/wp\/v2\/users\/1"}],"replies":[{"embeddable":true,"href":"https:\/\/dvadukata.com\/en\/wp-json\/wp\/v2\/comments?post=217"}],"version-history":[{"count":19,"href":"https:\/\/dvadukata.com\/en\/wp-json\/wp\/v2\/pages\/217\/revisions"}],"predecessor-version":[{"id":1120,"href":"https:\/\/dvadukata.com\/en\/wp-json\/wp\/v2\/pages\/217\/revisions\/1120"}],"wp:featuredmedia":[{"embeddable":true,"href":"https:\/\/dvadukata.com\/en\/wp-json\/wp\/v2\/media\/765"}],"wp:attachment":[{"href":"https:\/\/dvadukata.com\/en\/wp-json\/wp\/v2\/media?parent=217"}],"curies":[{"name":"wp","href":"https:\/\/api.w.org\/{rel}","templated":true}]}}