{"id":217,"date":"2025-06-18T13:51:02","date_gmt":"2025-06-18T13:51:02","guid":{"rendered":"https:\/\/dvadukata.com\/?page_id=217"},"modified":"2026-04-21T08:47:44","modified_gmt":"2026-04-21T08:47:44","slug":"coveski-resursi","status":"publish","type":"page","link":"https:\/\/dvadukata.com\/bg\/coveski-resursi\/","title":{"rendered":"\u010cove\u0161ki resursi"},"content":{"rendered":"<div data-elementor-type=\"wp-page\" data-elementor-id=\"217\" class=\"elementor elementor-217\" data-elementor-post-type=\"page\">\n\t\t\t\t<div class=\"elementor-element elementor-element-6d76099 e-flex e-con-boxed e-con e-parent\" data-id=\"6d76099\" data-element_type=\"container\">\n\t\t\t\t\t<div class=\"e-con-inner\">\n\t\t<div class=\"elementor-element elementor-element-362a6c3 e-con-full e-flex e-con e-child\" data-id=\"362a6c3\" data-element_type=\"container\" data-settings=\"{&quot;background_background&quot;:&quot;classic&quot;}\">\n\t\t\t\t<div class=\"elementor-element elementor-element-09c6659 elementor-nav-menu--dropdown-mobile elementor-nav-menu--stretch elementor-nav-menu__text-align-aside elementor-nav-menu--toggle elementor-nav-menu--burger elementor-widget elementor-widget-nav-menu\" data-id=\"09c6659\" data-element_type=\"widget\" data-settings=\"{&quot;layout&quot;:&quot;vertical&quot;,&quot;full_width&quot;:&quot;stretch&quot;,&quot;submenu_icon&quot;:{&quot;value&quot;:&quot;&lt;svg class=\\&quot;e-font-icon-svg e-fas-caret-down\\&quot; viewBox=\\&quot;0 0 320 512\\&quot; xmlns=\\&quot;http:\\\/\\\/www.w3.org\\\/2000\\\/svg\\&quot;&gt;&lt;path d=\\&quot;M31.3 192h257.3c17.8 0 26.7 21.5 14.1 34.1L174.1 354.8c-7.8 7.8-20.5 7.8-28.3 0L17.2 226.1C4.6 213.5 13.5 192 31.3 192z\\&quot;&gt;&lt;\\\/path&gt;&lt;\\\/svg&gt;&quot;,&quot;library&quot;:&quot;fa-solid&quot;},&quot;toggle&quot;:&quot;burger&quot;}\" data-widget_type=\"nav-menu.default\">\n\t\t\t\t<div class=\"elementor-widget-container\">\n\t\t\t\t\t\t\t\t<nav aria-label=\"Men\u044e\" class=\"elementor-nav-menu--main elementor-nav-menu__container elementor-nav-menu--layout-vertical e--pointer-background e--animation-fade\">\n\t\t\t\t<ul id=\"menu-1-09c6659\" class=\"elementor-nav-menu sm-vertical\"><li class=\"menu-item menu-item-type-post_type menu-item-object-page menu-item-142\"><a href=\"https:\/\/dvadukata.com\/bg\/scetovodstvo\/\" class=\"elementor-item\">S\u010detovodstvo<\/a><\/li>\n<li class=\"menu-item menu-item-type-post_type menu-item-object-page menu-item-517\"><a href=\"https:\/\/dvadukata.com\/bg\/dancno-konsultirane\/\" class=\"elementor-item\">Dan\u044a\u010dni konsultacii<\/a><\/li>\n<li class=\"menu-item menu-item-type-post_type menu-item-object-page menu-item-513\"><a href=\"https:\/\/dvadukata.com\/bg\/coveski-resursi\/\" class=\"elementor-item\">\u010cove\u0161ki resursi<\/a><\/li>\n<li class=\"menu-item menu-item-type-post_type menu-item-object-page menu-item-512\"><a href=\"https:\/\/dvadukata.com\/bg\/dokladi-za-zahranvane\/\" class=\"elementor-item\">Ot\u010deti na PowerBI<\/a><\/li>\n<li class=\"menu-item menu-item-type-post_type menu-item-object-page menu-item-519\"><a href=\"https:\/\/dvadukata.com\/bg\/razvitie-na-biznesa\/\" class=\"elementor-item\">Razvitie na biznesa<\/a><\/li>\n<li class=\"menu-item menu-item-type-post_type menu-item-object-page menu-item-515\"><a href=\"https:\/\/dvadukata.com\/bg\/podkrepa-za-klonove\/\" class=\"elementor-item\">Poddr\u044a\u017eka na klonove<\/a><\/li>\n<li class=\"menu-item menu-item-type-post_type menu-item-object-page menu-item-518\"><a href=\"https:\/\/dvadukata.com\/bg\/scetovodni-uslugi-ban-luka\/\" class=\"elementor-item\">S\u010detovodni uslugi Ban\u044f Luka<\/a><\/li>\n<li class=\"menu-item menu-item-type-post_type menu-item-object-page menu-item-514\"><a href=\"https:\/\/dvadukata.com\/bg\/izcislvane-na-danka-vrhu-zaplatit\/\" class=\"elementor-item\">TRZ - iz\u010disl\u044fvane na dan\u044aci, zaplati i obez\u0449eteni\u044f<\/a><\/li>\n<li class=\"menu-item menu-item-type-post_type menu-item-object-page menu-item-516\"><a href=\"https:\/\/dvadukata.com\/bg\/dancen-advokat-na-teritorita-na-rep\/\" class=\"elementor-item\">Dan\u044a\u010dno p\u044alnomo\u0449no na teritori\u044fta na Republika S\u044arbi\u044f<\/a><\/li>\n<\/ul>\t\t\t<\/nav>\n\t\t\t\t\t<div class=\"elementor-menu-toggle\" role=\"button\" tabindex=\"0\" aria-label=\"Prevkl\u044e\u010dvane na men\u044eto\" aria-expanded=\"false\">\n\t\t\t<span class=\"elementor-menu-toggle__icon--open\"><svg xmlns=\"http:\/\/www.w3.org\/2000\/svg\" width=\"11\" height=\"7\" viewbox=\"0 0 11 7\" fill=\"none\"><path d=\"M10.854 1.35369L5.85403 6.35369C5.80759 6.40018 5.75245 6.43706 5.69175 6.46222C5.63105 6.48738 5.56599 6.50034 5.50028 6.50034C5.43457 6.50034 5.36951 6.48738 5.30881 6.46222C5.24811 6.43706 5.19296 6.40018 5.14653 6.35369L0.146528 1.35369C0.0527077 1.25987 0 1.13262 0 0.999942C0 0.86726 0.0527077 0.740012 0.146528 0.646192C0.240348 0.552372 0.367596 0.499664 0.500278 0.499664C0.63296 0.499664 0.760208 0.552372 0.854028 0.646192L5.50028 5.29307L10.1465 0.646192C10.193 0.599737 10.2481 0.562887 10.3088 0.537745C10.3695 0.512604 10.4346 0.499664 10.5003 0.499664C10.566 0.499664 10.631 0.512604 10.6917 0.537745C10.7524 0.562887 10.8076 0.599737 10.854 0.646192C10.9005 0.692647 10.9373 0.747798 10.9625 0.808494C10.9876 0.869191 11.0006 0.934245 11.0006 0.999942C11.0006 1.06564 10.9876 1.13069 10.9625 1.19139C10.9373 1.25209 10.9005 1.30724 10.854 1.35369Z\" fill=\"#004680\"><\/path><\/svg><\/span><span class=\"elementor-menu-toggle__icon--close\"><svg xmlns=\"http:\/\/www.w3.org\/2000\/svg\" width=\"11\" height=\"7\" viewbox=\"0 0 11 7\" fill=\"none\"><path d=\"M10.854 1.35369L5.85403 6.35369C5.80759 6.40018 5.75245 6.43706 5.69175 6.46222C5.63105 6.48738 5.56599 6.50034 5.50028 6.50034C5.43457 6.50034 5.36951 6.48738 5.30881 6.46222C5.24811 6.43706 5.19296 6.40018 5.14653 6.35369L0.146528 1.35369C0.0527077 1.25987 0 1.13262 0 0.999942C0 0.86726 0.0527077 0.740012 0.146528 0.646192C0.240348 0.552372 0.367596 0.499664 0.500278 0.499664C0.63296 0.499664 0.760208 0.552372 0.854028 0.646192L5.50028 5.29307L10.1465 0.646192C10.193 0.599737 10.2481 0.562887 10.3088 0.537745C10.3695 0.512604 10.4346 0.499664 10.5003 0.499664C10.566 0.499664 10.631 0.512604 10.6917 0.537745C10.7524 0.562887 10.8076 0.599737 10.854 0.646192C10.9005 0.692647 10.9373 0.747798 10.9625 0.808494C10.9876 0.869191 11.0006 0.934245 11.0006 0.999942C11.0006 1.06564 10.9876 1.13069 10.9625 1.19139C10.9373 1.25209 10.9005 1.30724 10.854 1.35369Z\" fill=\"#004680\"><\/path><\/svg><\/span>\t\t<\/div>\n\t\t\t\t\t<nav class=\"elementor-nav-menu--dropdown elementor-nav-menu__container\" aria-hidden=\"true\">\n\t\t\t\t<ul id=\"menu-2-09c6659\" class=\"elementor-nav-menu sm-vertical\"><li class=\"menu-item menu-item-type-post_type menu-item-object-page menu-item-142\"><a href=\"https:\/\/dvadukata.com\/bg\/scetovodstvo\/\" class=\"elementor-item\" tabindex=\"-1\">S\u010detovodstvo<\/a><\/li>\n<li class=\"menu-item menu-item-type-post_type menu-item-object-page menu-item-517\"><a href=\"https:\/\/dvadukata.com\/bg\/dancno-konsultirane\/\" class=\"elementor-item\" tabindex=\"-1\">Dan\u044a\u010dni konsultacii<\/a><\/li>\n<li class=\"menu-item menu-item-type-post_type menu-item-object-page menu-item-513\"><a href=\"https:\/\/dvadukata.com\/bg\/coveski-resursi\/\" class=\"elementor-item\" tabindex=\"-1\">\u010cove\u0161ki resursi<\/a><\/li>\n<li class=\"menu-item menu-item-type-post_type menu-item-object-page menu-item-512\"><a href=\"https:\/\/dvadukata.com\/bg\/dokladi-za-zahranvane\/\" class=\"elementor-item\" tabindex=\"-1\">Ot\u010deti na PowerBI<\/a><\/li>\n<li class=\"menu-item menu-item-type-post_type menu-item-object-page menu-item-519\"><a href=\"https:\/\/dvadukata.com\/bg\/razvitie-na-biznesa\/\" class=\"elementor-item\" tabindex=\"-1\">Razvitie na biznesa<\/a><\/li>\n<li class=\"menu-item menu-item-type-post_type menu-item-object-page menu-item-515\"><a href=\"https:\/\/dvadukata.com\/bg\/podkrepa-za-klonove\/\" class=\"elementor-item\" tabindex=\"-1\">Poddr\u044a\u017eka na klonove<\/a><\/li>\n<li class=\"menu-item menu-item-type-post_type menu-item-object-page menu-item-518\"><a href=\"https:\/\/dvadukata.com\/bg\/scetovodni-uslugi-ban-luka\/\" class=\"elementor-item\" tabindex=\"-1\">S\u010detovodni uslugi Ban\u044f Luka<\/a><\/li>\n<li class=\"menu-item menu-item-type-post_type menu-item-object-page menu-item-514\"><a href=\"https:\/\/dvadukata.com\/bg\/izcislvane-na-danka-vrhu-zaplatit\/\" class=\"elementor-item\" tabindex=\"-1\">TRZ - iz\u010disl\u044fvane na dan\u044aci, zaplati i obez\u0449eteni\u044f<\/a><\/li>\n<li class=\"menu-item menu-item-type-post_type menu-item-object-page menu-item-516\"><a href=\"https:\/\/dvadukata.com\/bg\/dancen-advokat-na-teritorita-na-rep\/\" class=\"elementor-item\" tabindex=\"-1\">Dan\u044a\u010dno p\u044alnomo\u0449no na teritori\u044fta na Republika S\u044arbi\u044f<\/a><\/li>\n<\/ul>\t\t\t<\/nav>\n\t\t\t\t\t\t<\/div>\n\t\t\t\t<\/div>\n\t\t\t\t<div class=\"elementor-element elementor-element-75739c9 elementor-widget-mobile__width-inherit elementor-hidden-desktop elementor-hidden-tablet elementor-widget elementor-widget-heading\" data-id=\"75739c9\" data-element_type=\"widget\" data-widget_type=\"heading.default\">\n\t\t\t\t<div class=\"elementor-widget-container\">\n\t\t\t\t\t<h2 class=\"elementor-heading-title elementor-size-default\">\u010cove\u0161ki resursi<\/h2>\t\t\t\t<\/div>\n\t\t\t\t<\/div>\n\t\t\t\t<\/div>\n\t\t<div class=\"elementor-element elementor-element-ce80965 e-con-full e-flex e-con e-child\" data-id=\"ce80965\" data-element_type=\"container\">\n\t\t\t\t<div class=\"elementor-element elementor-element-65de317 elementor-widget elementor-widget-heading\" data-id=\"65de317\" data-element_type=\"widget\" data-widget_type=\"heading.default\">\n\t\t\t\t<div class=\"elementor-widget-container\">\n\t\t\t\t\t<h2 class=\"elementor-heading-title elementor-size-default\">\u010cove\u0161ki resursi<\/h2>\t\t\t\t<\/div>\n\t\t\t\t<\/div>\n\t\t\t\t<div class=\"elementor-element elementor-element-b759ca0 elementor-widget elementor-widget-text-editor\" data-id=\"b759ca0\" data-element_type=\"widget\" data-widget_type=\"text-editor.default\">\n\t\t\t\t<div class=\"elementor-widget-container\">\n\t\t\t\t\t\t\t\t\t<p><strong>\ud83d\udc65 \u010cove\u0161ki resursi i dosieta na slu\u017eitelite - osnovata na stabilni\u044f biznes<\/strong><\/p><p>V s\u044avremennata biznes sreda upravlenieto na \u010dove\u0161kite resursi ne e samo administrativno zad\u044al\u017eenie, a strategi\u010deski segment, ko\u0439to pr\u044fko vli\u044fe v\u044arhu efektivnostta, pravnata sigurnost i reputaci\u044fta na vs\u044fka kompani\u044f. Nezavisimo ot razmera na kompani\u044fta, pravilno podd\u044ar\u017eanite dosieta na slu\u017eitelite i spazvaneto na trudovoto zakonodatelstvo sa v osnovata na profesionalni\u044f i otgovoren biznes.<\/p><p>\ud83d\udccc MGI Dva Dukata DOO predostav\u044f c\u044flostna poddr\u044a\u017eka na svoite klienti v oblastta na trudovo-pravnata dokumentaci\u044f i dosietata na slu\u017eitelite ot mnogo godini. Na\u0161ata usluga ne e samo tehni\u010deska - t\u044f e vnimatelno razrabotena, za da garantira pravna sigurnost, prozra\u010dnost i doverie me\u017edu rabotodateli i slu\u017eiteli.<\/p><p>\u00a0<\/p><p><strong>\ud83d\udd0d Kakvo vkl\u044e\u010dva na\u0161ata usluga?<\/strong><\/p><p>\u00b7 Izgotv\u044fne na p\u044alna dokumentaci\u044f v s\u044aotvetstvie s trudovoto zakonodatelstvo: trudovi dogovori, aneksi, re\u0161eni\u044f, pravila i drugi aktove<\/p><p>\u00b7 Registraci\u044f i otpisvane ot registraci\u044f na slu\u017eiteli \u010drez Centralni\u044f regist\u044ar na zad\u044al\u017eitelnoto socialno osigur\u044fvane (CROSO)<\/p><p>\u00b7 Vodene na zapisi za rabotno vreme, ots\u044astvi\u044f, bolni\u010dni i razhodi za trud<\/p><p>\u00b7 Konsultirane i podgotovka na dokumentaci\u044f za vsi\u010dki formi na anga\u017eirane: posto\u044fnna zaetost, vremenna i slu\u010da\u0439na rabota, trudovi dogovori, dogovori za avtorsko pravo i dr.<\/p><p>\u00b7 Sledene na zakonovite promeni i svoevremenno informirane na klientite za novi zad\u044al\u017eeni\u044f i v\u044azmo\u017enosti<\/p><p>\u00a0<\/p><p><strong>\ud83d\udcd8 Za\u0449o klientite ni izbirat?<\/strong><\/p><p>\u00b7 Sistemati\u010dnost i preciznost v rabotata<\/p><p>\u00b7 B\u044arzost pri sledene na zakonovite promeni<\/p><p>\u00b7 Diskretnost i poveritelnost pri obrabotkata na danni<\/p><p>\u00b7 Adaptirane na dokumentaci\u044fta k\u044am specifikata na biznesa na vseki klient<\/p><p>\u00b7 Top\u044al i proaktiven podhod, ko\u0439to ulesn\u044fva e\u017eednevnite otgovornosti<\/p><p>\u00a0<\/p><p>\ud83d\udca1 V MGI Dva Dukata v\u044frvame, \u010de \u010dove\u0161kite resursi ne sa prosto \u010disla na masa - te sa s\u044arceto na vs\u044fka organizaci\u044f. Na\u0161ata cel e da napravim tova v\u044azmo\u017eno \u010drez pravna sigurnost i profesionalna podkrepa<\/p><p>za da mogat na\u0161ite klienti da se fokusirat v\u044arhu raste\u017ea i razvitieto si, dokato nie se gri\u017eim za zakonnostta i redovnostta na trudovo-pravnite procesi.<\/p>\t\t\t\t\t\t\t\t<\/div>\n\t\t\t\t<\/div>\n\t\t\t\t<div class=\"elementor-element elementor-element-e086783 elementor-widget elementor-widget-button\" data-id=\"e086783\" data-element_type=\"widget\" data-widget_type=\"button.default\">\n\t\t\t\t<div class=\"elementor-widget-container\">\n\t\t\t\t\t\t\t\t\t<div class=\"elementor-button-wrapper\">\n\t\t\t\t\t<a class=\"elementor-button elementor-button-link elementor-size-sm\" href=\"#elementor-action%3Aaction%3Dpopup%3Aopen%26settings%3DeyJpZCI6IjE1MiIsInRvZ2dsZSI6ZmFsc2V9\">\n\t\t\t\t\t\t<span class=\"elementor-button-content-wrapper\">\n\t\t\t\t\t\t\t\t\t<span class=\"elementor-button-text\">Zapazete si \u010das.<\/span>\n\t\t\t\t\t<\/span>\n\t\t\t\t\t<\/a>\n\t\t\t\t<\/div>\n\t\t\t\t\t\t\t\t<\/div>\n\t\t\t\t<\/div>\n\t\t\t\t<\/div>\n\t\t\t\t\t<\/div>\n\t\t\t\t<\/div>\n\t\t\t\t<\/div>","protected":false},"excerpt":{"rendered":"<p>\ud83d\udc65 \u010cove\u0161ki resursi i dosieta na slu\u017eitelite - osnovata na stabilni\u044f biznes V s\u044avremennata biznes sreda upravlenieto na \u010dove\u0161kite resursi ne e samo administrativno zad\u044al\u017eenie, a strategi\u010deski segment, ko\u0439to pr\u044fko vli\u044fe v\u044arhu efektivnostta, pravnata sigurnost i reputaci\u044fta na vs\u044fka kompani\u044f. Nezavisimo ot razmera na kompani\u044fta, pravilno podd\u044ar\u017eanite dosieta na slu\u017eitelite i spazvaneto na trudovoto zakonodatelstvo sa osnovata [...]<\/p>","protected":false},"author":1,"featured_media":765,"parent":0,"menu_order":0,"comment_status":"closed","ping_status":"closed","template":"elementor_header_footer","meta":{"footnotes":""},"class_list":["post-217","page","type-page","status-publish","has-post-thumbnail","hentry"],"yoast_head":"<!-- This site is optimized with the Yoast SEO plugin v23.4 - https:\/\/yoast.com\/wordpress\/plugins\/seo\/ -->\n<title>Ljudski resursi - DvaDukata.com<\/title>\n<meta name=\"robots\" content=\"index, follow, max-snippet:-1, max-image-preview:large, max-video-preview:-1\" \/>\n<link rel=\"canonical\" href=\"https:\/\/dvadukata.com\/bg\/coveski-resursi\/\" \/>\n<meta property=\"og:locale\" content=\"bg_BG\" \/>\n<meta property=\"og:type\" content=\"article\" \/>\n<meta property=\"og:title\" content=\"Ljudski resursi - DvaDukata.com\" \/>\n<meta property=\"og:description\" content=\"\ud83d\udc65 Ljudski resursi i evidencija o zaposlenima \u2013 temelj stabilnog poslovanja U savremenom poslovnom okru\u017eenju, upravljanje ljudskim resursima ne predstavlja samo administrativnu obavezu, ve\u0107 strate\u0161ki segment koji direktno uti\u010de na efikasnost, pravnu sigurnost i reputaciju svake kompanije. Bez obzira na veli\u010dinu firme, uredno vo\u0111ena evidencija o zaposlenima i uskla\u0111enost sa Zakonom o radu predstavljaju osnovu [&hellip;]\" \/>\n<meta property=\"og:url\" content=\"https:\/\/dvadukata.com\/bg\/coveski-resursi\/\" \/>\n<meta property=\"og:site_name\" content=\"DvaDukata.com\" \/>\n<meta property=\"article:modified_time\" content=\"2026-04-21T08:47:44+00:00\" \/>\n<meta property=\"og:image\" content=\"https:\/\/dvadukata.com\/wp-content\/uploads\/2025\/08\/Group-3-e1756216271478.jpg\" \/>\n\t<meta property=\"og:image:width\" content=\"2400\" \/>\n\t<meta property=\"og:image:height\" content=\"1260\" \/>\n\t<meta property=\"og:image:type\" content=\"image\/jpeg\" \/>\n<meta name=\"twitter:card\" content=\"summary_large_image\" \/>\n<meta name=\"twitter:label1\" content=\"Est. reading time\" \/>\n\t<meta name=\"twitter:data1\" content=\"3 minuti\" \/>\n<script type=\"application\/ld+json\" class=\"yoast-schema-graph\">{\"@context\":\"https:\/\/schema.org\",\"@graph\":[{\"@type\":\"WebPage\",\"@id\":\"https:\/\/dvadukata.com\/ljudski-resursi\/\",\"url\":\"https:\/\/dvadukata.com\/ljudski-resursi\/\",\"name\":\"Ljudski resursi - DvaDukata.com\",\"isPartOf\":{\"@id\":\"https:\/\/dvadukata.com\/#website\"},\"primaryImageOfPage\":{\"@id\":\"https:\/\/dvadukata.com\/ljudski-resursi\/#primaryimage\"},\"image\":{\"@id\":\"https:\/\/dvadukata.com\/ljudski-resursi\/#primaryimage\"},\"thumbnailUrl\":\"https:\/\/dvadukata.com\/wp-content\/uploads\/2025\/08\/Group-3-e1756216271478.jpg\",\"datePublished\":\"2025-06-18T13:51:02+00:00\",\"dateModified\":\"2026-04-21T08:47:44+00:00\",\"breadcrumb\":{\"@id\":\"https:\/\/dvadukata.com\/ljudski-resursi\/#breadcrumb\"},\"inLanguage\":\"bg-BG\",\"potentialAction\":[{\"@type\":\"ReadAction\",\"target\":[\"https:\/\/dvadukata.com\/ljudski-resursi\/\"]}]},{\"@type\":\"ImageObject\",\"inLanguage\":\"bg-BG\",\"@id\":\"https:\/\/dvadukata.com\/ljudski-resursi\/#primaryimage\",\"url\":\"https:\/\/dvadukata.com\/wp-content\/uploads\/2025\/08\/Group-3-e1756216271478.jpg\",\"contentUrl\":\"https:\/\/dvadukata.com\/wp-content\/uploads\/2025\/08\/Group-3-e1756216271478.jpg\",\"width\":2400,\"height\":1260},{\"@type\":\"BreadcrumbList\",\"@id\":\"https:\/\/dvadukata.com\/ljudski-resursi\/#breadcrumb\",\"itemListElement\":[{\"@type\":\"ListItem\",\"position\":1,\"name\":\"Home\",\"item\":\"https:\/\/dvadukata.com\/\"},{\"@type\":\"ListItem\",\"position\":2,\"name\":\"Ljudski resursi\"}]},{\"@type\":\"WebSite\",\"@id\":\"https:\/\/dvadukata.com\/#website\",\"url\":\"https:\/\/dvadukata.com\/\",\"name\":\"DvaDukata.com\",\"description\":\"Va\u0161i porezi su manji sa nama\",\"potentialAction\":[{\"@type\":\"SearchAction\",\"target\":{\"@type\":\"EntryPoint\",\"urlTemplate\":\"https:\/\/dvadukata.com\/?s={search_term_string}\"},\"query-input\":{\"@type\":\"PropertyValueSpecification\",\"valueRequired\":true,\"valueName\":\"search_term_string\"}}],\"inLanguage\":\"bg-BG\"}]}<\/script>\n<!-- \/ Yoast SEO plugin. -->","yoast_head_json":{"title":"Ljudski resursi - DvaDukata.com","robots":{"index":"index","follow":"follow","max-snippet":"max-snippet:-1","max-image-preview":"max-image-preview:large","max-video-preview":"max-video-preview:-1"},"canonical":"https:\/\/dvadukata.com\/bg\/coveski-resursi\/","og_locale":"bg_BG","og_type":"article","og_title":"Ljudski resursi - DvaDukata.com","og_description":"\ud83d\udc65 Ljudski resursi i evidencija o zaposlenima \u2013 temelj stabilnog poslovanja U savremenom poslovnom okru\u017eenju, upravljanje ljudskim resursima ne predstavlja samo administrativnu obavezu, ve\u0107 strate\u0161ki segment koji direktno uti\u010de na efikasnost, pravnu sigurnost i reputaciju svake kompanije. Bez obzira na veli\u010dinu firme, uredno vo\u0111ena evidencija o zaposlenima i uskla\u0111enost sa Zakonom o radu predstavljaju osnovu [&hellip;]","og_url":"https:\/\/dvadukata.com\/bg\/coveski-resursi\/","og_site_name":"DvaDukata.com","article_modified_time":"2026-04-21T08:47:44+00:00","og_image":[{"width":2400,"height":1260,"url":"https:\/\/dvadukata.com\/wp-content\/uploads\/2025\/08\/Group-3-e1756216271478.jpg","type":"image\/jpeg"}],"twitter_card":"summary_large_image","twitter_misc":{"Est. reading time":"3 minuti"},"schema":{"@context":"https:\/\/schema.org","@graph":[{"@type":"WebPage","@id":"https:\/\/dvadukata.com\/ljudski-resursi\/","url":"https:\/\/dvadukata.com\/ljudski-resursi\/","name":"Ljudski resursi - DvaDukata.com","isPartOf":{"@id":"https:\/\/dvadukata.com\/#website"},"primaryImageOfPage":{"@id":"https:\/\/dvadukata.com\/ljudski-resursi\/#primaryimage"},"image":{"@id":"https:\/\/dvadukata.com\/ljudski-resursi\/#primaryimage"},"thumbnailUrl":"https:\/\/dvadukata.com\/wp-content\/uploads\/2025\/08\/Group-3-e1756216271478.jpg","datePublished":"2025-06-18T13:51:02+00:00","dateModified":"2026-04-21T08:47:44+00:00","breadcrumb":{"@id":"https:\/\/dvadukata.com\/ljudski-resursi\/#breadcrumb"},"inLanguage":"bg-BG","potentialAction":[{"@type":"ReadAction","target":["https:\/\/dvadukata.com\/ljudski-resursi\/"]}]},{"@type":"ImageObject","inLanguage":"bg-BG","@id":"https:\/\/dvadukata.com\/ljudski-resursi\/#primaryimage","url":"https:\/\/dvadukata.com\/wp-content\/uploads\/2025\/08\/Group-3-e1756216271478.jpg","contentUrl":"https:\/\/dvadukata.com\/wp-content\/uploads\/2025\/08\/Group-3-e1756216271478.jpg","width":2400,"height":1260},{"@type":"BreadcrumbList","@id":"https:\/\/dvadukata.com\/ljudski-resursi\/#breadcrumb","itemListElement":[{"@type":"ListItem","position":1,"name":"Home","item":"https:\/\/dvadukata.com\/"},{"@type":"ListItem","position":2,"name":"Ljudski resursi"}]},{"@type":"WebSite","@id":"https:\/\/dvadukata.com\/#website","url":"https:\/\/dvadukata.com\/","name":"DvaDukata.com","description":"Va\u0161i porezi su manji sa nama","potentialAction":[{"@type":"SearchAction","target":{"@type":"EntryPoint","urlTemplate":"https:\/\/dvadukata.com\/?s={search_term_string}"},"query-input":{"@type":"PropertyValueSpecification","valueRequired":true,"valueName":"search_term_string"}}],"inLanguage":"bg-BG"}]}},"_links":{"self":[{"href":"https:\/\/dvadukata.com\/bg\/wp-json\/wp\/v2\/pages\/217","targetHints":{"allow":["GET"]}}],"collection":[{"href":"https:\/\/dvadukata.com\/bg\/wp-json\/wp\/v2\/pages"}],"about":[{"href":"https:\/\/dvadukata.com\/bg\/wp-json\/wp\/v2\/types\/page"}],"author":[{"embeddable":true,"href":"https:\/\/dvadukata.com\/bg\/wp-json\/wp\/v2\/users\/1"}],"replies":[{"embeddable":true,"href":"https:\/\/dvadukata.com\/bg\/wp-json\/wp\/v2\/comments?post=217"}],"version-history":[{"count":19,"href":"https:\/\/dvadukata.com\/bg\/wp-json\/wp\/v2\/pages\/217\/revisions"}],"predecessor-version":[{"id":1120,"href":"https:\/\/dvadukata.com\/bg\/wp-json\/wp\/v2\/pages\/217\/revisions\/1120"}],"wp:featuredmedia":[{"embeddable":true,"href":"https:\/\/dvadukata.com\/bg\/wp-json\/wp\/v2\/media\/765"}],"wp:attachment":[{"href":"https:\/\/dvadukata.com\/bg\/wp-json\/wp\/v2\/media?parent=217"}],"curies":[{"name":"wp","href":"https:\/\/api.w.org\/{rel}","templated":true}]}}